{"id":600,"date":"2025-11-29T02:00:25","date_gmt":"2025-11-29T02:00:25","guid":{"rendered":"https:\/\/jsd-sinks.com\/?post_type=product&#038;p=600"},"modified":"2025-12-13T03:31:55","modified_gmt":"2025-12-13T03:31:55","slug":"modern-stainless-steel-sink-with-drainboard","status":"publish","type":"product","link":"https:\/\/jsd-sinks.com\/es\/modern-stainless-steel-sink-with-drainboard\/","title":{"rendered":"Fregadero moderno de acero inoxidable con escurridor JSD 11646-N"},"content":{"rendered":"<h2>Fregadero de acero inoxidable con escurridor<\/h2>\n<p>Transforme su cocina en un espacio de trabajo organizado y eficiente con un fregadero Premium de 1160 mm.<\/p>\n<h3>Lavabo doble<\/h3>\n<p>Dos cubetas de tama\u00f1o generoso (327 x 420 mm) con una profundidad de 230 mm le permiten hacer frente a grandes ollas y tareas de preparaci\u00f3n ocupados<\/p>\n<h3>Escurridor integrado<\/h3>\n<p>Un escurridor integrado mantiene la vajilla y los utensilios bien escurridos, ayudando a mantener la encimera limpia y ordenada.<\/p>\n<p><img decoding=\"async\" class=\"size-medium wp-image-604\" src=\"https:\/\/jsd-sinks.com\/wp-content\/uploads\/2025\/11\/stainless-steel-sink-with-drainboard-4-300x300.jpg\" alt=\"fregadero de acero inoxidable con escurridor\" width=\"300\" height=\"300\" title=\"\" srcset=\"https:\/\/jsd-sinks.com\/wp-content\/uploads\/2025\/11\/stainless-steel-sink-with-drainboard-4-300x300.jpg 300w, https:\/\/jsd-sinks.com\/wp-content\/uploads\/2025\/11\/stainless-steel-sink-with-drainboard-4-100x100.jpg 100w, https:\/\/jsd-sinks.com\/wp-content\/uploads\/2025\/11\/stainless-steel-sink-with-drainboard-4-600x600.jpg 600w, https:\/\/jsd-sinks.com\/wp-content\/uploads\/2025\/11\/stainless-steel-sink-with-drainboard-4-500x500.jpg 500w, https:\/\/jsd-sinks.com\/wp-content\/uploads\/2025\/11\/stainless-steel-sink-with-drainboard-4-150x150.jpg 150w, https:\/\/jsd-sinks.com\/wp-content\/uploads\/2025\/11\/stainless-steel-sink-with-drainboard-4-768x768.jpg 768w, https:\/\/jsd-sinks.com\/wp-content\/uploads\/2025\/11\/stainless-steel-sink-with-drainboard-4-12x12.jpg 12w, https:\/\/jsd-sinks.com\/wp-content\/uploads\/2025\/11\/stainless-steel-sink-with-drainboard-4.jpg 800w\" sizes=\"(max-width: 300px) 100vw, 300px\" \/><\/p>\n<h3>Construcci\u00f3n duradera SUS304<\/h3>\n<p>Fabricado en acero inoxidable SUS304 de alta calidad con m\u00faltiples opciones de grosor para un rendimiento duradero<\/p>\n<h3>Esquinas R10 de f\u00e1cil limpieza<\/h3>\n<p>Las esquinas lisas y redondeadas reducen la acumulaci\u00f3n de suciedad y facilitan y agilizan la limpieza del fregadero.<\/p>\n<h3>Ranuras de drenaje en forma de X<\/h3>\n<p>Las ranuras estrat\u00e9gicamente situadas gu\u00edan el agua hacia el desag\u00fce est\u00e1ndar de 3,5 pulgadas para evitar que se estanque.<\/p>\n<h3>Elecci\u00f3n de acabados<\/h3>\n<p>Disponible en cepillado, negro nano y gris pistola para combinar con diferentes estilos de cocina<\/p>\n<h3>Precisi\u00f3n en el tratamiento de la pendiente y la superficie de las tablas de drenaje<\/h3>\n<p>La pendiente dise\u00f1ada y los revestimientos duraderos de la superficie garantizan un drenaje eficaz y un acabado duradero.<\/p>\n<h3>Asistencia posventa de por vida<\/h3>\n<p>Respaldado por un servicio posventa de por vida y un equipo de I+D especializado para su tranquilidad.<\/p>","protected":false},"excerpt":{"rendered":"<p>Mejore su cocina con nuestro fregadero de acero inoxidable con escurridor integrado. Este espacioso modelo de 1160 mm combina dos cubetas de 230 mm de profundidad con eficientes ranuras de desag\u00fce en forma de X y esquinas redondeadas para facilitar la limpieza. Fabricado en acero inoxidable SUS304 de primera calidad con m\u00faltiples opciones de acabado, ofrece el equilibrio perfecto entre funcionalidad y estilo para las cocinas modernas.<\/p>\n<p>Modelo: JSD 11646-N<br \/>\nDimensiones externas: 1160X460MM<br \/>\nDimensiones internas: 327X420MM<br \/>\nProfundidad: 230MM<br \/>\nMaterial: SUS201\/SUS304\/SUS316<br \/>\nGrosor: 0,95\/1,05\/1,15\/1,35MM\/personalizable<br \/>\nAcabado de la superficie: cepillado\/negro nano\/negro mate\/gris met\u00e1lico\/oro<br \/>\nEmbalaje individual: 1210X510X290MM<br \/>\nPeso neto: 13KG<br \/>\nPeso bruto: 14,5 kg<br \/>\nMOQ: 5-10PCS<\/p>","protected":false},"featured_media":1229,"template":"","meta":{"_gspb_post_css":""},"product_brand":[],"product_cat":[18],"product_tag":[42],"class_list":{"0":"post-600","1":"product","2":"type-product","3":"status-publish","4":"has-post-thumbnail","6":"product_cat-workstation-sink","7":"product_tag-dual-basin-sink-integrated-drainboard-modern-kitchen-sink","9":"first","10":"instock","11":"shipping-taxable","12":"product-type-simple"},"_links":{"self":[{"href":"https:\/\/jsd-sinks.com\/es\/wp-json\/wp\/v2\/product\/600","targetHints":{"allow":["GET"]}}],"collection":[{"href":"https:\/\/jsd-sinks.com\/es\/wp-json\/wp\/v2\/product"}],"about":[{"href":"https:\/\/jsd-sinks.com\/es\/wp-json\/wp\/v2\/types\/product"}],"wp:featuredmedia":[{"embeddable":true,"href":"https:\/\/jsd-sinks.com\/es\/wp-json\/wp\/v2\/media\/1229"}],"wp:attachment":[{"href":"https:\/\/jsd-sinks.com\/es\/wp-json\/wp\/v2\/media?parent=600"}],"wp:term":[{"taxonomy":"product_brand","embeddable":true,"href":"https:\/\/jsd-sinks.com\/es\/wp-json\/wp\/v2\/product_brand?post=600"},{"taxonomy":"product_cat","embeddable":true,"href":"https:\/\/jsd-sinks.com\/es\/wp-json\/wp\/v2\/product_cat?post=600"},{"taxonomy":"product_tag","embeddable":true,"href":"https:\/\/jsd-sinks.com\/es\/wp-json\/wp\/v2\/product_tag?post=600"}],"curies":[{"name":"wp","href":"https:\/\/api.w.org\/{rel}","templated":true}]}}