{"id":576,"date":"2025-11-28T08:33:39","date_gmt":"2025-11-28T08:33:39","guid":{"rendered":"https:\/\/jsd-sinks.com\/?post_type=product&#038;p=576"},"modified":"2025-12-13T03:10:39","modified_gmt":"2025-12-13T03:10:39","slug":"compact-tiny-home-kitchen-sink-featuring-workstation","status":"publish","type":"product","link":"https:\/\/jsd-sinks.com\/es\/compact-tiny-home-kitchen-sink-featuring-workstation\/","title":{"rendered":"Fregadero de cocina compacto Tiny Home con borde de estaci\u00f3n de trabajo incorporado JSD4245-T"},"content":{"rendered":"<h2 data-start=\"403\" data-end=\"463\">Fregadero de cocina para casas min\u00fasculas: gran funcionalidad en poco espacio<\/h2>\n<p data-start=\"464\" data-end=\"553\">Un fregadero compacto que funciona como una cocina de tama\u00f1o normal, dise\u00f1ado para lugares donde el espacio es importante.<\/p>\n<p data-start=\"555\" data-end=\"768\">No se equivoque: no se trata de una idea de \u00faltima hora a escala reducida. Dise\u00f1ado para casas min\u00fasculas, veh\u00edculos recreativos y cocinas de estudio, exprime la ingenier\u00eda pensada en un sobre peque\u00f1o para que usted obtenga utilidad real, no s\u00f3lo un taz\u00f3n m\u00e1s peque\u00f1o.<\/p>\n<h3 data-start=\"770\" data-end=\"816\">Dimensiones inteligentes: espacioso donde importa<\/h3>\n<p data-start=\"817\" data-end=\"861\">Peque\u00f1o por fuera, sorprendentemente generoso por dentro.<\/p>\n<p data-start=\"863\" data-end=\"1103\">Con un tama\u00f1o total de 424 \u00d7 456 mm, el fregadero ofrece una cubeta de 400 \u00d7 432 mm y 230 mm de profundidad, suficiente para ollas, sartenes y la preparaci\u00f3n de la comida del fin de semana. Es el tipo de espacio que se siente honestamente: puedes enjuagar, remojar y apilar sin sentirte apretado.<\/p>\n<p>&nbsp;<\/p>\n<figure id=\"attachment_1280\" aria-describedby=\"caption-attachment-1280\" style=\"width: 300px\" class=\"wp-caption alignnone\"><img decoding=\"async\" class=\"size-medium wp-image-1280\" src=\"https:\/\/jsd-sinks.com\/wp-content\/uploads\/2025\/11\/3-1-300x300.jpg\" alt=\"Fregadero de cocina\" width=\"300\" height=\"300\" title=\"\" srcset=\"https:\/\/jsd-sinks.com\/wp-content\/uploads\/2025\/11\/3-1-300x300.jpg 300w, https:\/\/jsd-sinks.com\/wp-content\/uploads\/2025\/11\/3-1-150x150.jpg 150w, https:\/\/jsd-sinks.com\/wp-content\/uploads\/2025\/11\/3-1-768x768.jpg 768w, https:\/\/jsd-sinks.com\/wp-content\/uploads\/2025\/11\/3-1-12x12.jpg 12w, https:\/\/jsd-sinks.com\/wp-content\/uploads\/2025\/11\/3-1-500x500.jpg 500w, https:\/\/jsd-sinks.com\/wp-content\/uploads\/2025\/11\/3-1-600x600.jpg 600w, https:\/\/jsd-sinks.com\/wp-content\/uploads\/2025\/11\/3-1-100x100.jpg 100w, https:\/\/jsd-sinks.com\/wp-content\/uploads\/2025\/11\/3-1.jpg 800w\" sizes=\"(max-width: 300px) 100vw, 300px\" \/><figcaption id=\"caption-attachment-1280\" class=\"wp-caption-text\">Fregadero de cocina<\/figcaption><\/figure>\n<h3 data-start=\"1105\" data-end=\"1162\">Repisa integrada en el puesto de trabajo: una superficie para muchos usos<\/h3>\n<p data-start=\"1163\" data-end=\"1203\">Convierta su fregadero en una aut\u00e9ntica estaci\u00f3n de preparaci\u00f3n.<\/p>\n<p data-start=\"1205\" data-end=\"1416\">La repisa integrada admite tablas de cortar, escurridores y bandejas, para que pueda cortar, aclarar y apilar en un solo flujo de trabajo. Ese peque\u00f1o borde se convierte en una peque\u00f1a estaci\u00f3n de trabajo, sin desorden ni malabarismos.<\/p>\n<h3 data-start=\"1418\" data-end=\"1475\">Materiales y acabados: dise\u00f1ados para la vida cotidiana<\/h3>\n<p data-start=\"1476\" data-end=\"1526\">Duradero SUS304 con comodidad diaria incorporada.<\/p>\n<p data-start=\"1528\" data-end=\"1840\">Fabricado en acero inoxidable SUS304, con suaves esquinas redondeadas que permiten limpiar y aclarar sin esfuerzo. Las ranuras de drenaje en forma de X dirigen el agua hacia un desag\u00fce est\u00e1ndar de 3,5 pulgadas para que no se formen charcos. La tapa decorativa del desag\u00fce embellece el aspecto y sirve de pr\u00e1ctico soporte cuando lo necesita.<\/p>\n<h3 data-start=\"1842\" data-end=\"1897\">Rendimiento fiable: compacto pero sin concesiones<\/h3>\n<p data-start=\"1898\" data-end=\"1952\">Opciones y asistencia que le permiten elegir lo que necesita.<\/p>\n<p data-start=\"1954\" data-end=\"2151\">Elija el grosor que se ajuste a su presupuesto y uso, y descanse tranquilo con la asistencia posventa de por vida. Compacto no significa fr\u00e1gil: este fregadero est\u00e1 dise\u00f1ado para durar y adaptarse a la vida diaria real.<\/p>\n<h3 data-start=\"2153\" data-end=\"2213\">Por qu\u00e9 es importante este fregadero: dise\u00f1o inteligente, no mayor tama\u00f1o<\/h3>\n<p data-start=\"2214\" data-end=\"2275\">Aproveche al m\u00e1ximo cada cent\u00edmetro sin sacrificar la forma de cocinar.<\/p>\n<p data-start=\"2277\" data-end=\"2503\">Si est\u00e1 construyendo un edificio peque\u00f1o o reformando una cocina peque\u00f1a, este fregadero es la prueba de que un dise\u00f1o bien pensado es mejor que m\u00e1s metros cuadrados. Te ofrece una superficie \u00fatil, un desag\u00fce sensato y una confianza silenciosa cada vez que lo usas.<\/p>","protected":false},"excerpt":{"rendered":"<p>Aproveche al m\u00e1ximo su cocina compacta con nuestro fregadero Tiny Home que ahorra espacio. A pesar de su eficiente tama\u00f1o de 424x456 mm, cuenta con un fregadero sorprendentemente profundo de 230 mm y un innovador borde de trabajo. Disfrute de la funcionalidad de tama\u00f1o completo con esquinas redondeadas, desag\u00fce en forma de X y construcci\u00f3n de acero inoxidable de primera calidad: perfecto para casas peque\u00f1as, caravanas y apartamentos peque\u00f1os en los que cada cent\u00edmetro cuenta.<\/p>\n<p>Modelo: 4245-T<br \/>\nDimensiones exteriores: 424X456MM<br \/>\nDimensiones internas: 400X432MM<br \/>\nProfundidad: 230MM<br \/>\nEspesor: 0,95\/1,05\/1,2MM\/Personalizar<br \/>\nDimensiones del embalaje individual: 475X506X290MM<br \/>\nPeso neto: 4KG<br \/>\nPeso bruto: 5,5 kg<\/p>","protected":false},"featured_media":1284,"template":"","meta":{"_gspb_post_css":""},"product_brand":[],"product_cat":[20],"product_tag":[39],"class_list":{"0":"post-576","1":"product","2":"type-product","3":"status-publish","4":"has-post-thumbnail","6":"product_cat-undermount-sink","7":"product_tag-small-space-sink-compact-kitchen-sink-rv-kitchen-sink","9":"first","10":"instock","11":"shipping-taxable","12":"product-type-simple"},"_links":{"self":[{"href":"https:\/\/jsd-sinks.com\/es\/wp-json\/wp\/v2\/product\/576","targetHints":{"allow":["GET"]}}],"collection":[{"href":"https:\/\/jsd-sinks.com\/es\/wp-json\/wp\/v2\/product"}],"about":[{"href":"https:\/\/jsd-sinks.com\/es\/wp-json\/wp\/v2\/types\/product"}],"wp:featuredmedia":[{"embeddable":true,"href":"https:\/\/jsd-sinks.com\/es\/wp-json\/wp\/v2\/media\/1284"}],"wp:attachment":[{"href":"https:\/\/jsd-sinks.com\/es\/wp-json\/wp\/v2\/media?parent=576"}],"wp:term":[{"taxonomy":"product_brand","embeddable":true,"href":"https:\/\/jsd-sinks.com\/es\/wp-json\/wp\/v2\/product_brand?post=576"},{"taxonomy":"product_cat","embeddable":true,"href":"https:\/\/jsd-sinks.com\/es\/wp-json\/wp\/v2\/product_cat?post=576"},{"taxonomy":"product_tag","embeddable":true,"href":"https:\/\/jsd-sinks.com\/es\/wp-json\/wp\/v2\/product_tag?post=576"}],"curies":[{"name":"wp","href":"https:\/\/api.w.org\/{rel}","templated":true}]}}