{"id":522,"date":"2025-11-28T02:42:46","date_gmt":"2025-11-28T02:42:46","guid":{"rendered":"https:\/\/jsd-sinks.com\/?post_type=product&#038;p=522"},"modified":"2025-12-10T02:50:49","modified_gmt":"2025-12-10T02:50:49","slug":"elegant-waterfall-kitchen-sink-with-smart-faucet","status":"publish","type":"product","link":"https:\/\/jsd-sinks.com\/es\/elegant-waterfall-kitchen-sink-with-smart-faucet\/","title":{"rendered":"Elegante fregadero de cocina en cascada con grifo inteligente y modos multifunci\u00f3n 4 en 1 JSD006"},"content":{"rendered":"<h2 data-start=\"561\" data-end=\"602\">Elegante fregadero de cocina en cascada<\/h2>\n<p data-start=\"603\" data-end=\"1001\"><strong data-start=\"603\" data-end=\"674\">Una mejora pr\u00e1ctica que hace que el trabajo diario en la cocina resulte m\u00e1s agradable.<\/strong><br data-start=\"674\" data-end=\"677\" \/>Es curioso c\u00f3mo un fregadero puede cambiar el ambiente de una cocina, pero \u00e9ste lo hace. No en el sentido de una sala de exposici\u00f3n con un dise\u00f1o excesivo, sino m\u00e1s bien en el sentido de \u201cesto realmente me ayuda\u201d. Despu\u00e9s de usarlo durante unos d\u00edas, empiezas a notar que te mueves por la cocina con menos frustraci\u00f3n, menos desorden y, sinceramente, pensando menos.<\/p>\n<h3 data-start=\"1003\" data-end=\"1030\">Bot\u00f3n de interruptor de tecla de piano<\/h3>\n<p data-start=\"1031\" data-end=\"1622\"><strong data-start=\"1031\" data-end=\"1105\">Cuatro modos de agua que puede cambiar con un simple toque, casi sin pensar.<\/strong><br data-start=\"1105\" data-end=\"1108\" \/>Los botones del piano son probablemente lo primero que comenta la gente. Son sencillos, sin curva de aprendizaje, s\u00f3lo <em data-start=\"1223\" data-end=\"1230\">pulse<\/em> y est\u00e1s en otro modo. El grifo extra\u00edble llega mucho m\u00e1s lejos de lo que esperas, el lavavasos golpea exactamente donde quieres, y el grifo normal es, bueno, normal. La cortina de agua es realmente tranquilizadora: suave, constante y no salpica por todas partes como yo pensaba.<br data-start=\"1519\" data-end=\"1522\" \/>Es extra\u00f1amente satisfactorio lo suaves que se sienten los botones. Es como pulsar un interruptor que usas todos los d\u00edas.<\/p>\n<p><img decoding=\"async\" class=\"size-medium wp-image-1169\" src=\"https:\/\/jsd-sinks.com\/wp-content\/uploads\/2025\/11\/2-101-300x300.jpg\" alt=\"Elegante fregadero de cocina en cascada\" width=\"300\" height=\"300\" title=\"\" srcset=\"https:\/\/jsd-sinks.com\/wp-content\/uploads\/2025\/11\/2-101-300x300.jpg 300w, https:\/\/jsd-sinks.com\/wp-content\/uploads\/2025\/11\/2-101-100x100.jpg 100w, https:\/\/jsd-sinks.com\/wp-content\/uploads\/2025\/11\/2-101-600x600.jpg 600w, https:\/\/jsd-sinks.com\/wp-content\/uploads\/2025\/11\/2-101-500x500.jpg 500w, https:\/\/jsd-sinks.com\/wp-content\/uploads\/2025\/11\/2-101-150x150.jpg 150w, https:\/\/jsd-sinks.com\/wp-content\/uploads\/2025\/11\/2-101-768x768.jpg 768w, https:\/\/jsd-sinks.com\/wp-content\/uploads\/2025\/11\/2-101-12x12.jpg 12w, https:\/\/jsd-sinks.com\/wp-content\/uploads\/2025\/11\/2-101.jpg 800w\" sizes=\"(max-width: 300px) 100vw, 300px\" \/><\/p>\n<h3 data-start=\"1624\" data-end=\"1667\">Volante Termost\u00e1tico Con Pantalla Led<\/h3>\n<p data-start=\"1668\" data-end=\"2102\"><strong data-start=\"1668\" data-end=\"1742\">Una lectura de temperatura que le evita adivinar y quemarse.<\/strong><br data-start=\"1742\" data-end=\"1745\" \/>La rueda de temperatura con la peque\u00f1a pantalla LED parece un truco al principio, pero se hace r\u00e1pidamente. Puedes ver el cambio de temperatura del agua en tiempo real, para no darte un golpe accidental en las manos o marchitar algo delicado con agua demasiado caliente. Es sencillo, y acaba teniendo m\u00e1s sentido cuanto m\u00e1s lo usas, sobre todo cuando te mueves deprisa.<\/p>\n<h3 data-start=\"2104\" data-end=\"2140\">Superficie de fregadero con relieve de nido de abeja<\/h3>\n<p data-start=\"2141\" data-end=\"2585\"><strong data-start=\"2141\" data-end=\"2204\">Una superficie m\u00e1s resistente que drena m\u00e1s r\u00e1pido y hace menos ruido.<\/strong><br data-start=\"2204\" data-end=\"2207\" \/>La textura de nido de abeja resulta diferente la primera vez que se pasa la mano por \u00e9l: ligeramente m\u00e1s \u00e1spera, con m\u00e1s base. Desagua m\u00e1s r\u00e1pido que un fregadero normal, y el sonido del agua al golpearlo es notablemente m\u00e1s suave. No es algo dram\u00e1tico, simplemente es m\u00e1s silencioso de una forma agradable y cotidiana. Por la noche, cuando todo lo dem\u00e1s en la casa parece ruidoso, esta sutil diferencia realmente importa.<\/p>\n<h3 data-start=\"2587\" data-end=\"2621\">Moderna instalaci\u00f3n integrada<\/h3>\n<p data-start=\"2622\" data-end=\"2989\"><strong data-start=\"2622\" data-end=\"2684\">Una configuraci\u00f3n limpia y a juego que no parece hecha a trozos.<\/strong><br data-start=\"2684\" data-end=\"2687\" \/>Todas las piezas encajan perfectamente, lo que agradezco m\u00e1s de lo que esperaba. No hay una mezcla inc\u00f3moda de formas o colores, sino una instalaci\u00f3n limpia y unificada que parece pertenecer a ese lugar. Da a toda la encimera un aire m\u00e1s tranquilo, como si se hubiera reducido el desorden aunque no haya cambiado nada m\u00e1s.<\/p>\n<h3 data-start=\"2991\" data-end=\"3036\">Una completa experiencia de cocina inteligente<\/h3>\n<p data-start=\"3037\" data-end=\"3632\"><strong data-start=\"3037\" data-end=\"3116\">Un Peque\u00f1o Sistema Que Ayuda A Mantener Su Flujo De Cocina C\u00f3modo Y Organizado.<\/strong><br data-start=\"3116\" data-end=\"3119\" \/>Cuando se combina todo -los modos de grifer\u00eda, el control de temperatura, el fregadero texturizado- todo el sistema se convierte en algo en lo que se conf\u00eda sin pensar. Lavar, aclarar, preparar... todo sucede m\u00e1s r\u00e1pido y con menos derrames y suciedad. No es una transformaci\u00f3n radical, pero es una de esas mejoras que hacen que las tareas cotidianas sean realmente m\u00e1s f\u00e1ciles.<br data-start=\"3476\" data-end=\"3479\" \/>Y, sinceramente, eso es lo que la mayor\u00eda de la gente realmente quiere de su cocina: menos complicaciones, m\u00e1s fluidez y herramientas que realmente ayuden en lugar de estorbar.<\/p>","protected":false},"excerpt":{"rendered":"<p>Introduzca elegancia inteligente en su cocina. Este grifo multifunci\u00f3n incorpora un interruptor Piano Key para cambiar de modo con un solo toque (cascada, grifo, extra\u00edble y lavavasos). El volante termost\u00e1tico con pantalla LED muestra la temperatura del agua en tiempo real. Combinado con una cocina extra\u00edble de 60 cm y un fregadero de panal de escurrido r\u00e1pido, es la fusi\u00f3n definitiva de estilo y funcionalidad inteligente.<\/p>","protected":false},"featured_media":523,"template":"","meta":{"_gspb_post_css":""},"product_brand":[],"product_cat":[16],"product_tag":[33],"class_list":{"0":"post-522","1":"product","2":"type-product","3":"status-publish","4":"has-post-thumbnail","6":"product_cat-waterfall-sink","7":"product_tag-smart-kitchen-faucet-piano-key-switch-led-temperature-display","9":"first","10":"instock","11":"shipping-taxable","12":"product-type-simple"},"_links":{"self":[{"href":"https:\/\/jsd-sinks.com\/es\/wp-json\/wp\/v2\/product\/522","targetHints":{"allow":["GET"]}}],"collection":[{"href":"https:\/\/jsd-sinks.com\/es\/wp-json\/wp\/v2\/product"}],"about":[{"href":"https:\/\/jsd-sinks.com\/es\/wp-json\/wp\/v2\/types\/product"}],"wp:featuredmedia":[{"embeddable":true,"href":"https:\/\/jsd-sinks.com\/es\/wp-json\/wp\/v2\/media\/523"}],"wp:attachment":[{"href":"https:\/\/jsd-sinks.com\/es\/wp-json\/wp\/v2\/media?parent=522"}],"wp:term":[{"taxonomy":"product_brand","embeddable":true,"href":"https:\/\/jsd-sinks.com\/es\/wp-json\/wp\/v2\/product_brand?post=522"},{"taxonomy":"product_cat","embeddable":true,"href":"https:\/\/jsd-sinks.com\/es\/wp-json\/wp\/v2\/product_cat?post=522"},{"taxonomy":"product_tag","embeddable":true,"href":"https:\/\/jsd-sinks.com\/es\/wp-json\/wp\/v2\/product_tag?post=522"}],"curies":[{"name":"wp","href":"https:\/\/api.w.org\/{rel}","templated":true}]}}