{"id":289,"date":"2025-11-22T08:59:20","date_gmt":"2025-11-22T08:59:20","guid":{"rendered":"https:\/\/jsd-sinks.com\/?post_type=product&#038;p=289"},"modified":"2025-12-13T03:40:15","modified_gmt":"2025-12-13T03:40:15","slug":"elegant-cascade-fountain-sink-with-waterfall","status":"publish","type":"product","link":"https:\/\/jsd-sinks.com\/es\/elegant-cascade-fountain-sink-with-waterfall\/","title":{"rendered":"Elegante Fregadero Fuente Cascada con Cascada Integrada JSD001"},"content":{"rendered":"<h2><strong>El fregadero fuente: Donde la serenidad de la cascada se une al arte funcional<\/strong><\/h2>\n<h3 class=\"ds-markdown-paragraph\"><strong>Redefinir el ritual: un oasis sensorial en su cocina<\/strong><\/h3>\n<p>Transforme su cocina de un espacio puramente funcional en un oasis personal de tranquilidad con nuestro revolucionario fregadero Fountain. No se trata simplemente de un accesorio, sino de una pieza de arte funcional, dise\u00f1ada para cautivar los sentidos y redefinir el ritual diario de lavarse las manos. La caracter\u00edstica que lo define es una elegante fuente integrada en la que el agua cae elegantemente en cascada sobre un alf\u00e9izar esculpido o un vertedero hasta el lavabo primario situado debajo. Esto crea el sonido continuo y relajante de una suave cascada, ofreciendo un momento de calma y una atm\u00f3sfera de spa en su propia casa.<\/p>\n<p><img decoding=\"async\" class=\"size-medium wp-image-1188\" src=\"https:\/\/jsd-sinks.com\/wp-content\/uploads\/2025\/11\/1-11-300x300.jpg\" alt=\"Fuente Fregadero\" width=\"300\" height=\"300\" title=\"\" srcset=\"https:\/\/jsd-sinks.com\/wp-content\/uploads\/2025\/11\/1-11-300x300.jpg 300w, https:\/\/jsd-sinks.com\/wp-content\/uploads\/2025\/11\/1-11-100x100.jpg 100w, https:\/\/jsd-sinks.com\/wp-content\/uploads\/2025\/11\/1-11-600x600.jpg 600w, https:\/\/jsd-sinks.com\/wp-content\/uploads\/2025\/11\/1-11-500x500.jpg 500w, https:\/\/jsd-sinks.com\/wp-content\/uploads\/2025\/11\/1-11-150x150.jpg 150w, https:\/\/jsd-sinks.com\/wp-content\/uploads\/2025\/11\/1-11-768x768.jpg 768w, https:\/\/jsd-sinks.com\/wp-content\/uploads\/2025\/11\/1-11-12x12.jpg 12w, https:\/\/jsd-sinks.com\/wp-content\/uploads\/2025\/11\/1-11.jpg 800w\" sizes=\"(max-width: 300px) 100vw, 300px\" \/><\/p>\n<h3><strong>Artesan\u00eda sin fisuras: Belleza hecha para durar<\/strong><\/h3>\n<p>Este lavabo estilo fuente combina est\u00e9tica y durabilidad, y est\u00e1 meticulosamente fabricado en acero inoxidable de alta calidad, lo que garantiza una superficie extraordinariamente lisa y sin juntas que no s\u00f3lo es impresionante a la vista, sino tambi\u00e9n excepcionalmente higi\u00e9nica y f\u00e1cil de mantener, resistente a las manchas y las bacterias. El dise\u00f1o monol\u00edtico elimina las grietas de dif\u00edcil acceso, por lo que la limpieza es muy sencilla.<\/p>\n<h3><strong>Dise\u00f1ado para la Gracia: Elegancia pr\u00e1ctica y luz ambiental<\/strong><\/h3>\n<p>M\u00e1s all\u00e1 de su atractivo est\u00e9tico, el dise\u00f1o es muy pr\u00e1ctico. El chorro de agua en cascada minimiza las salpicaduras, manteniendo la zona circundante m\u00e1s seca y limpia. El generoso lavabo ofrece un amplio espacio para un uso c\u00f3modo, mientras que el elemento de fuente integrado puede iluminarse sutilmente con LED para realzar el dramatismo visual y crear un ambiente hipnotizador para su uso nocturno.<\/p>\n<h3 class=\"ds-markdown-paragraph\"><strong>M\u00e1s que un fregadero: Una declaraci\u00f3n transformadora para cualquier espacio<\/strong><\/h3>\n<p>Ideal para hogares contempor\u00e1neos, hoteles de lujo, espacios comerciales de alta gama y centros de bienestar, Fountain Sink es m\u00e1s que un lavabo: es una experiencia. Sirve como un impresionante punto focal que refleja un compromiso con el dise\u00f1o sofisticado, la calidad sin igual y el bienestar hol\u00edstico, convirtiendo un rinc\u00f3n ordinario de su habitaci\u00f3n en un santuario extraordinario.<\/p>","protected":false},"excerpt":{"rendered":"<p>Eleve su espacio con nuestro lavabo Fountain, una impresionante fusi\u00f3n de arte y funcionalidad. Este centro de mesa cuenta con una suave cascada de agua integrada en el lavabo, que crea un ambiente sereno de spa. Fabricado con materiales duraderos de primera calidad, como piedra o resina s\u00f3lida, ofrece una superficie sin juntas y f\u00e1cil de limpiar. Perfecto para cocinas modernas, spas de lujo o entornos comerciales exclusivos, transforma el lavado de manos rutinario en una experiencia refrescante y sensorial. Haga una declaraci\u00f3n de estilo espectacular mientras disfruta de una elegancia sin igual.<\/p>","protected":false},"featured_media":486,"template":"","meta":{"_gspb_post_css":""},"product_brand":[],"product_cat":[16],"product_tag":[28],"class_list":{"0":"post-289","1":"product","2":"type-product","3":"status-publish","4":"has-post-thumbnail","6":"product_cat-waterfall-sink","7":"product_tag-fountain-sink-waterfall-sink-luxury-kitchen","9":"first","10":"instock","11":"shipping-taxable","12":"product-type-simple"},"_links":{"self":[{"href":"https:\/\/jsd-sinks.com\/es\/wp-json\/wp\/v2\/product\/289","targetHints":{"allow":["GET"]}}],"collection":[{"href":"https:\/\/jsd-sinks.com\/es\/wp-json\/wp\/v2\/product"}],"about":[{"href":"https:\/\/jsd-sinks.com\/es\/wp-json\/wp\/v2\/types\/product"}],"wp:featuredmedia":[{"embeddable":true,"href":"https:\/\/jsd-sinks.com\/es\/wp-json\/wp\/v2\/media\/486"}],"wp:attachment":[{"href":"https:\/\/jsd-sinks.com\/es\/wp-json\/wp\/v2\/media?parent=289"}],"wp:term":[{"taxonomy":"product_brand","embeddable":true,"href":"https:\/\/jsd-sinks.com\/es\/wp-json\/wp\/v2\/product_brand?post=289"},{"taxonomy":"product_cat","embeddable":true,"href":"https:\/\/jsd-sinks.com\/es\/wp-json\/wp\/v2\/product_cat?post=289"},{"taxonomy":"product_tag","embeddable":true,"href":"https:\/\/jsd-sinks.com\/es\/wp-json\/wp\/v2\/product_tag?post=289"}],"curies":[{"name":"wp","href":"https:\/\/api.w.org\/{rel}","templated":true}]}}