{"id":1262,"date":"2025-12-12T09:33:20","date_gmt":"2025-12-12T09:33:20","guid":{"rendered":"https:\/\/jsd-sinks.com\/?post_type=product&#038;p=1262"},"modified":"2025-12-12T09:33:20","modified_gmt":"2025-12-12T09:33:20","slug":"elegant-and-multifunctional-sink-soap-dispenser","status":"publish","type":"product","link":"https:\/\/jsd-sinks.com\/es\/elegant-and-multifunctional-sink-soap-dispenser\/","title":{"rendered":"Jabonera de fregadero elegante y multifuncional para espacios modernos"},"content":{"rendered":"<h2 class=\"ds-markdown-paragraph\"><strong>Dise\u00f1o elegante y construcci\u00f3n duradera<\/strong><\/h2>\n<p data-start=\"570\" data-end=\"1161\">Este dispensador de jab\u00f3n empotrado en el fregadero est\u00e1 dise\u00f1ado para aportar comodidad, eficacia y estilo a cualquier cocina o cuarto de ba\u00f1o modernos. Fabricado con un cabezal de bomba de acero inoxidable de primera calidad, proporciona durabilidad y un aspecto elegante que complementa una amplia gama de dise\u00f1os de fregaderos y grifos. El acabado resistente a la corrosi\u00f3n garantiza que la bomba mantenga su brillo y rendimiento incluso en entornos expuestos al agua, jab\u00f3n y l\u00edquidos de limpieza. Disponible en m\u00faltiples acabados como cromo, negro mate, n\u00edquel cepillado y dorado, permite a los usuarios combinar su espacio con un aspecto coordinado y elegante.<\/p>\n<p><img decoding=\"async\" class=\"size-medium wp-image-1263\" src=\"https:\/\/jsd-sinks.com\/wp-content\/uploads\/2025\/12\/\u56fe\u72473-300x300.jpg\" alt=\"Dispensador de jab\u00f3n para fregadero\" width=\"300\" height=\"300\" title=\"\" srcset=\"https:\/\/jsd-sinks.com\/wp-content\/uploads\/2025\/12\/\u56fe\u72473-300x300.jpg 300w, https:\/\/jsd-sinks.com\/wp-content\/uploads\/2025\/12\/\u56fe\u72473-100x100.jpg 100w, https:\/\/jsd-sinks.com\/wp-content\/uploads\/2025\/12\/\u56fe\u72473-600x600.jpg 600w, https:\/\/jsd-sinks.com\/wp-content\/uploads\/2025\/12\/\u56fe\u72473-500x500.jpg 500w, https:\/\/jsd-sinks.com\/wp-content\/uploads\/2025\/12\/\u56fe\u72473-150x150.jpg 150w, https:\/\/jsd-sinks.com\/wp-content\/uploads\/2025\/12\/\u56fe\u72473-768x768.jpg 768w, https:\/\/jsd-sinks.com\/wp-content\/uploads\/2025\/12\/\u56fe\u72473-12x12.jpg 12w, https:\/\/jsd-sinks.com\/wp-content\/uploads\/2025\/12\/\u56fe\u72473.jpg 800w\" sizes=\"(max-width: 300px) 100vw, 300px\" \/><\/p>\n<h3 class=\"ds-markdown-paragraph\"><strong>Botella recargable grande y f\u00e1cil instalaci\u00f3n<\/strong><\/h3>\n<p data-start=\"1163\" data-end=\"1724\">El dispensador cuenta con una gran botella rellenable de 320 ml fabricada en pl\u00e1stico grueso de alta calidad resistente al agrietamiento y a la corrosi\u00f3n qu\u00edmica. El dise\u00f1o de boca ancha hace que el rellenado sea r\u00e1pido y sencillo, mientras que el largo v\u00e1stago roscado garantiza la compatibilidad con la mayor\u00eda de los orificios de fregadero est\u00e1ndar. Una vez instalada, la botella queda discretamente debajo de la encimera, ahorrando espacio y manteniendo una superficie limpia y despejada. Los usuarios pueden rellenar c\u00f3modamente desde encima de la encimera simplemente extrayendo el cabezal de la bomba, lo que la hace m\u00e1s pr\u00e1ctica que las botellas de encimera tradicionales.<\/p>\n<h3 class=\"ds-markdown-paragraph\"><strong>Mecanismo de bombeo suave y preciso<\/strong><\/h3>\n<p data-start=\"1726\" data-end=\"2043\">El mecanismo de la bomba est\u00e1 dise\u00f1ado para proporcionar un flujo de jab\u00f3n suave y uniforme con cada pulsaci\u00f3n. Funciona bien con jab\u00f3n l\u00edquido, detergente lavavajillas, loci\u00f3n, desinfectante de manos y otros l\u00edquidos similares. La salida prolongada garantiza que el jab\u00f3n se dispense con precisi\u00f3n en el fregadero o sobre una esponja sin gotear ni salpicar.<\/p>\n<h3 class=\"ds-markdown-paragraph\"><strong>Aplicaciones vers\u00e1tiles y ventajas pr\u00e1cticas<\/strong><\/h3>\n<p data-start=\"2045\" data-end=\"2480\">Ya sea para una nueva instalaci\u00f3n o como mejora de un fregadero existente, este dispensador empotrado ofrece una soluci\u00f3n elegante y funcional para las necesidades de limpieza diarias. Ayuda a mantener una encimera minimalista, reduce el desorden de botellas de pl\u00e1stico y mejora la organizaci\u00f3n general de la cocina o el ba\u00f1o. Gracias a su f\u00e1cil instalaci\u00f3n y construcci\u00f3n duradera, es un accesorio ideal para hogares, oficinas, restaurantes y lavaderos comerciales.<\/p>","protected":false},"excerpt":{"rendered":"<p>Este dispensador de jab\u00f3n empotrado en el fregadero cuenta con un resistente cabezal de bomba de acero inoxidable, una gran botella rellenable de 320 ml y un suave funcionamiento con una sola mano. Dise\u00f1ado para fregaderos de cocina o ba\u00f1o, ofrece una dosificaci\u00f3n de jab\u00f3n c\u00f3moda y sin complicaciones, con un estilo moderno y una resistencia duradera a la corrosi\u00f3n.<\/p>","protected":false},"featured_media":1264,"template":"","meta":{"_gspb_post_css":""},"product_brand":[],"product_cat":[24],"product_tag":[142],"class_list":{"0":"post-1262","1":"product","2":"type-product","3":"status-publish","4":"has-post-thumbnail","6":"product_cat-accessories","7":"product_tag-sink-soap-dispenser-kitchen-accessory-built-in-soap-pump","9":"first","10":"instock","11":"shipping-taxable","12":"product-type-simple"},"_links":{"self":[{"href":"https:\/\/jsd-sinks.com\/es\/wp-json\/wp\/v2\/product\/1262","targetHints":{"allow":["GET"]}}],"collection":[{"href":"https:\/\/jsd-sinks.com\/es\/wp-json\/wp\/v2\/product"}],"about":[{"href":"https:\/\/jsd-sinks.com\/es\/wp-json\/wp\/v2\/types\/product"}],"wp:featuredmedia":[{"embeddable":true,"href":"https:\/\/jsd-sinks.com\/es\/wp-json\/wp\/v2\/media\/1264"}],"wp:attachment":[{"href":"https:\/\/jsd-sinks.com\/es\/wp-json\/wp\/v2\/media?parent=1262"}],"wp:term":[{"taxonomy":"product_brand","embeddable":true,"href":"https:\/\/jsd-sinks.com\/es\/wp-json\/wp\/v2\/product_brand?post=1262"},{"taxonomy":"product_cat","embeddable":true,"href":"https:\/\/jsd-sinks.com\/es\/wp-json\/wp\/v2\/product_cat?post=1262"},{"taxonomy":"product_tag","embeddable":true,"href":"https:\/\/jsd-sinks.com\/es\/wp-json\/wp\/v2\/product_tag?post=1262"}],"curies":[{"name":"wp","href":"https:\/\/api.w.org\/{rel}","templated":true}]}}