{"id":940,"date":"2025-12-03T06:50:03","date_gmt":"2025-12-03T06:50:03","guid":{"rendered":"https:\/\/jsd-sinks.com\/?post_type=product&#038;p=940"},"modified":"2025-12-09T02:25:31","modified_gmt":"2025-12-09T02:25:31","slug":"rust-resistant-stainless-steel-sink-bottom-grids","status":"publish","type":"product","link":"https:\/\/jsd-sinks.com\/de\/rust-resistant-stainless-steel-sink-bottom-grids\/","title":{"rendered":"Rostbest\u00e4ndige Edelstahl-Sp\u00fclbeckenroste zum Schutz der K\u00fcchensp\u00fcle"},"content":{"rendered":"<h2 data-start=\"303\" data-end=\"813\"><span class=\"YPkS7KbdpWfGdYKd3QB9\" data-src-align=\"0:4\">Sch\u00fctzende Basis<\/span> <span class=\"YPkS7KbdpWfGdYKd3QB9\" data-src-align=\"5:6\">zum Schutz des Glanzes der Sp\u00fcle<\/span><\/h2>\n<p data-start=\"303\" data-end=\"813\">Dieses Bodengitter aus Edelstahl wurde entwickelt, um die Leistung, Langlebigkeit und den Komfort Ihrer K\u00fcchensp\u00fcle zu verbessern. Es ist aus hochwertigem, korrosionsbest\u00e4ndigem Edelstahl gefertigt und bietet eine robuste und zuverl\u00e4ssige Schutzschicht zwischen Ihrem Sp\u00fclbecken und dem t\u00e4glichen Kochgeschirr. Indem es Geschirr, T\u00f6pfe und Utensilien \u00fcber die Sp\u00fclenoberfl\u00e4che hebt, verhindert das Gitter effektiv Kratzer, Schrammen und langfristige Abnutzung und tr\u00e4gt dazu bei, die urspr\u00fcngliche Oberfl\u00e4che Ihrer Sp\u00fcle zu erhalten.<\/p>\n<p><img decoding=\"async\" class=\"size-medium wp-image-1089\" src=\"https:\/\/jsd-sinks.com\/wp-content\/uploads\/2025\/12\/\u4e0d\u9508\u94a2\u6c34\u69fd\u5e95\u90e8\u7f51\u683c11211-300x300.jpg\" alt=\"Edelstahl-Sp\u00fclenbodenroste\" width=\"300\" height=\"300\" title=\"\" srcset=\"https:\/\/jsd-sinks.com\/wp-content\/uploads\/2025\/12\/\u4e0d\u9508\u94a2\u6c34\u69fd\u5e95\u90e8\u7f51\u683c11211-300x300.jpg 300w, https:\/\/jsd-sinks.com\/wp-content\/uploads\/2025\/12\/\u4e0d\u9508\u94a2\u6c34\u69fd\u5e95\u90e8\u7f51\u683c11211-100x100.jpg 100w, https:\/\/jsd-sinks.com\/wp-content\/uploads\/2025\/12\/\u4e0d\u9508\u94a2\u6c34\u69fd\u5e95\u90e8\u7f51\u683c11211-600x600.jpg 600w, https:\/\/jsd-sinks.com\/wp-content\/uploads\/2025\/12\/\u4e0d\u9508\u94a2\u6c34\u69fd\u5e95\u90e8\u7f51\u683c11211-500x500.jpg 500w, https:\/\/jsd-sinks.com\/wp-content\/uploads\/2025\/12\/\u4e0d\u9508\u94a2\u6c34\u69fd\u5e95\u90e8\u7f51\u683c11211-150x150.jpg 150w, https:\/\/jsd-sinks.com\/wp-content\/uploads\/2025\/12\/\u4e0d\u9508\u94a2\u6c34\u69fd\u5e95\u90e8\u7f51\u683c11211-12x12.jpg 12w, https:\/\/jsd-sinks.com\/wp-content\/uploads\/2025\/12\/\u4e0d\u9508\u94a2\u6c34\u69fd\u5e95\u90e8\u7f51\u683c11211.jpg 667w\" sizes=\"(max-width: 300px) 100vw, 300px\" \/><\/p>\n<h3 data-start=\"815\" data-end=\"1255\"><span class=\"YPkS7KbdpWfGdYKd3QB9\" data-src-align=\"17:4\">Glatte Entw\u00e4sserung<\/span> <span class=\"YPkS7KbdpWfGdYKd3QB9\" data-src-align=\"22:4\">und sauber halten<\/span><\/h3>\n<p data-start=\"815\" data-end=\"1255\">Durch die offene Bauweise kann das Wasser frei flie\u00dfen, so dass es schneller abl\u00e4uft und sich weniger R\u00fcckst\u00e4nde oder stehendes Wasser ansammeln. Dies sorgt f\u00fcr eine sauberere, hygienischere Sp\u00fclenumgebung und erleichtert die t\u00e4gliche K\u00fcchenarbeit sp\u00fcrbar. Die pr\u00e4zise positionierte runde Abfluss\u00f6ffnung ist mit den \u00fcblichen Abfluss\u00f6ffnungen von Sp\u00fclen kompatibel und erm\u00f6glicht einen einfachen Zugang zum Waschen, Sp\u00fclen und Entsorgen, ohne dass das Gitter entfernt werden muss.<\/p>\n<h3 data-start=\"1257\" data-end=\"1643\"><span class=\"YPkS7KbdpWfGdYKd3QB9\" data-src-align=\"32:4\">Stabil und leise<\/span>, <span class=\"YPkS7KbdpWfGdYKd3QB9\" data-src-align=\"37:4\">Sto\u00dfd\u00e4mpfung und Kollisionsschutz<\/span><\/h3>\n<p data-start=\"1257\" data-end=\"1643\">Um die Stabilit\u00e4t zu verbessern und Ger\u00e4usche zu reduzieren, ist das Gitter mit sch\u00fctzenden Gummif\u00fc\u00dfen und Seitenpuffern ausgestattet. Diese weichen, aber robusten Pads halten den Rost fest an seinem Platz und verhindern gleichzeitig den Kontakt von Metall zu Metall, der die Sp\u00fclenoberfl\u00e4che besch\u00e4digen k\u00f6nnte. Au\u00dferdem d\u00e4mpfen sie den Aufprall beim Abstellen des Geschirrs und tragen dazu bei, das Klappern zu minimieren und empfindliche Gegenst\u00e4nde wie Gl\u00e4ser und Keramikschalen zu sch\u00fctzen.<\/p>\n<h3 data-start=\"1645\" data-end=\"2049\"><span class=\"YPkS7KbdpWfGdYKd3QB9\" data-src-align=\"47:4\">Leicht zu reinigen<\/span>, <span class=\"YPkS7KbdpWfGdYKd3QB9\" data-src-align=\"52:4\">allgemeine Anpassung<\/span><\/h3>\n<p data-start=\"1645\" data-end=\"2049\">Die Konstruktion aus rostfreiem Stahl ist leicht zu reinigen und zu pflegen und widersteht Rost, Flecken und Verf\u00e4rbungen, selbst bei st\u00e4ndiger Einwirkung von Wasser, Hitze und Reinigungsmitteln. Das Gitter kann abgesp\u00fclt, abgewischt oder in der Sp\u00fclmaschine gereinigt werden, so dass es m\u00fchelos zu reinigen ist. Dank seiner universellen rechteckigen Form passt es zu vielen modernen Sp\u00fclen und Beckengr\u00f6\u00dfen, ob in Wohnk\u00fcchen, Vorbereitungsstationen oder Wirtschaftsr\u00e4umen.<\/p>\n<h3 data-start=\"2051\" data-end=\"2242\"><span class=\"YPkS7KbdpWfGdYKd3QB9\" data-src-align=\"62:4\">Praktisches Upgrade<\/span>, <span class=\"YPkS7KbdpWfGdYKd3QB9\" data-src-align=\"67:4\">t\u00e4glicher W\u00e4chter<\/span><\/h3>\n<p data-start=\"2051\" data-end=\"2242\" data-is-last-node=\"\" data-is-only-node=\"\">Mit seiner Kombination aus Langlebigkeit, durchdachtem Design und praktischer Funktion ist dieses Bodengitter f\u00fcr die Sp\u00fcle ein einfaches, aber unverzichtbares Upgrade, das Ihre Sp\u00fcle jeden Tag sauberer, leiser und besser gesch\u00fctzt macht.<\/p>","protected":false},"excerpt":{"rendered":"<p>Langlebige Bodenroste aus Edelstahl, die Ihre Sp\u00fcle vor Kratzern sch\u00fctzen, schweres Kochgeschirr tragen und den Abfluss verbessern. Mit einer pr\u00e4zisen Ablauf\u00f6ffnung, rutschfesten Gummif\u00fc\u00dfen und einem rostfreien, leicht zu reinigenden Drahtrahmen f\u00fcr den t\u00e4glichen K\u00fcchengebrauch.<\/p>","protected":false},"featured_media":1088,"template":"","meta":{"_gspb_post_css":""},"product_brand":[],"product_cat":[24],"product_tag":[119],"class_list":{"0":"post-940","1":"product","2":"type-product","3":"status-publish","4":"has-post-thumbnail","6":"product_cat-accessories","7":"product_tag-stainless-steel-sink-accessories-bottom-grid","9":"first","10":"instock","11":"shipping-taxable","12":"product-type-simple"},"_links":{"self":[{"href":"https:\/\/jsd-sinks.com\/de\/wp-json\/wp\/v2\/product\/940","targetHints":{"allow":["GET"]}}],"collection":[{"href":"https:\/\/jsd-sinks.com\/de\/wp-json\/wp\/v2\/product"}],"about":[{"href":"https:\/\/jsd-sinks.com\/de\/wp-json\/wp\/v2\/types\/product"}],"wp:featuredmedia":[{"embeddable":true,"href":"https:\/\/jsd-sinks.com\/de\/wp-json\/wp\/v2\/media\/1088"}],"wp:attachment":[{"href":"https:\/\/jsd-sinks.com\/de\/wp-json\/wp\/v2\/media?parent=940"}],"wp:term":[{"taxonomy":"product_brand","embeddable":true,"href":"https:\/\/jsd-sinks.com\/de\/wp-json\/wp\/v2\/product_brand?post=940"},{"taxonomy":"product_cat","embeddable":true,"href":"https:\/\/jsd-sinks.com\/de\/wp-json\/wp\/v2\/product_cat?post=940"},{"taxonomy":"product_tag","embeddable":true,"href":"https:\/\/jsd-sinks.com\/de\/wp-json\/wp\/v2\/product_tag?post=940"}],"curies":[{"name":"wp","href":"https:\/\/api.w.org\/{rel}","templated":true}]}}