{"id":937,"date":"2025-12-03T06:39:08","date_gmt":"2025-12-03T06:39:08","guid":{"rendered":"https:\/\/jsd-sinks.com\/?post_type=product&#038;p=937"},"modified":"2025-12-09T02:06:02","modified_gmt":"2025-12-09T02:06:02","slug":"kitchen-sink-rack-with-drainage-for-dish-drying","status":"publish","type":"product","link":"https:\/\/jsd-sinks.com\/de\/kitchen-sink-rack-with-drainage-for-dish-drying\/","title":{"rendered":"Kompakter Sp\u00fcltisch mit Abfluss f\u00fcr effizientes Abtrocknen"},"content":{"rendered":"<h2 data-start=\"0\" data-end=\"410\"><strong data-start=\"0\" data-end=\"88\">Verbessern Sie die Funktionalit\u00e4t Ihrer K\u00fcche mit diesem eleganten und praktischen Sp\u00fclbeckenhalter<\/strong><\/h2>\n<p data-start=\"0\" data-end=\"410\">Werten Sie Ihre K\u00fcche mit diesem eleganten und funktionalen Sp\u00fclenst\u00e4nder auf, mit dem das Trocknen von Geschirr, Tassen und Besteck zum Kinderspiel wird. Mit seiner robusten Konstruktion und seinem platzsparenden Design passt er nahtlos neben Ihr Sp\u00fclbecken. Aus hochwertigen Materialien gefertigt und in einem modernen Grauton gehalten, passt er zu jeder K\u00fccheneinrichtung.<\/p>\n<figure id=\"attachment_1084\" aria-describedby=\"caption-attachment-1084\" style=\"width: 300px\" class=\"wp-caption alignnone\"><img decoding=\"async\" class=\"size-medium wp-image-1084\" src=\"https:\/\/jsd-sinks.com\/wp-content\/uploads\/2025\/12\/7\u67085\u65e514.jpg1_-300x300.jpg\" alt=\"Sp\u00fclbeckengestell\" width=\"300\" height=\"300\" title=\"\" srcset=\"\" sizes=\"(max-width: 300px) 100vw, 300px\" data-srcset=\"\" \/><figcaption id=\"caption-attachment-1084\" class=\"wp-caption-text\">Sp\u00fclbeckengestell<\/figcaption><\/figure>\n<h3 data-start=\"412\" data-end=\"789\"><strong data-start=\"412\" data-end=\"459\">Optimieren Sie die Trocknung mit cleveren Designmerkmalen<\/strong><\/h3>\n<p data-start=\"412\" data-end=\"789\">Dieses Geschirrregal besteht aus mehreren Lamellen, die die Luftzirkulation f\u00f6rdern und f\u00fcr einen schnellen Wasserabfluss sorgen, damit Ihr Geschirr trocken und frei von \u00fcbersch\u00fcssiger Feuchtigkeit bleibt. Der perforierte Boden verhindert die Ansammlung von Wasser und hilft, einen sauberen und organisierten Raum zu erhalten. Dank seines durchdachten Designs ist er leicht abzusp\u00fclen und zu pflegen, so dass er immer einsatzbereit ist.<\/p>\n<h3 data-start=\"791\" data-end=\"1227\"><strong data-start=\"791\" data-end=\"841\">Perfekt f\u00fcr kompakte K\u00fcchen und moderne R\u00e4ume<\/strong><\/h3>\n<p data-start=\"791\" data-end=\"1227\" data-is-last-node=\"\" data-is-only-node=\"\">Das schlichte Design dieses Regals ist ideal f\u00fcr K\u00fcchen mit begrenztem Platz auf der Arbeitsplatte und bietet eine praktische L\u00f6sung zum Abtrocknen von Geschirr oder zum geordneten Aufbewahren von K\u00fcchenutensilien. Sein minimalistischer Stil verleiht Ihrer K\u00fcche einen Hauch von moderner Eleganz und ist gleichzeitig \u00e4u\u00dferst funktional. Egal, ob Sie zu Hause kochen oder sich f\u00fcr die K\u00fcche interessieren, dieses Regal wird Ihre K\u00fcchenroutine effizienter und bequemer machen.<\/p>","protected":false},"excerpt":{"rendered":"<p>Dieser vielseitige Sp\u00fclenst\u00e4nder ist so konzipiert, dass er m\u00f6glichst viel Platz bietet und Geschirr, Gl\u00e4ser und Utensilien effizient trocknet. Er hat eine moderne graue Farbe, ein robustes Design mit Abflussschlitzen f\u00fcr den Wasserfluss und eine kompakte, leicht zu verstauende Basis. Ein Muss f\u00fcr jede K\u00fcchenarbeitsplatte.<\/p>","protected":false},"featured_media":1084,"template":"","meta":{"_gspb_post_css":""},"product_brand":[],"product_cat":[24],"product_tag":[118],"class_list":{"0":"post-937","1":"product","2":"type-product","3":"status-publish","4":"has-post-thumbnail","6":"product_cat-accessories","7":"product_tag-kitchen-sink-rackdish-drying-rackcountertop-organizer","9":"first","10":"instock","11":"shipping-taxable","12":"product-type-simple"},"_links":{"self":[{"href":"https:\/\/jsd-sinks.com\/de\/wp-json\/wp\/v2\/product\/937","targetHints":{"allow":["GET"]}}],"collection":[{"href":"https:\/\/jsd-sinks.com\/de\/wp-json\/wp\/v2\/product"}],"about":[{"href":"https:\/\/jsd-sinks.com\/de\/wp-json\/wp\/v2\/types\/product"}],"wp:featuredmedia":[{"embeddable":true,"href":"https:\/\/jsd-sinks.com\/de\/wp-json\/wp\/v2\/media\/1084"}],"wp:attachment":[{"href":"https:\/\/jsd-sinks.com\/de\/wp-json\/wp\/v2\/media?parent=937"}],"wp:term":[{"taxonomy":"product_brand","embeddable":true,"href":"https:\/\/jsd-sinks.com\/de\/wp-json\/wp\/v2\/product_brand?post=937"},{"taxonomy":"product_cat","embeddable":true,"href":"https:\/\/jsd-sinks.com\/de\/wp-json\/wp\/v2\/product_cat?post=937"},{"taxonomy":"product_tag","embeddable":true,"href":"https:\/\/jsd-sinks.com\/de\/wp-json\/wp\/v2\/product_tag?post=937"}],"curies":[{"name":"wp","href":"https:\/\/api.w.org\/{rel}","templated":true}]}}