{"id":914,"date":"2025-12-03T03:38:58","date_gmt":"2025-12-03T03:38:58","guid":{"rendered":"https:\/\/jsd-sinks.com\/?post_type=product&#038;p=914"},"modified":"2025-12-09T01:41:40","modified_gmt":"2025-12-09T01:41:40","slug":"stainless-steel-cutting-board-with-hangable-handle","status":"publish","type":"product","link":"https:\/\/jsd-sinks.com\/de\/stainless-steel-cutting-board-with-hangable-handle\/","title":{"rendered":"Hygienisches Schneidebrett aus SUS304-Edelstahl mit aufh\u00e4ngbarem Griff"},"content":{"rendered":"<h2 data-start=\"102\" data-end=\"493\"><strong data-start=\"102\" data-end=\"164\">Das Profi-Schneidebrett aus Edelstahl stellt sich vor<\/strong><\/h2>\n<p data-start=\"102\" data-end=\"493\">Ein modernes und hygienisches Kraftpaket, das Ihre Essenszubereitung revolutionieren wird. Das aus hochwertigem, lebensmittelechtem SUS304-Edelstahl gefertigte Schneidebrett ist eine au\u00dfergew\u00f6hnliche Alternative zu herk\u00f6mmlichem Holz oder Kunststoff und bietet unvergleichliche Haltbarkeit und Pflegeleichtigkeit sowohl f\u00fcr die heimische K\u00fcche als auch f\u00fcr den professionellen Einsatz.<\/p>\n<h3 data-start=\"500\" data-end=\"843\"><strong data-start=\"500\" data-end=\"543\">Entwickelt f\u00fcr Sicherheit und Funktionalit\u00e4t<\/strong><\/h3>\n<p data-start=\"500\" data-end=\"843\">Das Brett verf\u00fcgt \u00fcber glatte, abgerundete Ecken, die scharfe Kanten vermeiden und Ihre H\u00e4nde bei der Benutzung sch\u00fctzen. Ein verst\u00e4rkter, integrierter Griff ist direkt in das Design integriert und bietet einen sicheren Halt beim Tragen und erm\u00f6glicht eine bequeme vertikale Aufh\u00e4ngung, um wertvollen Platz auf der Theke und bei der Lagerung zu sparen.<\/p>\n<h3 data-start=\"850\" data-end=\"1370\"><strong data-start=\"850\" data-end=\"877\">Vielseitiger K\u00fcchenamboss<\/strong><\/h3>\n<p data-start=\"850\" data-end=\"1370\">F\u00fcr eine Vielzahl von Aufgaben geeignet. Die robuste, porenfreie Oberfl\u00e4che eignet sich perfekt zum Hacken und Schneiden aller Zutaten, und die solide, flache Basis macht sie besonders effektiv beim Kneten von Teig, da sie unter Druck nicht verrutscht oder sich verzieht. Die unempfindliche Edelstahloberfl\u00e4che ist resistent gegen Flecken, Ger\u00fcche und die Aufnahme von Bakterien, was sie zu einer der hygienischsten Optionen auf dem Markt macht. Die Reinigung ist m\u00fchelos - einfach abwischen oder absp\u00fclen, und schon ist sie bereit f\u00fcr den n\u00e4chsten Einsatz.<\/p>\n<h3 data-start=\"1377\" data-end=\"1453\"><strong data-start=\"1377\" data-end=\"1396\">Verf\u00fcgbare Gr\u00f6\u00dfen<\/strong><\/h3>\n<p data-start=\"1377\" data-end=\"1453\">Erh\u00e4ltlich in drei praktischen Gr\u00f6\u00dfen, die jedem Bedarf gerecht werden:<\/p>\n<ul data-start=\"1454\" data-end=\"1528\">\n<li data-start=\"1454\" data-end=\"1478\">\n<p data-start=\"1456\" data-end=\"1478\">S-Code (29x20cm)<\/p>\n<\/li>\n<li data-start=\"1479\" data-end=\"1503\">\n<p data-start=\"1481\" data-end=\"1503\">M-Code (36x25cm)<\/p>\n<\/li>\n<li data-start=\"1504\" data-end=\"1528\">\n<p data-start=\"1506\" data-end=\"1528\">L-Code (46x30cm)<\/p>\n<\/li>\n<\/ul>\n<p data-start=\"1530\" data-end=\"1793\">Ganz gleich, ob Sie eine Familienmahlzeit zubereiten oder komplexe kulinarische Techniken ausf\u00fchren, dieses Schneidebrett aus Edelstahl bietet \u00fcberragende Leistung, dauerhafte Widerstandsf\u00e4higkeit und eine rationelle Reinigung, was es zu einer unverzichtbaren und modernen Erg\u00e4nzung Ihres kulinarischen Werkzeugsatzes macht.<\/p>","protected":false},"excerpt":{"rendered":"<p>Professionelles Edelstahl-Schneidebrett aus lebensmittelechtem SUS304. Es verf\u00fcgt \u00fcber sichere, abgerundete Ecken, einen integrierten Griff zum Aufh\u00e4ngen und ist f\u00fcr schweres Hacken, Schneiden und Kneten von Teig geeignet. Erh\u00e4ltlich in drei Gr\u00f6\u00dfen (S\/M\/L) f\u00fcr den vielseitigen Einsatz in der K\u00fcche. Hygienisch, langlebig und leicht zu reinigen.<\/p>","protected":false},"featured_media":915,"template":"","meta":{"_gspb_post_css":""},"product_brand":[],"product_cat":[24],"product_tag":[109,111,110],"class_list":{"0":"post-914","1":"product","2":"type-product","3":"status-publish","4":"has-post-thumbnail","6":"product_cat-accessories","7":"product_tag-kitchen-cutting-board","8":"product_tag-professional-chopping-board","9":"product_tag-stainless-steel-kitchen-tool","11":"first","12":"instock","13":"shipping-taxable","14":"product-type-simple"},"_links":{"self":[{"href":"https:\/\/jsd-sinks.com\/de\/wp-json\/wp\/v2\/product\/914","targetHints":{"allow":["GET"]}}],"collection":[{"href":"https:\/\/jsd-sinks.com\/de\/wp-json\/wp\/v2\/product"}],"about":[{"href":"https:\/\/jsd-sinks.com\/de\/wp-json\/wp\/v2\/types\/product"}],"wp:featuredmedia":[{"embeddable":true,"href":"https:\/\/jsd-sinks.com\/de\/wp-json\/wp\/v2\/media\/915"}],"wp:attachment":[{"href":"https:\/\/jsd-sinks.com\/de\/wp-json\/wp\/v2\/media?parent=914"}],"wp:term":[{"taxonomy":"product_brand","embeddable":true,"href":"https:\/\/jsd-sinks.com\/de\/wp-json\/wp\/v2\/product_brand?post=914"},{"taxonomy":"product_cat","embeddable":true,"href":"https:\/\/jsd-sinks.com\/de\/wp-json\/wp\/v2\/product_cat?post=914"},{"taxonomy":"product_tag","embeddable":true,"href":"https:\/\/jsd-sinks.com\/de\/wp-json\/wp\/v2\/product_tag?post=914"}],"curies":[{"name":"wp","href":"https:\/\/api.w.org\/{rel}","templated":true}]}}