{"id":905,"date":"2025-12-03T03:27:25","date_gmt":"2025-12-03T03:27:25","guid":{"rendered":"https:\/\/jsd-sinks.com\/?post_type=product&#038;p=905"},"modified":"2025-12-09T06:16:06","modified_gmt":"2025-12-09T06:16:06","slug":"expand-your-countertop-bamboo-cutting-board-for-sink","status":"publish","type":"product","link":"https:\/\/jsd-sinks.com\/de\/expand-your-countertop-bamboo-cutting-board-for-sink\/","title":{"rendered":"Erweitern Sie Ihre Arbeitsfl\u00e4che: Bambus-Schneidebrett f\u00fcr Sp\u00fcle in Nussbaum &amp; Teak"},"content":{"rendered":"<h2 data-start=\"0\" data-end=\"447\"><strong data-start=\"0\" data-end=\"33\">Bambus-Schneidebrett f\u00fcr Sp\u00fcle<\/strong><\/h2>\n<p data-start=\"0\" data-end=\"447\">Dieses Schneidebrett aus Bambus ist die perfekte platzsparende L\u00f6sung f\u00fcr Ihre K\u00fcche. Es passt genau \u00fcber die meisten Sp\u00fclbecken und bietet eine innovative M\u00f6glichkeit, Obst, Gem\u00fcse und Fleisch direkt \u00fcber dem Sp\u00fclbecken zuzubereiten, sodass Ihre Arbeitsfl\u00e4chen frei von Unordnung bleiben. Er ist aus haltbarem, umweltfreundlichem Bambus gefertigt, der Messerabdr\u00fccke verhindert und eine glatte Schneidefl\u00e4che bietet. Die nat\u00fcrliche Bambusmaserung verleiht Ihrer K\u00fcche einen Hauch von Eleganz.<\/p>\n<p><img decoding=\"async\" class=\"size-medium wp-image-909\" src=\"https:\/\/jsd-sinks.com\/wp-content\/uploads\/2025\/12\/bamboo-cutting-board-for-sink-4-300x300.jpg\" alt=\"Bambus-Schneidebrett f\u00fcr Sp\u00fclbecken\" width=\"300\" height=\"300\" title=\"\" srcset=\"https:\/\/jsd-sinks.com\/wp-content\/uploads\/2025\/12\/bamboo-cutting-board-for-sink-4-300x300.jpg 300w, https:\/\/jsd-sinks.com\/wp-content\/uploads\/2025\/12\/bamboo-cutting-board-for-sink-4-100x100.jpg 100w, https:\/\/jsd-sinks.com\/wp-content\/uploads\/2025\/12\/bamboo-cutting-board-for-sink-4-600x599.jpg 600w, https:\/\/jsd-sinks.com\/wp-content\/uploads\/2025\/12\/bamboo-cutting-board-for-sink-4-500x499.jpg 500w, https:\/\/jsd-sinks.com\/wp-content\/uploads\/2025\/12\/bamboo-cutting-board-for-sink-4-150x150.jpg 150w, https:\/\/jsd-sinks.com\/wp-content\/uploads\/2025\/12\/bamboo-cutting-board-for-sink-4-768x767.jpg 768w, https:\/\/jsd-sinks.com\/wp-content\/uploads\/2025\/12\/bamboo-cutting-board-for-sink-4-12x12.jpg 12w, https:\/\/jsd-sinks.com\/wp-content\/uploads\/2025\/12\/bamboo-cutting-board-for-sink-4.jpg 800w\" sizes=\"(max-width: 300px) 100vw, 300px\" \/><\/p>\n<h3 data-start=\"449\" data-end=\"927\"><strong data-start=\"449\" data-end=\"487\">Doppelfunktionalit\u00e4t f\u00fcr mehr Bequemlichkeit<\/strong><\/h3>\n<p data-start=\"449\" data-end=\"927\">Eines der herausragenden Merkmale dieses Schneidebretts ist seine Doppelfunktion. Sie k\u00f6nnen Zutaten \u00fcber der Sp\u00fcle zubereiten und gleichzeitig S\u00e4fte und Abf\u00e4lle auffangen, damit Ihre Arbeitsfl\u00e4che sauber bleibt. Sie k\u00f6nnen das Gem\u00fcse einfach absp\u00fclen oder die Reste direkt in die Sp\u00fcle schaben, was die Reinigung m\u00fchelos macht. Die robuste Konstruktion und die gro\u00dfz\u00fcgigen Abmessungen sorgen daf\u00fcr, dass das Brett auch bei starker Beanspruchung nicht schlapp macht, sei es beim Hacken von Obst, Schneiden von Gem\u00fcse oder Tranchieren von Fleisch.<\/p>\n<h3 data-start=\"929\" data-end=\"1273\"><strong data-start=\"929\" data-end=\"966\">Einfache Wartung und Umweltfreundlichkeit<\/strong><\/h3>\n<p data-start=\"929\" data-end=\"1273\">Die Pflege dieses Schneidebretts ist einfach, so dass es \u00fcber Jahre hinweg gut aussieht. Bambus ist von Natur aus resistent gegen Bakterien und Wasser und bietet eine hygienische Oberfl\u00e4che f\u00fcr die Zubereitung von Speisen. Da es aus nachhaltig gewonnenem Bambus hergestellt wird, ist es eine umweltfreundliche Wahl f\u00fcr alle, die ihren \u00f6kologischen Fu\u00dfabdruck verringern m\u00f6chten.<\/p>\n<h3 data-start=\"1275\" data-end=\"1554\"><strong data-start=\"1275\" data-end=\"1318\">Ideal f\u00fcr kleine K\u00fcchen und vielbesch\u00e4ftigte K\u00f6che<\/strong><\/h3>\n<p data-start=\"1275\" data-end=\"1554\" data-is-last-node=\"\" data-is-only-node=\"\">Egal, ob Sie eine kleine K\u00fcche haben oder einfach nur Ordnung schaffen wollen, dieses Bambus-Schneidebrett ist sowohl praktisch als auch elegant. Es bietet eine clevere L\u00f6sung f\u00fcr die Essenszubereitung und spart Platz, was es zu einem unverzichtbaren Werkzeug f\u00fcr jeden Haushalt macht.<\/p>","protected":false},"excerpt":{"rendered":"<p>Werten Sie Ihre K\u00fcche mit diesem hochwertigen Bambus-Schneidebrett auf, das \u00fcber Ihre Sp\u00fcle passt. Es eignet sich perfekt zum Schneiden, Waschen und Abtropfen und hilft Ihnen, den Platz zu maximieren und gleichzeitig Ihre Arbeitsfl\u00e4che aufger\u00e4umt zu halten. Langlebig, umweltfreundlich und leicht zu reinigen - dieses Schneidebrett ist ein unverzichtbares K\u00fcchenutensil.<\/p>","protected":false},"featured_media":906,"template":"","meta":{"_gspb_post_css":""},"product_brand":[],"product_cat":[24],"product_tag":[107,108,106],"class_list":{"0":"post-905","1":"product","2":"type-product","3":"status-publish","4":"has-post-thumbnail","6":"product_cat-accessories","7":"product_tag-bamboo-chopping-board","8":"product_tag-kitchen-prep-board","9":"product_tag-sink-cover-cutting-board","11":"first","12":"instock","13":"shipping-taxable","14":"product-type-simple"},"_links":{"self":[{"href":"https:\/\/jsd-sinks.com\/de\/wp-json\/wp\/v2\/product\/905","targetHints":{"allow":["GET"]}}],"collection":[{"href":"https:\/\/jsd-sinks.com\/de\/wp-json\/wp\/v2\/product"}],"about":[{"href":"https:\/\/jsd-sinks.com\/de\/wp-json\/wp\/v2\/types\/product"}],"wp:featuredmedia":[{"embeddable":true,"href":"https:\/\/jsd-sinks.com\/de\/wp-json\/wp\/v2\/media\/906"}],"wp:attachment":[{"href":"https:\/\/jsd-sinks.com\/de\/wp-json\/wp\/v2\/media?parent=905"}],"wp:term":[{"taxonomy":"product_brand","embeddable":true,"href":"https:\/\/jsd-sinks.com\/de\/wp-json\/wp\/v2\/product_brand?post=905"},{"taxonomy":"product_cat","embeddable":true,"href":"https:\/\/jsd-sinks.com\/de\/wp-json\/wp\/v2\/product_cat?post=905"},{"taxonomy":"product_tag","embeddable":true,"href":"https:\/\/jsd-sinks.com\/de\/wp-json\/wp\/v2\/product_tag?post=905"}],"curies":[{"name":"wp","href":"https:\/\/api.w.org\/{rel}","templated":true}]}}