{"id":856,"date":"2025-12-02T09:26:17","date_gmt":"2025-12-02T09:26:17","guid":{"rendered":"https:\/\/jsd-sinks.com\/?post_type=product&#038;p=856"},"modified":"2025-12-13T03:45:36","modified_gmt":"2025-12-13T03:45:36","slug":"embossed-single-bowl-undermount-sink-jsd-us5545","status":"publish","type":"product","link":"https:\/\/jsd-sinks.com\/de\/embossed-single-bowl-undermount-sink-jsd-us5545\/","title":{"rendered":"Gepr\u00e4gtes Ein-Schalen-Unterbaubecken-JSD US5545"},"content":{"rendered":"<h2 data-start=\"287\" data-end=\"382\">JSD US5545 Gepr\u00e4gtes Unterbaubecken - Langlebiger Stil trifft auf allt\u00e4glichen Komfort<\/h2>\n<h3 data-start=\"384\" data-end=\"684\"><strong data-start=\"384\" data-end=\"419\">Ausgewogene Gr\u00f6\u00dfe f\u00fcr die meisten K\u00fcchen<\/strong><\/h3>\n<p data-start=\"384\" data-end=\"684\">Die JSD US5545 hat eine Breite von 550 mm und eine Tiefe von 450 mm - eine ausgewogene Grundfl\u00e4che, die in die meisten K\u00fcchengrundrisse passt. Die Hauptsch\u00fcssel misst 350 \u00d7 400 mm und hat eine Tiefe von 230 mm, sodass Sie viel Platz f\u00fcr Geschirr, die Zubereitung von Mahlzeiten oder allt\u00e4gliche K\u00fcchenarbeiten haben.<\/p>\n<p><img decoding=\"async\" class=\"size-medium wp-image-862\" src=\"https:\/\/jsd-sinks.com\/wp-content\/uploads\/2025\/12\/Embossed-Single-Bowl-Undermount-Sink-6-300x300.jpg\" alt=\"Gepr\u00e4gtes Einschalen-Unterbaubecken\" width=\"300\" height=\"300\" title=\"\" srcset=\"https:\/\/jsd-sinks.com\/wp-content\/uploads\/2025\/12\/Embossed-Single-Bowl-Undermount-Sink-6-300x300.jpg 300w, https:\/\/jsd-sinks.com\/wp-content\/uploads\/2025\/12\/Embossed-Single-Bowl-Undermount-Sink-6-100x100.jpg 100w, https:\/\/jsd-sinks.com\/wp-content\/uploads\/2025\/12\/Embossed-Single-Bowl-Undermount-Sink-6-600x600.jpg 600w, https:\/\/jsd-sinks.com\/wp-content\/uploads\/2025\/12\/Embossed-Single-Bowl-Undermount-Sink-6-500x500.jpg 500w, https:\/\/jsd-sinks.com\/wp-content\/uploads\/2025\/12\/Embossed-Single-Bowl-Undermount-Sink-6-150x150.jpg 150w, https:\/\/jsd-sinks.com\/wp-content\/uploads\/2025\/12\/Embossed-Single-Bowl-Undermount-Sink-6-768x768.jpg 768w, https:\/\/jsd-sinks.com\/wp-content\/uploads\/2025\/12\/Embossed-Single-Bowl-Undermount-Sink-6-12x12.jpg 12w, https:\/\/jsd-sinks.com\/wp-content\/uploads\/2025\/12\/Embossed-Single-Bowl-Undermount-Sink-6.jpg 800w\" sizes=\"(max-width: 300px) 100vw, 300px\" \/><\/p>\n<h3 data-start=\"686\" data-end=\"1018\"><strong data-start=\"686\" data-end=\"718\">Elegantes aber praktisches Finish<\/strong><\/h3>\n<p data-start=\"686\" data-end=\"1018\">Diese Sp\u00fcle hat eine geb\u00fcrstete Edelstahloberfl\u00e4che mit einer dezenten Pr\u00e4gestruktur. Die Oberfl\u00e4che verleiht einen modernen, haptischen Reiz - und dank der geb\u00fcrsteten, strukturierten Oberfl\u00e4che ist sie resistent gegen Kratzer, Fingerabdr\u00fccke und Wasserflecken, so dass sie mit minimalem Aufwand sauber und edel aussieht.<\/p>\n<h3 data-start=\"1020\" data-end=\"1226\"><strong data-start=\"1020\" data-end=\"1057\">Leicht zu reinigende Form und intelligentes Design<\/strong><\/h3>\n<p data-start=\"1020\" data-end=\"1226\">Glatte, abgerundete Ecken verleihen der Sp\u00fcle ein elegantes, modernes Aussehen - aber sie sind auch praktisch: Sie beseitigen schwer zug\u00e4ngliche Ritzen, so dass die Reinigung schnell und einfach ist.<\/p>\n<p data-start=\"1228\" data-end=\"1456\">Im Inneren des Beckens befinden sich clever gestaltete X-f\u00f6rmige Rillen, die ein leichtes Gef\u00e4lle zum Abfluss hin bilden. So kann das Wasser schnell abflie\u00dfen, das Stehenbleiben von Wasser wird minimiert und das Trocknen beschleunigt - so bleibt Ihr Waschbecken hygienisch und frisch.<\/p>\n<h3 data-start=\"1458\" data-end=\"1705\"><strong data-start=\"1458\" data-end=\"1501\">Nahtlose Installation und Kompatibilit\u00e4t<\/strong><\/h3>\n<p data-start=\"1458\" data-end=\"1705\">Die Sp\u00fcle verf\u00fcgt \u00fcber ein 3,5-Zoll-Standard-Abflussloch f\u00fcr eine einfache Installation mit g\u00e4ngigen Sanit\u00e4rsystemen. Sie ist auch mit einer gr\u00f6\u00dferen 114-mm-Abtropffl\u00e4che kompatibel, falls Sie dies bevorzugen - was flexible Installationsm\u00f6glichkeiten bietet.<\/p>\n<p data-start=\"1707\" data-end=\"2055\"><strong data-start=\"1707\" data-end=\"1757\">F\u00fcr die Ewigkeit gebaut - auch mit Anpassungsoptionen<\/strong><br data-start=\"1757\" data-end=\"1760\" \/>Auf den JSD US5545 gew\u00e4hren wir eine lebenslange Garantie, so dass Sie sich darauf verlassen k\u00f6nnen, dass er f\u00fcr den langfristigen Einsatz gebaut ist. Und wenn Sie mehrere K\u00fcchen ausstatten oder ein individuelles Design w\u00fcnschen, bieten wir OEM\/ODM-Services mit einer Mindestbestellmenge von 10 Sets an - so sind Sie flexibel f\u00fcr Gro\u00dfbestellungen oder ma\u00dfgeschneiderte Spezifikationen.<\/p>","protected":false},"excerpt":{"rendered":"<p>JSD US5545 Gepr\u00e4gtes Unterbaubecken mit einer Sch\u00fcssel. Vielseitige 550x450mm Gr\u00f6\u00dfe mit einem praktischen 350x400mm Becken und 230mm Tiefe. Elegantes Finish aus geb\u00fcrstetem Edelstahl mit dezenter Pr\u00e4gung, leicht zu reinigende runde Ecken, effiziente X-f\u00f6rmige Abflussrillen und ein standardm\u00e4\u00dfiges 3,5\u2033-Abflussloch. Inklusive lebenslanger Garantie und OEM\/ODM-Service.<\/p>\n<p>Modell: JSD US5545<br \/>\nEinzelheiten zum Produkt:<br \/>\nGesamtgr\u00f6\u00dfe: 550X450mm<br \/>\nGr\u00f6\u00dfe der Schale: 350x400mm<br \/>\nTiefe: 230 mm<br \/>\nAbtropfloch: 114mm<br \/>\nOberfl\u00e4chenbehandlung\uff1aGeb\u00fcrstet<br \/>\nDienstleistung: OEM\/ODM-Service verf\u00fcgbar<br \/>\nGarantie: Lebenslang<br \/>\nMOQ: 10 S\u00e4tze<\/p>","protected":false},"featured_media":863,"template":"","meta":{"_gspb_post_css":""},"product_brand":[],"product_cat":[21],"product_tag":[92,88,91],"class_list":{"0":"post-856","1":"product","2":"type-product","3":"status-publish","4":"has-post-thumbnail","6":"product_cat-embossed-sink","7":"product_tag-brushed-stainless-steel-sink","8":"product_tag-embossed-kitchen-sink","9":"product_tag-single-bowl-undermount","11":"first","12":"instock","13":"shipping-taxable","14":"product-type-simple"},"_links":{"self":[{"href":"https:\/\/jsd-sinks.com\/de\/wp-json\/wp\/v2\/product\/856","targetHints":{"allow":["GET"]}}],"collection":[{"href":"https:\/\/jsd-sinks.com\/de\/wp-json\/wp\/v2\/product"}],"about":[{"href":"https:\/\/jsd-sinks.com\/de\/wp-json\/wp\/v2\/types\/product"}],"wp:featuredmedia":[{"embeddable":true,"href":"https:\/\/jsd-sinks.com\/de\/wp-json\/wp\/v2\/media\/863"}],"wp:attachment":[{"href":"https:\/\/jsd-sinks.com\/de\/wp-json\/wp\/v2\/media?parent=856"}],"wp:term":[{"taxonomy":"product_brand","embeddable":true,"href":"https:\/\/jsd-sinks.com\/de\/wp-json\/wp\/v2\/product_brand?post=856"},{"taxonomy":"product_cat","embeddable":true,"href":"https:\/\/jsd-sinks.com\/de\/wp-json\/wp\/v2\/product_cat?post=856"},{"taxonomy":"product_tag","embeddable":true,"href":"https:\/\/jsd-sinks.com\/de\/wp-json\/wp\/v2\/product_tag?post=856"}],"curies":[{"name":"wp","href":"https:\/\/api.w.org\/{rel}","templated":true}]}}