{"id":781,"date":"2025-12-02T02:54:52","date_gmt":"2025-12-02T02:54:52","guid":{"rendered":"https:\/\/jsd-sinks.com\/?post_type=product&#038;p=781"},"modified":"2025-12-13T03:17:29","modified_gmt":"2025-12-13T03:17:29","slug":"us2135-deep-compact-small-rv-sink-230mm-depth","status":"publish","type":"product","link":"https:\/\/jsd-sinks.com\/de\/us2135-deep-compact-small-rv-sink-230mm-depth\/","title":{"rendered":"US2135 Tiefes &amp; kompaktes kleines Waschbecken f\u00fcr Wohnmobile - 230 mm Tiefe f\u00fcr effiziente Raumnutzung US2135"},"content":{"rendered":"<h2 data-start=\"0\" data-end=\"39\">US2135 Kompakte kleine Wohnmobil-Sp\u00fcle<\/h2>\n<p data-start=\"40\" data-end=\"86\"><strong data-start=\"40\" data-end=\"86\">Kompakte Effizienz f\u00fcr Mikro-Wohnr\u00e4ume<\/strong><\/p>\n<p data-start=\"88\" data-end=\"431\">Wenn Sie eine Sp\u00fcle in ein Wohnmobil, eine Bootsh\u00fctte, ein Wohnmobil, eine kleine Wohnung, eine gem\u00fctliche Bar oder eine Waschk\u00fcche einbauen m\u00f6chten, ist die US2135 wie geschaffen f\u00fcr diese Art von Herausforderung. Mit nur <strong data-start=\"251\" data-end=\"267\">212 \u00d7 350 mm<\/strong> mit einer <strong data-start=\"275\" data-end=\"285\">230 mm<\/strong> Dank seiner geringen Tiefe passt er auch in schmale Theken, bietet aber dennoch ein erstaunliches Fassungsverm\u00f6gen - ger\u00e4umig genug, um die t\u00e4gliche W\u00e4sche zu bew\u00e4ltigen, ohne sich dabei klein zu f\u00fchlen.<\/p>\n<h3 data-start=\"433\" data-end=\"487\">Ein Design, das tats\u00e4chlich Probleme auf kleinstem Raum l\u00f6st<\/h3>\n<ul data-start=\"488\" data-end=\"970\">\n<li data-start=\"488\" data-end=\"662\">\n<p data-start=\"490\" data-end=\"662\">Abgerundete Ecken, kein \u00c4rger: Weiche, abgerundete Ecken verleihen der Sp\u00fcle ein ruhiges, minimalistisches Aussehen und entfernen die \u00fcblichen Schmutzfallen. Ein schnelles Abwischen reinigt tats\u00e4chlich das ganze Becken.<\/p>\n<\/li>\n<li data-start=\"663\" data-end=\"845\">\n<p data-start=\"665\" data-end=\"845\">X-f\u00f6rmige Drainage, die funktioniert: Subtile X-Rillen am Boden sind abgewinkelt, um das Wasser direkt zum zentralen Abfluss zu leiten, so dass sich keine Pf\u00fctzen bilden und das Waschbecken schneller trocknet.<\/p>\n<\/li>\n<li data-start=\"846\" data-end=\"970\">\n<p data-start=\"848\" data-end=\"970\">Universelle Abflusskompatibilit\u00e4t: Kommt mit einem Standard 3,5-Zoll (\u224889 mm) Abflussloch f\u00fcr einfache Montage mit g\u00e4ngigen Abflusss\u00e4tzen.<\/p>\n<\/li>\n<\/ul>\n<p><img decoding=\"async\" class=\"size-medium wp-image-785\" src=\"https:\/\/jsd-sinks.com\/wp-content\/uploads\/2025\/12\/small-rv-sink-4-300x300.jpg\" alt=\"kleines Waschbecken f\u00fcr Wohnmobile\" width=\"300\" height=\"300\" title=\"\" srcset=\"https:\/\/jsd-sinks.com\/wp-content\/uploads\/2025\/12\/small-rv-sink-4-300x300.jpg 300w, https:\/\/jsd-sinks.com\/wp-content\/uploads\/2025\/12\/small-rv-sink-4-100x100.jpg 100w, https:\/\/jsd-sinks.com\/wp-content\/uploads\/2025\/12\/small-rv-sink-4-600x600.jpg 600w, https:\/\/jsd-sinks.com\/wp-content\/uploads\/2025\/12\/small-rv-sink-4-500x500.jpg 500w, https:\/\/jsd-sinks.com\/wp-content\/uploads\/2025\/12\/small-rv-sink-4-150x150.jpg 150w, https:\/\/jsd-sinks.com\/wp-content\/uploads\/2025\/12\/small-rv-sink-4-768x768.jpg 768w, https:\/\/jsd-sinks.com\/wp-content\/uploads\/2025\/12\/small-rv-sink-4-12x12.jpg 12w, https:\/\/jsd-sinks.com\/wp-content\/uploads\/2025\/12\/small-rv-sink-4.jpg 800w\" sizes=\"(max-width: 300px) 100vw, 300px\" \/><\/p>\n<h3 data-start=\"972\" data-end=\"1012\">Trotz seiner Gr\u00f6\u00dfe auf St\u00e4rke ausgelegt<\/h3>\n<p data-start=\"1013\" data-end=\"1247\">Der aus hochwertigem Edelstahl gefertigte US2135 ist in den St\u00e4rken 0,95 mm, 1,05 mm und 1,2 mm erh\u00e4ltlich und bietet Ihnen Optionen hinsichtlich Gewicht, Budget und Haltbarkeit. Wenn Ihr Projekt etwas Spezielles erfordert, sind auch kundenspezifische Lehren erh\u00e4ltlich.<\/p>\n<h3 data-start=\"1249\" data-end=\"1274\">Verpackung und Handhabung<\/h3>\n<p data-start=\"1275\" data-end=\"1446\">Leicht und einbaufreundlich: Nettogewicht 2,1 kg, einzeln verpackt mit den Ma\u00dfen 262 \u00d7 400 \u00d7 290 mm, was den Versand und die Montage viel einfacher macht als bei einem ausgewachsenen Waschbecken.<\/p>\n<h3 data-start=\"1448\" data-end=\"1477\">Unterst\u00fctzung, auf die Sie z\u00e4hlen k\u00f6nnen<\/h3>\n<p data-start=\"1478\" data-end=\"1646\">Unterst\u00fctzt von einem professionellen Forschungs- und Entwicklungsteam und einem lebenslangen Kundendienst, damit Sie Hilfe bekommen, wenn Sie sie brauchen - sei es Beratung bei der Installation oder Unterst\u00fctzung Jahre sp\u00e4ter.<\/p>\n<h3 data-start=\"1648\" data-end=\"1681\">Warum man sich f\u00fcr den US2135 entscheidet<\/h3>\n<ul data-start=\"1682\" data-end=\"2000\">\n<li data-start=\"1682\" data-end=\"1753\">\n<p data-start=\"1684\" data-end=\"1753\">Perfekt f\u00fcr extrem enge Z\u00e4hler, bei denen jeder Millimeter z\u00e4hlt<\/p>\n<\/li>\n<li data-start=\"1754\" data-end=\"1815\">\n<p data-start=\"1756\" data-end=\"1815\">Praktische Tiefe bietet echten Nutzen, nicht nur eine Alibischale<\/p>\n<\/li>\n<li data-start=\"1816\" data-end=\"1880\">\n<p data-start=\"1818\" data-end=\"1880\">Pflegeleichte Details, die t\u00e4glich Zeit und Frustration sparen<\/p>\n<\/li>\n<li data-start=\"1881\" data-end=\"1942\">\n<p data-start=\"1883\" data-end=\"1942\">Mehrere Stahlst\u00e4rken erm\u00f6glichen ein ausgewogenes Verh\u00e4ltnis zwischen Kosten und Haltbarkeit<\/p>\n<\/li>\n<li data-start=\"1943\" data-end=\"2000\">\n<p data-start=\"1945\" data-end=\"2000\">Leicht, einfach zu transportieren und auf engstem Raum zu installieren<\/p>\n<\/li>\n<\/ul>\n<h3 data-start=\"2002\" data-end=\"2016\">Kurze FAQ<\/h3>\n<p data-start=\"2017\" data-end=\"2208\"><strong data-start=\"2017\" data-end=\"2078\">F: Ist dieses Waschbecken f\u00fcr die Zubereitung von Speisen oder nur zum H\u00e4ndewaschen geeignet?<\/strong><br data-start=\"2078\" data-end=\"2081\" \/>A: Sie ist voll funktionsf\u00e4hig f\u00fcr die Zubereitung leichter Speisen, das Sp\u00fclen und den t\u00e4glichen Abwasch - hervorragend f\u00fcr Mikrok\u00fcchen und Nebenr\u00e4ume.<\/p>\n<p data-start=\"2210\" data-end=\"2379\"><strong data-start=\"2210\" data-end=\"2264\">F: Kann ich dickeren Stahl oder spezielle Ausschnitte verlangen?<\/strong><br data-start=\"2264\" data-end=\"2267\" \/>A: Ja. Der US2135 unterst\u00fctzt kundenspezifische Dicken und Modifikationen vor dem Versand - fragen Sie Ihren Lieferanten nach den Optionen.<\/p>\n<p data-start=\"2381\" data-end=\"2534\"><strong data-start=\"2381\" data-end=\"2428\">F: Passt es zu den Standard-Schiffs- und Wohnmobilleitungen?<\/strong><br data-start=\"2428\" data-end=\"2431\" \/>A: Das standardm\u00e4\u00dfige 3,5\u2033-Abflussloch sorgt f\u00fcr eine hohe Kompatibilit\u00e4t mit den meisten Wohnmobil-, Marine- und Hausm\u00fcllsets.<\/p>","protected":false},"excerpt":{"rendered":"<p>Das kleine Waschbecken US2135 f\u00fcr Wohnmobile ist f\u00fcr kompakte R\u00e4ume konzipiert. Mit den Ma\u00dfen 212x350mm verf\u00fcgt es \u00fcber ein praktisches 162x300mm gro\u00dfes Einzelbecken mit einer Tiefe von 230mm. Es verf\u00fcgt \u00fcber leicht zu reinigende, abgerundete Ecken, eine effiziente X-f\u00f6rmige Ablaufrinne und eine standardm\u00e4\u00dfige 3,5-Zoll-Abfluss\u00f6ffnung. Es wiegt nur 2,1 kg, ist in verschiedenen St\u00e4rken (0,95\/1,05\/1,2 mm) erh\u00e4ltlich und wird mit lebenslangem Service geliefert.<\/p>\n<p>Modell: US2135<br \/>\n\u00c4u\u00dfere Abmessungen: 212 x 350 mm<br \/>\nInnere Abmessungen: 162 x 300 mm<br \/>\nTiefe: 230 mm<br \/>\nDicke: 0,95\/1,05\/1,2 mm\/Anpassung<br \/>\nEinzelverpackung Abmessungen: 262 x 400 x 290 mm<br \/>\nNettogewicht: 2,1 kg<br \/>\nBruttogewicht: 3,5 kg<\/p>","protected":false},"featured_media":782,"template":"","meta":{"_gspb_post_css":""},"product_brand":[],"product_cat":[20],"product_tag":[74,73,75],"class_list":{"0":"post-781","1":"product","2":"type-product","3":"status-publish","4":"has-post-thumbnail","6":"product_cat-undermount-sink","7":"product_tag-compact-stainless-steel-sink","8":"product_tag-rv-kitchen-sink","9":"product_tag-tiny-house-sink","11":"first","12":"instock","13":"shipping-taxable","14":"product-type-simple"},"_links":{"self":[{"href":"https:\/\/jsd-sinks.com\/de\/wp-json\/wp\/v2\/product\/781","targetHints":{"allow":["GET"]}}],"collection":[{"href":"https:\/\/jsd-sinks.com\/de\/wp-json\/wp\/v2\/product"}],"about":[{"href":"https:\/\/jsd-sinks.com\/de\/wp-json\/wp\/v2\/types\/product"}],"wp:featuredmedia":[{"embeddable":true,"href":"https:\/\/jsd-sinks.com\/de\/wp-json\/wp\/v2\/media\/782"}],"wp:attachment":[{"href":"https:\/\/jsd-sinks.com\/de\/wp-json\/wp\/v2\/media?parent=781"}],"wp:term":[{"taxonomy":"product_brand","embeddable":true,"href":"https:\/\/jsd-sinks.com\/de\/wp-json\/wp\/v2\/product_brand?post=781"},{"taxonomy":"product_cat","embeddable":true,"href":"https:\/\/jsd-sinks.com\/de\/wp-json\/wp\/v2\/product_cat?post=781"},{"taxonomy":"product_tag","embeddable":true,"href":"https:\/\/jsd-sinks.com\/de\/wp-json\/wp\/v2\/product_tag?post=781"}],"curies":[{"name":"wp","href":"https:\/\/api.w.org\/{rel}","templated":true}]}}