{"id":763,"date":"2025-12-02T02:00:33","date_gmt":"2025-12-02T02:00:33","guid":{"rendered":"https:\/\/jsd-sinks.com\/?post_type=product&#038;p=763"},"modified":"2025-12-13T03:13:41","modified_gmt":"2025-12-13T03:13:41","slug":"810mm-dual-basin-flush-mount-sink-stainless-steel","status":"publish","type":"product","link":"https:\/\/jsd-sinks.com\/de\/810mm-dual-basin-flush-mount-sink-stainless-steel\/","title":{"rendered":"810mm Doppelwaschbecken - Premium-Edelstahl UDU8146B"},"content":{"rendered":"<h2 data-start=\"369\" data-end=\"398\">UDU8146B Unterputz-Sp\u00fclbecken<\/h2>\n<p data-start=\"399\" data-end=\"438\"><strong data-start=\"399\" data-end=\"438\">Modernes Design mit allt\u00e4glichem Komfort<\/strong><\/p>\n<p data-start=\"440\" data-end=\"806\">Wenn Sie Ihre K\u00fcche modernisieren und etwas suchen, das sauber und modern ist und mit dem man wirklich gut leben kann, dann ist die UDU8146B Einbausp\u00fcle genau das Richtige f\u00fcr Sie. Ihr Profil von 810 \u00d7 460 mm passt bequem auf die meisten Arbeitsplatten, w\u00e4hrend die Tiefe von 230 mm und die beiden Becken von 356 \u00d7 410 mm Ihnen die Art von Arbeitsfl\u00e4che bieten, die die t\u00e4glichen Aufgaben weniger l\u00e4stig erscheinen l\u00e4sst.<\/p>\n<p><img decoding=\"async\" class=\"size-medium wp-image-1117\" src=\"https:\/\/jsd-sinks.com\/wp-content\/uploads\/2025\/12\/flush-mount-sink-4-1-300x300.jpg\" alt=\"Flush Mount Waschbecken\" width=\"300\" height=\"300\" title=\"\" srcset=\"https:\/\/jsd-sinks.com\/wp-content\/uploads\/2025\/12\/flush-mount-sink-4-1-300x300.jpg 300w, https:\/\/jsd-sinks.com\/wp-content\/uploads\/2025\/12\/flush-mount-sink-4-1-100x100.jpg 100w, https:\/\/jsd-sinks.com\/wp-content\/uploads\/2025\/12\/flush-mount-sink-4-1-600x600.jpg 600w, https:\/\/jsd-sinks.com\/wp-content\/uploads\/2025\/12\/flush-mount-sink-4-1-500x500.jpg 500w, https:\/\/jsd-sinks.com\/wp-content\/uploads\/2025\/12\/flush-mount-sink-4-1-150x150.jpg 150w, https:\/\/jsd-sinks.com\/wp-content\/uploads\/2025\/12\/flush-mount-sink-4-1-768x768.jpg 768w, https:\/\/jsd-sinks.com\/wp-content\/uploads\/2025\/12\/flush-mount-sink-4-1-12x12.jpg 12w, https:\/\/jsd-sinks.com\/wp-content\/uploads\/2025\/12\/flush-mount-sink-4-1.jpg 800w\" sizes=\"(max-width: 300px) 100vw, 300px\" \/><\/p>\n<h3 data-start=\"808\" data-end=\"843\">Ein Design, das funktioniert <em data-start=\"831\" data-end=\"837\">Mit<\/em> Sie<\/h3>\n<p data-start=\"844\" data-end=\"1068\">Jedes Detail dieses Waschbeckens ist auf den praktischen Nutzen ausgerichtet. Die weichen, abgerundeten Ecken sorgen nicht nur f\u00fcr ein sanftes, modernes Aussehen - sie machen das Abwischen des Beckens schneller und einfacher. Keine scharfen Kanten, kein festsitzender Schmutz, kein umst\u00e4ndliches Schrubben.<\/p>\n<p data-start=\"1070\" data-end=\"1404\">Im Inneren der Schale finden Sie feine X-f\u00f6rmige Rillen. Sie sind kaum zu sehen, aber sie machen einen gro\u00dfen Unterschied. Das Wasser flie\u00dft auf nat\u00fcrliche Weise in Richtung Abfluss, anstatt sich zu stauen, so dass Ihr Waschbecken schneller trocknet und zwischen den Benutzungen sauberer bleibt. Die standardm\u00e4\u00dfige 3,5-Zoll-Abfluss\u00f6ffnung bedeutet auch, dass sie mit den meisten Sanit\u00e4rinstallationen und Abflusss\u00e4tzen kompatibel ist.<\/p>\n<h3 data-start=\"1406\" data-end=\"1436\">F\u00fcr Ihre Bed\u00fcrfnisse gebaut<\/h3>\n<p data-start=\"1437\" data-end=\"1757\">Da jede K\u00fcche anders ist, ist der UDU8146B in drei verschiedenen Edelstahlst\u00e4rken erh\u00e4ltlich: 0,95 mm, 1,05 mm und 1,2 mm. Ganz gleich, ob Sie ein Haus, eine Mietwohnung oder eine kleine Gewerbefl\u00e4che ausstatten, Sie k\u00f6nnen die St\u00e4rke und Haltbarkeit w\u00e4hlen, die zu Ihrem Projekt passt. Auch kundenspezifische St\u00e4rken sind erh\u00e4ltlich.<\/p>\n<p data-start=\"1759\" data-end=\"1936\">Jedes Ger\u00e4t ist sorgf\u00e4ltig in einem eigenen Schutzkarton (860 \u00d7 510 \u00d7 290 mm) verpackt und wiegt 11,5 kg netto und 13 kg brutto - sicher genug f\u00fcr den Versand, die Lagerung oder die Installation.<\/p>\n<h3 data-start=\"1938\" data-end=\"1961\">Unterst\u00fctzung, die anh\u00e4lt<\/h3>\n<p data-start=\"1962\" data-end=\"2214\">Hinter dieser Sp\u00fcle steht ein engagiertes Forschungs- und Entwicklungsteam und ein Kundendienst, der sich f\u00fcr langfristige Zuverl\u00e4ssigkeit einsetzt. Das Produkt wird mit einem lebenslangen Kundendienst geliefert. Egal, ob Sie in einigen Jahren noch Hilfe ben\u00f6tigen oder einfach nur eine Frage nach der Installation haben, Sie sind abgesichert.<\/p>\n<h3 data-start=\"2216\" data-end=\"2259\">Warum sich Hausbesitzer und Designer daf\u00fcr entscheiden<\/h3>\n<ul data-start=\"2260\" data-end=\"2548\">\n<li data-start=\"2260\" data-end=\"2320\">\n<p data-start=\"2262\" data-end=\"2320\">Sauberes, nahtloses Aussehen, das sich in moderne Arbeitsplatten einf\u00fcgt<\/p>\n<\/li>\n<li data-start=\"2321\" data-end=\"2373\">\n<p data-start=\"2323\" data-end=\"2373\">Zwei ger\u00e4umige Schalen, die das Multitasking erleichtern<\/p>\n<\/li>\n<li data-start=\"2374\" data-end=\"2436\">\n<p data-start=\"2376\" data-end=\"2436\">Glatte Ecken und intelligente Entw\u00e4sserung zur Reduzierung der t\u00e4glichen Reinigung<\/p>\n<\/li>\n<li data-start=\"2437\" data-end=\"2496\">\n<p data-start=\"2439\" data-end=\"2496\">Flexible Stahldickenoptionen f\u00fcr unterschiedliche Projekte<\/p>\n<\/li>\n<li data-start=\"2497\" data-end=\"2548\">\n<p data-start=\"2499\" data-end=\"2548\">Langfristiger Service und Support f\u00fcr ein sicheres Gef\u00fchl<\/p>\n<\/li>\n<\/ul>\n<p data-start=\"2550\" data-end=\"2719\">Die UDU8146B ist nicht einfach nur eine Sp\u00fcle - sie ist ein praktisches Upgrade f\u00fcr alle, die sich mehr Komfort, Sauberkeit und Effizienz in der K\u00fcche w\u00fcnschen, ohne auf Stil verzichten zu m\u00fcssen.<\/p>","protected":false},"excerpt":{"rendered":"<p>UDU8146B Sp\u00fclbecken f\u00fcr den fl\u00e4chenb\u00fcndigen Einbau: Modernes Design 810x460mm mit zwei 356x410mm Becken. Mit abgerundeten Ecken f\u00fcr eine einfache Reinigung, X-f\u00f6rmigen Abflussrillen und einer Standard 3,5\u2033 Bohrung. Erh\u00e4ltlich in 0,95-1,2 mm St\u00e4rke. Einschlie\u00dflich lebenslanger Serviceunterst\u00fctzung.<\/p>\n<p>Modell: UDU8146B<br \/>\n\u00c4u\u00dfere Abmessungen: 810X460MM<br \/>\nInnere Abmessungen: 356X410MM<br \/>\nTiefe: 230MM<br \/>\nDicke: 0,95\/1,05\/1,2MM\/Anpassen<br \/>\nEinzelverpackung Abmessungen: 860X510X290MM<br \/>\nNettogewicht: 11.5KG<br \/>\nBruttogewicht: 13KG<\/p>","protected":false},"featured_media":1214,"template":"","meta":{"_gspb_post_css":""},"product_brand":[],"product_cat":[20],"product_tag":[66,65,64],"class_list":{"0":"post-763","1":"product","2":"type-product","3":"status-publish","4":"has-post-thumbnail","6":"product_cat-undermount-sink","7":"product_tag-double-basin-sink","8":"product_tag-kitchen-sink","9":"product_tag-stainless-steel-sink","11":"first","12":"instock","13":"shipping-taxable","14":"product-type-simple"},"_links":{"self":[{"href":"https:\/\/jsd-sinks.com\/de\/wp-json\/wp\/v2\/product\/763","targetHints":{"allow":["GET"]}}],"collection":[{"href":"https:\/\/jsd-sinks.com\/de\/wp-json\/wp\/v2\/product"}],"about":[{"href":"https:\/\/jsd-sinks.com\/de\/wp-json\/wp\/v2\/types\/product"}],"wp:featuredmedia":[{"embeddable":true,"href":"https:\/\/jsd-sinks.com\/de\/wp-json\/wp\/v2\/media\/1214"}],"wp:attachment":[{"href":"https:\/\/jsd-sinks.com\/de\/wp-json\/wp\/v2\/media?parent=763"}],"wp:term":[{"taxonomy":"product_brand","embeddable":true,"href":"https:\/\/jsd-sinks.com\/de\/wp-json\/wp\/v2\/product_brand?post=763"},{"taxonomy":"product_cat","embeddable":true,"href":"https:\/\/jsd-sinks.com\/de\/wp-json\/wp\/v2\/product_cat?post=763"},{"taxonomy":"product_tag","embeddable":true,"href":"https:\/\/jsd-sinks.com\/de\/wp-json\/wp\/v2\/product_tag?post=763"}],"curies":[{"name":"wp","href":"https:\/\/api.w.org\/{rel}","templated":true}]}}