{"id":755,"date":"2025-12-01T09:26:42","date_gmt":"2025-12-01T09:26:42","guid":{"rendered":"https:\/\/jsd-sinks.com\/?post_type=product&#038;p=755"},"modified":"2025-12-13T03:12:43","modified_gmt":"2025-12-13T03:12:43","slug":"modern-stainless-double-sink-undermount","status":"publish","type":"product","link":"https:\/\/jsd-sinks.com\/de\/modern-stainless-double-sink-undermount\/","title":{"rendered":"Moderne Edelstahl-Doppelsp\u00fcle Unterbau mit R10 abgerundeten Ecken UD8046"},"content":{"rendered":"<h2 data-start=\"248\" data-end=\"295\"><strong data-start=\"250\" data-end=\"293\">UD8046 Edelstahl Doppelsp\u00fcle Unterbau<\/strong><\/h2>\n<h3 data-start=\"345\" data-end=\"371\"><strong data-start=\"349\" data-end=\"369\">Produkt\u00fcbersicht<\/strong><\/h3>\n<p data-start=\"372\" data-end=\"725\">Elegantes Unterbaudesign f\u00fcr nahtlose Theken<br data-start=\"421\" data-end=\"424\" \/>Der UD8046 verleiht jeder K\u00fcche einen sauberen, modernen Look. Da es unter der Arbeitsplatte installiert wird, erhalten Sie eine glatte, ununterbrochene Oberfl\u00e4che, die das Aufwischen von Kr\u00fcmeln oder versch\u00fctteten Fl\u00fcssigkeiten direkt in die Sp\u00fcle unglaublich einfach macht. Das Ergebnis ist ein schlichtes, poliertes Aussehen, das sich wie selbstverst\u00e4ndlich in Ihren Raum einf\u00fcgt.<\/p>\n<p><img decoding=\"async\" class=\"size-medium wp-image-1116\" src=\"https:\/\/jsd-sinks.com\/wp-content\/uploads\/2025\/12\/13-298x300.jpg\" alt=\"Edelstahl Doppelsp\u00fcle Unterbau\" width=\"298\" height=\"300\" title=\"\" srcset=\"https:\/\/jsd-sinks.com\/wp-content\/uploads\/2025\/12\/13-298x300.jpg 298w, https:\/\/jsd-sinks.com\/wp-content\/uploads\/2025\/12\/13-100x100.jpg 100w, https:\/\/jsd-sinks.com\/wp-content\/uploads\/2025\/12\/13-600x604.jpg 600w, https:\/\/jsd-sinks.com\/wp-content\/uploads\/2025\/12\/13-500x503.jpg 500w, https:\/\/jsd-sinks.com\/wp-content\/uploads\/2025\/12\/13-150x150.jpg 150w, https:\/\/jsd-sinks.com\/wp-content\/uploads\/2025\/12\/13-768x773.jpg 768w, https:\/\/jsd-sinks.com\/wp-content\/uploads\/2025\/12\/13-12x12.jpg 12w, https:\/\/jsd-sinks.com\/wp-content\/uploads\/2025\/12\/13.jpg 800w\" sizes=\"(max-width: 298px) 100vw, 298px\" \/><\/p>\n<h3 data-start=\"727\" data-end=\"759\"><strong data-start=\"731\" data-end=\"757\">Design und Bequemlichkeit<\/strong><\/h3>\n<p data-start=\"760\" data-end=\"1100\">Zwei gro\u00dfz\u00fcgige Schalen f\u00fcr einfaches Multitasking<br data-start=\"804\" data-end=\"807\" \/>Mit zwei ger\u00e4umigen Schalen (je 362 \u00d7 406 mm) l\u00e4sst sich die t\u00e4gliche Arbeit besser organisieren. Sie k\u00f6nnen Gem\u00fcse in einem Becken absp\u00fclen, w\u00e4hrend Sie in dem anderen Geschirr einweichen, oder saubere und schmutzige Teile getrennt aufbewahren - ganz wie es zu Ihrer Kochroutine passt. Diese Aufteilung sorgt daf\u00fcr, dass alles schneller und reibungsloser abl\u00e4uft.<\/p>\n<h3 data-start=\"1102\" data-end=\"1136\"><strong data-start=\"1106\" data-end=\"1134\">Kapazit\u00e4t und Leistung<\/strong><\/h3>\n<p data-start=\"1137\" data-end=\"1411\">Tiefe Becken, die gro\u00dfes Kochgeschirr vertragen<br data-start=\"1179\" data-end=\"1182\" \/>Jede Sch\u00fcssel ist 230 mm tief und bietet damit viel Platz f\u00fcr hohe T\u00f6pfe, breite Pfannen und Backbleche. Die Tiefe tr\u00e4gt auch dazu bei, dass das Wasser dort bleibt, wo es hingeh\u00f6rt - in der Sp\u00fcle -, sodass Ihre Arbeitsfl\u00e4chen bei hektischen K\u00fcchenarbeiten sauberer und trockener bleiben.<\/p>\n<h3 data-start=\"1413\" data-end=\"1441\"><strong data-start=\"1417\" data-end=\"1439\">Pflegeleichte Eigenschaften<\/strong><\/h3>\n<p data-start=\"1442\" data-end=\"1762\">Abgerundete Ecken und effiziente Entw\u00e4sserung<br data-start=\"1484\" data-end=\"1487\" \/>Die abgerundeten Ecken des R10 erleichtern das Abwischen des Waschbeckens, da es keine versteckten Kanten mehr gibt, an denen sich normalerweise Schmutz ablagert. Durchdachte X-f\u00f6rmige Abflussrillen leiten das Wasser zum standardm\u00e4\u00dfigen 3,5-Zoll-Abfluss, damit das Becken mit minimalem Aufwand trocken und hygienisch bleibt.<\/p>\n<h3 data-start=\"1764\" data-end=\"1799\"><strong data-start=\"1768\" data-end=\"1797\">Verarbeitungsqualit\u00e4t und Optionen<\/strong><\/h3>\n<p data-start=\"1800\" data-end=\"2146\">Langlebiger Edelstahl mit individueller Dickenauswahl<br data-start=\"1857\" data-end=\"1860\" \/>Der UD8046 besteht aus robustem Edelstahl und ist f\u00fcr den t\u00e4glichen Gebrauch konzipiert. Sie k\u00f6nnen zwischen drei St\u00e4rken w\u00e4hlen - 0,95 mm, 1,05 mm oder 1,2 mm - je nachdem, ob Sie eine leichtere Konstruktion oder maximale Haltbarkeit bevorzugen. Eine praktische M\u00f6glichkeit, die Sp\u00fcle an die Arbeitsbelastung in Ihrer K\u00fcche anzupassen.<\/p>\n<h3 data-start=\"2148\" data-end=\"2178\"><strong data-start=\"2152\" data-end=\"2176\">Garantie und Support<\/strong><\/h3>\n<p data-start=\"2179\" data-end=\"2485\"><strong data-start=\"2179\" data-end=\"2229\">Unterst\u00fctzt von F&amp;E und lebenslangem Kundendienst<\/strong><br data-start=\"2229\" data-end=\"2232\" \/>Dank der Unterst\u00fctzung durch ein engagiertes Forschungs- und Entwicklungsteam und einer lebenslangen Kundendienstgarantie ist das UD8046 nicht nur ein Kauf, sondern ein langfristiges Upgrade. Sie k\u00f6nnen sich auf zuverl\u00e4ssige Leistung, durchdachte Technik und Support verlassen, wann immer Sie ihn brauchen.<\/p>","protected":false},"excerpt":{"rendered":"<p>Die Doppelsp\u00fcle UD8046 aus rostfreiem Edelstahl wurde f\u00fcr nahtlosen Stil und \u00fcberlegene Funktionalit\u00e4t entwickelt. Mit zwei ger\u00e4umigen 362 x 406 mm gro\u00dfen Becken und einer Tiefe von 230 mm ist sie perfekt f\u00fcr effizientes Multitasking. Genie\u00dfen Sie die einfache Reinigung mit den abgerundeten R10-Ecken, die effiziente Entw\u00e4sserung durch die X-f\u00f6rmigen Rillen und die Flexibilit\u00e4t der anpassbaren St\u00e4rke. Erleben Sie einen eleganten, integrierten Look mit lebenslanger Serviceunterst\u00fctzung.<\/p>\n<p>Modell: UD8046<br \/>\n\u00c4u\u00dfere Abmessungen: 789 x 446 mm<br \/>\nInnere Abmessungen: 362 x 406 mm<br \/>\nTiefe: 230 mm<br \/>\nDicke: 0,95\/1,05\/1,2 mm\/Anpassung<br \/>\nEinzelverpackung Abmessungen: 839 x 496 x 290 mm<br \/>\nNettogewicht: 10 kg<br \/>\nBruttogewicht: 11,5 kg<\/p>","protected":false},"featured_media":1286,"template":"","meta":{"_gspb_post_css":""},"product_brand":[],"product_cat":[20],"product_tag":[63],"class_list":{"0":"post-755","1":"product","2":"type-product","3":"status-publish","4":"has-post-thumbnail","6":"product_cat-undermount-sink","7":"product_tag-undermount-double-sink-seamless-installation-dual-basin-design","9":"first","10":"instock","11":"shipping-taxable","12":"product-type-simple"},"_links":{"self":[{"href":"https:\/\/jsd-sinks.com\/de\/wp-json\/wp\/v2\/product\/755","targetHints":{"allow":["GET"]}}],"collection":[{"href":"https:\/\/jsd-sinks.com\/de\/wp-json\/wp\/v2\/product"}],"about":[{"href":"https:\/\/jsd-sinks.com\/de\/wp-json\/wp\/v2\/types\/product"}],"wp:featuredmedia":[{"embeddable":true,"href":"https:\/\/jsd-sinks.com\/de\/wp-json\/wp\/v2\/media\/1286"}],"wp:attachment":[{"href":"https:\/\/jsd-sinks.com\/de\/wp-json\/wp\/v2\/media?parent=755"}],"wp:term":[{"taxonomy":"product_brand","embeddable":true,"href":"https:\/\/jsd-sinks.com\/de\/wp-json\/wp\/v2\/product_brand?post=755"},{"taxonomy":"product_cat","embeddable":true,"href":"https:\/\/jsd-sinks.com\/de\/wp-json\/wp\/v2\/product_cat?post=755"},{"taxonomy":"product_tag","embeddable":true,"href":"https:\/\/jsd-sinks.com\/de\/wp-json\/wp\/v2\/product_tag?post=755"}],"curies":[{"name":"wp","href":"https:\/\/api.w.org\/{rel}","templated":true}]}}