{"id":719,"date":"2025-12-01T07:38:55","date_gmt":"2025-12-01T07:38:55","guid":{"rendered":"https:\/\/jsd-sinks.com\/?post_type=product&#038;p=719"},"modified":"2025-12-13T03:24:26","modified_gmt":"2025-12-13T03:24:26","slug":"space-saving-small-kitchen-sink-with-rounded-corners","status":"publish","type":"product","link":"https:\/\/jsd-sinks.com\/de\/space-saving-small-kitchen-sink-with-rounded-corners\/","title":{"rendered":"Platzsparende kleine K\u00fcchensp\u00fcle mit abgerundeten Ecken TS-4444B"},"content":{"rendered":"<h2 data-start=\"323\" data-end=\"580\"><strong data-start=\"323\" data-end=\"368\">TS-4444B Kleine K\u00fcchensp\u00fcle (440 x 440 mm)<\/strong><\/h2>\n<h3 data-start=\"323\" data-end=\"580\"><strong data-start=\"371\" data-end=\"451\">Kompakte Grundfl\u00e4che, Leistung in voller Gr\u00f6\u00dfe f\u00fcr kleine K\u00fcchen und enge R\u00e4ume<\/strong><\/h3>\n<p data-start=\"323\" data-end=\"580\">Diese Sp\u00fcle beweist, dass eine winzige Arbeitsfl\u00e4che nicht gleichbedeutend mit winzigen F\u00e4higkeiten sein muss - sie ist so gebaut, dass sich kleine K\u00fcchen durchdacht und nicht beengt anf\u00fchlen.<\/p>\n<h3 data-start=\"582\" data-end=\"813\"><strong data-start=\"582\" data-end=\"605\">Platzsparendes Design<\/strong><\/h3>\n<p data-start=\"582\" data-end=\"813\">Entwickelt zur Maximierung der Funktionalit\u00e4t bei begrenztem Platzangebot<br data-start=\"673\" data-end=\"676\" \/>Mit einer Gr\u00f6\u00dfe von nur 440 mm im Quadrat passt sie auch in enge R\u00e4ume - Wohnungen, Wohnmobile oder sekund\u00e4re Vorbereitungsstationen - und bietet Ihnen dennoch eine echte Arbeitssch\u00fcssel.<\/p>\n<p><img decoding=\"async\" class=\"size-medium wp-image-1139\" src=\"https:\/\/jsd-sinks.com\/wp-content\/uploads\/2025\/12\/9-4-300x300.jpg\" alt=\"Kleine K\u00fcchensp\u00fcle\" width=\"300\" height=\"300\" title=\"\" srcset=\"https:\/\/jsd-sinks.com\/wp-content\/uploads\/2025\/12\/9-4-300x300.jpg 300w, https:\/\/jsd-sinks.com\/wp-content\/uploads\/2025\/12\/9-4-100x100.jpg 100w, https:\/\/jsd-sinks.com\/wp-content\/uploads\/2025\/12\/9-4-600x600.jpg 600w, https:\/\/jsd-sinks.com\/wp-content\/uploads\/2025\/12\/9-4-500x500.jpg 500w, https:\/\/jsd-sinks.com\/wp-content\/uploads\/2025\/12\/9-4-150x150.jpg 150w, https:\/\/jsd-sinks.com\/wp-content\/uploads\/2025\/12\/9-4-768x768.jpg 768w, https:\/\/jsd-sinks.com\/wp-content\/uploads\/2025\/12\/9-4-12x12.jpg 12w, https:\/\/jsd-sinks.com\/wp-content\/uploads\/2025\/12\/9-4.jpg 800w\" sizes=\"(max-width: 300px) 100vw, 300px\" \/><\/p>\n<p data-start=\"815\" data-end=\"1044\"><strong data-start=\"815\" data-end=\"835\">\u00dcberraschende Tiefe<\/strong><\/p>\n<p data-start=\"815\" data-end=\"1044\">Die volle Tiefe von 230 mm erm\u00f6glicht die Handhabung gro\u00dfer T\u00f6pfe ohne Spritzer<br data-start=\"905\" data-end=\"908\" \/>Trotz der geringen Stellfl\u00e4che schluckt die tiefe Sch\u00fcssel Backbleche und Kocht\u00f6pfe ohne Probleme. Sie bekommen den Platz, den Sie brauchen, wo es darauf ankommt.<\/p>\n<p data-start=\"1046\" data-end=\"1271\"><strong data-start=\"1046\" data-end=\"1072\">Ger\u00e4umige Schale Proportionen<\/strong><\/p>\n<p data-start=\"1046\" data-end=\"1271\">Gro\u00dfz\u00fcgige 345 x 400 mm gro\u00dfe Innensch\u00fcssel f\u00fcr allt\u00e4gliche Kochvorg\u00e4nge<br data-start=\"1140\" data-end=\"1143\" \/>Die Sch\u00fcssel f\u00fchlt sich gr\u00f6\u00dfer an, als ihre Grundfl\u00e4che vermuten l\u00e4sst. Sie k\u00f6nnen Pfannen waschen und Gem\u00fcse vorbereiten, ohne dass alles umherschwappt.<\/p>\n<p data-start=\"1273\" data-end=\"1486\"><strong data-start=\"1273\" data-end=\"1303\">Leicht zu reinigende abgerundete Ecken<\/strong><\/p>\n<p data-start=\"1273\" data-end=\"1486\">Abgerundete Ecken reduzieren Schmutzfallen und erleichtern das Abwischen<br data-start=\"1366\" data-end=\"1369\" \/>Kein Schrubben der Zahnb\u00fcrste in unzug\u00e4nglichen Ritzen - die weichen Ecken sorgen f\u00fcr eine schnellere Reinigung und eine wirklich hygienische Oberfl\u00e4che.<\/p>\n<p data-start=\"1488\" data-end=\"1721\"><strong data-start=\"1488\" data-end=\"1522\">Smart X-Shape Entw\u00e4sserungsrillen<\/strong><\/p>\n<p data-start=\"1488\" data-end=\"1721\">Subtile Rillen kanalisieren das Wasser schnell in Richtung des 3,5-Zoll-Standardabflusses<br data-start=\"1600\" data-end=\"1603\" \/>Diese kleinen technischen Verbesserungen halten das Wasser in Bewegung, verhindern Pf\u00fctzenbildung und sorgen daf\u00fcr, dass das Waschbecken zwischen den Benutzungen schneller trocknet.<\/p>\n<p data-start=\"1723\" data-end=\"1971\"><strong data-start=\"1723\" data-end=\"1751\">Leise, anpassbares Gef\u00fchl<\/strong><\/p>\n<p data-start=\"1723\" data-end=\"1971\">Erh\u00e4ltlich in mehreren Dicken f\u00fcr ein ma\u00dfgeschneidertes Gewicht und Klang<br data-start=\"1823\" data-end=\"1826\" \/>W\u00e4hlen Sie zwischen verschiedenen St\u00e4rken (0,95 \/ 1,05 \/ 1,2 mm), je nachdem, ob Sie eine leichtere Sp\u00fcle oder eine schwerere, leisere Sp\u00fcle w\u00fcnschen, die sich unter Ihren H\u00e4nden solide anf\u00fchlt.<\/p>\n<p data-start=\"1973\" data-end=\"2191\"><strong data-start=\"1973\" data-end=\"1997\">Langlebige Konstruktion<\/strong><\/p>\n<p data-start=\"1973\" data-end=\"2191\">Hergestellt aus hochwertigen Materialien f\u00fcr den t\u00e4glichen Gebrauch<br data-start=\"2057\" data-end=\"2060\" \/>Diese Halterung ist nicht zerbrechlich - sie h\u00e4lt St\u00f6\u00dfe, Dampf und regelm\u00e4\u00dfiges Waschen aus, ohne nach Monaten des echten Lebens m\u00fcde auszusehen.<\/p>\n<p data-start=\"2193\" data-end=\"2393\"><strong data-start=\"2193\" data-end=\"2224\">Schnelle Topmount-Installation<\/strong><\/p>\n<p data-start=\"2193\" data-end=\"2393\">Topmount Fit f\u00fcr schnelle, zuverl\u00e4ssige Einrichtung in den meisten Theken<br data-start=\"2285\" data-end=\"2288\" \/>Der klassische Drop-in-Stil macht die Installation einfach und sorgt f\u00fcr einen problemlosen Austausch oder eine Aufr\u00fcstung.<\/p>\n<p data-start=\"2395\" data-end=\"2630\"><strong data-start=\"2395\" data-end=\"2427\">Kleine, aber durchdachte Details<\/strong><\/p>\n<p data-start=\"2395\" data-end=\"2630\">Entwickelt mit Blick auf echte K\u00fcchengewohnheiten, um das t\u00e4gliche Leben einfacher zu machen<br data-start=\"2501\" data-end=\"2504\" \/>Von der Neigung der Sch\u00fcssel bis zur Platzierung der Rillen - die kleinen Entscheidungen hier reduzieren die Reibung beim t\u00e4glichen Kochen und Reinigen.<\/p>\n<p data-start=\"2632\" data-end=\"2837\"><strong data-start=\"2632\" data-end=\"2664\">Lebenslanger After-Sales-Support<\/strong><\/p>\n<p data-start=\"2632\" data-end=\"2837\">Kontinuierlicher Support durch ein engagiertes F&amp;E-Team sorgt f\u00fcr Sicherheit<br data-start=\"2735\" data-end=\"2738\" \/>Wenn etwas nicht in Ordnung ist, gibt es echte Unterst\u00fctzung f\u00fcr das Produkt - nicht nur ein Versprechen auf dem Papier.<\/p>","protected":false},"excerpt":{"rendered":"<p>Optimieren Sie Ihre kompakte K\u00fcche mit der kleinen K\u00fcchensp\u00fcle TS-4444B. Die platzsparende Grundfl\u00e4che von 440 x 440 mm beherbergt ein \u00fcberraschend tiefes 230-mm-Becken, perfekt f\u00fcr kleine R\u00e4ume. Mit ihren leicht zu reinigenden, abgerundeten Ecken und den effizienten X-f\u00f6rmigen Abflussrillen bietet sie volle Funktionalit\u00e4t ohne Kompromisse. Passen Sie die St\u00e4rke an und genie\u00dfen Sie lebenslangen Service.<\/p>\n<p>Modell: TS-4444B<br \/>\n\u00c4u\u00dfere Abmessungen: 440X440MM<br \/>\nInnere Abmessungen: 345X400MM<br \/>\nTiefe: 230MM<br \/>\nDicke: 0,95\/1,05\/1,2MM\/Anpassen<br \/>\nEinzelverpackung Abmessungen: 475X506X290MM<br \/>\nNettogewicht: 4KG<br \/>\nBruttogewicht: 5.5KG<\/p>","protected":false},"featured_media":720,"template":"","meta":{"_gspb_post_css":""},"product_brand":[],"product_cat":[19],"product_tag":[58],"class_list":{"0":"post-719","1":"product","2":"type-product","3":"status-publish","4":"has-post-thumbnail","6":"product_cat-topmount-sink","7":"product_tag-small-space-sink-deep-basin-design-easy-clean-sink","9":"first","10":"instock","11":"shipping-taxable","12":"product-type-simple"},"_links":{"self":[{"href":"https:\/\/jsd-sinks.com\/de\/wp-json\/wp\/v2\/product\/719","targetHints":{"allow":["GET"]}}],"collection":[{"href":"https:\/\/jsd-sinks.com\/de\/wp-json\/wp\/v2\/product"}],"about":[{"href":"https:\/\/jsd-sinks.com\/de\/wp-json\/wp\/v2\/types\/product"}],"wp:featuredmedia":[{"embeddable":true,"href":"https:\/\/jsd-sinks.com\/de\/wp-json\/wp\/v2\/media\/720"}],"wp:attachment":[{"href":"https:\/\/jsd-sinks.com\/de\/wp-json\/wp\/v2\/media?parent=719"}],"wp:term":[{"taxonomy":"product_brand","embeddable":true,"href":"https:\/\/jsd-sinks.com\/de\/wp-json\/wp\/v2\/product_brand?post=719"},{"taxonomy":"product_cat","embeddable":true,"href":"https:\/\/jsd-sinks.com\/de\/wp-json\/wp\/v2\/product_cat?post=719"},{"taxonomy":"product_tag","embeddable":true,"href":"https:\/\/jsd-sinks.com\/de\/wp-json\/wp\/v2\/product_tag?post=719"}],"curies":[{"name":"wp","href":"https:\/\/api.w.org\/{rel}","templated":true}]}}