{"id":712,"date":"2025-12-01T07:23:52","date_gmt":"2025-12-01T07:23:52","guid":{"rendered":"https:\/\/jsd-sinks.com\/?post_type=product&#038;p=712"},"modified":"2025-12-13T03:24:05","modified_gmt":"2025-12-13T03:24:05","slug":"large-single-kitchen-sink-with-230mm-deep-basin","status":"publish","type":"product","link":"https:\/\/jsd-sinks.com\/de\/large-single-kitchen-sink-with-230mm-deep-basin\/","title":{"rendered":"Ger\u00e4umige gro\u00dfe Einzelsp\u00fcle mit 230 mm tiefem Becken TS3322"},"content":{"rendered":"<h2 data-start=\"331\" data-end=\"616\"><strong data-start=\"331\" data-end=\"374\">Gro\u00dfe Einzelsp\u00fcle (838 x 559 mm)<\/strong><\/h2>\n<h3 data-start=\"331\" data-end=\"616\"><strong data-start=\"377\" data-end=\"462\">Ger\u00e4umige Einzelsch\u00fcssel (774 x 432 mm) mit 230 mm Tiefe - gebaut f\u00fcr das echte Kochleben<\/strong><\/h3>\n<p data-start=\"331\" data-end=\"616\">Wenn Sie eine Bratpfanne, ein volles Backblech oder einen Stapel Teller zu bew\u00e4ltigen haben, macht diese Sp\u00fcle diese Momente leicht - ger\u00e4umig, solide und ehrlich.<\/p>\n<h3 data-start=\"623\" data-end=\"919\"><strong data-start=\"623\" data-end=\"647\">Gro\u00dfz\u00fcgige Einzelsch\u00fcssel<\/strong><\/h3>\n<p data-start=\"623\" data-end=\"919\">Ein 774 x 432 mm gro\u00dfes Becken mit einer Tiefe von 230 mm erm\u00f6glicht es, gro\u00dfe T\u00f6pfe und Tabletts zu waschen, ohne mit der Sp\u00fcle zu k\u00e4mpfen.<br data-start=\"750\" data-end=\"753\" \/>Keine Pfannen mehr schr\u00e4g stellen oder umst\u00e4ndlich kippen - einfach eine Bratpfanne hineinstellen, schrubben, absp\u00fclen und weitermachen. Es f\u00fchlt sich an wie echter Platz f\u00fcr echtes Kochen, nicht wie ein Kompromiss.<\/p>\n<p><img decoding=\"async\" class=\"size-medium wp-image-1137\" src=\"https:\/\/jsd-sinks.com\/wp-content\/uploads\/2025\/12\/91-300x300.jpg\" alt=\"Gro\u00dfe einzelne K\u00fcchensp\u00fcle\" width=\"300\" height=\"300\" title=\"\" srcset=\"https:\/\/jsd-sinks.com\/wp-content\/uploads\/2025\/12\/91-300x300.jpg 300w, https:\/\/jsd-sinks.com\/wp-content\/uploads\/2025\/12\/91-100x100.jpg 100w, https:\/\/jsd-sinks.com\/wp-content\/uploads\/2025\/12\/91-600x600.jpg 600w, https:\/\/jsd-sinks.com\/wp-content\/uploads\/2025\/12\/91-500x500.jpg 500w, https:\/\/jsd-sinks.com\/wp-content\/uploads\/2025\/12\/91-150x150.jpg 150w, https:\/\/jsd-sinks.com\/wp-content\/uploads\/2025\/12\/91-768x768.jpg 768w, https:\/\/jsd-sinks.com\/wp-content\/uploads\/2025\/12\/91-12x12.jpg 12w, https:\/\/jsd-sinks.com\/wp-content\/uploads\/2025\/12\/91.jpg 800w\" sizes=\"(max-width: 300px) 100vw, 300px\" \/><\/p>\n<h3 data-start=\"926\" data-end=\"1200\"><strong data-start=\"926\" data-end=\"951\">Spritzwasserreduzierende Tiefe<\/strong><\/h3>\n<p data-start=\"926\" data-end=\"1200\">Die Tiefe von 230 mm h\u00e4lt das Wasser dort, wo es hingeh\u00f6rt und reduziert die Unordnung auf der Arbeitsplatte<br data-start=\"1035\" data-end=\"1038\" \/>Sie werden weniger Pf\u00fctzen und weniger Papierhandt\u00fccher ben\u00f6tigen. Die Tiefe bedeutet weniger Spritzer und mehr Sicherheit beim Absp\u00fclen von gro\u00dfen T\u00f6pfen oder beim Umgang mit fettigen Pfannen.<\/p>\n<h3 data-start=\"1207\" data-end=\"1490\"><strong data-start=\"1207\" data-end=\"1237\">Leicht zu reinigende abgerundete Ecken<\/strong><\/h3>\n<p data-start=\"1207\" data-end=\"1490\">Abgerundete Ecken reduzieren versteckten Schmutz und machen das Abwischen der Sp\u00fcle schnell und einfach<br data-start=\"1321\" data-end=\"1324\" \/>Diese sanften Rundungen sehen nicht nur gut aus - sie erleichtern auch die Reinigung. Ein kurzer Wisch, und die Ecken halten keine Kr\u00fcmel oder Schmiere fest, wie es bei den alten rechtwinkligen Formen der Fall ist.<\/p>\n<h3 data-start=\"1497\" data-end=\"1770\"><strong data-start=\"1497\" data-end=\"1531\">Smart X-Shape Entw\u00e4sserungsrillen<\/strong><\/h3>\n<p data-start=\"1497\" data-end=\"1770\">X-f\u00f6rmige Rillen leiten das Wasser zum standardm\u00e4\u00dfigen 3,5-Zoll-Abfluss, um Wasseransammlungen zu verhindern<br data-start=\"1620\" data-end=\"1623\" \/>Eine kleine technische Errungenschaft, die sich auszahlt: Das Wasser l\u00e4uft sauber ab, die Sch\u00fcssel trocknet schneller, und man verbringt weniger Zeit mit dem Abtupfen und mehr Zeit mit dem Essen.<\/p>\n<h3 data-start=\"1777\" data-end=\"2096\"><strong data-start=\"1777\" data-end=\"1812\">Langlebige, praktische Konstruktion<\/strong><\/h3>\n<p data-start=\"1777\" data-end=\"2096\">Hergestellt aus hochwertigen Materialien und in verschiedenen Dicken erh\u00e4ltlich (0,95mm-1,2mm)<br data-start=\"1910\" data-end=\"1913\" \/>Das Waschbecken f\u00fchlt sich unter Ihren H\u00e4nden solide an. W\u00e4hlen Sie eine dickere St\u00e4rke, wenn Sie ein schwereres, leiseres Becken w\u00fcnschen; w\u00e4hlen Sie eine leichtere, wenn Sie Ihr Budget schonen wollen - so oder so, es ist f\u00fcr eine lange Lebensdauer gebaut.<\/p>\n<h3 data-start=\"2103\" data-end=\"2373\"><strong data-start=\"2103\" data-end=\"2129\">Proportionaler Fu\u00dfabdruck<\/strong><\/h3>\n<p data-start=\"2103\" data-end=\"2373\">Die Gesamtgr\u00f6\u00dfe von 838 x 559 mm verleiht eine beeindruckende Pr\u00e4senz, ohne die Theke zu \u00fcberw\u00e4ltigen.<br data-start=\"2221\" data-end=\"2224\" \/>Gro\u00dfe Sch\u00fcssel, intelligente Grundfl\u00e4che - Sie erhalten nutzbaren Raum, ohne dass Sie auf Schr\u00e4nke oder Arbeitsfl\u00e4chen verzichten m\u00fcssen. Sie ist ger\u00e4umig, respektiert aber die Grenzen einer echten K\u00fcche.<\/p>\n<h3 data-start=\"2380\" data-end=\"2638\"><strong data-start=\"2380\" data-end=\"2410\">Unterst\u00fctzt durch lebenslangen Support<\/strong><\/h3>\n<p data-start=\"2380\" data-end=\"2638\">Lebenslanger Kundendienst und F&amp;E-Support bedeuten echte Hilfe, wenn Sie sie brauchen<br data-start=\"2493\" data-end=\"2496\" \/>Wenn in einigen Jahren etwas repariert werden muss, gibt es ein Team, das das Produkt kennt und helfen kann - und nicht nur einen allgemeinen Garantieschein in der Schachtel.<\/p>","protected":false},"excerpt":{"rendered":"<p>Erleben Sie un\u00fcbertroffene Kapazit\u00e4t und Leichtigkeit mit unserer gro\u00dfen Einzelsp\u00fcle. Mit einem ger\u00e4umigen Becken von 774 x 432 mm und einer Tiefe von 230 mm bietet es m\u00fchelos Platz f\u00fcr \u00fcbergro\u00dfe T\u00f6pfe und Pfannen. Die abgerundeten Ecken und die X-f\u00f6rmigen Abflussrillen sorgen f\u00fcr eine schnelle Reinigung und einen effizienten Wasserfluss und machen die Sp\u00fcle zum perfekten Mittelpunkt f\u00fcr vielbesch\u00e4ftigte K\u00fcchen, die Wert auf Form und Funktion legen.<\/p>\n<p>Modell: TS3322<br \/>\n\u00c4u\u00dfere Abmessungen: 838X559MM<br \/>\nInnere Abmessungen: 774X432MM<br \/>\nTiefe: 230MM<br \/>\nDicke: 0,95\/1,05\/1,2MM\/Anpassen<br \/>\nEinzelverpackung Abmessungen: 890X609X290MM<br \/>\nNettogewicht: 11KG<br \/>\nBruttogewicht: 12.5KG<\/p>","protected":false},"featured_media":713,"template":"","meta":{"_gspb_post_css":""},"product_brand":[],"product_cat":[19],"product_tag":[57],"class_list":{"0":"post-712","1":"product","2":"type-product","3":"status-publish","4":"has-post-thumbnail","6":"product_cat-topmount-sink","7":"product_tag-single-basin-sink-extra-large-sink-deep-kitchen-sink","9":"first","10":"instock","11":"shipping-taxable","12":"product-type-simple"},"_links":{"self":[{"href":"https:\/\/jsd-sinks.com\/de\/wp-json\/wp\/v2\/product\/712","targetHints":{"allow":["GET"]}}],"collection":[{"href":"https:\/\/jsd-sinks.com\/de\/wp-json\/wp\/v2\/product"}],"about":[{"href":"https:\/\/jsd-sinks.com\/de\/wp-json\/wp\/v2\/types\/product"}],"wp:featuredmedia":[{"embeddable":true,"href":"https:\/\/jsd-sinks.com\/de\/wp-json\/wp\/v2\/media\/713"}],"wp:attachment":[{"href":"https:\/\/jsd-sinks.com\/de\/wp-json\/wp\/v2\/media?parent=712"}],"wp:term":[{"taxonomy":"product_brand","embeddable":true,"href":"https:\/\/jsd-sinks.com\/de\/wp-json\/wp\/v2\/product_brand?post=712"},{"taxonomy":"product_cat","embeddable":true,"href":"https:\/\/jsd-sinks.com\/de\/wp-json\/wp\/v2\/product_cat?post=712"},{"taxonomy":"product_tag","embeddable":true,"href":"https:\/\/jsd-sinks.com\/de\/wp-json\/wp\/v2\/product_tag?post=712"}],"curies":[{"name":"wp","href":"https:\/\/api.w.org\/{rel}","templated":true}]}}