{"id":706,"date":"2025-12-01T06:47:13","date_gmt":"2025-12-01T06:47:13","guid":{"rendered":"https:\/\/jsd-sinks.com\/?post_type=product&#038;p=706"},"modified":"2025-12-12T08:34:10","modified_gmt":"2025-12-12T08:34:10","slug":"single-topmount-sink-custom-thickness-modern-design","status":"publish","type":"product","link":"https:\/\/jsd-sinks.com\/de\/single-topmount-sink-custom-thickness-modern-design\/","title":{"rendered":"Elegantes einzelnes Aufsatzwaschbecken - anpassbare Dicke und modernes Design TS2522"},"content":{"rendered":"<h2 data-start=\"339\" data-end=\"432\"><strong data-start=\"339\" data-end=\"366\">TS2522 Einzelsp\u00fcle f\u00fcr Aufsatzmontage<\/strong><\/h2>\n<p data-start=\"339\" data-end=\"432\"><strong data-start=\"369\" data-end=\"432\">Knackige Ecken und klare Linien f\u00fcr einen modernen, industriellen Look<\/strong><\/p>\n<h3 data-start=\"434\" data-end=\"803\"><strong data-start=\"434\" data-end=\"478\">Statement-Design mit praktischem Nutzen<\/strong><\/h3>\n<p data-start=\"434\" data-end=\"803\">R10-Ecken bieten ein k\u00fchnes, minimalistisches Aussehen und vereinfachen die Reinigung<br data-start=\"560\" data-end=\"563\" \/>Die quadratischen, nicht abgerundeten Ecken sorgen f\u00fcr ein sofortiges \u201cWow\u201d-Erlebnis - aber es geht um mehr als nur um Stil. Da es keine gebogenen Ecken gibt, in denen sich Schmutz verstecken k\u00f6nnte, geht das Wischen des Waschbeckens schneller und ist weniger l\u00e4stig. Es ist k\u00fchn anzuschauen und praktisch zu leben.<\/p>\n<h3 data-start=\"805\" data-end=\"1122\"><strong data-start=\"805\" data-end=\"826\">Ger\u00e4umige Einzelsch\u00fcssel<\/strong><\/h3>\n<p data-start=\"805\" data-end=\"1122\">Eine 575 x 453 mm gro\u00dfe Sch\u00fcssel mit 230 mm Tiefe, die auch gro\u00dfe T\u00f6pfe m\u00fchelos bew\u00e4ltigt<br data-start=\"900\" data-end=\"903\" \/>Diese Sch\u00fcssel ist erstaunlich gro\u00dfz\u00fcgig. Man kann eine volle Bratpfanne hineinwerfen, stapelweise Backbleche absp\u00fclen oder den Topf ohne umst\u00e4ndliches Wenden f\u00fcllen. Die Tiefe h\u00e4lt Spritzer in Schach, sodass Ihre Arbeitsfl\u00e4chen auch bei intensiver Nutzung sauber bleiben.<\/p>\n<p><img decoding=\"async\" class=\"size-medium wp-image-1136\" src=\"https:\/\/jsd-sinks.com\/wp-content\/uploads\/2025\/12\/9-3-300x300.jpg\" alt=\"Null-Radius-Sp\u00fcle\" width=\"300\" height=\"300\" title=\"\" srcset=\"https:\/\/jsd-sinks.com\/wp-content\/uploads\/2025\/12\/9-3-300x300.jpg 300w, https:\/\/jsd-sinks.com\/wp-content\/uploads\/2025\/12\/9-3-100x100.jpg 100w, https:\/\/jsd-sinks.com\/wp-content\/uploads\/2025\/12\/9-3-600x600.jpg 600w, https:\/\/jsd-sinks.com\/wp-content\/uploads\/2025\/12\/9-3-500x500.jpg 500w, https:\/\/jsd-sinks.com\/wp-content\/uploads\/2025\/12\/9-3-150x150.jpg 150w, https:\/\/jsd-sinks.com\/wp-content\/uploads\/2025\/12\/9-3-768x768.jpg 768w, https:\/\/jsd-sinks.com\/wp-content\/uploads\/2025\/12\/9-3-12x12.jpg 12w, https:\/\/jsd-sinks.com\/wp-content\/uploads\/2025\/12\/9-3.jpg 800w\" sizes=\"(max-width: 300px) 100vw, 300px\" \/><\/p>\n<h3 data-start=\"1124\" data-end=\"1423\"><strong data-start=\"1124\" data-end=\"1150\">Intelligente Entw\u00e4sserung Details<\/strong><\/h3>\n<p data-start=\"1124\" data-end=\"1423\">X-f\u00f6rmige Rillen leiten das Wasser in Richtung des standardm\u00e4\u00dfigen 3,5-Zoll-Abflusses, um Wasseransammlungen zu verhindern<br data-start=\"1238\" data-end=\"1241\" \/>Diese kleinen X-Rillen sind wichtig. Sie leiten das Wasser ab, so dass sich das Waschbecken nach dem Sp\u00fclen schneller selbst reinigt. Nach einer gro\u00dfen Mahlzeit werden Sie feststellen, dass weniger Wasser stehen bleibt und Sie weniger Flecken abtrocknen m\u00fcssen.<\/p>\n<h3 data-start=\"1425\" data-end=\"1754\"><strong data-start=\"1425\" data-end=\"1458\">Robuste Konstruktion aus Edelstahl<\/strong><\/h3>\n<p data-start=\"1425\" data-end=\"1754\">Erh\u00e4ltlich in den St\u00e4rken 0,95 mm bis 1,2 mm f\u00fcr ein ausgewogenes Verh\u00e4ltnis von Wert, Gewicht und Schalld\u00e4mpfung<br data-start=\"1552\" data-end=\"1555\" \/>W\u00e4hlen Sie die St\u00e4rke, die zu Ihren Lebensgewohnheiten passt - d\u00fcnner f\u00fcr ein geringeres Budget und geringeres Gewicht, dicker f\u00fcr ein schwereres, leiseres Gef\u00fchl. In jedem Fall h\u00e4lt der SUS304-Stahl dem Dampf, dem Schrubben und dem echten K\u00fcchenalltag stand.<\/p>\n<h3 data-start=\"1756\" data-end=\"2032\"><strong data-start=\"1756\" data-end=\"1786\">Kompakter externer Fu\u00dfabdruck<\/strong><\/h3>\n<p data-start=\"1756\" data-end=\"2032\">635 x 559 mm Au\u00dfenabmessungen f\u00fcr eine einfache Integration in enge Layouts<br data-start=\"1861\" data-end=\"1864\" \/>Er passt dorthin, wo viele moderne K\u00fcchen ihn brauchen: kompakt, aber nicht beengt. Sie erhalten einen eingebauten, stromlinienf\u00f6rmigen Look, der b\u00fcndig mit den Arbeitsfl\u00e4chen abschlie\u00dft und den Arbeitsbereich sauber h\u00e4lt.<\/p>\n<h3 data-start=\"2034\" data-end=\"2308\"><strong data-start=\"2034\" data-end=\"2068\">Vorteil der Nullradius-Reinigung<\/strong><\/h3>\n<p data-start=\"2034\" data-end=\"2308\">Quadratische Ecken lassen die Sp\u00fcle scharf aussehen und reduzieren die versteckte Schmutzablagerung<br data-start=\"2145\" data-end=\"2148\" \/>Ecken ohne Radius sind eine saubere Designentscheidung, die sich beim Wischen auszahlt. Keine gew\u00f6lbten Ritzen bedeuten weniger Schrubben und eine insgesamt hygienischere Oberfl\u00e4che.<\/p>\n<h3 data-start=\"2310\" data-end=\"2554\"><strong data-start=\"2310\" data-end=\"2328\">Ausf\u00fchrung und Passform<\/strong><\/h3>\n<p data-start=\"2310\" data-end=\"2554\">Mehrere Spurweitenoptionen und eine Oberfl\u00e4che, die moderne Arbeitsplatten erg\u00e4nzt<br data-start=\"2406\" data-end=\"2409\" \/>Diese Sp\u00fcle passt zu vielen Stilen - von industriellem Beton bis zu warmem Holz. W\u00e4hlen Sie das Ma\u00df und die Oberfl\u00e4che, die zur Pers\u00f6nlichkeit Ihrer K\u00fcche passen.<\/p>\n<h3 data-start=\"2556\" data-end=\"2811\"><strong data-start=\"2556\" data-end=\"2584\">Unterst\u00fctzung auf Lebenszeit<\/strong><\/h3>\n<p data-start=\"2556\" data-end=\"2811\">Unterst\u00fctzt durch lebenslangen Kundenservice und fortlaufenden F&amp;E-Support<br data-start=\"2650\" data-end=\"2653\" \/>Wenn Sie einmal Hilfe brauchen, steht ein Team hinter dem Produkt. Diese Unterst\u00fctzung - und die kontinuierlichen Verbesserungen durch das Forschungs- und Entwicklungsteam - machen es zu einer verl\u00e4sslichen langfristigen Wahl.<\/p>","protected":false},"excerpt":{"rendered":"<p>Die TS2522 Single Topmount Sp\u00fcle ist der Inbegriff des modernen K\u00fcchendesigns. Mit ihren scharfen, klaren Linien und einem ger\u00e4umigen Becken von 575 x 453 mm mit einer Tiefe von 230 mm bietet sie eine minimalistische \u00c4sthetik ohne Kompromisse bei der Funktion. Mit X-f\u00f6rmigen Entw\u00e4sserungsrillen und anpassbaren Dickenoptionen kombiniert diese Sp\u00fcle raffinierten Stil mit praktischer Leistung f\u00fcr einen nahtlosen Look.<\/p>\n<p>Modell: TS2522<br \/>\n\u00c4u\u00dfere Abmessungen: 635X559MM<br \/>\nInnere Abmessungen: 575X453MM<br \/>\nTiefe: 230MM<br \/>\nDicke: 0,95\/1,05\/1,2MM\/Anpassen<br \/>\nEinzelverpackung Abmessungen: 685X609X290MM<br \/>\nNettogewicht: 6KG<br \/>\nBruttogewicht: 7.5KG<\/p>","protected":false},"featured_media":707,"template":"","meta":{"_gspb_post_css":""},"product_brand":[],"product_cat":[19],"product_tag":[56],"class_list":{"0":"post-706","1":"product","2":"type-product","3":"status-publish","4":"has-post-thumbnail","6":"product_cat-topmount-sink","7":"product_tag-zeroradius-modernsink-minimalistdesign","9":"first","10":"instock","11":"shipping-taxable","12":"product-type-simple"},"_links":{"self":[{"href":"https:\/\/jsd-sinks.com\/de\/wp-json\/wp\/v2\/product\/706","targetHints":{"allow":["GET"]}}],"collection":[{"href":"https:\/\/jsd-sinks.com\/de\/wp-json\/wp\/v2\/product"}],"about":[{"href":"https:\/\/jsd-sinks.com\/de\/wp-json\/wp\/v2\/types\/product"}],"wp:featuredmedia":[{"embeddable":true,"href":"https:\/\/jsd-sinks.com\/de\/wp-json\/wp\/v2\/media\/707"}],"wp:attachment":[{"href":"https:\/\/jsd-sinks.com\/de\/wp-json\/wp\/v2\/media?parent=706"}],"wp:term":[{"taxonomy":"product_brand","embeddable":true,"href":"https:\/\/jsd-sinks.com\/de\/wp-json\/wp\/v2\/product_brand?post=706"},{"taxonomy":"product_cat","embeddable":true,"href":"https:\/\/jsd-sinks.com\/de\/wp-json\/wp\/v2\/product_cat?post=706"},{"taxonomy":"product_tag","embeddable":true,"href":"https:\/\/jsd-sinks.com\/de\/wp-json\/wp\/v2\/product_tag?post=706"}],"curies":[{"name":"wp","href":"https:\/\/api.w.org\/{rel}","templated":true}]}}