{"id":644,"date":"2025-11-29T07:52:52","date_gmt":"2025-11-29T07:52:52","guid":{"rendered":"https:\/\/jsd-sinks.com\/?post_type=product&#038;p=644"},"modified":"2025-12-10T02:30:19","modified_gmt":"2025-12-10T02:30:19","slug":"durable-304-stainless-steel-sink-multiple-thickness","status":"publish","type":"product","link":"https:\/\/jsd-sinks.com\/de\/durable-304-stainless-steel-sink-multiple-thickness\/","title":{"rendered":"Langlebige 304 Edelstahlsp\u00fcle - mehrere Dicken- und Oberfl\u00e4chenoptionen WUS3019"},"content":{"rendered":"<h2 data-start=\"316\" data-end=\"384\">304 Edelstahlsp\u00fcle - f\u00fcr echte K\u00fcchen, echtes Leben<\/h2>\n<h3 data-start=\"386\" data-end=\"428\"><strong data-start=\"386\" data-end=\"428\">F\u00fcr echte K\u00fcchen und echtes Leben gemacht<\/strong><\/h3>\n<p data-start=\"430\" data-end=\"776\">Diese Sp\u00fcle ist f\u00fcr Menschen gemacht, die kochen, putzen, G\u00e4ste bewirten und in ihrer K\u00fcche leben. Sie ist aus echtem SUS304-Edelstahl gefertigt und bietet die Art von St\u00e4rke und Zuverl\u00e4ssigkeit, die Sie sp\u00fcren k\u00f6nnen, sobald Sie mit der Hand \u00fcber die Oberfl\u00e4che streichen. Sie ist robust, glatt und f\u00fcr das Chaos des t\u00e4glichen Gebrauchs gemacht, ohne dabei ihr sauberes, modernes Aussehen zu verlieren.<\/p>\n<p data-start=\"778\" data-end=\"1154\">Die Sch\u00fcssel misst 711 \u00d7 432 mm und bietet damit eine gro\u00dfz\u00fcgige Arbeitsfl\u00e4che, egal ob Sie Gem\u00fcse f\u00fcr das Abendessen absp\u00fclen oder einen Suppentopf nach einem gro\u00dfen Familienessen einweichen. Die Tiefe von 230 mm h\u00e4lt Spritzer unter Kontrolle und erleichtert das Hantieren mit sperrigem Kochgeschirr, ohne dass Sie sich eingeengt f\u00fchlen. Eine Tiefe, die sich nat\u00fcrlich anf\u00fchlt - nicht zu flach, nicht zu tief - genau richtig f\u00fcr die t\u00e4gliche Routine.<\/p>\n<p><img decoding=\"async\" class=\"size-medium wp-image-1162\" src=\"https:\/\/jsd-sinks.com\/wp-content\/uploads\/2025\/11\/\u672a\u547d\u540d1-300x300.jpg\" alt=\"304-Edelstahl-Sp\u00fcle\" width=\"300\" height=\"300\" title=\"\" srcset=\"https:\/\/jsd-sinks.com\/wp-content\/uploads\/2025\/11\/\u672a\u547d\u540d1-300x300.jpg 300w, https:\/\/jsd-sinks.com\/wp-content\/uploads\/2025\/11\/\u672a\u547d\u540d1-100x100.jpg 100w, https:\/\/jsd-sinks.com\/wp-content\/uploads\/2025\/11\/\u672a\u547d\u540d1-600x599.jpg 600w, https:\/\/jsd-sinks.com\/wp-content\/uploads\/2025\/11\/\u672a\u547d\u540d1-500x499.jpg 500w, https:\/\/jsd-sinks.com\/wp-content\/uploads\/2025\/11\/\u672a\u547d\u540d1-150x150.jpg 150w, https:\/\/jsd-sinks.com\/wp-content\/uploads\/2025\/11\/\u672a\u547d\u540d1-768x767.jpg 768w, https:\/\/jsd-sinks.com\/wp-content\/uploads\/2025\/11\/\u672a\u547d\u540d1-12x12.jpg 12w, https:\/\/jsd-sinks.com\/wp-content\/uploads\/2025\/11\/\u672a\u547d\u540d1.jpg 802w\" sizes=\"(max-width: 300px) 100vw, 300px\" \/><\/p>\n<h3 data-start=\"1156\" data-end=\"1206\"><strong data-start=\"1156\" data-end=\"1206\">Durchdachte Details, die einen echten Unterschied machen<\/strong><\/h3>\n<p data-start=\"1208\" data-end=\"1628\">Eines der \u00fcberzeugendsten Merkmale ist das X-f\u00f6rmige Abflusssystem. Anstatt dass das Wasser im Becken verweilt, leiten die Rillen es sanft zum 3,5-Zoll-Abfluss, sodass die Sp\u00fclenoberfl\u00e4che trocken und sauber bleibt. Ein kleines Detail, das das gesamte K\u00fcchenerlebnis unauff\u00e4llig verbessert. Die sanft abgerundeten Ecken verleihen der Sp\u00fcle einen modernen Charakter und machen die Reinigung fast m\u00fchelos - keine engen Ecken oder hartn\u00e4ckiger Schmutz.<\/p>\n<h3 data-start=\"1630\" data-end=\"1671\"><strong data-start=\"1630\" data-end=\"1671\">Nach Ihren W\u00fcnschen gebaut, keine Einheitsgr\u00f6\u00dfe f\u00fcr alle<\/strong><\/h3>\n<p data-start=\"1673\" data-end=\"2068\">Sie k\u00f6nnen die St\u00e4rke w\u00e4hlen, die Ihnen am besten gef\u00e4llt, von 0,95 mm bis 1,35 mm. Wenn Sie ein Waschbecken m\u00f6gen, das sich etwas schwerer und massiver anf\u00fchlt, k\u00f6nnen Sie es haben. Wenn Sie etwas Leichteres, aber dennoch Zuverl\u00e4ssiges bevorzugen, haben Sie auch diese M\u00f6glichkeit. Mit den Oberfl\u00e4chenoptionen - geb\u00fcrstet, Nanoschwarz, Mattschwarz, Gun Grey und Gold - k\u00f6nnen Sie Ihr Waschbecken an den Charakter Ihrer Wohnung anpassen, nicht umgekehrt.<\/p>\n<p data-start=\"2070\" data-end=\"2329\">Jedes Teil wird von unserem Team getestet, gepr\u00fcft und verfeinert, bevor es Ihre K\u00fcche erreicht. Und mit einem lebenslangen Kundendienst und einem engagierten Forschungs- und Entwicklungsteam, das hinter dem Produkt steht, kaufen Sie nicht einfach nur eine Sp\u00fcle - Sie investieren in jahrelanges Vertrauen und Komfort.<\/p>\n<h3 data-start=\"2331\" data-end=\"2370\"><strong data-start=\"2331\" data-end=\"2370\">Eine Sp\u00fcle, die genauso hart arbeitet wie Sie<\/strong><\/h3>\n<p data-start=\"2372\" data-end=\"2608\">Diese Sp\u00fcle aus Edelstahl 304 soll mehr sein als nur eine Ablagefl\u00e4che. Sie soll sich intuitiv, langlebig und zuverl\u00e4ssig anf\u00fchlen - ein Teil Ihrer K\u00fcche, der jede Mahlzeit, jedes Aufr\u00e4umen und jeden Moment, den Sie in seiner N\u00e4he verbringen, still unterst\u00fctzt.<\/p>","protected":false},"excerpt":{"rendered":"<p>Entdecken Sie unsere Premium-Sp\u00fcle aus Edelstahl 304, die fachm\u00e4nnisch f\u00fcr Langlebigkeit und Funktionalit\u00e4t hergestellt wurde. Mit einem ger\u00e4umigen Becken von 711 x 432 mm und 230 mm Tiefe, X-f\u00f6rmigen Abflussrillen und abgerundeten Ecken f\u00fcr eine einfache Reinigung. Erh\u00e4ltlich in verschiedenen St\u00e4rken und Ausf\u00fchrungen wie geb\u00fcrstet, Nanoschwarz und Gold. Unterst\u00fctzt durch einen lebenslangen Kundendienst - die perfekte Mischung aus Qualit\u00e4t und Leistung f\u00fcr Ihre K\u00fcche.<\/p>\n<p>Modell: WUS3019<br \/>\n\u00c4u\u00dfere Abmessungen: 762X482MM<br \/>\nInnere Abmessungen: 711X432MM<br \/>\nTiefe: 230MM<br \/>\nMaterial: SUS201\/SUS304\/SUS316<br \/>\nDicke: 0,95\/1,05\/1,15\/1,35MM\/anpassbar<br \/>\nOberfl\u00e4che: B\u00fcrste\/Nano Black\/Matte Black\/Gun Grey\/Gold<br \/>\nMOQ: 5-10PCS<br \/>\nEinzelverpackung: 812X532X290MM<br \/>\nNettogewicht: 7.5KG<br \/>\nBruttogewicht: 9KG<\/p>","protected":false},"featured_media":645,"template":"","meta":{"_gspb_post_css":""},"product_brand":[],"product_cat":[18],"product_tag":[48],"class_list":{"0":"post-644","1":"product","2":"type-product","3":"status-publish","4":"has-post-thumbnail","6":"product_cat-workstation-sink","7":"product_tag-304-stainless-steel-kitchen-sink-premium-finish","9":"first","10":"instock","11":"shipping-taxable","12":"product-type-simple"},"_links":{"self":[{"href":"https:\/\/jsd-sinks.com\/de\/wp-json\/wp\/v2\/product\/644","targetHints":{"allow":["GET"]}}],"collection":[{"href":"https:\/\/jsd-sinks.com\/de\/wp-json\/wp\/v2\/product"}],"about":[{"href":"https:\/\/jsd-sinks.com\/de\/wp-json\/wp\/v2\/types\/product"}],"wp:featuredmedia":[{"embeddable":true,"href":"https:\/\/jsd-sinks.com\/de\/wp-json\/wp\/v2\/media\/645"}],"wp:attachment":[{"href":"https:\/\/jsd-sinks.com\/de\/wp-json\/wp\/v2\/media?parent=644"}],"wp:term":[{"taxonomy":"product_brand","embeddable":true,"href":"https:\/\/jsd-sinks.com\/de\/wp-json\/wp\/v2\/product_brand?post=644"},{"taxonomy":"product_cat","embeddable":true,"href":"https:\/\/jsd-sinks.com\/de\/wp-json\/wp\/v2\/product_cat?post=644"},{"taxonomy":"product_tag","embeddable":true,"href":"https:\/\/jsd-sinks.com\/de\/wp-json\/wp\/v2\/product_tag?post=644"}],"curies":[{"name":"wp","href":"https:\/\/api.w.org\/{rel}","templated":true}]}}