{"id":626,"date":"2025-11-29T07:12:11","date_gmt":"2025-11-29T07:12:11","guid":{"rendered":"https:\/\/jsd-sinks.com\/?post_type=product&#038;p=626"},"modified":"2025-12-12T07:32:49","modified_gmt":"2025-12-12T07:32:49","slug":"33-inch-workstation-sink-with-customizable-thickness","status":"publish","type":"product","link":"https:\/\/jsd-sinks.com\/de\/33-inch-workstation-sink-with-customizable-thickness\/","title":{"rendered":"Premium 33-Zoll-Workstation-Sp\u00fcle mit anpassbaren Dickenoptionen UTS3219"},"content":{"rendered":"<h2 data-start=\"231\" data-end=\"360\"><strong data-start=\"231\" data-end=\"281\">33-Zoll-Workstation-Sp\u00fcle<\/strong><\/h2>\n<p data-start=\"231\" data-end=\"360\"><strong data-start=\"284\" data-end=\"360\">Verwandeln Sie Ihre K\u00fcche in einen gut organisierten, funktionalen Kochbereich<\/strong><\/p>\n<h3 data-start=\"362\" data-end=\"802\"><strong data-start=\"362\" data-end=\"394\">Integrierte Workstation-Leiste<\/strong><\/h3>\n<p data-start=\"362\" data-end=\"802\">Eine stabile Leiste erm\u00f6glicht es, Schneidebretter und Zubeh\u00f6r \u00fcber die Sp\u00fcle zu schieben<br data-start=\"477\" data-end=\"480\" \/>Schieben Sie ein Brett, legen Sie ein Sieb auf oder stellen Sie eine Sch\u00fcssel auf die Leiste - so wird die Sp\u00fcle zu einem kleinen, konzentrierten Arbeitsplatz. Statt mit einem nassen Schneidebrett auf der Arbeitsplatte zu jonglieren, bleibt alles an einem Ort und flie\u00dft direkt in die Sp\u00fcle ab. Es ist die Art von winziger Ver\u00e4nderung, die Ihnen am Ende Minuten und eine Menge \u00c4rger erspart.<\/p>\n<h3 data-start=\"804\" data-end=\"1109\"><strong data-start=\"804\" data-end=\"823\">Tiefes Hauptbecken<\/strong><\/h3>\n<p data-start=\"804\" data-end=\"1109\">Ein 230 mm tiefes Becken bietet Platz f\u00fcr gro\u00dfe T\u00f6pfe und vermindert Spritzer<br data-start=\"898\" data-end=\"901\" \/>Wenn Sie einen Suppentopf aussp\u00fclen oder ein Backblech sp\u00fclen, h\u00e4lt die Tiefe das Wasser dort, wo es hingeh\u00f6rt. Es ist einfacher, einen hohen Topf zu schrubben, ohne dass er umkippt, und nach dem Sp\u00fclen tropft weniger Wasser auf die Arbeitsplatte.<\/p>\n<p><img decoding=\"async\" class=\"size-medium wp-image-1159\" src=\"https:\/\/jsd-sinks.com\/wp-content\/uploads\/2025\/11\/121-300x300.jpg\" alt=\"33-Zoll-Workstation-Sp\u00fcle\" width=\"300\" height=\"300\" title=\"\" srcset=\"https:\/\/jsd-sinks.com\/wp-content\/uploads\/2025\/11\/121-300x300.jpg 300w, https:\/\/jsd-sinks.com\/wp-content\/uploads\/2025\/11\/121-100x100.jpg 100w, https:\/\/jsd-sinks.com\/wp-content\/uploads\/2025\/11\/121-600x600.jpg 600w, https:\/\/jsd-sinks.com\/wp-content\/uploads\/2025\/11\/121-500x500.jpg 500w, https:\/\/jsd-sinks.com\/wp-content\/uploads\/2025\/11\/121-150x150.jpg 150w, https:\/\/jsd-sinks.com\/wp-content\/uploads\/2025\/11\/121-768x768.jpg 768w, https:\/\/jsd-sinks.com\/wp-content\/uploads\/2025\/11\/121-12x12.jpg 12w, https:\/\/jsd-sinks.com\/wp-content\/uploads\/2025\/11\/121.jpg 800w\" sizes=\"(max-width: 300px) 100vw, 300px\" \/><\/p>\n<h3 data-start=\"1111\" data-end=\"1459\"><strong data-start=\"1111\" data-end=\"1142\">Langlebige SUS304 Konstruktion<\/strong><\/h3>\n<p data-start=\"1111\" data-end=\"1459\">Premium-Edelstahl mit Dickenoptionen von 0,95 mm bis 1,2 mm<br data-start=\"1216\" data-end=\"1219\" \/>Es handelt sich um Metall in K\u00fcchenqualit\u00e4t, das sich unter Ihren H\u00e4nden solide anf\u00fchlt. W\u00e4hlen Sie eine d\u00fcnnere St\u00e4rke, wenn Sie auf Ihr Budget achten, oder eine dickere, wenn Sie das schwerere, leisere Gef\u00fchl m\u00f6gen. In jedem Fall ist SUS304 rostbest\u00e4ndig und h\u00e4lt den t\u00e4glichen St\u00f6\u00dfen und Dampf stand.<\/p>\n<h3 data-start=\"1461\" data-end=\"1779\"><strong data-start=\"1461\" data-end=\"1487\">Moderne abgerundete Ecken<\/strong><\/h3>\n<p data-start=\"1461\" data-end=\"1779\">Abgerundete Ecken f\u00fcr schnelles Abwischen und weniger versteckten Dreck<br data-start=\"1555\" data-end=\"1558\" \/>Keine Zahnb\u00fcrste schrubbt in engen Winkeln - die abgerundeten Kanten lassen sich leicht abwischen. Das ist eines dieser praktischen Details, die man erst dann zu sch\u00e4tzen wei\u00df, wenn man das Waschbecken zum ersten Mal reinigt und merkt, wie viel weniger Muskelkraft man daf\u00fcr braucht.<\/p>\n<h3 data-start=\"1781\" data-end=\"2111\"><strong data-start=\"1781\" data-end=\"1815\">Smart X-Shape Entw\u00e4sserungsrillen<\/strong><\/h3>\n<p data-start=\"1781\" data-end=\"2111\">Ausgekl\u00fcgelte Rillen leiten das Wasser zum standardm\u00e4\u00dfigen 3,5-Zoll-Abfluss, um Wasseransammlungen zu verhindern<br data-start=\"1906\" data-end=\"1909\" \/>Die Rillen ziehen das Wasser zum Abfluss, so dass es schneller verschwindet. Nach dem Kochen bleibt weniger Wasser stehen, und es gibt weniger Stellen, die man mit dem Handtuch abtrocknen muss - eine kleine Technik, die sich auszahlt.<\/p>\n<h3 data-start=\"2113\" data-end=\"2400\"><strong data-start=\"2113\" data-end=\"2154\">Pr\u00e4zise Entw\u00e4sserung und langlebige Verarbeitung<\/strong><\/h3>\n<p data-start=\"2113\" data-end=\"2400\">Kalibriertes Abflussgef\u00e4lle und langlebige Oberfl\u00e4chenbehandlungen<br data-start=\"2223\" data-end=\"2226\" \/>Das Gef\u00e4lle und die Oberfl\u00e4chenbehandlung wirken zusammen: Das Wasser l\u00e4uft dort ab, wo es hingeh\u00f6rt, und die Oberfl\u00e4che ist resistent gegen Kratzer und Flecken, so dass die Sp\u00fcle auch bei regelm\u00e4\u00dfigem Gebrauch gut aussieht.<\/p>\n<p data-start=\"2402\" data-end=\"2658\"><strong data-start=\"2402\" data-end=\"2450\">Lebenslanger After-Sales-Support und F&amp;E-Unterst\u00fctzung<\/strong><br data-start=\"2450\" data-end=\"2453\" \/>Kontinuierlicher Support und technische Unterst\u00fctzung geben Ihnen langfristiges Vertrauen<br data-start=\"2524\" data-end=\"2527\" \/>Wenn etwas auftaucht, gibt es echte Unterst\u00fctzung f\u00fcr das Produkt - und ein Team, das das Design verbessert, damit zuk\u00fcnftige Versionen noch besser werden.<\/p>","protected":false},"excerpt":{"rendered":"<p>Lernen Sie die 33-Zoll-Workstation-Sp\u00fcle kennen - Ihren ultimativen K\u00fcchenbegleiter. Diese 838 mm gro\u00dfe Sp\u00fcle mit integrierter Zubeh\u00f6rleiste bietet ein ger\u00e4umiges, 230 mm tiefes Becken mit X-f\u00f6rmigem Abfluss und abgerundeten Ecken. Die Sp\u00fcle ist aus hochwertigem SUS304-Edelstahl mit verschiedenen St\u00e4rken gefertigt und integriert nahtlos die Vorbereitung von Speisen, das Waschen und Trocknen in einem effizienten Arbeitsbereich. Perfekt f\u00fcr moderne K\u00fcchen, die sowohl Stil als auch Funktionalit\u00e4t suchen.<\/p>\n<p>Modell: UTS3219<br \/>\n\u00c4u\u00dfere Abmessungen: 818X482MM<br \/>\nInnere Abmessungen: 762X432MM<br \/>\nTiefe: 230MM<br \/>\nMaterial: SUS201\/SUS304\/SUS316<br \/>\nDicke: 0,95\/1,05\/1,15\/1,35MM\/anpassbar<br \/>\nOberfl\u00e4che: B\u00fcrste\/Nano Black\/Matte Black\/Gun Grey\/Gold<br \/>\nMOQ: 5-10PCS<br \/>\nEinzelverpackung: 868X532X290MM<br \/>\nNettogewicht: 8KG<br \/>\nBruttogewicht: 9.5KG<\/p>","protected":false},"featured_media":1230,"template":"","meta":{"_gspb_post_css":""},"product_brand":[],"product_cat":[18],"product_tag":[46],"class_list":{"0":"post-626","1":"product","2":"type-product","3":"status-publish","4":"has-post-thumbnail","6":"product_cat-workstation-sink","7":"product_tag-workstation-sink-integrated-accessory-ledge-compact-kitchen-sink","9":"first","10":"instock","11":"shipping-taxable","12":"product-type-simple"},"_links":{"self":[{"href":"https:\/\/jsd-sinks.com\/de\/wp-json\/wp\/v2\/product\/626","targetHints":{"allow":["GET"]}}],"collection":[{"href":"https:\/\/jsd-sinks.com\/de\/wp-json\/wp\/v2\/product"}],"about":[{"href":"https:\/\/jsd-sinks.com\/de\/wp-json\/wp\/v2\/types\/product"}],"wp:featuredmedia":[{"embeddable":true,"href":"https:\/\/jsd-sinks.com\/de\/wp-json\/wp\/v2\/media\/1230"}],"wp:attachment":[{"href":"https:\/\/jsd-sinks.com\/de\/wp-json\/wp\/v2\/media?parent=626"}],"wp:term":[{"taxonomy":"product_brand","embeddable":true,"href":"https:\/\/jsd-sinks.com\/de\/wp-json\/wp\/v2\/product_brand?post=626"},{"taxonomy":"product_cat","embeddable":true,"href":"https:\/\/jsd-sinks.com\/de\/wp-json\/wp\/v2\/product_cat?post=626"},{"taxonomy":"product_tag","embeddable":true,"href":"https:\/\/jsd-sinks.com\/de\/wp-json\/wp\/v2\/product_tag?post=626"}],"curies":[{"name":"wp","href":"https:\/\/api.w.org\/{rel}","templated":true}]}}