{"id":600,"date":"2025-11-29T02:00:25","date_gmt":"2025-11-29T02:00:25","guid":{"rendered":"https:\/\/jsd-sinks.com\/?post_type=product&#038;p=600"},"modified":"2025-12-13T03:31:55","modified_gmt":"2025-12-13T03:31:55","slug":"modern-stainless-steel-sink-with-drainboard","status":"publish","type":"product","link":"https:\/\/jsd-sinks.com\/de\/modern-stainless-steel-sink-with-drainboard\/","title":{"rendered":"Moderne Edelstahlsp\u00fcle mit Abtropffl\u00e4che JSD 11646-N"},"content":{"rendered":"<h2>Edelstahlsp\u00fcle mit Abtropffl\u00e4che<\/h2>\n<p>Verwandeln Sie Ihre K\u00fcche in einen organisierten, effizienten Arbeitsbereich mit einem hochwertigen 1160-mm-Sp\u00fclsystem<\/p>\n<h3>Zwei-Becken-Layout<\/h3>\n<p>Zwei gro\u00dfz\u00fcgig bemessene Becken (327 x 420 mm) mit einer Tiefe von 230 mm erm\u00f6glichen die Bew\u00e4ltigung gro\u00dfer T\u00f6pfe und arbeitsintensiver Vorbereitungsaufgaben<\/p>\n<h3>Integrierte Abtropffl\u00e4che<\/h3>\n<p>Eine eingebaute Abtropffl\u00e4che sorgt daf\u00fcr, dass Geschirr und Utensilien ordentlich abtropfen und die Theke sauber und aufger\u00e4umt bleibt.<\/p>\n<p><img decoding=\"async\" class=\"size-medium wp-image-604\" src=\"https:\/\/jsd-sinks.com\/wp-content\/uploads\/2025\/11\/stainless-steel-sink-with-drainboard-4-300x300.jpg\" alt=\"Edelstahlsp\u00fcle mit Abtropffl\u00e4che\" width=\"300\" height=\"300\" title=\"\" srcset=\"https:\/\/jsd-sinks.com\/wp-content\/uploads\/2025\/11\/stainless-steel-sink-with-drainboard-4-300x300.jpg 300w, https:\/\/jsd-sinks.com\/wp-content\/uploads\/2025\/11\/stainless-steel-sink-with-drainboard-4-100x100.jpg 100w, https:\/\/jsd-sinks.com\/wp-content\/uploads\/2025\/11\/stainless-steel-sink-with-drainboard-4-600x600.jpg 600w, https:\/\/jsd-sinks.com\/wp-content\/uploads\/2025\/11\/stainless-steel-sink-with-drainboard-4-500x500.jpg 500w, https:\/\/jsd-sinks.com\/wp-content\/uploads\/2025\/11\/stainless-steel-sink-with-drainboard-4-150x150.jpg 150w, https:\/\/jsd-sinks.com\/wp-content\/uploads\/2025\/11\/stainless-steel-sink-with-drainboard-4-768x768.jpg 768w, https:\/\/jsd-sinks.com\/wp-content\/uploads\/2025\/11\/stainless-steel-sink-with-drainboard-4-12x12.jpg 12w, https:\/\/jsd-sinks.com\/wp-content\/uploads\/2025\/11\/stainless-steel-sink-with-drainboard-4.jpg 800w\" sizes=\"(max-width: 300px) 100vw, 300px\" \/><\/p>\n<h3>Langlebige SUS304 Konstruktion<\/h3>\n<p>Hergestellt aus hochwertigem SUS304-Edelstahl mit mehreren Dickenoptionen f\u00fcr lang anhaltende Leistung<\/p>\n<h3>Leicht zu reinigende R10-Ecken<\/h3>\n<p>Glatte, abgerundete Ecken reduzieren Schmutzfallen und machen das Abwischen der Sp\u00fcle einfach und schnell<\/p>\n<h3>X-f\u00f6rmige Entw\u00e4sserungsrillen<\/h3>\n<p>Strategisch platzierte Rillen leiten das Wasser zum standardm\u00e4\u00dfigen 3,5-Zoll-Abfluss, um Wasseransammlungen zu verhindern<\/p>\n<h3>Auswahl an Oberfl\u00e4chen<\/h3>\n<p>Erh\u00e4ltlich in geb\u00fcrstet, Nano-Schwarz und Gun Grey, passend zu verschiedenen K\u00fcchenstilen<\/p>\n<h3>Neigung und Oberfl\u00e4chenbehandlung von Pr\u00e4zisionsabflussplatten<\/h3>\n<p>Ein ausgekl\u00fcgeltes Gef\u00e4lle und langlebige Oberfl\u00e4chenbeschichtungen sorgen f\u00fcr eine effiziente Entw\u00e4sserung und eine dauerhafte Oberfl\u00e4che<\/p>\n<h3>Lebenslanger After-Sales-Support<\/h3>\n<p>Lebenslanger Kundendienst und ein engagiertes Forschungs- und Entwicklungsteam sorgen f\u00fcr st\u00e4ndigen Seelenfrieden<\/p>","protected":false},"excerpt":{"rendered":"<p>Werten Sie Ihre K\u00fcche mit unserer Edelstahlsp\u00fcle mit integrierter Abtropffl\u00e4che auf. Dieses ger\u00e4umige 1160 mm lange Modell kombiniert zwei 230 mm tiefe Becken mit effizienten X-f\u00f6rmigen Abflussrillen und abgerundeten Ecken f\u00fcr eine einfache Reinigung. Gefertigt aus hochwertigem SUS304-Edelstahl mit mehreren Oberfl\u00e4chenoptionen, bietet es die perfekte Balance zwischen Funktionalit\u00e4t und Stil f\u00fcr moderne K\u00fcchen.<\/p>\n<p>Modell: JSD 11646-N<br \/>\n\u00c4u\u00dfere Abmessungen: 1160X460MM<br \/>\nInnere Abmessungen: 327X420MM<br \/>\nTiefe: 230MM<br \/>\nMaterial: SUS201\/SUS304\/SUS316<br \/>\nDicke: 0,95\/1,05\/1,15\/1,35MM\/anpassbar<br \/>\nOberfl\u00e4che: B\u00fcrste\/Nano Black\/Matte Black\/Gun Grey\/Gold<br \/>\nEinzelverpackung: 1210X510X290MM<br \/>\nNettogewicht: 13KG<br \/>\nBruttogewicht: 14.5KG<br \/>\nMOQ: 5-10PCS<\/p>","protected":false},"featured_media":1229,"template":"","meta":{"_gspb_post_css":""},"product_brand":[],"product_cat":[18],"product_tag":[42],"class_list":{"0":"post-600","1":"product","2":"type-product","3":"status-publish","4":"has-post-thumbnail","6":"product_cat-workstation-sink","7":"product_tag-dual-basin-sink-integrated-drainboard-modern-kitchen-sink","9":"first","10":"instock","11":"shipping-taxable","12":"product-type-simple"},"_links":{"self":[{"href":"https:\/\/jsd-sinks.com\/de\/wp-json\/wp\/v2\/product\/600","targetHints":{"allow":["GET"]}}],"collection":[{"href":"https:\/\/jsd-sinks.com\/de\/wp-json\/wp\/v2\/product"}],"about":[{"href":"https:\/\/jsd-sinks.com\/de\/wp-json\/wp\/v2\/types\/product"}],"wp:featuredmedia":[{"embeddable":true,"href":"https:\/\/jsd-sinks.com\/de\/wp-json\/wp\/v2\/media\/1229"}],"wp:attachment":[{"href":"https:\/\/jsd-sinks.com\/de\/wp-json\/wp\/v2\/media?parent=600"}],"wp:term":[{"taxonomy":"product_brand","embeddable":true,"href":"https:\/\/jsd-sinks.com\/de\/wp-json\/wp\/v2\/product_brand?post=600"},{"taxonomy":"product_cat","embeddable":true,"href":"https:\/\/jsd-sinks.com\/de\/wp-json\/wp\/v2\/product_cat?post=600"},{"taxonomy":"product_tag","embeddable":true,"href":"https:\/\/jsd-sinks.com\/de\/wp-json\/wp\/v2\/product_tag?post=600"}],"curies":[{"name":"wp","href":"https:\/\/api.w.org\/{rel}","templated":true}]}}