{"id":289,"date":"2025-11-22T08:59:20","date_gmt":"2025-11-22T08:59:20","guid":{"rendered":"https:\/\/jsd-sinks.com\/?post_type=product&#038;p=289"},"modified":"2025-12-13T03:40:15","modified_gmt":"2025-12-13T03:40:15","slug":"elegant-cascade-fountain-sink-with-waterfall","status":"publish","type":"product","link":"https:\/\/jsd-sinks.com\/de\/elegant-cascade-fountain-sink-with-waterfall\/","title":{"rendered":"Elegantes Kaskaden-Brunnenbecken mit integriertem Wasserfall JSD001"},"content":{"rendered":"<h2><strong>Die Springbrunnensp\u00fcle: Wo die Gelassenheit des Wasserfalls auf funktionale Kunst trifft<\/strong><\/h2>\n<h3 class=\"ds-markdown-paragraph\"><strong>Das Ritual neu definieren: Eine Sinnesoase in Ihrer K\u00fcche<\/strong><\/h3>\n<p>Verwandeln Sie Ihre K\u00fcche von einem rein funktionalen Raum in eine pers\u00f6nliche Oase der Ruhe mit unserer revolution\u00e4ren Fountain Sp\u00fcle. Es handelt sich nicht nur um eine Armatur, sondern um ein funktionales Kunstwerk, das die Sinne anspricht und das t\u00e4gliche Ritual des H\u00e4ndewaschens neu definiert. Das entscheidende Merkmal ist ein anmutiges, integriertes Wasserspiel, bei dem das Wasser elegant \u00fcber eine geformte Schwelle oder ein Wehr in das darunter liegende Hauptbecken flie\u00dft. Dadurch entsteht das beruhigende, kontinuierliche Ger\u00e4usch eines sanften Wasserfalls, das einen Moment der Ruhe und eine Spa-\u00e4hnliche Atmosph\u00e4re direkt in Ihrem eigenen Zuhause bietet.<\/p>\n<p><img decoding=\"async\" class=\"size-medium wp-image-1188\" src=\"https:\/\/jsd-sinks.com\/wp-content\/uploads\/2025\/11\/1-11-300x300.jpg\" alt=\"Springbrunnen Waschbecken\" width=\"300\" height=\"300\" title=\"\" srcset=\"https:\/\/jsd-sinks.com\/wp-content\/uploads\/2025\/11\/1-11-300x300.jpg 300w, https:\/\/jsd-sinks.com\/wp-content\/uploads\/2025\/11\/1-11-100x100.jpg 100w, https:\/\/jsd-sinks.com\/wp-content\/uploads\/2025\/11\/1-11-600x600.jpg 600w, https:\/\/jsd-sinks.com\/wp-content\/uploads\/2025\/11\/1-11-500x500.jpg 500w, https:\/\/jsd-sinks.com\/wp-content\/uploads\/2025\/11\/1-11-150x150.jpg 150w, https:\/\/jsd-sinks.com\/wp-content\/uploads\/2025\/11\/1-11-768x768.jpg 768w, https:\/\/jsd-sinks.com\/wp-content\/uploads\/2025\/11\/1-11-12x12.jpg 12w, https:\/\/jsd-sinks.com\/wp-content\/uploads\/2025\/11\/1-11.jpg 800w\" sizes=\"(max-width: 300px) 100vw, 300px\" \/><\/p>\n<h3><strong>Nahtlose Handwerkskunst: Sch\u00f6nheit auf Dauer gebaut<\/strong><\/h3>\n<p>Dieser Waschtisch im Stil eines Springbrunnens vereint \u00c4sthetik und Langlebigkeit und ist sorgf\u00e4ltig aus hochwertigem Edelstahl gefertigt, der eine bemerkenswert glatte, nahtlose Oberfl\u00e4che bietet, die nicht nur sch\u00f6n aussieht, sondern auch au\u00dfergew\u00f6hnlich hygienisch und pflegeleicht ist und Flecken und Bakterien widersteht. Das monolithische Design eliminiert schwer zug\u00e4ngliche Ritzen, so dass die Reinigung ein einfaches Abwischen ist.<\/p>\n<h3><strong>Entworfen f\u00fcr Anmut: Praktische Eleganz und Umgebungslicht<\/strong><\/h3>\n<p>Das Design ist nicht nur \u00e4sthetisch ansprechend, sondern auch \u00e4u\u00dferst praktisch. Der kaskadenf\u00f6rmige Wasserstrahl minimiert das Spritzen und h\u00e4lt die Umgebung trockener und sauberer. Das gro\u00dfz\u00fcgige Becken bietet ausreichend Platz f\u00fcr eine bequeme Nutzung, w\u00e4hrend das integrierte Font\u00e4nenelement mit LED-Beleuchtung subtil beleuchtet werden kann, um die visuelle Dramatik zu verst\u00e4rken und ein faszinierendes Ambiente f\u00fcr die Nutzung am Abend zu schaffen.<\/p>\n<h3 class=\"ds-markdown-paragraph\"><strong>Mehr als nur ein Waschbecken: Ein transformatives Statement f\u00fcr jeden Raum<\/strong><\/h3>\n<p>Das Fountain Waschbecken ist mehr als nur ein Waschbecken - es ist ein Erlebnis. Es ist ideal f\u00fcr moderne Wohnungen, Luxushotels, hochwertige Einzelhandelsgesch\u00e4fte und Wellnesszentren. Es dient als atemberaubender Mittelpunkt, der das Engagement f\u00fcr anspruchsvolles Design, unvergleichliche Qualit\u00e4t und ganzheitliches Wohlbefinden widerspiegelt und eine gew\u00f6hnliche Ecke Ihres Raumes in ein au\u00dfergew\u00f6hnliches Heiligtum verwandelt.<\/p>","protected":false},"excerpt":{"rendered":"<p>Werten Sie Ihren Raum mit unserem Fountain Sink auf, einer atemberaubenden Verschmelzung von Kunst und Funktion. Dieses Mittelst\u00fcck verf\u00fcgt \u00fcber eine integrierte, sanfte Wasserkaskade, die in das Becken flie\u00dft und ein ruhiges, spa\u00e4hnliches Ambiente schafft. Gefertigt aus hochwertigen, langlebigen Materialien wie Stein oder massivem Harz, bietet es eine nahtlose, leicht zu reinigende Oberfl\u00e4che. Perfekt f\u00fcr moderne K\u00fcchen, luxuri\u00f6se Spas oder einzigartige gewerbliche Einrichtungen, verwandelt es das routinem\u00e4\u00dfige H\u00e4ndewaschen in ein erfrischendes, sinnliches Erlebnis. Setzen Sie ein dramatisches Stil-Statement und genie\u00dfen Sie unvergleichliche Eleganz.<\/p>","protected":false},"featured_media":486,"template":"","meta":{"_gspb_post_css":""},"product_brand":[],"product_cat":[16],"product_tag":[28],"class_list":{"0":"post-289","1":"product","2":"type-product","3":"status-publish","4":"has-post-thumbnail","6":"product_cat-waterfall-sink","7":"product_tag-fountain-sink-waterfall-sink-luxury-kitchen","9":"first","10":"instock","11":"shipping-taxable","12":"product-type-simple"},"_links":{"self":[{"href":"https:\/\/jsd-sinks.com\/de\/wp-json\/wp\/v2\/product\/289","targetHints":{"allow":["GET"]}}],"collection":[{"href":"https:\/\/jsd-sinks.com\/de\/wp-json\/wp\/v2\/product"}],"about":[{"href":"https:\/\/jsd-sinks.com\/de\/wp-json\/wp\/v2\/types\/product"}],"wp:featuredmedia":[{"embeddable":true,"href":"https:\/\/jsd-sinks.com\/de\/wp-json\/wp\/v2\/media\/486"}],"wp:attachment":[{"href":"https:\/\/jsd-sinks.com\/de\/wp-json\/wp\/v2\/media?parent=289"}],"wp:term":[{"taxonomy":"product_brand","embeddable":true,"href":"https:\/\/jsd-sinks.com\/de\/wp-json\/wp\/v2\/product_brand?post=289"},{"taxonomy":"product_cat","embeddable":true,"href":"https:\/\/jsd-sinks.com\/de\/wp-json\/wp\/v2\/product_cat?post=289"},{"taxonomy":"product_tag","embeddable":true,"href":"https:\/\/jsd-sinks.com\/de\/wp-json\/wp\/v2\/product_tag?post=289"}],"curies":[{"name":"wp","href":"https:\/\/api.w.org\/{rel}","templated":true}]}}