{"id":1262,"date":"2025-12-12T09:33:20","date_gmt":"2025-12-12T09:33:20","guid":{"rendered":"https:\/\/jsd-sinks.com\/?post_type=product&#038;p=1262"},"modified":"2025-12-12T09:33:20","modified_gmt":"2025-12-12T09:33:20","slug":"elegant-and-multifunctional-sink-soap-dispenser","status":"publish","type":"product","link":"https:\/\/jsd-sinks.com\/de\/elegant-and-multifunctional-sink-soap-dispenser\/","title":{"rendered":"Eleganter und multifunktionaler Waschbeckenseifenspender f\u00fcr moderne R\u00e4ume"},"content":{"rendered":"<h2 class=\"ds-markdown-paragraph\"><strong>Schlankes Design und robuste Konstruktion<\/strong><\/h2>\n<p data-start=\"570\" data-end=\"1161\">Dieser Seifenspender f\u00fcr den Sp\u00fcleneinbau bringt Komfort, Effizienz und Stil in jede moderne K\u00fcche oder jedes Badezimmer. Der Pumpenkopf aus hochwertigem Edelstahl sorgt f\u00fcr Langlebigkeit und ein elegantes Aussehen, das zu einer Vielzahl von Sp\u00fclen- und Armaturendesigns passt. Die korrosionsbest\u00e4ndige Oberfl\u00e4che sorgt daf\u00fcr, dass die Pumpe auch in Umgebungen, in denen sie Wasser, Seife und Reinigungsfl\u00fcssigkeiten ausgesetzt ist, ihren Glanz und ihre Leistung beibeh\u00e4lt. Sie ist in verschiedenen Ausf\u00fchrungen wie Chrom, mattschwarz, geb\u00fcrstetem Nickel und Gold erh\u00e4ltlich und erm\u00f6glicht es dem Benutzer, seinen Raum mit einem koordinierten, eleganten Look auszustatten.<\/p>\n<p><img decoding=\"async\" class=\"size-medium wp-image-1263\" src=\"https:\/\/jsd-sinks.com\/wp-content\/uploads\/2025\/12\/\u56fe\u72473-300x300.jpg\" alt=\"Seifenspender f\u00fcr Waschbecken\" width=\"300\" height=\"300\" title=\"\" srcset=\"https:\/\/jsd-sinks.com\/wp-content\/uploads\/2025\/12\/\u56fe\u72473-300x300.jpg 300w, https:\/\/jsd-sinks.com\/wp-content\/uploads\/2025\/12\/\u56fe\u72473-100x100.jpg 100w, https:\/\/jsd-sinks.com\/wp-content\/uploads\/2025\/12\/\u56fe\u72473-600x600.jpg 600w, https:\/\/jsd-sinks.com\/wp-content\/uploads\/2025\/12\/\u56fe\u72473-500x500.jpg 500w, https:\/\/jsd-sinks.com\/wp-content\/uploads\/2025\/12\/\u56fe\u72473-150x150.jpg 150w, https:\/\/jsd-sinks.com\/wp-content\/uploads\/2025\/12\/\u56fe\u72473-768x768.jpg 768w, https:\/\/jsd-sinks.com\/wp-content\/uploads\/2025\/12\/\u56fe\u72473-12x12.jpg 12w, https:\/\/jsd-sinks.com\/wp-content\/uploads\/2025\/12\/\u56fe\u72473.jpg 800w\" sizes=\"(max-width: 300px) 100vw, 300px\" \/><\/p>\n<h3 class=\"ds-markdown-paragraph\"><strong>Gro\u00dfe nachf\u00fcllbare Flasche &amp; einfache Installation<\/strong><\/h3>\n<p data-start=\"1163\" data-end=\"1724\">Der Spender verf\u00fcgt \u00fcber eine gro\u00dfe nachf\u00fcllbare 320-ml-Flasche aus hochwertigem, verdicktem Kunststoff, der resistent gegen Risse und chemische Korrosion ist. Das Design mit breiter \u00d6ffnung erm\u00f6glicht ein schnelles und einfaches Nachf\u00fcllen, w\u00e4hrend der lange Gewindeschaft die Kompatibilit\u00e4t mit den meisten Standard-Sp\u00fclbecken\u00f6ffnungen gew\u00e4hrleistet. Nach der Installation sitzt die Flasche diskret unter der Arbeitsplatte, spart Platz und sorgt f\u00fcr eine saubere, aufger\u00e4umte Oberfl\u00e4che. Das Nachf\u00fcllen kann bequem von oben erfolgen, indem der Pumpenkopf einfach herausgezogen wird, was die Flasche praktischer macht als herk\u00f6mmliche Aufsatzflaschen.<\/p>\n<h3 class=\"ds-markdown-paragraph\"><strong>Sanfter und pr\u00e4ziser Pumpenmechanismus<\/strong><\/h3>\n<p data-start=\"1726\" data-end=\"2043\">Der Pumpmechanismus ist so konstruiert, dass bei jedem Druck ein gleichm\u00e4\u00dfiger Seifenfluss entsteht. Er eignet sich gut f\u00fcr Fl\u00fcssigseife, Geschirrsp\u00fclmittel, Lotion, Handdesinfektionsmittel und andere \u00e4hnliche Fl\u00fcssigkeiten. Der verl\u00e4ngerte Auslauf sorgt daf\u00fcr, dass die Seife pr\u00e4zise in das Waschbecken oder auf einen Schwamm abgegeben wird, ohne zu tropfen oder zu spritzen.<\/p>\n<h3 class=\"ds-markdown-paragraph\"><strong>Vielseitige Anwendungen und praktische Vorteile<\/strong><\/h3>\n<p data-start=\"2045\" data-end=\"2480\">Ob bei einer Neuinstallation oder als Nachr\u00fcstung eines vorhandenen Waschbeckens, dieser Einbauspender bietet eine elegante, funktionelle L\u00f6sung f\u00fcr den t\u00e4glichen Reinigungsbedarf. Er hilft, eine minimalistische Arbeitsplatte zu erhalten, reduziert das Durcheinander von Plastikflaschen und verbessert die allgemeine Organisation in K\u00fcche oder Bad. Mit seiner einfachen Installation und langlebigen Konstruktion ist er ein ideales Zubeh\u00f6r f\u00fcr Wohnungen, B\u00fcros, Restaurants und gewerbliche Waschpl\u00e4tze.<\/p>","protected":false},"excerpt":{"rendered":"<p>Dieser Seifenspender f\u00fcr den Sp\u00fcleneinbau verf\u00fcgt \u00fcber einen langlebigen Edelstahl-Pumpenkopf, eine gro\u00dfe nachf\u00fcllbare 320-ml-Flasche und eine einfache Einhandbedienung. Er wurde f\u00fcr K\u00fcchen- oder Badezimmer-Sp\u00fclbecken entwickelt und bietet eine bequeme, unauff\u00e4llige Seifenspendung mit modernem Stil und lang anhaltender Korrosionsbest\u00e4ndigkeit.<\/p>","protected":false},"featured_media":1264,"template":"","meta":{"_gspb_post_css":""},"product_brand":[],"product_cat":[24],"product_tag":[142],"class_list":{"0":"post-1262","1":"product","2":"type-product","3":"status-publish","4":"has-post-thumbnail","6":"product_cat-accessories","7":"product_tag-sink-soap-dispenser-kitchen-accessory-built-in-soap-pump","9":"first","10":"instock","11":"shipping-taxable","12":"product-type-simple"},"_links":{"self":[{"href":"https:\/\/jsd-sinks.com\/de\/wp-json\/wp\/v2\/product\/1262","targetHints":{"allow":["GET"]}}],"collection":[{"href":"https:\/\/jsd-sinks.com\/de\/wp-json\/wp\/v2\/product"}],"about":[{"href":"https:\/\/jsd-sinks.com\/de\/wp-json\/wp\/v2\/types\/product"}],"wp:featuredmedia":[{"embeddable":true,"href":"https:\/\/jsd-sinks.com\/de\/wp-json\/wp\/v2\/media\/1264"}],"wp:attachment":[{"href":"https:\/\/jsd-sinks.com\/de\/wp-json\/wp\/v2\/media?parent=1262"}],"wp:term":[{"taxonomy":"product_brand","embeddable":true,"href":"https:\/\/jsd-sinks.com\/de\/wp-json\/wp\/v2\/product_brand?post=1262"},{"taxonomy":"product_cat","embeddable":true,"href":"https:\/\/jsd-sinks.com\/de\/wp-json\/wp\/v2\/product_cat?post=1262"},{"taxonomy":"product_tag","embeddable":true,"href":"https:\/\/jsd-sinks.com\/de\/wp-json\/wp\/v2\/product_tag?post=1262"}],"curies":[{"name":"wp","href":"https:\/\/api.w.org\/{rel}","templated":true}]}}