{"id":812,"date":"2025-12-02T07:00:42","date_gmt":"2025-12-02T07:00:42","guid":{"rendered":"https:\/\/jsd-sinks.com\/?post_type=product&#038;p=812"},"modified":"2025-12-13T02:55:44","modified_gmt":"2025-12-13T02:55:44","slug":"single-undermount-sink-perfect-for-small-spaces","status":"publish","type":"product","link":"https:\/\/jsd-sinks.com\/ar\/single-undermount-sink-perfect-for-small-spaces\/","title":{"rendered":"\u062d\u0648\u0636 \u063a\u0633\u064a\u0644 \u0633\u0641\u0644\u064a \u0648\u0627\u062d\u062f \u0635\u063a\u064a\u0631 \u0627\u0644\u062d\u062c\u0645 - 450 \u00d7 400 \u0645\u0645 \u0645\u062b\u0627\u0644\u064a \u0644\u0644\u0645\u0633\u0627\u062d\u0627\u062a \u0627\u0644\u0635\u063a\u064a\u0631\u0629 US4045G"},"content":{"rendered":"<h2 data-start=\"0\" data-end=\"34\">\u062d\u0648\u0636 \u0627\u0644\u063a\u0633\u064a\u0644 \u0627\u0644\u0633\u0641\u0644\u064a \u0627\u0644\u0641\u0631\u062f\u064a US4045G US4045G<\/h2>\n<p data-start=\"35\" data-end=\"91\"><strong data-start=\"35\" data-end=\"91\">\u0642\u0648\u0629 \u0645\u062f\u0645\u062c\u0629 \u0645\u0639 \u0634\u0639\u0648\u0631 \u0645\u062f\u0647\u0634 \u0628\u0627\u0644\u0631\u062d\u0627\u0628\u0629<\/strong><\/p>\n<p data-start=\"93\" data-end=\"494\">\u0641\u0643\u0631 \u0641\u064a \u0645\u0633\u0627\u062d\u0629 \u0635\u063a\u064a\u0631\u0629 \u0648\u0641\u0627\u0626\u062f\u0629 \u0643\u0628\u064a\u0631\u0629. \u062a\u0645 \u062a\u0635\u0645\u064a\u0645 US4045G \u0644\u0644\u0645\u0637\u0627\u0628\u062e \u0627\u0644\u062d\u0642\u064a\u0642\u064a\u0629 \u062d\u064a\u062b \u062a\u0643\u0648\u0646 \u0627\u0644\u0645\u0633\u0627\u062d\u0629 \u0636\u064a\u0642\u0629 \u0648\u0644\u0643\u0646 \u0627\u0644\u0645\u0639\u0627\u064a\u064a\u0631 \u0644\u064a\u0633\u062a \u0643\u0630\u0644\u0643 - \u0645\u062d\u0637\u0627\u062a \u0625\u0639\u062f\u0627\u062f \u0627\u0644\u0634\u0642\u0642\u060c \u0623\u0648 \u0627\u0644\u062d\u0627\u0646\u0627\u062a \u0627\u0644\u0631\u0637\u0628\u0629\u060c \u0623\u0648 \u063a\u0631\u0641 \u0627\u0644\u063a\u0633\u064a\u0644\u060c \u0623\u0648 \u062d\u0648\u0636 \u062b\u0627\u0646\u064d \u064a\u0633\u062a\u062d\u0642 \u0645\u0643\u0627\u0646\u0647 \u0628\u0627\u0644\u0641\u0639\u0644. \u0628\u0645\u0642\u0627\u0633 450 \u00d7 400 \u0645\u0645 \u0645\u0639 \u0648\u0639\u0627\u0621 \u0645\u0642\u0627\u0633 404 \u00d7 354 \u0645\u0645 \u0648\u0639\u0645\u0642 230 \u0645\u0645\u060c \u064a\u0645\u0646\u062d\u0643 \u0645\u0633\u0627\u062d\u0629 \u0644\u0634\u0637\u0641 \u0627\u0644\u0633\u0644\u0637\u0629 \u0623\u0648 \u0646\u0642\u0639 \u0627\u0644\u0645\u0642\u0644\u0627\u0629 \u0623\u0648 \u0634\u0637\u0641 \u0627\u0644\u0645\u0646\u062a\u062c\u0627\u062a \u062f\u0648\u0646 \u062a\u062d\u0648\u064a\u0644 \u0627\u0644\u062d\u0648\u0636 \u0625\u0644\u0649 \u0645\u0646\u0637\u0642\u0629 \u062a\u0646\u0627\u062b\u0631 \u0627\u0644\u0633\u0648\u0627\u0626\u0644.<\/p>\n<p><img decoding=\"async\" class=\"size-medium wp-image-817\" src=\"https:\/\/jsd-sinks.com\/wp-content\/uploads\/2025\/12\/single-undermount-sink-4-300x300.jpg\" alt=\"\u062d\u0648\u0636 \u0648\u0627\u062d\u062f \u062a\u062d\u062a \u0627\u0644\u062d\u0648\u0636\" width=\"300\" height=\"300\" title=\"\" srcset=\"https:\/\/jsd-sinks.com\/wp-content\/uploads\/2025\/12\/single-undermount-sink-4-300x300.jpg 300w, https:\/\/jsd-sinks.com\/wp-content\/uploads\/2025\/12\/single-undermount-sink-4-100x100.jpg 100w, https:\/\/jsd-sinks.com\/wp-content\/uploads\/2025\/12\/single-undermount-sink-4-600x600.jpg 600w, https:\/\/jsd-sinks.com\/wp-content\/uploads\/2025\/12\/single-undermount-sink-4-500x500.jpg 500w, https:\/\/jsd-sinks.com\/wp-content\/uploads\/2025\/12\/single-undermount-sink-4-150x150.jpg 150w, https:\/\/jsd-sinks.com\/wp-content\/uploads\/2025\/12\/single-undermount-sink-4-768x768.jpg 768w, https:\/\/jsd-sinks.com\/wp-content\/uploads\/2025\/12\/single-undermount-sink-4-12x12.jpg 12w, https:\/\/jsd-sinks.com\/wp-content\/uploads\/2025\/12\/single-undermount-sink-4.jpg 800w\" sizes=\"(max-width: 300px) 100vw, 300px\" \/><\/p>\n<h3 data-start=\"496\" data-end=\"535\">\u0627\u0644\u0634\u0643\u0644 \u0627\u0644\u0630\u064a \u064a\u0628\u062f\u0648 \u0645\u0646\u0637\u0642\u064a\u064b\u0627 \u0643\u0644 \u064a\u0648\u0645<\/h3>\n<p data-start=\"536\" data-end=\"868\">\u0632\u0648\u0627\u064a\u0627 R10 \u0627\u0644\u0645\u0633\u062a\u062f\u064a\u0631\u0629 \u0644\u064a\u0633\u062a \u0645\u0646 \u0642\u0628\u064a\u0644 \u0627\u0644\u0635\u062f\u0641\u0629 - \u0641\u0647\u064a \u062a\u0632\u064a\u0644 \u0627\u0644\u0632\u0648\u0627\u064a\u0627 \u0627\u0644\u062a\u064a \u062a\u062d\u062a\u0641\u0638 \u0628\u0627\u0644\u0623\u0648\u0633\u0627\u062e \u0648\u0627\u0644\u062a\u064a \u062a\u062c\u0639\u0644 \u0627\u0644\u062a\u0646\u0638\u064a\u0641 \u064a\u0628\u062f\u0648 \u0648\u0643\u0623\u0646\u0647 \u0639\u0645\u0644 \u0631\u0648\u062a\u064a\u0646\u064a. \u064a\u0635\u0628\u062d \u0645\u0633\u062d \u0627\u0644\u0648\u0639\u0627\u0621 \u0633\u0631\u064a\u0639\u064b\u0627 \u0648\u0645\u0631\u0636\u064a\u064b\u0627 \u0644\u0623\u0646\u0647 \u0644\u0627 \u064a\u0648\u062c\u062f \u0645\u0643\u0627\u0646 \u062a\u062e\u062a\u0628\u0626 \u0641\u064a\u0647 \u0627\u0644\u0641\u0648\u0636\u0649. \u064a\u062d\u0627\u0641\u0638 \u0627\u0644\u0645\u0638\u0647\u0631 \u0627\u0644\u062c\u0627\u0646\u0628\u064a \u0627\u0644\u0633\u0641\u0644\u064a \u0639\u0644\u0649 \u062d\u0627\u0641\u0629 \u0633\u0637\u062d \u0627\u0644\u0639\u0645\u0644 \u0646\u0638\u064a\u0641\u0629 \u0628\u062d\u064a\u062b \u062a\u0646\u0633\u0627\u0628 \u0627\u0644\u0641\u062a\u0627\u062a \u0645\u0628\u0627\u0634\u0631\u0629\u064b\u060c \u0648\u062a\u0628\u062f\u0648 \u0627\u0644\u0645\u0646\u0637\u0642\u0629 \u0628\u0623\u0643\u0645\u0644\u0647\u0627 \u0645\u0631\u062a\u0628\u0629 \u0641\u064a \u0644\u0645\u062d\u0629 \u0633\u0631\u064a\u0639\u0629.<\/p>\n<h3 data-start=\"870\" data-end=\"900\">\u062a\u0635\u0631\u064a\u0641 \u0647\u0627\u062f\u0626 \u0648\u0639\u0645\u0644\u064a<\/h3>\n<p data-start=\"901\" data-end=\"1233\">\u0627\u0646\u0638\u0631 \u0639\u0646 \u0643\u062b\u0628 \u0648\u0633\u062a\u062c\u062f \u0623\u062e\u0627\u062f\u064a\u062f X \u062f\u0642\u064a\u0642\u0629 \u0641\u064a \u0627\u0644\u0642\u0627\u0639\u062f\u0629. \u0625\u0646\u0647\u0627 \u0644\u064a\u0633\u062a \u0645\u0628\u0647\u0631\u062c\u0629\u060c \u0644\u0643\u0646\u0647\u0627 \u062a\u0639\u0645\u0644: \u064a\u062a\u0645 \u062a\u0648\u062c\u064a\u0647 \u0627\u0644\u0645\u0627\u0621 \u0628\u0631\u0641\u0642 \u0646\u062d\u0648 \u0627\u0644\u0645\u0635\u0631\u0641 \u0627\u0644\u0645\u0631\u0643\u0632\u064a\u060c \u0628\u062d\u064a\u062b \u062a\u062e\u062a\u0641\u064a \u0627\u0644\u0628\u0631\u0643 \u0648\u064a\u062c\u0641 \u0627\u0644\u062d\u0648\u0636 \u0628\u0634\u0643\u0644 \u0623\u0633\u0631\u0639. \u064a\u0633\u062a\u062e\u062f\u0645 \u0627\u0644\u062d\u0648\u0636 \u0641\u062a\u062d\u0629 \u062a\u0635\u0631\u064a\u0641 \u0642\u064a\u0627\u0633\u064a\u0629 \u0628\u0642\u064a\u0627\u0633 3.5 \u0628\u0648\u0635\u0629\u060c \u0645\u0645\u0627 \u064a\u062c\u0639\u0644 \u0627\u0644\u062a\u0631\u0643\u064a\u0628 \u0628\u0633\u064a\u0637\u0627\u064b \u0648\u0645\u062a\u0648\u0627\u0641\u0642\u0627\u064b \u0645\u0639 \u0645\u0639\u0638\u0645 \u0627\u0644\u0645\u0635\u0627\u0641\u064a \u0648\u0627\u0644\u0645\u0635\u0627\u0631\u0641 \u0627\u0644\u0634\u0627\u0626\u0639\u0629.<\/p>\n<h3 data-start=\"1235\" data-end=\"1271\">\u0645\u0635\u0645\u0645\u0629 \u0644\u0644\u0627\u0633\u062a\u062e\u062f\u0627\u0645 \u0627\u0644\u064a\u0648\u0645\u064a \u0627\u0644\u0645\u062a\u064a\u0646<\/h3>\n<p data-start=\"1272\" data-end=\"1556\">\u064a\u062a\u064a\u062d \u0644\u0643 US4045G \u0627\u0644\u0645\u0635\u0646\u0648\u0639 \u0645\u0646 \u0627\u0644\u0641\u0648\u0644\u0627\u0630 \u0627\u0644\u0645\u0642\u0627\u0648\u0645 \u0644\u0644\u0635\u062f\u0623 \u0639\u0627\u0644\u064a \u0627\u0644\u062c\u0648\u062f\u0629 \u0648\u0627\u0644\u0645\u062a\u0648\u0641\u0631 \u0628\u0645\u0642\u0627\u0633\u0627\u062a 0.95 \u0645\u0645 \u06481.05 \u0645\u0645 \u06481.2 \u0645\u0645\u060c \u0627\u062e\u062a\u064a\u0627\u0631 \u0627\u0644\u062a\u0648\u0627\u0632\u0646 \u0628\u064a\u0646 \u0627\u0644\u0648\u0632\u0646 \u0648\u0627\u0644\u0635\u0644\u0627\u0628\u0629 \u0648\u0627\u0644\u062a\u062d\u0643\u0645 \u0641\u064a \u0627\u0644\u0635\u0648\u062a. \u0648\u0647\u064a \u062e\u0641\u064a\u0641\u0629 \u0628\u0645\u0627 \u064a\u0643\u0641\u064a \u0644\u062a\u0631\u0643\u064a\u0628\u0647\u0627 \u0628\u0633\u0647\u0648\u0644\u0629 \u062d\u064a\u062b \u064a\u0628\u0644\u063a \u0648\u0632\u0646\u0647\u0627 \u0627\u0644\u0635\u0627\u0641\u064a 4.0 \u0643\u062c\u0645 \u0648\u062a\u0635\u0644 \u0645\u062d\u0645\u064a\u0629 \u0628\u0634\u0643\u0644 \u062c\u064a\u062f \u0641\u064a \u0635\u0646\u062f\u0648\u0642 \u0645\u0642\u0627\u0633 500 \u00d7 450 \u00d7 290 \u0645\u0645.<\/p>\n<h3 data-start=\"1558\" data-end=\"1602\">\u0627\u0644\u062f\u0639\u0645 \u0627\u0644\u0639\u0645\u0644\u064a \u0648\u0627\u0644\u062b\u0642\u0629 \u0639\u0644\u0649 \u0627\u0644\u0645\u062f\u0649 \u0627\u0644\u0637\u0648\u064a\u0644<\/h3>\n<p data-start=\"1603\" data-end=\"1866\">\u0645\u062f\u0639\u0648\u0645\u064b\u0627 \u0628\u0641\u0631\u064a\u0642 \u0645\u062a\u062e\u0635\u0635 \u0641\u064a \u0627\u0644\u0628\u062d\u062b \u0648\u0627\u0644\u062a\u0637\u0648\u064a\u0631 \u0648\u062e\u062f\u0645\u0629 \u0645\u0627 \u0628\u0639\u062f \u0627\u0644\u0628\u064a\u0639 \u0645\u062f\u0649 \u0627\u0644\u062d\u064a\u0627\u0629\u060c \u0641\u0625\u0646 \u0627\u0644\u062d\u0648\u0636 \u0647\u0648 \u0623\u0643\u062b\u0631 \u0645\u0646 \u0645\u062c\u0631\u062f \u0639\u0645\u0644\u064a\u0629 \u0634\u0631\u0627\u0621 \u0642\u0635\u064a\u0631\u0629 \u0627\u0644\u0623\u062c\u0644 - \u0625\u0646\u0647 \u062c\u0632\u0621 \u0645\u062f\u0639\u0648\u0645 \u0645\u0646 \u0645\u0637\u0628\u062e\u0643 \u0644\u0633\u0646\u0648\u0627\u062a \u0642\u0627\u062f\u0645\u0629. \u0633\u0648\u0627\u0621 \u0643\u0646\u062a \u062a\u0631\u063a\u0628 \u0641\u064a \u0627\u0644\u062d\u0635\u0648\u0644 \u0639\u0644\u0649 \u0627\u0644\u0645\u0634\u0648\u0631\u0629 \u0628\u0634\u0623\u0646 \u0627\u0644\u062a\u0631\u0643\u064a\u0628\u060c \u0623\u0648 \u0645\u0642\u064a\u0627\u0633 \u0645\u062e\u0635\u0635\u060c \u0623\u0648 \u0642\u0637\u0639 \u063a\u064a\u0627\u0631\u060c \u0641\u0625\u0646 \u0627\u0644\u0645\u0633\u0627\u0639\u062f\u0629 \u0645\u062a\u0648\u0641\u0631\u0629.<\/p>\n<h3 data-start=\"1868\" data-end=\"1885\">\u0633\u0628\u0628 \u0646\u062c\u0627\u062d\u0647\u0627<\/h3>\n<ul data-start=\"1886\" data-end=\"2212\">\n<li data-start=\"1886\" data-end=\"1937\">\n<p data-start=\"1888\" data-end=\"1937\">\u0623\u0628\u0639\u0627\u062f \u0645\u0648\u0641\u0631\u0629 \u0644\u0644\u0645\u0633\u0627\u062d\u0629 \u0645\u0639 \u0639\u0645\u0642 \u062d\u0642\u064a\u0642\u064a \u0648\u0642\u0627\u0628\u0644 \u0644\u0644\u0627\u0633\u062a\u062e\u062f\u0627\u0645<\/p>\n<\/li>\n<li data-start=\"1938\" data-end=\"1987\">\n<p data-start=\"1940\" data-end=\"1987\">\u0632\u0648\u0627\u064a\u0627 \u0645\u0633\u062a\u062f\u064a\u0631\u0629 \u0644\u0644\u062a\u0646\u0638\u064a\u0641 \u0648\u0627\u0644\u0646\u0638\u0627\u0641\u0629 \u0627\u0644\u0633\u0631\u064a\u0639\u0629<\/p>\n<\/li>\n<li data-start=\"1988\" data-end=\"2051\">\n<p data-start=\"1990\" data-end=\"2051\">\u062a\u0635\u0631\u064a\u0641 \u0639\u0644\u0649 \u0634\u0643\u0644 \u0623\u062e\u062f\u0648\u062f X \u0644\u062a\u0642\u0644\u064a\u0644 \u0627\u0644\u0645\u064a\u0627\u0647 \u0627\u0644\u0631\u0627\u0643\u062f\u0629 \u0648\u062a\u062c\u0641\u064a\u0641 \u0623\u0633\u0631\u0639<\/p>\n<\/li>\n<li data-start=\"2052\" data-end=\"2113\">\n<p data-start=\"2054\" data-end=\"2113\">\u062e\u064a\u0627\u0631\u0627\u062a \u0642\u064a\u0627\u0633 \u0645\u062a\u0639\u062f\u062f\u0629 \u0644\u0642\u064a\u0627\u0633 \u0627\u0644\u0645\u062a\u0627\u0646\u0629 \u0623\u0648 \u0627\u0644\u062a\u0631\u0643\u064a\u0628\u0627\u062a \u0627\u0644\u0623\u062e\u0641 \u0648\u0632\u0646\u0627\u064b<\/p>\n<\/li>\n<li data-start=\"2114\" data-end=\"2164\">\n<p data-start=\"2116\" data-end=\"2164\">\u062a\u0648\u0627\u0641\u0642 \u0627\u0644\u062a\u0635\u0631\u064a\u0641 \u0627\u0644\u0642\u064a\u0627\u0633\u064a \u0644\u0633\u0647\u0648\u0644\u0629 \u0627\u0644\u0633\u0628\u0627\u0643\u0629<\/p>\n<\/li>\n<li data-start=\"2165\" data-end=\"2212\">\n<p data-start=\"2167\" data-end=\"2212\">\u062e\u0641\u064a\u0641 \u0648\u0645\u063a\u0644\u0641 \u0628\u0634\u0643\u0644 \u062c\u064a\u062f \u0648\u0645\u062f\u0639\u0648\u0645 \u0639\u0644\u0649 \u0627\u0644\u0645\u062f\u0649 \u0627\u0644\u0637\u0648\u064a\u0644<\/p>\n<\/li>\n<\/ul>","protected":false},"excerpt":{"rendered":"<p>US4045G \u062d\u0648\u0636 \u0633\u0641\u0644\u064a \u0648\u0627\u062d\u062f US4045G. \u062a\u0635\u0645\u064a\u0645 \u0645\u0648\u0641\u0631 \u0644\u0644\u0645\u0633\u0627\u062d\u0629 450 \u00d7 400 \u0645\u0645 \u0645\u0639 \u0648\u0639\u0627\u0621 \u0639\u0645\u0644\u064a 404 \u00d7 354 \u0645\u0645 \u0648\u0639\u0645\u0642 230 \u0645\u0645. \u064a\u062a\u0645\u064a\u0632 \u0628\u0632\u0648\u0627\u064a\u0627 \u062f\u0627\u0626\u0631\u064a\u0629 \u0633\u0647\u0644\u0629 \u0627\u0644\u062a\u0646\u0638\u064a\u0641\u060c \u0648\u0623\u062e\u0627\u062f\u064a\u062f \u062a\u0635\u0631\u064a\u0641 \u0641\u0639\u0627\u0644\u0629 \u0639\u0644\u0649 \u0634\u0643\u0644 X\u060c \u0648\u0641\u062a\u062d\u0629 \u0642\u064a\u0627\u0633\u064a\u0629 3.5 \u0628\u0648\u0635\u0629. \u062e\u0641\u064a\u0641 \u0627\u0644\u0648\u0632\u0646 (4 \u0643\u062c\u0645)\u060c \u0645\u062a\u0648\u0641\u0631 \u0628\u0645\u0642\u0627\u0633 0.95\/1.05\/1.2 \u0645\u0645\u060c \u0645\u062f\u0639\u0648\u0645 \u0628\u062e\u062f\u0645\u0629 \u0645\u062f\u0649 \u0627\u0644\u062d\u064a\u0627\u0629.<\/p>\n<p>\u0627\u0644\u0645\u0648\u062f\u064a\u0644: US4045G<br \/>\n\u0627\u0644\u0623\u0628\u0639\u0627\u062f \u0627\u0644\u062e\u0627\u0631\u062c\u064a\u0629: 450 \u00d7 400 \u0645\u0645<br \/>\n\u0627\u0644\u0623\u0628\u0639\u0627\u062f \u0627\u0644\u062f\u0627\u062e\u0644\u064a\u0629: 404 \u00d7 354 \u0645\u0645<br \/>\n\u0627\u0644\u0639\u0645\u0642: 230 \u0645\u0645<br \/>\n\u0627\u0644\u0633\u064f\u0645\u0643: 0.95\/1.05\/1.05\/1.2 \u0645\u0645\/\u0627\u0644\u062a\u062e\u0635\u064a\u0635<br \/>\n\u0623\u0628\u0639\u0627\u062f \u0627\u0644\u0639\u0628\u0648\u0629 \u0627\u0644\u0641\u0631\u062f\u064a\u0629: 500 \u00d7 450 \u00d7 450 \u00d7 290 \u0645\u0645<br \/>\n\u0627\u0644\u0648\u0632\u0646 \u0627\u0644\u0635\u0627\u0641\u064a: 4 \u0643\u062c\u0645<br \/>\n\u0627\u0644\u0648\u0632\u0646 \u0627\u0644\u0625\u062c\u0645\u0627\u0644\u064a: 5.5 \u0643\u062c\u0645<\/p>","protected":false},"featured_media":814,"template":"","meta":{"_gspb_post_css":""},"product_brand":[],"product_cat":[20],"product_tag":[78,64,81],"class_list":{"0":"post-812","1":"product","2":"type-product","3":"status-publish","4":"has-post-thumbnail","6":"product_cat-undermount-sink","7":"product_tag-single-bowl-sink","8":"product_tag-stainless-steel-sink","9":"product_tag-undermount-sink","11":"first","12":"instock","13":"shipping-taxable","14":"product-type-simple"},"_links":{"self":[{"href":"https:\/\/jsd-sinks.com\/ar\/wp-json\/wp\/v2\/product\/812","targetHints":{"allow":["GET"]}}],"collection":[{"href":"https:\/\/jsd-sinks.com\/ar\/wp-json\/wp\/v2\/product"}],"about":[{"href":"https:\/\/jsd-sinks.com\/ar\/wp-json\/wp\/v2\/types\/product"}],"wp:featuredmedia":[{"embeddable":true,"href":"https:\/\/jsd-sinks.com\/ar\/wp-json\/wp\/v2\/media\/814"}],"wp:attachment":[{"href":"https:\/\/jsd-sinks.com\/ar\/wp-json\/wp\/v2\/media?parent=812"}],"wp:term":[{"taxonomy":"product_brand","embeddable":true,"href":"https:\/\/jsd-sinks.com\/ar\/wp-json\/wp\/v2\/product_brand?post=812"},{"taxonomy":"product_cat","embeddable":true,"href":"https:\/\/jsd-sinks.com\/ar\/wp-json\/wp\/v2\/product_cat?post=812"},{"taxonomy":"product_tag","embeddable":true,"href":"https:\/\/jsd-sinks.com\/ar\/wp-json\/wp\/v2\/product_tag?post=812"}],"curies":[{"name":"\u062f\u0628\u0644\u064a\u0648 \u0628\u064a","href":"https:\/\/api.w.org\/{rel}","templated":true}]}}