{"id":726,"date":"2025-12-01T07:52:38","date_gmt":"2025-12-01T07:52:38","guid":{"rendered":"https:\/\/jsd-sinks.com\/?post_type=product&#038;p=726"},"modified":"2025-12-09T08:50:09","modified_gmt":"2025-12-09T08:50:09","slug":"modern-sink-for-countertop-easy-clean-corners","status":"publish","type":"product","link":"https:\/\/jsd-sinks.com\/ar\/modern-sink-for-countertop-easy-clean-corners\/","title":{"rendered":"\u062d\u0648\u0636 \u062d\u062f\u064a\u062b \u0644\u0633\u0637\u062d \u0627\u0644\u0639\u0645\u0644 \u0645\u0639 \u062a\u0635\u0631\u064a\u0641 \u0639\u0644\u0649 \u0634\u0643\u0644 X \u0648\u0632\u0648\u0627\u064a\u0627 \u0633\u0647\u0644\u0629 \u0627\u0644\u062a\u0646\u0638\u064a\u0641 TS-5040B"},"content":{"rendered":"<h2 data-start=\"235\" data-end=\"352\"><strong data-start=\"235\" data-end=\"281\">\u0645\u063a\u0633\u0644\u0629 TS-5040B \u0644\u0633\u0637\u062d \u0627\u0644\u0639\u0645\u0644 (500 \u00d7 400 \u0645\u0645)<\/strong><\/h2>\n<h3 data-start=\"235\" data-end=\"352\"><strong>\u0628\u0635\u0645\u0629 \u0635\u063a\u064a\u0631\u0629\u060c \u0633\u0639\u0629 \u0643\u0628\u064a\u0631\u0629<\/strong><\/h3>\n<p data-start=\"354\" data-end=\"820\">\u0625\u0630\u0627 \u0643\u0646\u062a \u062a\u0639\u064a\u0634\u064a\u0646 \u0641\u064a \u0645\u0637\u0628\u062e \u0635\u063a\u064a\u0631\u060c \u0641\u0623\u0646\u062a \u062a\u0639\u0631\u0641\u064a\u0646 \u0623\u0646 \u0627\u0644\u0627\u0646\u062a\u0635\u0627\u0631\u0627\u062a \u0627\u0644\u0635\u063a\u064a\u0631\u0629 \u0645\u0647\u0645\u0629: \u0645\u0642\u0644\u0627\u0629 \u062a\u062a\u0633\u0639 \u062f\u0648\u0646 \u0623\u0646 \u062a\u0646\u0642\u0644\u0628 \u0648\u0645\u0646\u0636\u062f\u0629 \u062a\u0628\u0642\u0649 \u062c\u0627\u0641\u0629 \u0648\u062d\u0648\u0636 \u0644\u0627 \u064a\u0642\u0627\u0648\u0645\u0643 \u0639\u0646\u062f\u0645\u0627 \u062a\u0643\u0648\u0646\u064a\u0646 \u0641\u064a \u0645\u0646\u062a\u0635\u0641 \u0627\u0644\u0639\u0634\u0627\u0621. \u062a\u0645 \u062a\u0635\u0645\u064a\u0645 TS-5040B \u0644\u062a\u0644\u0643 \u0627\u0644\u0644\u062d\u0638\u0627\u062a. \u0644\u0644\u0648\u0647\u0644\u0629 \u0627\u0644\u0623\u0648\u0644\u0649\u060c \u064a\u0628\u062f\u0648 \u0644\u0644\u0648\u0647\u0644\u0629 \u0627\u0644\u0623\u0648\u0644\u0649 \u0635\u063a\u064a\u0631 \u0627\u0644\u062d\u062c\u0645\u060c \u0648\u0644\u0643\u0646 \u0628\u0645\u062c\u0631\u062f \u0627\u0633\u062a\u062e\u062f\u0627\u0645\u0647 \u0633\u062a\u0644\u0627\u062d\u0638 \u0645\u0642\u062f\u0627\u0631 \u0627\u0644\u0645\u0633\u0627\u062d\u0629 \u0627\u0644\u062a\u064a \u064a\u0645\u0646\u062d\u0643 \u0625\u064a\u0627\u0647\u0627 \u0627\u0644\u0648\u0639\u0627\u0621 \u0628\u0627\u0644\u0641\u0639\u0644 - 230 \u0645\u0644\u0645 \u0645\u0646 \u0627\u0644\u0639\u0645\u0642 \u0627\u0644\u0630\u064a \u064a\u0628\u062a\u0644\u0639 \u0623\u0648\u0627\u0646\u064a \u0627\u0644\u0645\u0631\u0642 \u0627\u0644\u0637\u0648\u064a\u0644\u0629 \u0648\u0623\u063a\u0637\u064a\u0629 \u0627\u0644\u062e\u0628\u0632 \u062f\u0648\u0646 \u062f\u0631\u0627\u0645\u0627 \u0627\u0644\u0628\u0642\u0639 \u0623\u0648 \u0627\u0644\u0632\u0648\u0627\u064a\u0627 \u0627\u0644\u0645\u062d\u0631\u062c\u0629.<\/p>\n<p><img decoding=\"async\" class=\"size-medium wp-image-1143\" src=\"https:\/\/jsd-sinks.com\/wp-content\/uploads\/2025\/12\/9-5-300x300.jpg\" alt=\"\u0645\u063a\u0633\u0644\u0629 \u0644\u0633\u0637\u062d \u0627\u0644\u0639\u0645\u0644\" width=\"300\" height=\"300\" title=\"\" srcset=\"https:\/\/jsd-sinks.com\/wp-content\/uploads\/2025\/12\/9-5-300x300.jpg 300w, https:\/\/jsd-sinks.com\/wp-content\/uploads\/2025\/12\/9-5-100x100.jpg 100w, https:\/\/jsd-sinks.com\/wp-content\/uploads\/2025\/12\/9-5-600x600.jpg 600w, https:\/\/jsd-sinks.com\/wp-content\/uploads\/2025\/12\/9-5-500x500.jpg 500w, https:\/\/jsd-sinks.com\/wp-content\/uploads\/2025\/12\/9-5-150x150.jpg 150w, https:\/\/jsd-sinks.com\/wp-content\/uploads\/2025\/12\/9-5-768x768.jpg 768w, https:\/\/jsd-sinks.com\/wp-content\/uploads\/2025\/12\/9-5-12x12.jpg 12w, https:\/\/jsd-sinks.com\/wp-content\/uploads\/2025\/12\/9-5.jpg 800w\" sizes=\"(max-width: 300px) 100vw, 300px\" \/><\/p>\n<p data-start=\"822\" data-end=\"1311\"><strong>\u062a\u0641\u0627\u0635\u064a\u0644 \u0645\u062f\u0631\u0648\u0633\u0629 \u0644\u0633\u0647\u0648\u0644\u0629 \u0627\u0644\u062a\u0646\u0638\u064a\u0641<\/strong><\/p>\n<p data-start=\"822\" data-end=\"1311\">\u0633\u064a\u0639\u062c\u0628\u0643 \u0634\u0639\u0648\u0631 \u0627\u0644\u0648\u0639\u0627\u0621 \u0639\u0646\u062f \u0627\u0644\u0634\u0637\u0641 \u0623\u0648 \u0627\u0644\u062a\u0646\u0638\u064a\u0641: \u0627\u0644\u0645\u0633\u0627\u062d\u0629 \u0627\u0644\u062f\u0627\u062e\u0644\u064a\u0629 \u0627\u0644\u0648\u0627\u0633\u0639\u0629 460 \u00d7 400 \u0645\u0645 \u062a\u062c\u0639\u0644 \u0627\u0644\u0645\u0647\u0627\u0645 \u0628\u064a\u062f \u0648\u0627\u062d\u062f\u0629 \u0628\u0633\u064a\u0637\u0629\u060c \u0643\u0645\u0627 \u0623\u0646 \u0627\u0644\u0632\u0648\u0627\u064a\u0627 \u0627\u0644\u0645\u0633\u062a\u062f\u064a\u0631\u0629 \u062a\u062c\u0639\u0644 \u0627\u0644\u0645\u0633\u062d \u0623\u0633\u0631\u0639 (\u0644\u0627 \u062d\u0627\u062c\u0629 \u0644\u0641\u0631\u0643 \u0641\u0631\u0634\u0627\u0629 \u0627\u0644\u0623\u0633\u0646\u0627\u0646 \u0641\u064a \u0627\u0644\u0634\u0642\u0648\u0642 \u0627\u0644\u0635\u063a\u064a\u0631\u0629). \u0623\u062e\u0627\u062f\u064a\u062f \u0627\u0644\u062a\u0635\u0631\u064a\u0641 \u0639\u0644\u0649 \u0634\u0643\u0644 \u062d\u0631\u0641 X \u0647\u064a \u062a\u0641\u0627\u0635\u064a\u0644 \u0635\u063a\u064a\u0631\u0629 \u0630\u0627\u062a \u0645\u0631\u062f\u0648\u062f \u062d\u0642\u064a\u0642\u064a - \u062d\u064a\u062b \u064a\u062a\u062f\u0641\u0642 \u0627\u0644\u0645\u0627\u0621 \u0628\u0639\u064a\u062f\u0627\u064b \u0628\u062f\u0644\u0627\u064b \u0645\u0646 \u0623\u0646 \u064a\u0633\u062a\u0642\u0631 \u0641\u064a \u0627\u0644\u0632\u0648\u0627\u064a\u0627\u060c \u0648\u0628\u0627\u0644\u062a\u0627\u0644\u064a \u064a\u062c\u0641 \u0627\u0644\u062d\u0648\u0636 \u0628\u0634\u0643\u0644 \u0623\u0633\u0631\u0639 \u0648\u0631\u0627\u0626\u062d\u0629 \u0623\u0639\u0630\u0628 \u0628\u064a\u0646 \u0627\u0644\u0627\u0633\u062a\u062e\u062f\u0627\u0645\u0627\u062a. \u0647\u0630\u0627 \u0647\u0648 \u0646\u0648\u0639 \u0627\u0644\u0647\u0646\u062f\u0633\u0629 \u0627\u0644\u0639\u0645\u0644\u064a\u0629 \u0627\u0644\u062a\u064a \u0644\u0627 \u062a\u0644\u0627\u062d\u0638\u0647\u0627 \u062d\u062a\u0649 \u062a\u0641\u062a\u0642\u062f\u0647\u0627.<\/p>\n<p data-start=\"1313\" data-end=\"1669\"><strong>\u0645\u0648\u0627\u062f \u0645\u062a\u064a\u0646\u0629 \u0648\u0628\u0646\u064a\u0629 \u0642\u0627\u0628\u0644\u0629 \u0644\u0644\u062a\u062e\u0635\u064a\u0635<\/strong><\/p>\n<p data-start=\"1313\" data-end=\"1669\">\u0645\u0646 \u0627\u0644\u0646\u0627\u062d\u064a\u0629 \u0627\u0644\u0645\u0627\u062f\u064a\u0629\u060c \u0625\u0646\u0647 \u0635\u0627\u062f\u0642: \u0627\u0644\u0641\u0648\u0644\u0627\u0630 \u0627\u0644\u0645\u0642\u0627\u0648\u0645 \u0644\u0644\u0635\u062f\u0623 SUS304 \u0627\u0644\u0630\u064a \u064a\u062a\u062d\u0645\u0644 \u0627\u0644\u0628\u062e\u0627\u0631 \u0648\u0627\u0644\u0641\u0631\u0643 \u0648\u0627\u0644\u0623\u0648\u0627\u0646\u064a \u0627\u0644\u0645\u062a\u0633\u0627\u0642\u0637\u0629. \u0627\u062e\u062a\u0631 \u0627\u0644\u0645\u0642\u064a\u0627\u0633 \u0627\u0644\u0630\u064a \u062a\u0641\u0636\u0644\u0647 - \u0623\u0631\u0642 \u0644\u062e\u064a\u0627\u0631 \u0623\u062e\u0641 \u0648\u0632\u0646\u0627\u064b \u0648\u0623\u0642\u0644 \u062a\u0643\u0644\u0641\u0629\u060c \u0623\u0648 \u0623\u0643\u062b\u0631 \u0633\u0645\u0643\u0627\u064b \u0625\u0630\u0627 \u0643\u0646\u062a \u062a\u0631\u064a\u062f \u0625\u062d\u0633\u0627\u0633\u0627\u064b \u0623\u062b\u0642\u0644 \u0648\u0623\u0643\u062b\u0631 \u0647\u062f\u0648\u0621\u0627\u064b \u0639\u0646\u062f\u0645\u0627 \u062a\u0635\u0637\u062f\u0645 \u0627\u0644\u0645\u064a\u0627\u0647 \u0628\u0627\u0644\u0648\u0639\u0627\u0621. \u0641\u064a \u0643\u0644\u062a\u0627 \u0627\u0644\u062d\u0627\u0644\u062a\u064a\u0646\u060c \u062a\u0642\u0627\u0648\u0645 \u0627\u0644\u0644\u0645\u0633\u0629 \u0627\u0644\u0646\u0647\u0627\u0626\u064a\u0629 \u0627\u0644\u062a\u0622\u0643\u0644 \u0627\u0644\u064a\u0648\u0645\u064a \u0648\u062a\u062d\u0627\u0641\u0638 \u0639\u0644\u0649 \u0646\u0638\u0627\u0641\u0629 \u0627\u0644\u062d\u0648\u0636 \u062f\u0648\u0646 \u0627\u0644\u0643\u062b\u064a\u0631 \u0645\u0646 \u0627\u0644\u0636\u062c\u0629.<\/p>\n<p data-start=\"1671\" data-end=\"1941\"><strong>\u0633\u0647\u0648\u0644\u0629 \u0627\u0644\u062a\u062b\u0628\u064a\u062a \u0648\u0627\u0644\u062f\u0639\u0645 \u0627\u0644\u0645\u0648\u062b\u0648\u0642<\/strong><\/p>\n<p data-start=\"1671\" data-end=\"1941\">\u0627\u0644\u062a\u062b\u0628\u064a\u062a \u0633\u0647\u0644 \u0648\u0645\u0628\u0627\u0634\u0631\u060c \u0643\u0645\u0627 \u0623\u0646 \u0627\u0644\u0645\u0633\u0627\u062d\u0629 \u0627\u0644\u0645\u062f\u0645\u062c\u0629 \u062a\u062c\u0639\u0644 \u0647\u0630\u0627 \u0627\u0644\u062c\u0647\u0627\u0632 \u0627\u062e\u062a\u064a\u0627\u0631\u064b\u0627 \u0645\u0645\u062a\u0627\u0632\u064b\u0627 \u0644\u0644\u0634\u0642\u0642 \u0623\u0648 \u0627\u0644\u0645\u0646\u0627\u0632\u0644 \u0627\u0644\u0635\u063a\u064a\u0631\u0629 \u0623\u0648 \u0627\u0644\u062d\u0627\u0646\u0627\u062a \u0627\u0644\u0631\u0637\u0628\u0629 \u0623\u0648 \u0645\u062d\u0637\u0629 \u062a\u062d\u0636\u064a\u0631 \u0625\u0636\u0627\u0641\u064a\u0629. \u0648\u0646\u0639\u0645\u060c \u0625\u0630\u0627 \u0637\u0631\u0623 \u0623\u064a \u0634\u064a\u0621\u060c \u0641\u0625\u0646 \u062f\u0639\u0645 \u0645\u0627 \u0628\u0639\u062f \u0627\u0644\u0628\u064a\u0639 \u0645\u062f\u0649 \u0627\u0644\u062d\u064a\u0627\u0629 \u0648\u0641\u0631\u064a\u0642 \u0627\u0644\u0628\u062d\u062b \u0648\u0627\u0644\u062a\u0637\u0648\u064a\u0631 \u0645\u0648\u062c\u0648\u062f\u0627\u0646 \u062d\u062a\u0649 \u0644\u0627 \u062a\u062a\u0631\u0643 \u0646\u0641\u0633\u0643 \u0641\u064a \u062d\u064a\u0631\u0629 \u0645\u0646 \u0623\u0645\u0631\u0643.<\/p>","protected":false},"excerpt":{"rendered":"<p>\u0646\u0642\u062f\u0645 \u0644\u0643 \u0645\u063a\u0633\u0644\u0629 TS-5040B \u0644\u0633\u0637\u062d \u0627\u0644\u0639\u0645\u0644 - \u0627\u0644\u0645\u0632\u064a\u062c \u0627\u0644\u0645\u062b\u0627\u0644\u064a \u0628\u064a\u0646 \u0627\u0644\u062a\u0635\u0645\u064a\u0645 \u0627\u0644\u0645\u062f\u0645\u062c \u0648\u0627\u0644\u0623\u062f\u0627\u0621 \u0627\u0644\u0643\u0627\u0645\u0644 \u0627\u0644\u062d\u062c\u0645. \u064a\u062a\u0645\u064a\u0632 \u0628\u0645\u0633\u0627\u062d\u0629 500 \u00d7 400 \u0645\u0645\u060c \u0648\u064a\u062a\u0645\u064a\u0632 \u0628\u0648\u0639\u0627\u0621 \u0648\u0627\u0633\u0639 \u0628\u062d\u062c\u0645 460 \u00d7 400 \u0645\u0645 \u0648\u062d\u0648\u0636 \u0639\u0645\u064a\u0642 230 \u0645\u0645 \u0644\u0644\u062a\u0639\u0627\u0645\u0644 \u0645\u0639 \u062c\u0645\u064a\u0639 \u0645\u0647\u0627\u0645 \u0645\u0637\u0628\u062e\u0643. \u0627\u0633\u062a\u0645\u062a\u0639 \u0628\u0633\u0647\u0648\u0644\u0629 \u0627\u0644\u062a\u0646\u0638\u064a\u0641 \u0645\u0639 \u0632\u0648\u0627\u064a\u0627 \u0645\u0633\u062a\u062f\u064a\u0631\u0629 \u0648\u062a\u0635\u0631\u064a\u0641 \u0641\u0639\u0627\u0644 \u0639\u0644\u0649 \u0634\u0643\u0644 \u062d\u0631\u0641 X. \u062e\u0635\u0635 \u0627\u0644\u0633\u0645\u0627\u0643\u0629 \u0648\u0627\u0633\u062a\u0645\u062a\u0639 \u0628\u062f\u0639\u0645 \u062e\u062f\u0645\u0629 \u0627\u0644\u0639\u0645\u0644\u0627\u0621 \u0645\u062f\u0649 \u0627\u0644\u062d\u064a\u0627\u0629.<\/p>\n<p>\u0627\u0644\u0645\u0648\u062f\u064a\u0644: TS-5040B<br \/>\n\u0627\u0644\u0623\u0628\u0639\u0627\u062f \u0627\u0644\u062e\u0627\u0631\u062c\u064a\u0629: 500 \u00d7 400 \u0645\u0645<br \/>\n\u0627\u0644\u0623\u0628\u0639\u0627\u062f \u0627\u0644\u062f\u0627\u062e\u0644\u064a\u0629: 460 \u00d7 400 \u0645\u0645<br \/>\n\u0627\u0644\u0639\u0645\u0642: 230 \u0645\u0645<br \/>\n\u0627\u0644\u0633\u064f\u0645\u0643: 0.95\/1.05\/1.05\/1.2 \u0645\u0645\/\u0627\u0644\u062a\u062e\u0635\u064a\u0635<br \/>\n\u0623\u0628\u0639\u0627\u062f \u0627\u0644\u0639\u0628\u0648\u0629 \u0627\u0644\u0641\u0631\u062f\u064a\u0629: 550 \u00d7 450 \u00d7 450 \u00d7 290 \u0645\u0645<br \/>\n\u0627\u0644\u0648\u0632\u0646 \u0627\u0644\u0635\u0627\u0641\u064a: 4.5 \u0643\u062c\u0645<br \/>\n\u0627\u0644\u0648\u0632\u0646 \u0627\u0644\u0625\u062c\u0645\u0627\u0644\u064a: 6 \u0643\u062c\u0645<\/p>","protected":false},"featured_media":727,"template":"","meta":{"_gspb_post_css":""},"product_brand":[],"product_cat":[19],"product_tag":[59],"class_list":{"0":"post-726","1":"product","2":"type-product","3":"status-publish","4":"has-post-thumbnail","6":"product_cat-topmount-sink","7":"product_tag-countertop-sink-compact-kitchen-sink-easy-clean-design","9":"first","10":"instock","11":"shipping-taxable","12":"product-type-simple"},"_links":{"self":[{"href":"https:\/\/jsd-sinks.com\/ar\/wp-json\/wp\/v2\/product\/726","targetHints":{"allow":["GET"]}}],"collection":[{"href":"https:\/\/jsd-sinks.com\/ar\/wp-json\/wp\/v2\/product"}],"about":[{"href":"https:\/\/jsd-sinks.com\/ar\/wp-json\/wp\/v2\/types\/product"}],"wp:featuredmedia":[{"embeddable":true,"href":"https:\/\/jsd-sinks.com\/ar\/wp-json\/wp\/v2\/media\/727"}],"wp:attachment":[{"href":"https:\/\/jsd-sinks.com\/ar\/wp-json\/wp\/v2\/media?parent=726"}],"wp:term":[{"taxonomy":"product_brand","embeddable":true,"href":"https:\/\/jsd-sinks.com\/ar\/wp-json\/wp\/v2\/product_brand?post=726"},{"taxonomy":"product_cat","embeddable":true,"href":"https:\/\/jsd-sinks.com\/ar\/wp-json\/wp\/v2\/product_cat?post=726"},{"taxonomy":"product_tag","embeddable":true,"href":"https:\/\/jsd-sinks.com\/ar\/wp-json\/wp\/v2\/product_tag?post=726"}],"curies":[{"name":"\u062f\u0628\u0644\u064a\u0648 \u0628\u064a","href":"https:\/\/api.w.org\/{rel}","templated":true}]}}