{"id":719,"date":"2025-12-01T07:38:55","date_gmt":"2025-12-01T07:38:55","guid":{"rendered":"https:\/\/jsd-sinks.com\/?post_type=product&#038;p=719"},"modified":"2025-12-13T03:24:26","modified_gmt":"2025-12-13T03:24:26","slug":"space-saving-small-kitchen-sink-with-rounded-corners","status":"publish","type":"product","link":"https:\/\/jsd-sinks.com\/ar\/space-saving-small-kitchen-sink-with-rounded-corners\/","title":{"rendered":"\u062d\u0648\u0636 \u0645\u0637\u0628\u062e \u0635\u063a\u064a\u0631 \u0645\u0648\u0641\u0631 \u0644\u0644\u0645\u0633\u0627\u062d\u0629 \u0645\u0639 \u0632\u0648\u0627\u064a\u0627 \u0645\u0633\u062a\u062f\u064a\u0631\u0629 TS-4444B"},"content":{"rendered":"<h2 data-start=\"323\" data-end=\"580\"><strong data-start=\"323\" data-end=\"368\">\u062d\u0648\u0636 \u0627\u0644\u0645\u0637\u0628\u062e \u0627\u0644\u0635\u063a\u064a\u0631 TS-4444B (440 \u00d7 440 \u0645\u0645)<\/strong><\/h2>\n<h3 data-start=\"323\" data-end=\"580\"><strong data-start=\"371\" data-end=\"451\">\u0628\u0635\u0645\u0629 \u0645\u062f\u0645\u062c\u0629 \u0648\u0623\u062f\u0627\u0621 \u0628\u0627\u0644\u062d\u062c\u0645 \u0627\u0644\u0643\u0627\u0645\u0644 \u0644\u0644\u0645\u0637\u0627\u0628\u062e \u0627\u0644\u0635\u063a\u064a\u0631\u0629 \u0648\u0627\u0644\u0645\u0633\u0627\u062d\u0627\u062a \u0627\u0644\u0636\u064a\u0642\u0629<\/strong><\/h3>\n<p data-start=\"323\" data-end=\"580\">\u064a\u062b\u0628\u062a \u0647\u0630\u0627 \u0627\u0644\u062d\u0648\u0636 \u0623\u0646 \u0627\u0644\u0645\u0646\u0636\u062f\u0629 \u0627\u0644\u0635\u063a\u064a\u0631\u0629 \u0644\u0627 \u062a\u0639\u0646\u064a \u0627\u0644\u0642\u062f\u0631\u0629 \u0627\u0644\u0635\u063a\u064a\u0631\u0629 - \u0641\u0647\u0648 \u0645\u0635\u0645\u0645 \u0644\u062c\u0639\u0644 \u0627\u0644\u0645\u0637\u0627\u0628\u062e \u0627\u0644\u0635\u063a\u064a\u0631\u0629 \u062a\u0628\u062f\u0648 \u0645\u062f\u0631\u0648\u0633\u0629 \u0648\u0644\u064a\u0633\u062a \u0636\u064a\u0642\u0629.<\/p>\n<h3 data-start=\"582\" data-end=\"813\"><strong data-start=\"582\" data-end=\"605\">\u062a\u0635\u0645\u064a\u0645 \u0645\u0648\u0641\u0631 \u0644\u0644\u0645\u0633\u0627\u062d\u0629<\/strong><\/h3>\n<p data-start=\"582\" data-end=\"813\">\u0645\u0635\u0645\u0645\u0629 \u0644\u0632\u064a\u0627\u062f\u0629 \u0627\u0644\u0648\u0638\u0627\u0626\u0641 \u0625\u0644\u0649 \u0623\u0642\u0635\u0649 \u062d\u062f \u0645\u0645\u0643\u0646 \u0641\u064a \u0645\u0633\u0627\u062d\u0629 \u0627\u0644\u0645\u0646\u0636\u062f\u0629 \u0627\u0644\u0645\u062d\u062f\u0648\u062f\u0629<br data-start=\"673\" data-end=\"676\" \/>\u0628\u0645\u0633\u0627\u062d\u0629 440 \u0645\u0645 \u0645\u0631\u0628\u0639 \u0641\u0642\u0637\u060c \u062a\u0646\u0632\u0644\u0642 \u0641\u064a \u0627\u0644\u062a\u062e\u0637\u064a\u0637\u0627\u062a \u0627\u0644\u0636\u064a\u0642\u0629 - \u0627\u0644\u0634\u0642\u0642 \u0623\u0648 \u0627\u0644\u0645\u0642\u0637\u0648\u0631\u0627\u062a \u0623\u0648 \u0645\u062d\u0637\u0627\u062a \u0627\u0644\u0625\u0639\u062f\u0627\u062f \u0627\u0644\u062b\u0627\u0646\u0648\u064a\u0629 - \u0628\u064a\u0646\u0645\u0627 \u0644\u0627 \u062a\u0632\u0627\u0644 \u062a\u0645\u0646\u062d\u0643 \u0648\u0639\u0627\u0621\u064b \u062d\u0642\u064a\u0642\u064a\u064b\u0627 \u0644\u0644\u0639\u0645\u0644.<\/p>\n<p><img decoding=\"async\" class=\"size-medium wp-image-1139\" src=\"https:\/\/jsd-sinks.com\/wp-content\/uploads\/2025\/12\/9-4-300x300.jpg\" alt=\"\u062d\u0648\u0636 \u0645\u0637\u0628\u062e \u0635\u063a\u064a\u0631\" width=\"300\" height=\"300\" title=\"\" srcset=\"https:\/\/jsd-sinks.com\/wp-content\/uploads\/2025\/12\/9-4-300x300.jpg 300w, https:\/\/jsd-sinks.com\/wp-content\/uploads\/2025\/12\/9-4-100x100.jpg 100w, https:\/\/jsd-sinks.com\/wp-content\/uploads\/2025\/12\/9-4-600x600.jpg 600w, https:\/\/jsd-sinks.com\/wp-content\/uploads\/2025\/12\/9-4-500x500.jpg 500w, https:\/\/jsd-sinks.com\/wp-content\/uploads\/2025\/12\/9-4-150x150.jpg 150w, https:\/\/jsd-sinks.com\/wp-content\/uploads\/2025\/12\/9-4-768x768.jpg 768w, https:\/\/jsd-sinks.com\/wp-content\/uploads\/2025\/12\/9-4-12x12.jpg 12w, https:\/\/jsd-sinks.com\/wp-content\/uploads\/2025\/12\/9-4.jpg 800w\" sizes=\"(max-width: 300px) 100vw, 300px\" \/><\/p>\n<p data-start=\"815\" data-end=\"1044\"><strong data-start=\"815\" data-end=\"835\">\u0627\u0644\u0639\u0645\u0642 \u0627\u0644\u0645\u062f\u0647\u0634<\/strong><\/p>\n<p data-start=\"815\" data-end=\"1044\">\u064a\u062a\u064a\u062d \u0644\u0643 \u0627\u0644\u0639\u0645\u0642 \u0627\u0644\u0643\u0627\u0645\u0644 230 \u0645\u0645 \u0627\u0644\u062a\u0639\u0627\u0645\u0644 \u0645\u0639 \u0627\u0644\u0623\u0648\u0627\u0646\u064a \u0627\u0644\u0643\u0628\u064a\u0631\u0629 \u062f\u0648\u0646 \u062a\u0646\u0627\u062b\u0631\u0647\u0627<br data-start=\"905\" data-end=\"908\" \/>\u0639\u0644\u0649 \u0627\u0644\u0631\u063a\u0645 \u0645\u0646 \u0635\u063a\u0631 \u062d\u062c\u0645\u0647\u060c \u0625\u0644\u0627 \u0623\u0646 \u0627\u0644\u0648\u0639\u0627\u0621 \u0627\u0644\u0639\u0645\u064a\u0642 \u064a\u0628\u062a\u0644\u0639 \u0635\u0641\u0627\u0626\u062d \u0627\u0644\u062e\u0628\u0632 \u0648\u0623\u0648\u0627\u0646\u064a \u0627\u0644\u0645\u0631\u0642 \u062f\u0648\u0646 \u0623\u064a \u0636\u062c\u0629. \u0633\u062a\u062d\u0635\u0644 \u0639\u0644\u0649 \u0627\u0644\u0645\u0633\u0627\u062d\u0629 \u0627\u0644\u062a\u064a \u062a\u062d\u062a\u0627\u062c\u0647\u0627 \u0641\u064a \u0627\u0644\u0645\u0643\u0627\u0646 \u0627\u0644\u0645\u0646\u0627\u0633\u0628.<\/p>\n<p data-start=\"1046\" data-end=\"1271\"><strong data-start=\"1046\" data-end=\"1072\">\u0623\u0628\u0639\u0627\u062f \u0627\u0644\u0648\u0639\u0627\u0621 \u0627\u0644\u0641\u0633\u064a\u062d<\/strong><\/p>\n<p data-start=\"1046\" data-end=\"1271\">\u0648\u0639\u0627\u0621 \u062f\u0627\u062e\u0644\u064a \u0643\u0628\u064a\u0631 \u0645\u0642\u0627\u0633 345 \u00d7 400 \u0645\u0645 \u0644\u0645\u0647\u0627\u0645 \u0627\u0644\u0637\u0647\u064a \u0627\u0644\u064a\u0648\u0645\u064a\u0629<br data-start=\"1140\" data-end=\"1143\" \/>\u0627\u0644\u062d\u0648\u0636 \u064a\u0628\u062f\u0648 \u0623\u0643\u0628\u0631 \u0645\u0645\u0627 \u064a\u0648\u062d\u064a \u0628\u0647 \u062d\u062c\u0645\u0647. \u0633\u062a\u062a\u0645\u0643\u0646\u064a \u0645\u0646 \u063a\u0633\u0644 \u0627\u0644\u0645\u0642\u0627\u0644\u064a \u0648\u062a\u062d\u0636\u064a\u0631 \u0627\u0644\u062e\u0636\u0627\u0631 \u062f\u0648\u0646 \u0623\u0646 \u062a\u062a\u062e\u0628\u0637 \u0627\u0644\u0623\u0634\u064a\u0627\u0621.<\/p>\n<p data-start=\"1273\" data-end=\"1486\"><strong data-start=\"1273\" data-end=\"1303\">\u0632\u0648\u0627\u064a\u0627 \u0645\u0633\u062a\u062f\u064a\u0631\u0629 \u0633\u0647\u0644\u0629 \u0627\u0644\u062a\u0646\u0638\u064a\u0641<\/strong><\/p>\n<p data-start=\"1273\" data-end=\"1486\">\u0632\u0648\u0627\u064a\u0627 \u0645\u0633\u062a\u062f\u064a\u0631\u0629 \u062a\u0642\u0644\u0644 \u0645\u0646 \u062a\u0643\u062f\u0633 \u0627\u0644\u0623\u0648\u0633\u0627\u062e \u0648\u062a\u062c\u0639\u0644 \u0627\u0644\u0645\u0633\u062d \u0628\u0633\u064a\u0637\u064b\u0627<br data-start=\"1366\" data-end=\"1369\" \/>\u0644\u0627 \u062a\u0646\u0638\u0641 \u0641\u0631\u0634\u0627\u0629 \u0627\u0644\u0623\u0633\u0646\u0627\u0646 \u0641\u064a \u0627\u0644\u0634\u0642\u0648\u0642 \u0627\u0644\u0645\u062d\u0631\u062c\u0629 - \u0641\u0627\u0644\u0632\u0648\u0627\u064a\u0627 \u0627\u0644\u0646\u0627\u0639\u0645\u0629 \u062a\u0639\u0646\u064a \u062a\u0646\u0638\u064a\u0641\u064b\u0627 \u0623\u0633\u0631\u0639 \u0648\u0633\u0637\u062d\u064b\u0627 \u0635\u062d\u064a\u064b\u0627 \u062d\u0642\u064b\u0627.<\/p>\n<p data-start=\"1488\" data-end=\"1721\"><strong data-start=\"1488\" data-end=\"1522\">\u0623\u062e\u0627\u062f\u064a\u062f \u062a\u0635\u0631\u064a\u0641 \u0630\u0643\u064a\u0629 \u0639\u0644\u0649 \u0634\u0643\u0644 X- \u0627\u0644\u0634\u0643\u0644 \u0627\u0644\u0630\u0643\u064a<\/strong><\/p>\n<p data-start=\"1488\" data-end=\"1721\">\u062a\u0639\u0645\u0644 \u0627\u0644\u0623\u062e\u0627\u062f\u064a\u062f \u0627\u0644\u062f\u0642\u064a\u0642\u0629 \u0639\u0644\u0649 \u062a\u0648\u062c\u064a\u0647 \u0627\u0644\u0645\u064a\u0627\u0647 \u0628\u0633\u0631\u0639\u0629 \u0646\u062d\u0648 \u0627\u0644\u0645\u0635\u0641\u0627\u0629 \u0627\u0644\u0642\u064a\u0627\u0633\u064a\u0629 \u0645\u0642\u0627\u0633 3.5 \u0628\u0648\u0635\u0629<br data-start=\"1600\" data-end=\"1603\" \/>\u0647\u0630\u0647 \u0627\u0644\u0644\u0645\u0633\u0627\u062a \u0627\u0644\u0647\u0646\u062f\u0633\u064a\u0629 \u0627\u0644\u0635\u063a\u064a\u0631\u0629 \u062a\u062d\u0627\u0641\u0638 \u0639\u0644\u0649 \u062d\u0631\u0643\u0629 \u0627\u0644\u0645\u064a\u0627\u0647\u060c \u0648\u062a\u0642\u0644\u0644 \u0645\u0646 \u0627\u0644\u0628\u0631\u0643\u060c \u0648\u062a\u062a\u0631\u0643 \u0627\u0644\u062d\u0648\u0636 \u064a\u062c\u0641 \u0628\u0634\u0643\u0644 \u0623\u0633\u0631\u0639 \u0628\u064a\u0646 \u0627\u0644\u0627\u0633\u062a\u062e\u062f\u0627\u0645\u0627\u062a.<\/p>\n<p data-start=\"1723\" data-end=\"1971\"><strong data-start=\"1723\" data-end=\"1751\">\u0625\u062d\u0633\u0627\u0633 \u0647\u0627\u062f\u0626 \u0648\u0642\u0627\u0628\u0644 \u0644\u0644\u062a\u062e\u0635\u064a\u0635<\/strong><\/p>\n<p data-start=\"1723\" data-end=\"1971\">\u0645\u062a\u0648\u0641\u0631\u0629 \u0628\u0633\u0645\u0627\u0643\u0627\u062a \u0645\u062a\u0639\u062f\u062f\u0629 \u0644\u0648\u0632\u0646 \u0648\u0635\u0648\u062a \u0645\u062e\u0635\u0635\u064a\u0646 \u062d\u0633\u0628 \u0627\u0644\u0637\u0644\u0628<br data-start=\"1823\" data-end=\"1826\" \/>\u0627\u062e\u062a\u0631 \u0645\u0646 \u0628\u064a\u0646 \u0627\u0644\u0645\u0642\u0627\u0633\u0627\u062a (0.95 \/ 1.05 \/ 1.2 \u0645\u0645) \u062d\u0633\u0628 \u0645\u0627 \u0625\u0630\u0627 \u0643\u0646\u062a \u062a\u0631\u064a\u062f \u062d\u0648\u0636\u064b\u0627 \u0623\u062e\u0641 \u0648\u0632\u0646\u064b\u0627 \u0623\u0648 \u062d\u0648\u0636\u064b\u0627 \u0623\u062b\u0642\u0644 \u0648\u0623\u0643\u062b\u0631 \u0647\u062f\u0648\u0621\u064b\u0627 \u064a\u0639\u0637\u064a\u0643 \u0634\u0639\u0648\u0631\u064b\u0627 \u0628\u0627\u0644\u0635\u0644\u0627\u0628\u0629 \u062a\u062d\u062a \u064a\u062f\u064a\u0643.<\/p>\n<p data-start=\"1973\" data-end=\"2191\"><strong data-start=\"1973\" data-end=\"1997\">\u0628\u0646\u0627\u0621 \u0645\u062a\u064a\u0646<\/strong><\/p>\n<p data-start=\"1973\" data-end=\"2191\">\u0645\u0635\u0646\u0648\u0639\u0629 \u0645\u0646 \u0645\u0648\u0627\u062f \u0639\u0627\u0644\u064a\u0629 \u0627\u0644\u062c\u0648\u062f\u0629 \u0644\u062a\u062a\u062d\u0645\u0644 \u0627\u0644\u0627\u0633\u062a\u062e\u062f\u0627\u0645 \u0627\u0644\u064a\u0648\u0645\u064a<br data-start=\"2057\" data-end=\"2060\" \/>\u0647\u0630\u0647 \u0627\u0644\u0642\u0637\u0639\u0629 \u0644\u064a\u0633\u062a \u0647\u0634\u0629 - \u0641\u0647\u064a \u0645\u0635\u0646\u0648\u0639\u0629 \u0644\u062a\u062a\u062d\u0645\u0644 \u0627\u0644\u0635\u062f\u0645\u0627\u062a \u0648\u0627\u0644\u0628\u062e\u0627\u0631 \u0648\u0627\u0644\u063a\u0633\u064a\u0644 \u0627\u0644\u0645\u0646\u062a\u0638\u0645 \u062f\u0648\u0646 \u0623\u0646 \u062a\u0628\u062f\u0648 \u0645\u062a\u0639\u0628\u0629 \u0628\u0639\u062f \u0623\u0634\u0647\u0631 \u0645\u0646 \u0627\u0644\u062d\u064a\u0627\u0629 \u0627\u0644\u0648\u0627\u0642\u0639\u064a\u0629.<\/p>\n<p data-start=\"2193\" data-end=\"2393\"><strong data-start=\"2193\" data-end=\"2224\">\u0627\u0644\u062a\u0631\u0643\u064a\u0628 \u0627\u0644\u0633\u0631\u064a\u0639 \u0645\u0646 \u0627\u0644\u0623\u0639\u0644\u0649<\/strong><\/p>\n<p data-start=\"2193\" data-end=\"2393\">\u062a\u0646\u0627\u0633\u0628 \u0627\u0644\u062a\u0631\u0643\u064a\u0628 \u0627\u0644\u0639\u0644\u0648\u064a \u0644\u0644\u062a\u0631\u0643\u064a\u0628 \u0627\u0644\u0633\u0631\u064a\u0639 \u0648\u0627\u0644\u0645\u0648\u062b\u0648\u0642 \u0641\u064a \u0645\u0639\u0638\u0645 \u0627\u0644\u0639\u062f\u0627\u062f\u0627\u062a<br data-start=\"2285\" data-end=\"2288\" \/>\u064a\u062c\u0639\u0644 \u0627\u0644\u0646\u0645\u0637 \u0627\u0644\u0643\u0644\u0627\u0633\u064a\u0643\u064a \u0627\u0644\u0642\u0627\u0628\u0644 \u0644\u0644\u0625\u0633\u0642\u0627\u0637 \u0627\u0644\u062a\u0631\u0643\u064a\u0628 \u0633\u0647\u0644\u0627\u064b \u0648\u0645\u0628\u0627\u0634\u0631\u0627\u064b \u0648\u064a\u062c\u0639\u0644 \u0627\u0644\u0627\u0633\u062a\u0628\u062f\u0627\u0644 \u0623\u0648 \u0627\u0644\u062a\u0631\u0642\u064a\u0629 \u063a\u064a\u0631 \u0645\u0624\u0644\u0645.<\/p>\n<p data-start=\"2395\" data-end=\"2630\"><strong data-start=\"2395\" data-end=\"2427\">\u062a\u0641\u0627\u0635\u064a\u0644 \u0635\u063a\u064a\u0631\u0629 \u0648\u0644\u0643\u0646 \u0645\u062f\u0631\u0648\u0633\u0629<\/strong><\/p>\n<p data-start=\"2395\" data-end=\"2630\">\u0645\u0635\u0645\u0645 \u0645\u0639 \u0645\u0631\u0627\u0639\u0627\u0629 \u0639\u0627\u062f\u0627\u062a \u0627\u0644\u0645\u0637\u0628\u062e \u0627\u0644\u062d\u0642\u064a\u0642\u064a\u0629 \u0644\u062c\u0639\u0644 \u0627\u0644\u062d\u064a\u0627\u0629 \u0627\u0644\u064a\u0648\u0645\u064a\u0629 \u0623\u0633\u0647\u0644<br data-start=\"2501\" data-end=\"2504\" \/>\u0645\u0646 \u0627\u0646\u062d\u062f\u0627\u0631 \u0627\u0644\u0648\u0639\u0627\u0621 \u0625\u0644\u0649 \u0648\u0636\u0639 \u0627\u0644\u0623\u062e\u062f\u0648\u062f\u060c \u0641\u0625\u0646 \u0627\u0644\u0642\u0631\u0627\u0631\u0627\u062a \u0627\u0644\u0635\u063a\u064a\u0631\u0629 \u0647\u0646\u0627 \u062a\u0642\u0644\u0644 \u0645\u0646 \u0627\u0644\u0627\u062d\u062a\u0643\u0627\u0643 \u0641\u064a \u0627\u0644\u0637\u0647\u064a \u0648\u0627\u0644\u062a\u0646\u0638\u064a\u0641 \u0627\u0644\u064a\u0648\u0645\u064a.<\/p>\n<p data-start=\"2632\" data-end=\"2837\"><strong data-start=\"2632\" data-end=\"2664\">\u062f\u0639\u0645 \u0645\u0627 \u0628\u0639\u062f \u0627\u0644\u0628\u064a\u0639 \u0645\u062f\u0649 \u0627\u0644\u062d\u064a\u0627\u0629<\/strong><\/p>\n<p data-start=\"2632\" data-end=\"2837\">\u062f\u0639\u0645 \u0645\u0633\u062a\u0645\u0631 \u0645\u062f\u0639\u0648\u0645 \u0645\u0646 \u0641\u0631\u064a\u0642 \u0628\u062d\u062b \u0648\u062a\u0637\u0648\u064a\u0631 \u0645\u062a\u062e\u0635\u0635 \u0644\u0631\u0627\u062d\u0629 \u0627\u0644\u0628\u0627\u0644<br data-start=\"2735\" data-end=\"2738\" \/>\u0625\u0630\u0627 \u0643\u0627\u0646 \u0647\u0646\u0627\u0643 \u0623\u064a \u0634\u064a\u0621 \u064a\u062d\u062a\u0627\u062c \u0625\u0644\u0649 \u0627\u0647\u062a\u0645\u0627\u0645\u060c \u0641\u0647\u0646\u0627\u0643 \u062f\u0639\u0645 \u062d\u0642\u064a\u0642\u064a \u0648\u0631\u0627\u0621 \u0627\u0644\u0645\u0646\u062a\u062c\u060c \u0648\u0644\u064a\u0633 \u0645\u062c\u0631\u062f \u0648\u0639\u062f \u0639\u0644\u0649 \u0627\u0644\u0648\u0631\u0642.<\/p>","protected":false},"excerpt":{"rendered":"<p>\u0627\u0633\u062a\u0641\u062f \u0625\u0644\u0649 \u0623\u0642\u0635\u0649 \u062d\u062f \u0645\u0646 \u0645\u0637\u0628\u062e\u0643 \u0627\u0644\u0635\u063a\u064a\u0631 \u0645\u0639 \u062d\u0648\u0636 \u0627\u0644\u0645\u0637\u0628\u062e \u0627\u0644\u0635\u063a\u064a\u0631 TS-4444B. \u0641\u0647\u0648 \u064a\u062a\u0645\u064a\u0632 \u0628\u0645\u0633\u0627\u062d\u0629 \u0645\u0648\u0641\u0631\u0629 \u0644\u0644\u0645\u0633\u0627\u062d\u0629 \u062a\u0628\u0644\u063a 440 \u00d7 440 \u0645\u0645 \u0648\u064a\u0636\u0645 \u062d\u0648\u0636\u064b\u0627 \u0628\u0639\u0645\u0642 230 \u0645\u0645\u060c \u0648\u0647\u0648 \u0645\u062b\u0627\u0644\u064a \u0644\u0644\u0645\u0633\u0627\u062d\u0627\u062a \u0627\u0644\u0635\u063a\u064a\u0631\u0629. \u064a\u062a\u0645\u064a\u0632 \u0627\u0644\u062d\u0648\u0636 \u0628\u0632\u0648\u0627\u064a\u0627 \u0645\u0633\u062a\u062f\u064a\u0631\u0629 \u0633\u0647\u0644\u0629 \u0627\u0644\u062a\u0646\u0638\u064a\u0641 \u0648\u0623\u062e\u0627\u062f\u064a\u062f \u062a\u0635\u0631\u064a\u0641 \u0641\u0639\u0627\u0644\u0629 \u0639\u0644\u0649 \u0634\u0643\u0644 X\u060c \u0645\u0645\u0627 \u064a\u0648\u0641\u0631 \u0644\u0643 \u0627\u0644\u0623\u062f\u0627\u0621 \u0627\u0644\u0648\u0638\u064a\u0641\u064a \u0627\u0644\u0643\u0627\u0645\u0644 \u062f\u0648\u0646 \u0623\u064a \u062a\u0646\u0627\u0632\u0644\u0627\u062a. \u0642\u0645 \u0628\u062a\u062e\u0635\u064a\u0635 \u0627\u0644\u0633\u0645\u0627\u0643\u0629 \u0648\u0627\u0633\u062a\u0645\u062a\u0639 \u0628\u062f\u0639\u0645 \u0627\u0644\u062e\u062f\u0645\u0629 \u0645\u062f\u0649 \u0627\u0644\u062d\u064a\u0627\u0629.<\/p>\n<p>\u0627\u0644\u0645\u0648\u062f\u064a\u0644: TS-4444B<br \/>\n\u0627\u0644\u0623\u0628\u0639\u0627\u062f \u0627\u0644\u062e\u0627\u0631\u062c\u064a\u0629: 440 \u00d7 440 \u0645\u0645<br \/>\n\u0627\u0644\u0623\u0628\u0639\u0627\u062f \u0627\u0644\u062f\u0627\u062e\u0644\u064a\u0629: 345 \u00d7 400 \u0645\u0645<br \/>\n\u0627\u0644\u0639\u0645\u0642: 230 \u0645\u0645<br \/>\n\u0627\u0644\u0633\u064f\u0645\u0643: 0.95\/1.05\/1.05\/1.2 \u0645\u0645\/\u0627\u0644\u062a\u062e\u0635\u064a\u0635<br \/>\n\u0623\u0628\u0639\u0627\u062f \u0627\u0644\u0639\u0628\u0648\u0629 \u0627\u0644\u0641\u0631\u062f\u064a\u0629: 475 \u00d7 506 \u00d7 506 \u00d7 290 \u0645\u0645<br \/>\n\u0627\u0644\u0648\u0632\u0646 \u0627\u0644\u0635\u0627\u0641\u064a: 4 \u0643\u062c\u0645<br \/>\n\u0627\u0644\u0648\u0632\u0646 \u0627\u0644\u0625\u062c\u0645\u0627\u0644\u064a: 5.5 \u0643\u062c\u0645<\/p>","protected":false},"featured_media":720,"template":"","meta":{"_gspb_post_css":""},"product_brand":[],"product_cat":[19],"product_tag":[58],"class_list":{"0":"post-719","1":"product","2":"type-product","3":"status-publish","4":"has-post-thumbnail","6":"product_cat-topmount-sink","7":"product_tag-small-space-sink-deep-basin-design-easy-clean-sink","9":"first","10":"instock","11":"shipping-taxable","12":"product-type-simple"},"_links":{"self":[{"href":"https:\/\/jsd-sinks.com\/ar\/wp-json\/wp\/v2\/product\/719","targetHints":{"allow":["GET"]}}],"collection":[{"href":"https:\/\/jsd-sinks.com\/ar\/wp-json\/wp\/v2\/product"}],"about":[{"href":"https:\/\/jsd-sinks.com\/ar\/wp-json\/wp\/v2\/types\/product"}],"wp:featuredmedia":[{"embeddable":true,"href":"https:\/\/jsd-sinks.com\/ar\/wp-json\/wp\/v2\/media\/720"}],"wp:attachment":[{"href":"https:\/\/jsd-sinks.com\/ar\/wp-json\/wp\/v2\/media?parent=719"}],"wp:term":[{"taxonomy":"product_brand","embeddable":true,"href":"https:\/\/jsd-sinks.com\/ar\/wp-json\/wp\/v2\/product_brand?post=719"},{"taxonomy":"product_cat","embeddable":true,"href":"https:\/\/jsd-sinks.com\/ar\/wp-json\/wp\/v2\/product_cat?post=719"},{"taxonomy":"product_tag","embeddable":true,"href":"https:\/\/jsd-sinks.com\/ar\/wp-json\/wp\/v2\/product_tag?post=719"}],"curies":[{"name":"\u062f\u0628\u0644\u064a\u0648 \u0628\u064a","href":"https:\/\/api.w.org\/{rel}","templated":true}]}}