{"id":712,"date":"2025-12-01T07:23:52","date_gmt":"2025-12-01T07:23:52","guid":{"rendered":"https:\/\/jsd-sinks.com\/?post_type=product&#038;p=712"},"modified":"2025-12-13T03:24:05","modified_gmt":"2025-12-13T03:24:05","slug":"large-single-kitchen-sink-with-230mm-deep-basin","status":"publish","type":"product","link":"https:\/\/jsd-sinks.com\/ar\/large-single-kitchen-sink-with-230mm-deep-basin\/","title":{"rendered":"\u062d\u0648\u0636 \u0645\u0637\u0628\u062e \u0648\u0627\u062d\u062f \u0643\u0628\u064a\u0631 \u0648\u0648\u0627\u0633\u0639 \u0645\u0639 \u062d\u0648\u0636 \u0628\u0639\u0645\u0642 230 \u0645\u0644\u0645 TS3322"},"content":{"rendered":"<h2 data-start=\"331\" data-end=\"616\"><strong data-start=\"331\" data-end=\"374\">\u0645\u063a\u0633\u0644\u0629 \u0645\u0637\u0628\u062e \u0643\u0628\u064a\u0631\u0629 \u0645\u0641\u0631\u062f\u0629 (838 \u00d7 559 \u0645\u0645)<\/strong><\/h2>\n<h3 data-start=\"331\" data-end=\"616\"><strong data-start=\"377\" data-end=\"462\">\u0648\u0639\u0627\u0621 \u0641\u0631\u062f\u064a \u0648\u0627\u0633\u0639 (774 \u00d7 432 \u0645\u0645) \u0628\u0639\u0645\u0642 230 \u0645\u0645 - \u0645\u0635\u0645\u0645 \u0644\u0644\u0637\u0647\u064a \u0627\u0644\u062d\u0642\u064a\u0642\u064a<\/strong><\/h3>\n<p data-start=\"331\" data-end=\"616\">\u0639\u0646\u062f\u0645\u0627 \u064a\u0643\u0648\u0646 \u0644\u062f\u064a\u0643 \u0645\u0642\u0644\u0627\u0629 \u062a\u062d\u0645\u064a\u0635 \u0623\u0648 \u0635\u064a\u0646\u064a\u0629 \u062e\u0628\u0632 \u0645\u0645\u062a\u0644\u0626\u0629 \u0623\u0648 \u0643\u0648\u0645\u0629 \u0645\u0646 \u0627\u0644\u0623\u0637\u0628\u0627\u0642 \u0644\u062a\u0646\u0627\u0648\u0644\u0647\u0627\u060c \u0641\u0625\u0646 \u0647\u0630\u0627 \u0627\u0644\u062d\u0648\u0636 \u064a\u062c\u0639\u0644 \u062a\u0644\u0643 \u0627\u0644\u0644\u062d\u0638\u0627\u062a \u0633\u0647\u0644\u0629 - \u0641\u0633\u064a\u062d \u0648\u0645\u062a\u064a\u0646 \u0648\u0635\u0627\u062f\u0642.<\/p>\n<h3 data-start=\"623\" data-end=\"919\"><strong data-start=\"623\" data-end=\"647\">\u0648\u0639\u0627\u0621 \u0648\u0627\u062d\u062f \u0633\u062e\u064a\u0651<\/strong><\/h3>\n<p data-start=\"623\" data-end=\"919\">\u0648\u0639\u0627\u0621 \u0645\u0642\u0627\u0633 774 \u00d7 432 \u0645\u0645 \u0628\u0639\u0645\u0642 230 \u0645\u0645 \u064a\u062a\u064a\u062d \u0644\u0643 \u063a\u0633\u0644 \u0627\u0644\u0623\u0648\u0627\u0646\u064a \u0648\u0627\u0644\u0635\u0648\u0627\u0646\u064a \u0627\u0644\u0643\u0628\u064a\u0631\u0629 \u062f\u0648\u0646 \u0639\u0646\u0627\u0621 \u0627\u0644\u062d\u0648\u0636<br data-start=\"750\" data-end=\"753\" \/>\u0644\u0627 \u0645\u0632\u064a\u062f \u0645\u0646 \u062a\u062d\u0631\u064a\u0643 \u0627\u0644\u0645\u0642\u0627\u0644\u064a \u0628\u0632\u0627\u0648\u064a\u0629 \u0623\u0648 \u0642\u0644\u0628\u0647\u0627 \u0628\u0634\u0643\u0644 \u0645\u062d\u0631\u062c - \u0636\u0639 \u0645\u0642\u0644\u0627\u0629 \u0627\u0644\u062a\u062d\u0645\u064a\u0635 \u0645\u0628\u0627\u0634\u0631\u0629\u064b\u060c \u062b\u0645 \u0642\u0645 \u0628\u0641\u0631\u0643\u0647\u0627 \u0648\u0634\u0637\u0641\u0647\u0627 \u0648\u0627\u0644\u0645\u0636\u064a \u0642\u062f\u0645\u064b\u0627. \u064a\u0628\u062f\u0648 \u0627\u0644\u0623\u0645\u0631 \u0648\u0643\u0623\u0646\u0647 \u0645\u0633\u0627\u062d\u0629 \u062d\u0642\u064a\u0642\u064a\u0629 \u0644\u0644\u0637\u0647\u064a \u0627\u0644\u062d\u0642\u064a\u0642\u064a\u060c \u0648\u0644\u064a\u0633 \u062d\u0644 \u0648\u0633\u0637.<\/p>\n<p><img decoding=\"async\" class=\"size-medium wp-image-1137\" src=\"https:\/\/jsd-sinks.com\/wp-content\/uploads\/2025\/12\/91-300x300.jpg\" alt=\"\u062d\u0648\u0636 \u0645\u0637\u0628\u062e \u0643\u0628\u064a\u0631 \u0648\u0627\u062d\u062f \u0643\u0628\u064a\u0631\" width=\"300\" height=\"300\" title=\"\" srcset=\"https:\/\/jsd-sinks.com\/wp-content\/uploads\/2025\/12\/91-300x300.jpg 300w, https:\/\/jsd-sinks.com\/wp-content\/uploads\/2025\/12\/91-100x100.jpg 100w, https:\/\/jsd-sinks.com\/wp-content\/uploads\/2025\/12\/91-600x600.jpg 600w, https:\/\/jsd-sinks.com\/wp-content\/uploads\/2025\/12\/91-500x500.jpg 500w, https:\/\/jsd-sinks.com\/wp-content\/uploads\/2025\/12\/91-150x150.jpg 150w, https:\/\/jsd-sinks.com\/wp-content\/uploads\/2025\/12\/91-768x768.jpg 768w, https:\/\/jsd-sinks.com\/wp-content\/uploads\/2025\/12\/91-12x12.jpg 12w, https:\/\/jsd-sinks.com\/wp-content\/uploads\/2025\/12\/91.jpg 800w\" sizes=\"(max-width: 300px) 100vw, 300px\" \/><\/p>\n<h3 data-start=\"926\" data-end=\"1200\"><strong data-start=\"926\" data-end=\"951\">\u062a\u0642\u0644\u064a\u0644 \u0639\u0645\u0642 \u0627\u0644\u0631\u0630\u0627\u0630 \u0627\u0644\u0645\u062a\u0637\u0627\u064a\u0631<\/strong><\/h3>\n<p data-start=\"926\" data-end=\"1200\">\u0639\u0645\u0642 230 \u0645\u0645 \u064a\u062d\u0627\u0641\u0638 \u0639\u0644\u0649 \u0627\u0644\u0645\u064a\u0627\u0647 \u0641\u064a \u0645\u0643\u0627\u0646\u0647\u0627 \u0648\u064a\u0642\u0644\u0644 \u0645\u0646 \u0641\u0648\u0636\u0649 \u0633\u0637\u062d \u0627\u0644\u0639\u0645\u0644<br data-start=\"1035\" data-end=\"1038\" \/>\u0633\u062a\u0644\u0627\u062d\u0638\u064a\u0646 \u0639\u062f\u062f \u0623\u0642\u0644 \u0645\u0646 \u0627\u0644\u0628\u0631\u0643 \u0648\u0639\u062f\u062f \u0623\u0642\u0644 \u0645\u0646 \u0627\u0644\u0645\u0646\u0627\u0634\u0641 \u0627\u0644\u0648\u0631\u0642\u064a\u0629. \u0647\u0630\u0627 \u0627\u0644\u0639\u0645\u0642 \u064a\u0639\u0646\u064a \u062a\u0646\u0627\u062b\u0631 \u0623\u0642\u0644 \u0644\u0644\u0645\u0627\u0621 \u0648\u0627\u0644\u0645\u0632\u064a\u062f \u0645\u0646 \u0627\u0644\u062b\u0642\u0629 \u0639\u0646\u062f \u0634\u0637\u0641 \u0627\u0644\u0642\u062f\u0648\u0631 \u0627\u0644\u0637\u0648\u064a\u0644\u0629 \u0623\u0648 \u0627\u0644\u062a\u0639\u0627\u0645\u0644 \u0645\u0639 \u0627\u0644\u0645\u0642\u0627\u0644\u064a \u0627\u0644\u062f\u0647\u0646\u064a\u0629.<\/p>\n<h3 data-start=\"1207\" data-end=\"1490\"><strong data-start=\"1207\" data-end=\"1237\">\u0632\u0648\u0627\u064a\u0627 \u0645\u0633\u062a\u062f\u064a\u0631\u0629 \u0633\u0647\u0644\u0629 \u0627\u0644\u062a\u0646\u0638\u064a\u0641<\/strong><\/h3>\n<p data-start=\"1207\" data-end=\"1490\">\u0632\u0648\u0627\u064a\u0627 \u0645\u0633\u062a\u062f\u064a\u0631\u0629 \u062a\u0642\u0644\u0644 \u0645\u0646 \u0627\u0644\u0623\u0648\u0633\u0627\u062e \u0627\u0644\u0645\u062e\u0641\u064a\u0629 \u0648\u062a\u062c\u0639\u0644 \u0645\u0633\u062d \u0627\u0644\u062d\u0648\u0636 \u0633\u0631\u064a\u0639\u064b\u0627 \u0648\u0628\u0633\u064a\u0637\u064b\u0627<br data-start=\"1321\" data-end=\"1324\" \/>\u0647\u0630\u0647 \u0627\u0644\u0627\u0646\u062d\u0646\u0627\u0621\u0627\u062a \u0627\u0644\u0644\u0637\u064a\u0641\u0629 \u0644\u064a\u0633\u062a \u0641\u0642\u0637 \u0645\u0646 \u0623\u062c\u0644 \u0627\u0644\u0645\u0638\u0647\u0631 - \u0641\u0647\u064a \u0641\u064a \u0627\u0644\u0648\u0627\u0642\u0639 \u062a\u062c\u0639\u0644 \u0627\u0644\u062a\u0646\u0638\u064a\u0641 \u0623\u0633\u0631\u0639. \u0628\u062a\u0645\u0631\u064a\u0631\u0629 \u0633\u0631\u064a\u0639\u0629 \u0644\u0646 \u062a\u062d\u062a\u0641\u0638 \u0627\u0644\u0632\u0648\u0627\u064a\u0627 \u0628\u0627\u0644\u0641\u062a\u0627\u062a \u0623\u0648 \u0627\u0644\u0645\u0648\u0627\u062f \u0627\u0644\u0644\u0632\u062c\u0629 \u0645\u062b\u0644 \u0627\u0644\u0632\u0648\u0627\u064a\u0627 \u0627\u0644\u0642\u0627\u0626\u0645\u0629 \u0627\u0644\u0642\u062f\u064a\u0645\u0629.<\/p>\n<h3 data-start=\"1497\" data-end=\"1770\"><strong data-start=\"1497\" data-end=\"1531\">\u0623\u062e\u0627\u062f\u064a\u062f \u062a\u0635\u0631\u064a\u0641 \u0630\u0643\u064a\u0629 \u0639\u0644\u0649 \u0634\u0643\u0644 X- \u0627\u0644\u0634\u0643\u0644 \u0627\u0644\u0630\u0643\u064a<\/strong><\/h3>\n<p data-start=\"1497\" data-end=\"1770\">\u062a\u0642\u0648\u0645 \u0627\u0644\u0623\u062e\u0627\u062f\u064a\u062f \u0639\u0644\u0649 \u0634\u0643\u0644 X \u0628\u062a\u0648\u062c\u064a\u0647 \u0627\u0644\u0645\u064a\u0627\u0647 \u0646\u062d\u0648 \u0627\u0644\u0645\u0635\u0641\u0627\u0629 \u0627\u0644\u0642\u064a\u0627\u0633\u064a\u0629 \u0628\u0642\u064a\u0627\u0633 3.5 \u0628\u0648\u0635\u0629 \u0644\u0645\u0646\u0639 \u062a\u062c\u0645\u0639 \u0627\u0644\u0645\u064a\u0627\u0647<br data-start=\"1620\" data-end=\"1623\" \/>\u0625\u0646\u0647 \u0645\u0643\u0633\u0628 \u0647\u0646\u062f\u0633\u064a \u0635\u063a\u064a\u0631 \u064a\u0624\u062a\u064a \u062b\u0645\u0627\u0631\u0647: \u0641\u0627\u0644\u0645\u0627\u0621 \u064a\u062a\u0633\u0631\u0628 \u0625\u0644\u0649 \u0627\u0644\u062e\u0627\u0631\u062c \u0628\u0634\u0643\u0644 \u0623\u0646\u064a\u0642\u060c \u0648\u064a\u062c\u0641 \u0627\u0644\u062d\u0648\u0636 \u0628\u0634\u0643\u0644 \u0623\u0633\u0631\u0639\u060c \u0648\u062a\u0642\u0636\u064a \u0648\u0642\u062a\u064b\u0627 \u0623\u0642\u0644 \u0641\u064a \u0627\u0644\u062a\u0646\u0634\u064a\u0641 \u0648\u0648\u0642\u062a\u064b\u0627 \u0623\u0637\u0648\u0644 \u0641\u064a \u062a\u0646\u0627\u0648\u0644 \u0627\u0644\u0637\u0639\u0627\u0645.<\/p>\n<h3 data-start=\"1777\" data-end=\"2096\"><strong data-start=\"1777\" data-end=\"1812\">\u0628\u0646\u064a\u0629 \u0645\u062a\u064a\u0646\u0629 \u0648\u0639\u0645\u0644\u064a\u0629<\/strong><\/h3>\n<p data-start=\"1777\" data-end=\"2096\">\u0645\u0635\u0646\u0648\u0639\u0629 \u0645\u0646 \u0645\u0648\u0627\u062f \u0639\u0627\u0644\u064a\u0629 \u0627\u0644\u062c\u0648\u062f\u0629 \u0648\u0645\u062a\u0648\u0641\u0631\u0629 \u0628\u062e\u064a\u0627\u0631\u0627\u062a \u0633\u0645\u0627\u0643\u0629 \u0645\u062a\u0639\u062f\u062f\u0629 (0.95 \u0645\u0645 - 1.2 \u0645\u0645)<br data-start=\"1910\" data-end=\"1913\" \/>\u0627\u0644\u062d\u0648\u0636 \u064a\u0628\u062f\u0648 \u0635\u0644\u0628\u0627\u064b \u062a\u062d\u062a \u064a\u062f\u064a\u0643. \u0627\u062e\u062a\u0631 \u0645\u0642\u064a\u0627\u0633\u0627\u064b \u0623\u0643\u062b\u0631 \u0633\u0645\u0643\u0627\u064b \u0625\u0630\u0627 \u0643\u0646\u062a \u062a\u0631\u064a\u062f \u0648\u0639\u0627\u0621\u064b \u0623\u062b\u0642\u0644 \u0648\u0623\u0643\u062b\u0631 \u0647\u062f\u0648\u0621\u0627\u064b\u061b \u0648\u0627\u062e\u062a\u0631 \u0648\u0639\u0627\u0621\u064b \u0623\u062e\u0641 \u0648\u0632\u0646\u0627\u064b \u0625\u0630\u0627 \u0643\u0646\u062a \u062a\u0631\u064a\u062f \u062a\u062d\u0633\u064a\u0646 \u0627\u0644\u0645\u064a\u0632\u0627\u0646\u064a\u0629 - \u0641\u064a \u0643\u0644\u062a\u0627 \u0627\u0644\u062d\u0627\u0644\u062a\u064a\u0646\u060c \u0641\u0647\u0648 \u0645\u0635\u0645\u0645 \u0644\u064a\u062f\u0648\u0645 \u0637\u0648\u064a\u0644\u0627\u064b.<\/p>\n<h3 data-start=\"2103\" data-end=\"2373\"><strong data-start=\"2103\" data-end=\"2129\">\u0627\u0644\u0628\u0635\u0645\u0629 \u0627\u0644\u062a\u0646\u0627\u0633\u0628\u064a\u0629<\/strong><\/h3>\n<p data-start=\"2103\" data-end=\"2373\">\u0645\u0642\u0627\u0633 \u0625\u062c\u0645\u0627\u0644\u064a 838 \u00d7 559 \u0645\u0645 \u064a\u0639\u0637\u064a \u062d\u0636\u0648\u0631\u0627\u064b \u0637\u0627\u063a\u064a\u0627\u064b \u062f\u0648\u0646 \u0623\u0646 \u064a\u0637\u063a\u0649 \u0639\u0644\u0649 \u0627\u0644\u0645\u0646\u0636\u062f\u0629<br data-start=\"2221\" data-end=\"2224\" \/>\u0648\u0639\u0627\u0621 \u0643\u0628\u064a\u0631\u060c \u0628\u0635\u0645\u0629 \u0630\u0643\u064a\u0629 - \u064a\u0645\u0643\u0646\u0643 \u0627\u0644\u062d\u0635\u0648\u0644 \u0639\u0644\u0649 \u0645\u0633\u0627\u062d\u0629 \u0642\u0627\u0628\u0644\u0629 \u0644\u0644\u0627\u0633\u062a\u062e\u062f\u0627\u0645 \u062f\u0648\u0646 \u0627\u0644\u062a\u0636\u062d\u064a\u0629 \u0628\u062a\u0635\u0645\u064a\u0645 \u0627\u0644\u062e\u0632\u0627\u0646\u0629 \u0623\u0648 \u0627\u0644\u0645\u0646\u0636\u062f\u0629. \u0625\u0646\u0647 \u0641\u0633\u064a\u062d \u0648\u0644\u0643\u0646\u0647 \u064a\u062d\u062a\u0631\u0645 \u062d\u062f\u0648\u062f \u0627\u0644\u0645\u0637\u0628\u062e \u0627\u0644\u062d\u0642\u064a\u0642\u064a.<\/p>\n<h3 data-start=\"2380\" data-end=\"2638\"><strong data-start=\"2380\" data-end=\"2410\">\u0645\u062f\u0639\u0648\u0645 \u0628\u062f\u0639\u0645 \u0645\u062f\u0649 \u0627\u0644\u062d\u064a\u0627\u0629<\/strong><\/h3>\n<p data-start=\"2380\" data-end=\"2638\">\u062e\u062f\u0645\u0629 \u0645\u0627 \u0628\u0639\u062f \u0627\u0644\u0628\u064a\u0639 \u0645\u062f\u0649 \u0627\u0644\u062d\u064a\u0627\u0629 \u0648\u062f\u0639\u0645 \u0627\u0644\u0628\u062d\u062b \u0648\u0627\u0644\u062a\u0637\u0648\u064a\u0631 \u064a\u0639\u0646\u064a \u0645\u0633\u0627\u0639\u062f\u0629 \u062d\u0642\u064a\u0642\u064a\u0629 \u0639\u0646\u062f\u0645\u0627 \u062a\u062d\u062a\u0627\u062c \u0625\u0644\u064a\u0647\u0627<br data-start=\"2493\" data-end=\"2496\" \/>\u0625\u0630\u0627 \u0627\u062d\u062a\u0627\u062c \u0634\u064a\u0621 \u0645\u0627 \u0625\u0644\u0649 \u0639\u0646\u0627\u064a\u0629 \u0628\u0639\u062f \u0633\u0646\u0648\u0627\u062a \u0645\u0646 \u0627\u0644\u0622\u0646\u060c \u0641\u0647\u0646\u0627\u0643 \u0641\u0631\u064a\u0642 \u064a\u0639\u0631\u0641 \u0627\u0644\u0645\u0646\u062a\u062c \u0648\u064a\u0645\u0643\u0646\u0647 \u0627\u0644\u0645\u0633\u0627\u0639\u062f\u0629 - \u0648\u0644\u064a\u0633 \u0645\u062c\u0631\u062f \u0645\u0644\u0627\u062d\u0638\u0629 \u0636\u0645\u0627\u0646 \u0639\u0627\u0645\u0629 \u0641\u064a \u0627\u0644\u0635\u0646\u062f\u0648\u0642.<\/p>","protected":false},"excerpt":{"rendered":"<p>\u0627\u062e\u062a\u0628\u0631 \u0627\u0644\u0633\u0639\u0629 \u0648\u0627\u0644\u0633\u0647\u0648\u0644\u0629 \u0627\u0644\u062a\u064a \u0644\u0627 \u0645\u062b\u064a\u0644 \u0644\u0647\u0627 \u0645\u0639 \u062d\u0648\u0636 \u0627\u0644\u0645\u0637\u0628\u062e \u0627\u0644\u0641\u0631\u062f\u064a \u0627\u0644\u0643\u0628\u064a\u0631. \u064a\u062a\u0645\u064a\u0632 \u0628\u0648\u0639\u0627\u0621 \u0648\u0627\u0633\u0639 \u0645\u0642\u0627\u0633 774 \u00d7 432 \u0645\u0645 \u0628\u062a\u0635\u0645\u064a\u0645 \u0639\u0645\u064a\u0642 230 \u0645\u0645\u060c \u064a\u0633\u062a\u0648\u0639\u0628 \u0627\u0644\u0623\u0648\u0627\u0646\u064a \u0648\u0627\u0644\u0645\u0642\u0627\u0644\u064a \u0643\u0628\u064a\u0631\u0629 \u0627\u0644\u062d\u062c\u0645 \u062f\u0648\u0646 \u0639\u0646\u0627\u0621. \u062a\u0636\u0645\u0646 \u0627\u0644\u0632\u0648\u0627\u064a\u0627 \u0627\u0644\u062f\u0627\u0626\u0631\u064a\u0629 \u0648\u0623\u062e\u0627\u062f\u064a\u062f \u0627\u0644\u062a\u0635\u0631\u064a\u0641 \u0639\u0644\u0649 \u0634\u0643\u0644 X \u0633\u0631\u0639\u0629 \u0627\u0644\u062a\u0646\u0638\u064a\u0641 \u0648\u062a\u062f\u0641\u0642 \u0627\u0644\u0645\u064a\u0627\u0647 \u0628\u0643\u0641\u0627\u0621\u0629\u060c \u0645\u0645\u0627 \u064a\u062c\u0639\u0644\u0647\u0627 \u0627\u0644\u0642\u0637\u0639\u0629 \u0627\u0644\u0645\u0631\u0643\u0632\u064a\u0629 \u0627\u0644\u0645\u062b\u0627\u0644\u064a\u0629 \u0644\u0644\u0645\u0637\u0627\u0628\u062e \u0627\u0644\u0645\u0632\u062f\u062d\u0645\u0629 \u0627\u0644\u062a\u064a \u062a\u0642\u062f\u0631 \u0627\u0644\u0634\u0643\u0644 \u0648\u0627\u0644\u0648\u0638\u064a\u0641\u0629.<\/p>\n<p>\u0627\u0644\u0645\u0648\u062f\u064a\u0644: TS3322<br \/>\n\u0627\u0644\u0623\u0628\u0639\u0627\u062f \u0627\u0644\u062e\u0627\u0631\u062c\u064a\u0629: 838 \u00d7 559 \u0645\u0645<br \/>\n\u0627\u0644\u0623\u0628\u0639\u0627\u062f \u0627\u0644\u062f\u0627\u062e\u0644\u064a\u0629: 774 \u00d7 432 \u0645\u0645<br \/>\n\u0627\u0644\u0639\u0645\u0642: 230 \u0645\u0645<br \/>\n\u0627\u0644\u0633\u064f\u0645\u0643: 0.95\/1.05\/1.05\/1.2 \u0645\u0645\/\u0627\u0644\u062a\u062e\u0635\u064a\u0635<br \/>\n\u0623\u0628\u0639\u0627\u062f \u0627\u0644\u0639\u0628\u0648\u0629 \u0627\u0644\u0641\u0631\u062f\u064a\u0629: 890 \u00d7 609 \u00d7 609 \u00d7 290 \u0645\u0645<br \/>\n\u0627\u0644\u0648\u0632\u0646 \u0627\u0644\u0635\u0627\u0641\u064a: 11 \u0643\u062c\u0645<br \/>\n\u0627\u0644\u0648\u0632\u0646 \u0627\u0644\u0625\u062c\u0645\u0627\u0644\u064a: 12.5 \u0643\u062c\u0645<\/p>","protected":false},"featured_media":713,"template":"","meta":{"_gspb_post_css":""},"product_brand":[],"product_cat":[19],"product_tag":[57],"class_list":{"0":"post-712","1":"product","2":"type-product","3":"status-publish","4":"has-post-thumbnail","6":"product_cat-topmount-sink","7":"product_tag-single-basin-sink-extra-large-sink-deep-kitchen-sink","9":"first","10":"instock","11":"shipping-taxable","12":"product-type-simple"},"_links":{"self":[{"href":"https:\/\/jsd-sinks.com\/ar\/wp-json\/wp\/v2\/product\/712","targetHints":{"allow":["GET"]}}],"collection":[{"href":"https:\/\/jsd-sinks.com\/ar\/wp-json\/wp\/v2\/product"}],"about":[{"href":"https:\/\/jsd-sinks.com\/ar\/wp-json\/wp\/v2\/types\/product"}],"wp:featuredmedia":[{"embeddable":true,"href":"https:\/\/jsd-sinks.com\/ar\/wp-json\/wp\/v2\/media\/713"}],"wp:attachment":[{"href":"https:\/\/jsd-sinks.com\/ar\/wp-json\/wp\/v2\/media?parent=712"}],"wp:term":[{"taxonomy":"product_brand","embeddable":true,"href":"https:\/\/jsd-sinks.com\/ar\/wp-json\/wp\/v2\/product_brand?post=712"},{"taxonomy":"product_cat","embeddable":true,"href":"https:\/\/jsd-sinks.com\/ar\/wp-json\/wp\/v2\/product_cat?post=712"},{"taxonomy":"product_tag","embeddable":true,"href":"https:\/\/jsd-sinks.com\/ar\/wp-json\/wp\/v2\/product_tag?post=712"}],"curies":[{"name":"\u062f\u0628\u0644\u064a\u0648 \u0628\u064a","href":"https:\/\/api.w.org\/{rel}","templated":true}]}}