{"id":653,"date":"2025-11-29T09:27:13","date_gmt":"2025-11-29T09:27:13","guid":{"rendered":"https:\/\/jsd-sinks.com\/?post_type=product&#038;p=653"},"modified":"2025-12-13T03:35:20","modified_gmt":"2025-12-13T03:35:20","slug":"versatile-topmount-workstation-kitchen-sink","status":"publish","type":"product","link":"https:\/\/jsd-sinks.com\/ar\/versatile-topmount-workstation-kitchen-sink\/","title":{"rendered":"\u062d\u0648\u0636 \u0627\u0644\u0645\u0637\u0628\u062e \u0645\u062a\u0639\u062f\u062f \u0627\u0644\u0627\u0633\u062a\u062e\u062f\u0627\u0645\u0627\u062a WUS3022 \u062d\u0648\u0636 \u0645\u0637\u0628\u062e \u0645\u062a\u0639\u062f\u062f \u0627\u0644\u0627\u0633\u062a\u062e\u062f\u0627\u0645\u0627\u062a WUS3022"},"content":{"rendered":"<h2 data-start=\"0\" data-end=\"74\">\u0645\u063a\u0633\u0644\u0629 \u0645\u0637\u0628\u062e \u0645\u062d\u0637\u0629 \u0627\u0644\u0639\u0645\u0644 \u0627\u0644\u0639\u0644\u0648\u064a\u0629 - \u0645\u0635\u0645\u0645\u0629 \u0644\u0645\u0637\u0627\u0628\u062e \u062d\u0642\u064a\u0642\u064a\u0629\u060c \u062d\u064a\u0627\u0629 \u062d\u0642\u064a\u0642\u064a\u0629<\/h2>\n<p data-start=\"76\" data-end=\"167\"><strong data-start=\"76\" data-end=\"167\">\u0645\u0635\u0645\u0645\u0629 \u0644\u0644\u0637\u0647\u064a \u0627\u0644\u064a\u0648\u0645\u064a \u0648\u0627\u0644\u062a\u0635\u0645\u064a\u0645 \u0627\u0644\u0645\u062f\u0631\u0648\u0633 \u0644\u0645\u062d\u0637\u0629 \u0627\u0644\u0639\u0645\u0644 \u0648\u0627\u0644\u0645\u062a\u0627\u0646\u0629 \u0627\u0644\u062f\u0627\u0626\u0645\u0629.<\/strong><\/p>\n<p data-start=\"169\" data-end=\"483\">\u0647\u0630\u0627 \u0627\u0644\u062d\u0648\u0636 \u0635\u064f\u0646\u0639 \u0645\u0646 \u0623\u062c\u0644 \u0625\u064a\u0642\u0627\u0639 \u0627\u0644\u0645\u0637\u0628\u062e \u0627\u0644\u062d\u0642\u064a\u0642\u064a - \u0639\u0634\u0627\u0621 \u0623\u064a\u0627\u0645 \u0627\u0644\u0623\u0633\u0628\u0648\u0639\u060c \u0648\u0627\u0644\u062e\u0628\u0632 \u0641\u064a \u0639\u0637\u0644\u0629 \u0646\u0647\u0627\u064a\u0629 \u0627\u0644\u0623\u0633\u0628\u0648\u0639\u060c \u0648\u0627\u0644\u062a\u0646\u0638\u064a\u0641 \u0641\u064a \u0627\u0644\u0644\u062d\u0638\u0629 \u0627\u0644\u0623\u062e\u064a\u0631\u0629. \u0644\u0642\u062f \u0635\u064f\u0646\u0639 \u0645\u0646 \u0627\u0644\u0641\u0648\u0644\u0627\u0630 \u0627\u0644\u0645\u0642\u0627\u0648\u0645 \u0644\u0644\u0635\u062f\u0623 T-304 \u0628\u0633\u0645\u0627\u0643\u0629 \u0645\u0637\u0645\u0626\u0646\u0629 \u0628\u0633\u0645\u0627\u0643\u0629 16\u060c \u0644\u0630\u0627 \u0641\u0625\u0646 \u0633\u0637\u062d\u0647 \u064a\u0628\u062f\u0648 \u0642\u0648\u064a\u0627\u064b \u062a\u062d\u062a \u064a\u062f\u064a\u0643 \u0648\u064a\u062a\u062d\u0645\u0644 \u0633\u0646\u0648\u0627\u062a \u0645\u0646 \u0627\u0644\u0627\u0633\u062a\u062e\u062f\u0627\u0645 \u062f\u0648\u0646 \u0623\u0646 \u064a\u0641\u0642\u062f \u0645\u0638\u0647\u0631\u0647 \u0627\u0644\u0647\u0627\u062f\u0626 \u0648\u0627\u0644\u0639\u0635\u0631\u064a.<\/p>\n<h2 data-start=\"490\" data-end=\"520\">\u0635\u064f\u0645\u0645\u062a \u062e\u0635\u064a\u0635\u0627\u064b \u0644\u0644\u0623\u0634\u062e\u0627\u0635 \u0627\u0644\u0630\u064a\u0646 \u064a\u0637\u0628\u062e\u0648\u0646<\/h2>\n<p data-start=\"522\" data-end=\"573\"><strong data-start=\"522\" data-end=\"573\">\u0635\u064f\u0645\u0645\u062a \u0644\u062a\u0644\u0645\u0633\u0647\u0627 \u0648\u062a\u0633\u062a\u062e\u062f\u0645\u0647\u0627 \u0648\u062a\u062d\u0628\u0647\u0627 \u0643\u0644 \u064a\u0648\u0645.<\/strong><\/p>\n<p data-start=\"575\" data-end=\"856\">\u0645\u0646 \u0627\u0644\u0644\u062d\u0638\u0629 \u0627\u0644\u062a\u064a \u062a\u0636\u0639 \u0641\u064a\u0647\u0627 \u064a\u062f\u0643 \u0639\u0644\u064a\u0647\u060c \u0641\u0625\u0646 \u0647\u0630\u0627 \u0627\u0644\u062d\u0648\u0636 \u064a\u0639\u0628\u0631 \u0639\u0646 \u0627\u0644\u062c\u0648\u062f\u0629: \u062d\u0627\u0641\u0629 \u0646\u0627\u0639\u0645\u0629\u060c \u062b\u0642\u0644 \u0645\u062a\u0648\u0627\u0632\u0646\u060c \u0648\u0633\u0637\u062d \u0635\u0627\u062f\u0642 \u064a\u062a\u062d\u0645\u0644 \u0635\u062f\u0645\u0627\u062a \u0627\u0644\u062d\u064a\u0627\u0629 \u0627\u0644\u064a\u0648\u0645\u064a\u0629. \u0644\u0627 \u064a\u062a\u0639\u0644\u0642 \u0627\u0644\u0623\u0645\u0631 \u0641\u0642\u0637 \u0628\u0627\u0644\u0645\u062a\u0627\u0646\u0629 - \u0628\u0644 \u064a\u062a\u0639\u0644\u0642 \u0628\u0627\u0644\u062b\u0642\u0629 \u0627\u0644\u0647\u0627\u062f\u0626\u0629 \u0627\u0644\u062a\u064a \u062a\u0634\u0639\u0631 \u0628\u0647\u0627 \u0639\u0646\u062f\u0645\u0627 \u062a\u0639\u0645\u0644 \u0627\u0644\u0623\u062f\u0627\u0629 \u0628\u0628\u0633\u0627\u0637\u0629 \u0628\u0627\u0644\u0637\u0631\u064a\u0642\u0629 \u0627\u0644\u062a\u064a \u062a\u062a\u0648\u0642\u0639\u0647\u0627.<\/p>\n<h2 data-start=\"863\" data-end=\"902\">\u0648\u0639\u0627\u0621 \u0648\u0627\u0633\u0639 \u0628\u0639\u0645\u0642 \u0645\u0631\u064a\u062d<\/h2>\n<p data-start=\"904\" data-end=\"975\"><strong data-start=\"904\" data-end=\"975\">\u0648\u0639\u0627\u0621 \u0643\u0628\u064a\u0631 \u0645\u0642\u0627\u0633 711 \u00d7 432 \u0645\u0645 \u0628\u0639\u0645\u0642 230 \u0645\u0645 \u0644\u0639\u0645\u0644 \u0633\u0647\u0644.<\/strong><\/p>\n<p data-start=\"977\" data-end=\"1263\">\u0647\u0646\u0627\u0643 \u0645\u0633\u0627\u062d\u0629 \u0644\u0644\u0634\u0637\u0641 \u0648\u0627\u0644\u0646\u0642\u0639 \u0648\u0627\u0644\u062a\u0643\u062f\u064a\u0633 \u062f\u0648\u0646 \u0627\u0644\u0634\u0639\u0648\u0631 \u0628\u0627\u0644\u0636\u064a\u0642. \u064a\u062d\u0627\u0641\u0638 \u0627\u0644\u0639\u0645\u0642 \u0627\u0644\u0630\u064a \u064a\u0628\u0644\u063a 230 \u0645\u0644\u0645 \u0639\u0644\u0649 \u062a\u0642\u0644\u064a\u0644 \u0627\u0644\u0631\u0630\u0627\u0630 \u0648\u064a\u062c\u0639\u0644 \u063a\u0633\u0644 \u0627\u0644\u0623\u0648\u0627\u0646\u064a \u0627\u0644\u0637\u0648\u064a\u0644\u0629 \u0648\u0635\u0648\u0627\u0646\u064a \u0627\u0644\u062e\u0628\u0632 \u0648\u0627\u0644\u0645\u0642\u0627\u0644\u064a \u0643\u0628\u064a\u0631\u0629 \u0627\u0644\u062d\u062c\u0645 \u0623\u0645\u0631\u064b\u0627 \u0637\u0628\u064a\u0639\u064a\u064b\u0627. \u0625\u0646\u0647\u0627 \u0645\u0646 \u0627\u0644\u0646\u0648\u0639 \u0627\u0644\u0630\u064a \u064a\u062e\u062a\u0641\u064a \u0641\u064a \u0627\u0644\u062e\u0644\u0641\u064a\u0629 \u062d\u062a\u0649 \u062a\u062a\u0645\u0643\u0646 \u0645\u0646 \u0627\u0644\u062a\u0631\u0643\u064a\u0632 \u0639\u0644\u0649 \u0627\u0644\u0637\u0647\u064a - \u0648\u0644\u064a\u0633 \u0639\u0644\u0649 \u0627\u0644\u062a\u0646\u0638\u064a\u0641.<\/p>\n<p><img decoding=\"async\" class=\"size-medium wp-image-1164\" src=\"https:\/\/jsd-sinks.com\/wp-content\/uploads\/2025\/11\/31-1-300x300.jpg\" alt=\"\u0645\u063a\u0633\u0644\u0629 \u0645\u0637\u0628\u062e \u0645\u062d\u0637\u0629 \u0627\u0644\u0639\u0645\u0644 \u0627\u0644\u0639\u0644\u0648\u064a\u0629\" width=\"300\" height=\"300\" title=\"\" srcset=\"https:\/\/jsd-sinks.com\/wp-content\/uploads\/2025\/11\/31-1-300x300.jpg 300w, https:\/\/jsd-sinks.com\/wp-content\/uploads\/2025\/11\/31-1-100x100.jpg 100w, https:\/\/jsd-sinks.com\/wp-content\/uploads\/2025\/11\/31-1-600x600.jpg 600w, https:\/\/jsd-sinks.com\/wp-content\/uploads\/2025\/11\/31-1-500x500.jpg 500w, https:\/\/jsd-sinks.com\/wp-content\/uploads\/2025\/11\/31-1-150x150.jpg 150w, https:\/\/jsd-sinks.com\/wp-content\/uploads\/2025\/11\/31-1-768x768.jpg 768w, https:\/\/jsd-sinks.com\/wp-content\/uploads\/2025\/11\/31-1-12x12.jpg 12w, https:\/\/jsd-sinks.com\/wp-content\/uploads\/2025\/11\/31-1.jpg 800w\" sizes=\"(max-width: 300px) 100vw, 300px\" \/><\/p>\n<h2 data-start=\"1270\" data-end=\"1318\">\u062a\u0635\u0645\u064a\u0645 \u0645\u062d\u0637\u0629 \u0627\u0644\u0639\u0645\u0644 \u0627\u0644\u062a\u064a \u062a\u0633\u0627\u0639\u062f\u0643 \u0639\u0644\u0649 \u0627\u0644\u062d\u0631\u0643\u0629 \u0628\u0634\u0643\u0644 \u0623\u0633\u0631\u0639<\/h2>\n<p data-start=\"1320\" data-end=\"1398\"><strong data-start=\"1320\" data-end=\"1398\">\u062d\u0627\u0641\u0629 \u0645\u062d\u0637\u0629 \u0639\u0645\u0644 \u0645\u062f\u0645\u062c\u0629 \u0648\u062a\u0635\u0631\u064a\u0641 \u0630\u0643\u064a \u0639\u0644\u0649 \u0634\u0643\u0644 X \u0644\u062a\u062d\u0636\u064a\u0631 \u0633\u0644\u0633.<\/strong><\/p>\n<p data-start=\"1400\" data-end=\"1751\">\u062a\u0639\u0645\u0644 \u0645\u062d\u0637\u0629 \u0627\u0644\u0639\u0645\u0644 \u0627\u0644\u0645\u062f\u0645\u062c\u0629 \u0639\u0644\u0649 \u062a\u062d\u0648\u064a\u0644 \u0627\u0644\u062d\u0648\u0636 \u0625\u0644\u0649 \u062c\u0632\u064a\u0631\u0629 \u062a\u062d\u0636\u064a\u0631 \u0635\u063a\u064a\u0631\u0629: \u0645\u0631\u0631 \u0644\u0648\u062d \u0627\u0644\u062a\u0642\u0637\u064a\u0639 \u0639\u0644\u0649 \u0627\u0644\u062d\u0627\u0641\u0629\u060c \u0623\u0648 \u0636\u0639 \u0645\u0635\u0641\u0627\u0629 \u0623\u062b\u0646\u0627\u0621 \u0627\u0644\u0634\u0637\u0641\u060c \u0623\u0648 \u0627\u0633\u062a\u062e\u062f\u0645 \u0627\u0644\u0645\u0644\u062d\u0642\u0627\u062a \u0627\u0644\u062a\u064a \u062a\u0646\u0632\u0644\u0642 \u0641\u064a \u0645\u0643\u0627\u0646\u0647\u0627 \u0648\u062a\u0631\u062a\u0628 \u0633\u064a\u0631 \u0627\u0644\u0639\u0645\u0644. \u062a\u0639\u0645\u0644 \u0627\u0644\u0623\u062e\u0627\u062f\u064a\u062f \u0639\u0644\u0649 \u0634\u0643\u0644 X \u0639\u0644\u0649 \u062a\u0648\u062c\u064a\u0647 \u0627\u0644\u0645\u064a\u0627\u0647 \u0628\u0645\u0647\u0627\u0631\u0629 \u0646\u062d\u0648 \u0627\u0644\u0635\u0631\u0641 \u0627\u0644\u0642\u064a\u0627\u0633\u064a \u0628\u0642\u064a\u0627\u0633 3.5 \u0628\u0648\u0635\u0629 \u0628\u062d\u064a\u062b \u064a\u0646\u0638\u0641 \u0627\u0644\u062d\u0648\u0636 \u0646\u0641\u0633\u0647 \u0648\u064a\u0628\u0642\u0649 \u0623\u0643\u062b\u0631 \u062c\u0641\u0627\u0641\u0627\u064b \u0648\u0646\u0638\u0627\u0641\u0629 \u0628\u064a\u0646 \u0627\u0644\u0627\u0633\u062a\u062e\u062f\u0627\u0645\u0627\u062a.<\/p>\n<h2 data-start=\"1758\" data-end=\"1802\">\u0627\u0644\u062a\u0641\u0627\u0635\u064a\u0644 \u0627\u0644\u062a\u064a \u062a\u062c\u0639\u0644 \u0627\u0644\u0623\u0634\u064a\u0627\u0621 \u0627\u0644\u0635\u063a\u064a\u0631\u0629 \u0623\u0641\u0636\u0644<\/h2>\n<p data-start=\"1804\" data-end=\"1869\"><strong data-start=\"1804\" data-end=\"1869\">\u0632\u0648\u0627\u064a\u0627 \u0645\u0633\u062a\u062f\u064a\u0631\u0629\u060c \u0648\u0633\u0647\u0648\u0644\u0629 \u0627\u0644\u062a\u0646\u0638\u064a\u0641\u060c \u0648\u062e\u064a\u0627\u0631\u0627\u062a \u0633\u0645\u0627\u0643\u0629 \u0645\u062e\u0635\u0635\u0629.<\/strong><\/p>\n<p data-start=\"1871\" data-end=\"2141\">\u0632\u0648\u0627\u064a\u0627 \u0645\u0633\u062a\u062f\u064a\u0631\u0629 \u062a\u0639\u0646\u064a \u0639\u062f\u0645 \u0648\u062c\u0648\u062f \u0623\u0648\u0633\u0627\u062e \u0639\u0646\u064a\u062f\u0629 \u0645\u062e\u062a\u0628\u0626\u0629 \u0641\u064a \u0627\u0644\u0632\u0648\u0627\u064a\u0627 \u0627\u0644\u0636\u064a\u0642\u0629. \u0627\u062e\u062a\u0631 \u0633\u0645\u0627\u0643\u0629 \u062a\u062a\u0631\u0627\u0648\u062d \u0628\u064a\u0646 0.95 \u0645\u0644\u0645 \u0625\u0644\u0649 1.35 \u0645\u0644\u0645 \u062d\u0633\u0628 \u0645\u0627 \u0625\u0630\u0627 \u0643\u0646\u062a \u062a\u0641\u0636\u0644 \u0627\u0633\u062a\u062e\u062f\u0627\u0645\u0627\u064b \u0623\u062e\u0641 \u0623\u0648 \u0623\u062b\u0642\u0644 \u0648\u0623\u0643\u062b\u0631 \u0627\u062d\u062a\u0631\u0627\u0641\u064a\u0629. \u0647\u0630\u0647 \u0627\u0644\u062e\u064a\u0627\u0631\u0627\u062a \u0627\u0644\u0635\u063a\u064a\u0631\u0629 \u062a\u062c\u0639\u0644 \u0647\u0630\u0627 \u0627\u0644\u062d\u0648\u0636 \u064a\u0646\u0627\u0633\u0628 \u0631\u0648\u062a\u064a\u0646\u0643\u060c \u0648\u0644\u064a\u0633 \u0627\u0644\u0639\u0643\u0633.<\/p>\n<h2 data-start=\"2148\" data-end=\"2180\">\u062a\u0634\u0637\u064a\u0628\u0627\u062a \u062a\u062a\u0646\u0627\u0633\u0628 \u0645\u0639 \u0645\u0646\u0632\u0644\u0643<\/h2>\n<p data-start=\"2182\" data-end=\"2250\"><strong data-start=\"2182\" data-end=\"2250\">\u0627\u062e\u062a\u0631 \u0645\u0646 \u0628\u064a\u0646 \u0627\u0644\u0623\u0633\u0648\u062f \u0627\u0644\u0645\u0635\u0642\u0648\u0644 \u0623\u0648 \u0627\u0644\u0623\u0633\u0648\u062f \u0627\u0644\u0646\u0627\u0646\u0648 \u0623\u0648 \u0627\u0644\u0623\u0633\u0648\u062f \u063a\u064a\u0631 \u0627\u0644\u0644\u0627\u0645\u0639 \u0623\u0648 \u0627\u0644\u0631\u0645\u0627\u062f\u064a \u063a\u064a\u0631 \u0627\u0644\u0644\u0627\u0645\u0639 \u0623\u0648 \u0627\u0644\u0630\u0647\u0628\u064a.<\/strong><\/p>\n<p data-start=\"2252\" data-end=\"2495\">\u0633\u0648\u0627\u0621\u064b \u0643\u0627\u0646 \u0645\u0637\u0628\u062e\u0643 \u062f\u0627\u0641\u0626\u0627\u064b \u0648\u0631\u064a\u0641\u064a\u0627\u064b \u0623\u0648 \u0639\u0635\u0631\u064a\u0627\u064b \u0628\u0634\u0643\u0644 \u0635\u0627\u0631\u062e\u060c \u064a\u062a\u0645 \u0627\u062e\u062a\u064a\u0627\u0631 \u0627\u0644\u062a\u0634\u0637\u064a\u0628\u0627\u062a \u0644\u062a\u0643\u0645\u0644 \u0627\u0644\u0645\u0648\u0627\u062f \u0627\u0644\u062d\u0642\u064a\u0642\u064a\u0629 - \u0627\u0644\u062e\u0634\u0628 \u0648\u0627\u0644\u062d\u062c\u0631 \u0648\u0627\u0644\u062e\u0632\u0627\u0626\u0646 \u0627\u0644\u0645\u0637\u0644\u064a\u0629. \u062a\u062a\u0645 \u0645\u0639\u0627\u0644\u062c\u0629 \u0643\u0644 \u062a\u0634\u0637\u064a\u0628\u0627\u062a \u0644\u0645\u0642\u0627\u0648\u0645\u0629 \u0627\u0644\u0628\u0642\u0639 \u0648\u0627\u0644\u062a\u0622\u0643\u0644 \u062d\u062a\u0649 \u062a\u0638\u0644 \u062a\u0628\u062f\u0648 \u0645\u062a\u0639\u0645\u062f\u0629 \u0648\u0644\u064a\u0633\u062a \u0645\u062a\u0639\u0628\u0629.<\/p>\n<h2 data-start=\"2502\" data-end=\"2528\">\u0645\u0635\u0645\u0645\u0629 \u0644\u0631\u0627\u062d\u0629 \u0627\u0644\u0628\u0627\u0644<\/h2>\n<p data-start=\"2530\" data-end=\"2599\"><strong data-start=\"2530\" data-end=\"2599\">\u062a\u0631\u0643\u064a\u0628 \u0639\u0644\u0648\u064a \u0644\u0633\u0647\u0648\u0644\u0629 \u0627\u0644\u062a\u0631\u0643\u064a\u0628\u060c \u0645\u062f\u0639\u0648\u0645 \u0628\u062f\u0639\u0645 \u0645\u062f\u0649 \u0627\u0644\u062d\u064a\u0627\u0629.<\/strong><\/p>\n<p data-start=\"2601\" data-end=\"2835\">\u0627\u0644\u062a\u0631\u0643\u064a\u0628 \u0645\u0646 \u0627\u0644\u0623\u0639\u0644\u0649 \u064a\u062c\u0639\u0644 \u0627\u0644\u062a\u0631\u0643\u064a\u0628 \u0645\u0628\u0627\u0634\u0631\u0629 \u0648\u0622\u0645\u0646\u0629. \u0648\u0639\u0644\u0627\u0648\u0629 \u0639\u0644\u0649 \u0630\u0644\u0643\u060c \u0633\u062a\u062d\u0635\u0644 \u0639\u0644\u0649 \u062e\u062f\u0645\u0629 \u0645\u0627 \u0628\u0639\u062f \u0627\u0644\u0628\u064a\u0639 \u0645\u062f\u0649 \u0627\u0644\u062d\u064a\u0627\u0629 \u0648\u062f\u0639\u0645 \u0627\u0644\u0628\u062d\u062b \u0648\u0627\u0644\u062a\u0637\u0648\u064a\u0631 - \u0623\u0634\u062e\u0627\u0635 \u062d\u0642\u064a\u0642\u064a\u0648\u0646 \u0648\u0623\u0646\u0638\u0645\u0629 \u062d\u0642\u064a\u0642\u064a\u0629 \u062a\u0642\u0641 \u0648\u0631\u0627\u0621 \u0627\u0644\u0645\u0646\u062a\u062c \u062d\u062a\u0649 \u064a\u0633\u062a\u0645\u0631 \u0645\u0637\u0628\u062e\u0643 \u0641\u064a \u0627\u0644\u0639\u0645\u0644 \u0628\u0646\u0641\u0633 \u0627\u0644\u0642\u0648\u0629 \u0627\u0644\u062a\u064a \u062a\u0639\u0645\u0644 \u0628\u0647\u0627.<\/p>","protected":false},"excerpt":{"rendered":"<p>\u0627\u0643\u062a\u0634\u0641 \u062d\u0648\u0636 \u0627\u0644\u0645\u0637\u0628\u062e \u0627\u0644\u0639\u0644\u0648\u064a \u0644\u0644\u0645\u0637\u0628\u062e \u0627\u0644\u0645\u0635\u0646\u0648\u0639 \u0645\u0646 \u0627\u0644\u0641\u0648\u0644\u0627\u0630 \u0627\u0644\u0645\u0642\u0627\u0648\u0645 \u0644\u0644\u0635\u062f\u0623 T-304 \u0639\u0627\u0644\u064a \u0627\u0644\u062c\u0648\u062f\u0629 \u0642\u064a\u0627\u0633 16 \u0645\u0646 \u0623\u062c\u0644 \u0645\u062a\u0627\u0646\u0629 \u0627\u0633\u062a\u062b\u0646\u0627\u0626\u064a\u0629. \u064a\u062a\u0645\u064a\u0632 \u0628\u0648\u0639\u0627\u0621 \u0648\u0627\u0633\u0639 \u0645\u0642\u0627\u0633 711 \u00d7 432 \u0645\u0645 \u0628\u0639\u0645\u0642 230 \u0645\u0645\u060c \u0648\u0623\u062e\u0627\u062f\u064a\u062f \u062a\u0635\u0631\u064a\u0641 \u0639\u0644\u0649 \u0634\u0643\u0644 X\u060c \u0648\u062a\u0635\u0645\u064a\u0645 \u0632\u0627\u0648\u064a\u0629 \u0645\u0633\u062a\u062f\u064a\u0631\u0629 \u0644\u062a\u0646\u0638\u064a\u0641 \u0633\u0647\u0644. \u064a\u0648\u0641\u0631 \u062d\u0648\u0636 \u0645\u062d\u0637\u0629 \u0627\u0644\u0639\u0645\u0644 \u0645\u062a\u0639\u062f\u062f \u0627\u0644\u0627\u0633\u062a\u062e\u062f\u0627\u0645\u0627\u062a \u0647\u0630\u0627 \u062e\u064a\u0627\u0631\u0627\u062a \u0645\u062a\u0639\u062f\u062f\u0629 \u0627\u0644\u0633\u0645\u0627\u0643\u0629 \u0648\u0627\u0644\u062a\u0634\u0637\u064a\u0628\u0627\u062a \u0644\u062a\u062a\u0646\u0627\u0633\u0628 \u0645\u0639 \u0623\u0633\u0644\u0648\u0628 \u0645\u0637\u0628\u062e\u0643\u060c \u0645\u062f\u0639\u0648\u0645\u064b\u0627 \u0628\u062e\u062f\u0645\u0629 \u0639\u0645\u0644\u0627\u0621 \u062a\u062f\u0648\u0645 \u0645\u062f\u0649 \u0627\u0644\u062d\u064a\u0627\u0629 \u0644\u0623\u062f\u0627\u0621 \u064a\u062f\u0648\u0645 \u0637\u0648\u064a\u0644\u0627\u064b.<\/p>\n<p>\u0627\u0644\u0645\u0648\u062f\u064a\u0644: WUS3022<br \/>\n\u0627\u0644\u0623\u0628\u0639\u0627\u062f \u0627\u0644\u062e\u0627\u0631\u062c\u064a\u0629: 762 \u00d7 559 \u0645\u0645<br \/>\n\u0627\u0644\u0623\u0628\u0639\u0627\u062f \u0627\u0644\u062f\u0627\u062e\u0644\u064a\u0629: 711 \u00d7 432 \u0645\u0645<br \/>\n\u0627\u0644\u0639\u0645\u0642: 230 \u0645\u0645<br \/>\n\u0627\u0644\u062e\u0627\u0645\u0629: \u0633\u0648\u0633 201\/\u0633\u0648\u0633 304\/\u0633\u0648\u0633 316<br \/>\n\u0627\u0644\u0633\u064f\u0645\u0643: 0.95\/1.05\/1.05\/1.15\/1.35 \u0645\u0645\/\u0642\u0627\u0628\u0644\u0629 \u0644\u0644\u062a\u062e\u0635\u064a\u0635<br \/>\n\u0637\u0644\u0627\u0621 \u0627\u0644\u0633\u0637\u062d: \u0641\u0631\u0634\u0627\u0629\/\u0623\u0633\u0648\u062f \u0646\u0627\u0646\u0648\/\u0623\u0633\u0648\u062f \u063a\u064a\u0631 \u0644\u0627\u0645\u0639\/\u0623\u0633\u0648\u062f \u063a\u064a\u0631 \u0644\u0627\u0645\u0639\/\u0631\u0645\u0627\u062f\u064a \u0631\u0635\u0627\u0635\u064a\/\u0630\u0647\u0628\u064a<br \/>\n\u0645\u0648\u0643: 5-10 \u0642\u0637\u0639<br \/>\n\u0627\u0644\u0639\u0628\u0648\u0629 \u0627\u0644\u0641\u0631\u062f\u064a\u0629: 812 \u00d7 609 \u00d7 609 \u00d7 290 \u0645\u0645<br \/>\n\u0627\u0644\u0648\u0632\u0646 \u0627\u0644\u0635\u0627\u0641\u064a: 8 \u0643\u062c\u0645<br \/>\n\u0627\u0644\u0648\u0632\u0646 \u0627\u0644\u0625\u062c\u0645\u0627\u0644\u064a: 9.5 \u0643\u062c\u0645<\/p>","protected":false},"featured_media":1232,"template":"","meta":{"_gspb_post_css":""},"product_brand":[],"product_cat":[18],"product_tag":[49],"class_list":{"0":"post-653","1":"product","2":"type-product","3":"status-publish","4":"has-post-thumbnail","6":"product_cat-workstation-sink","7":"product_tag-workstation-sink-topmount-installation-16-gauge-steel","9":"first","10":"instock","11":"shipping-taxable","12":"product-type-simple"},"_links":{"self":[{"href":"https:\/\/jsd-sinks.com\/ar\/wp-json\/wp\/v2\/product\/653","targetHints":{"allow":["GET"]}}],"collection":[{"href":"https:\/\/jsd-sinks.com\/ar\/wp-json\/wp\/v2\/product"}],"about":[{"href":"https:\/\/jsd-sinks.com\/ar\/wp-json\/wp\/v2\/types\/product"}],"wp:featuredmedia":[{"embeddable":true,"href":"https:\/\/jsd-sinks.com\/ar\/wp-json\/wp\/v2\/media\/1232"}],"wp:attachment":[{"href":"https:\/\/jsd-sinks.com\/ar\/wp-json\/wp\/v2\/media?parent=653"}],"wp:term":[{"taxonomy":"product_brand","embeddable":true,"href":"https:\/\/jsd-sinks.com\/ar\/wp-json\/wp\/v2\/product_brand?post=653"},{"taxonomy":"product_cat","embeddable":true,"href":"https:\/\/jsd-sinks.com\/ar\/wp-json\/wp\/v2\/product_cat?post=653"},{"taxonomy":"product_tag","embeddable":true,"href":"https:\/\/jsd-sinks.com\/ar\/wp-json\/wp\/v2\/product_tag?post=653"}],"curies":[{"name":"\u062f\u0628\u0644\u064a\u0648 \u0628\u064a","href":"https:\/\/api.w.org\/{rel}","templated":true}]}}