{"id":606,"date":"2025-11-29T02:23:49","date_gmt":"2025-11-29T02:23:49","guid":{"rendered":"https:\/\/jsd-sinks.com\/?post_type=product&#038;p=606"},"modified":"2025-12-12T07:20:50","modified_gmt":"2025-12-12T07:20:50","slug":"48-inch-kitchen-sink-with-230mm-deep-bowl","status":"publish","type":"product","link":"https:\/\/jsd-sinks.com\/ar\/48-inch-kitchen-sink-with-230mm-deep-bowl\/","title":{"rendered":"\u062d\u0648\u0636 \u0645\u0637\u0628\u062e 48 \u0628\u0648\u0635\u0629 \u0642\u0627\u0628\u0644 \u0644\u0644\u062a\u062e\u0635\u064a\u0635 \u0645\u0639 \u0623\u0648\u0639\u064a\u0629 \u0639\u0645\u064a\u0642\u0629 230 \u0645\u0644\u0645 JSD12050D"},"content":{"rendered":"<h2 data-start=\"344\" data-end=\"724\"><strong data-start=\"344\" data-end=\"399\">\u062d\u0648\u0636 \u0645\u0637\u0628\u062e 48 \u0628\u0648\u0635\u0629 (1200 \u00d7 500 \u0645\u0645)<\/strong><\/h2>\n<p data-start=\"344\" data-end=\"724\">\u0645\u063a\u0633\u0644\u0629 \u0648\u0627\u0633\u0639\u0629 \u0648\u0645\u062f\u0631\u0648\u0633\u0629 \u062a\u062c\u0639\u0644 \u0627\u0644\u0637\u0647\u064a \u0648\u0627\u0644\u062a\u0646\u0638\u064a\u0641 \u0648\u0627\u0644\u062a\u0631\u0641\u064a\u0647 \u0623\u0633\u0647\u0644.<br data-start=\"488\" data-end=\"491\" \/>\u0647\u0630\u0627 \u0627\u0644\u062d\u0648\u0636 \u0645\u0635\u0645\u0645 \u0644\u0644\u062d\u064a\u0627\u0629 \u0627\u0644\u0648\u0627\u0642\u0639\u064a\u0629 - \u0644\u064a\u0627\u0644\u064a \u0627\u0644\u0623\u0633\u0628\u0648\u0639 \u0627\u0644\u0641\u0648\u0636\u0648\u064a\u0629\u060c \u0648\u0627\u0644\u062e\u0628\u0632 \u0627\u0644\u0647\u0627\u062f\u0626 \u064a\u0648\u0645 \u0627\u0644\u0623\u062d\u062f\u060c \u0648\u062d\u0641\u0644\u0627\u062a \u0627\u0644\u0639\u0634\u0627\u0621 \u0627\u0644\u0645\u0641\u0627\u062c\u0626\u0629. \u064a\u0645\u0646\u062d\u0643 \u0645\u0633\u0627\u062d\u0629 \u0644\u0644\u062a\u062d\u0631\u0643\u060c \u0648\u0623\u0633\u0637\u062d\u0627\u064b \u062a\u062a\u062d\u0645\u0644 \u0627\u0644\u062a\u0622\u0643\u0644 \u0627\u0644\u064a\u0648\u0645\u064a\u060c \u0648\u0644\u0645\u0633\u0627\u062a \u062a\u0635\u0645\u064a\u0645 \u0635\u063a\u064a\u0631\u0629 \u062a\u0648\u0641\u0631 \u0627\u0644\u0648\u0642\u062a \u0648\u0627\u0644\u0625\u062d\u0628\u0627\u0637.<\/p>\n<h3 data-start=\"726\" data-end=\"1025\"><strong data-start=\"726\" data-end=\"746\">\u0623\u062d\u0648\u0627\u0636 \u0639\u0645\u064a\u0642\u0629 \u0645\u0632\u062f\u0648\u062c\u0629<\/strong><\/h3>\n<p data-start=\"726\" data-end=\"1025\">\u062d\u0648\u0636\u0627\u0646 \u0645\u0642\u0627\u0633 420 \u00d7 395 \u0645\u0645 \u0628\u0639\u0645\u0642 230 \u0645\u0645 \u064a\u062a\u064a\u062d \u0644\u0643 \u0627\u0644\u0639\u0645\u0644 \u0639\u0644\u0649 \u0645\u0647\u0645\u062a\u064a\u0646 \u0641\u064a \u0622\u0646 \u0648\u0627\u062d\u062f.<br data-start=\"829\" data-end=\"832\" \/>\u0627\u0646\u0642\u0639 \u0627\u0644\u0645\u0642\u0644\u0627\u0629 \u0641\u064a \u0623\u062d\u062f \u0627\u0644\u0623\u062d\u0648\u0627\u0636 \u0628\u064a\u0646\u0645\u0627 \u062a\u0634\u0637\u0641 \u0627\u0644\u062e\u0636\u0631\u0648\u0627\u062a \u0641\u064a \u0627\u0644\u062d\u0648\u0636 \u0627\u0644\u0622\u062e\u0631 - \u0644\u0627 \u062a\u0644\u0627\u0639\u0628\u060c \u0644\u0627 \u062a\u0644\u0648\u062b \u0645\u062a\u0628\u0627\u062f\u0644\u060c \u0644\u0627 \u062a\u0648\u0642\u0641 \u0641\u064a \u0645\u0646\u062a\u0635\u0641 \u0627\u0644\u0648\u0635\u0641\u0629. \u064a\u062d\u0627\u0641\u0638 \u0647\u0630\u0627 \u0627\u0644\u0641\u0635\u0644 \u0639\u0644\u0649 \u0633\u064a\u0631 \u0639\u0645\u0644\u0643 \u0628\u0633\u0644\u0627\u0633\u0629 \u0648\u0639\u0644\u0649 \u0646\u0638\u0627\u0641\u0629 \u0637\u0627\u0648\u0644\u0627\u062a\u0643.<\/p>\n<p><img decoding=\"async\" class=\"alignnone size-medium wp-image-1225\" src=\"https:\/\/jsd-sinks.com\/wp-content\/uploads\/2025\/11\/48-inch-kitchen-sink-4-2-300x300.jpg\" alt=\"\" width=\"300\" height=\"300\" title=\"\" srcset=\"https:\/\/jsd-sinks.com\/wp-content\/uploads\/2025\/11\/48-inch-kitchen-sink-4-2-300x300.jpg 300w, https:\/\/jsd-sinks.com\/wp-content\/uploads\/2025\/11\/48-inch-kitchen-sink-4-2-100x100.jpg 100w, https:\/\/jsd-sinks.com\/wp-content\/uploads\/2025\/11\/48-inch-kitchen-sink-4-2-600x600.jpg 600w, https:\/\/jsd-sinks.com\/wp-content\/uploads\/2025\/11\/48-inch-kitchen-sink-4-2-500x500.jpg 500w, https:\/\/jsd-sinks.com\/wp-content\/uploads\/2025\/11\/48-inch-kitchen-sink-4-2-150x150.jpg 150w, https:\/\/jsd-sinks.com\/wp-content\/uploads\/2025\/11\/48-inch-kitchen-sink-4-2-768x768.jpg 768w, https:\/\/jsd-sinks.com\/wp-content\/uploads\/2025\/11\/48-inch-kitchen-sink-4-2-12x12.jpg 12w, https:\/\/jsd-sinks.com\/wp-content\/uploads\/2025\/11\/48-inch-kitchen-sink-4-2.jpg 800w\" sizes=\"(max-width: 300px) 100vw, 300px\" \/><\/p>\n<h3 data-start=\"1027\" data-end=\"1295\"><strong data-start=\"1027\" data-end=\"1053\">\u0628\u0646\u0627\u0621 \u0627\u0644\u0648\u0639\u0627\u0621 \u0627\u0644\u0639\u0645\u064a\u0642<\/strong><\/h3>\n<p data-start=\"1027\" data-end=\"1295\">\u0639\u0645\u0642 230 \u0645\u0645 \u064a\u0642\u0644\u0644 \u0645\u0646 \u062a\u0646\u0627\u062b\u0631 \u0627\u0644\u0633\u0648\u0627\u0626\u0644 \u0648\u064a\u0646\u0627\u0633\u0628 \u0627\u0644\u0623\u0648\u0627\u0646\u064a \u0627\u0644\u0643\u0628\u064a\u0631\u0629 \u0648\u0635\u0648\u0627\u0646\u064a \u0627\u0644\u062e\u0628\u0632 \u0628\u0633\u0647\u0648\u0644\u0629.<br data-start=\"1136\" data-end=\"1139\" \/>\u0633\u062a\u0644\u0627\u062d\u0638\u064a\u0646 \u0627\u0644\u0641\u0631\u0642 \u0639\u0644\u0649 \u0627\u0644\u0641\u0648\u0631: \u0641\u0648\u0636\u0649 \u0623\u0642\u0644 \u0639\u0644\u0649 \u0633\u0637\u062d \u0627\u0644\u0639\u0645\u0644\u060c \u0648\u0645\u0633\u0627\u062d\u0629 \u0623\u0643\u0628\u0631 \u0644\u0623\u0648\u0627\u0646\u064a \u0627\u0644\u0637\u0647\u064a \u0643\u0628\u064a\u0631\u0629 \u0627\u0644\u062d\u062c\u0645\u060c \u0648\u0632\u0648\u0627\u064a\u0627 \u0623\u0642\u0644 \u062d\u0631\u062c\u0627\u064b \u0639\u0646\u062f \u0634\u0637\u0641 \u0627\u0644\u0623\u063a\u0631\u0627\u0636 \u0627\u0644\u0637\u0648\u064a\u0644\u0629.<\/p>\n<h3 data-start=\"1297\" data-end=\"1577\"><strong data-start=\"1297\" data-end=\"1331\">\u0627\u0644\u0641\u0648\u0644\u0627\u0630 \u0627\u0644\u0645\u0642\u0627\u0648\u0645 \u0644\u0644\u0635\u062f\u0623 SUS304 \u0627\u0644\u0645\u062a\u064a\u0646<\/strong><\/h3>\n<p data-start=\"1297\" data-end=\"1577\">\u0633\u062a\u0627\u0646\u0644\u064a\u0633 \u0633\u062a\u0627\u0646\u0644\u0633 \u0633\u062a\u064a\u0644 \u0645\u0646 \u0641\u0626\u0629 \u0627\u0644\u0645\u0637\u0627\u0628\u062e \u064a\u0642\u0627\u0648\u0645 \u0627\u0644\u062a\u0622\u0643\u0644 \u0648\u064a\u062d\u0627\u0641\u0638 \u0639\u0644\u0649 \u0637\u0644\u0627\u0626\u0647 \u0639\u0644\u0649 \u0645\u062f\u0627\u0631 \u0633\u0646\u0648\u0627\u062a \u0645\u0646 \u0627\u0644\u0627\u0633\u062a\u062e\u062f\u0627\u0645.<br data-start=\"1424\" data-end=\"1427\" \/>\u0647\u0630\u0627 \u0644\u064a\u0633 \u0645\u0639\u062f\u0646 \u0635\u0627\u0644\u0629 \u0627\u0644\u0639\u0631\u0636 - \u0625\u0646\u0647 \u0646\u0641\u0633 \u0627\u0644\u0633\u062a\u0627\u0646\u0644\u0633 \u0633\u062a\u064a\u0644 \u0627\u0644\u0645\u0648\u062b\u0648\u0642 \u0628\u0647 \u0627\u0644\u0645\u0633\u062a\u062e\u062f\u0645 \u0641\u064a \u0627\u0644\u0645\u0637\u0627\u0628\u062e \u0627\u0644\u0645\u0632\u062f\u062d\u0645\u0629. \u0641\u0647\u0648 \u064a\u062a\u062d\u0645\u0644 \u0627\u0644\u0635\u062f\u0645\u0627\u062a \u0648\u0627\u0644\u0628\u062e\u0627\u0631 \u0648\u0627\u0644\u0641\u0631\u0643 \u062f\u0648\u0646 \u0623\u0646 \u064a\u0641\u0642\u062f \u0631\u0628\u0627\u0637\u0629 \u062c\u0623\u0634\u0647.<\/p>\n<h3 data-start=\"1579\" data-end=\"1860\"><strong data-start=\"1579\" data-end=\"1620\">\u062e\u064a\u0627\u0631\u0627\u062a \u0627\u0644\u0633\u0645\u0627\u0643\u0629 \u0644\u0634\u0639\u0648\u0631 \u0645\u062e\u0635\u0635 \u062d\u0633\u0628 \u0627\u0644\u0637\u0644\u0628<\/strong><\/h3>\n<p data-start=\"1579\" data-end=\"1860\">\u0627\u062e\u062a\u0631 \u0645\u0646 0.95 \u0645\u0645 \u0625\u0644\u0649 1.35 \u0645\u0645 \u0644\u062a\u062a\u0646\u0627\u0633\u0628 \u0645\u0639 \u0645\u064a\u0632\u0627\u0646\u064a\u062a\u0643 \u0648\u0627\u0644\u0635\u0648\u062a \u0648\u0627\u0644\u0648\u0632\u0646 \u0627\u0644\u0645\u0631\u063a\u0648\u0628 \u0641\u064a\u0647.<br data-start=\"1706\" data-end=\"1709\" \/>\u0647\u0644 \u062a\u0631\u064a\u062f\u064a\u0646 \u062d\u0648\u0636\u0627\u064b \u0623\u062e\u0641 \u0648\u0632\u0646\u0627\u064b \u0648\u0645\u0646\u0627\u0633\u0628\u0627\u064b \u0644\u0644\u0645\u064a\u0632\u0627\u0646\u064a\u0629 \u0623\u0645 \u062d\u0648\u0636\u0627\u064b \u0623\u062b\u0642\u0644 \u0648\u0623\u0643\u062b\u0631 \u0647\u062f\u0648\u0621\u0627\u064b \u064a\u0634\u0639\u0631\u0643 \u0628\u0627\u0644\u0635\u0644\u0627\u0628\u0629 \u062a\u062d\u062a \u064a\u062f\u064a\u0643\u061f \u0627\u062e\u062a\u0631 \u0627\u0644\u0645\u0642\u064a\u0627\u0633 \u0627\u0644\u0630\u064a \u064a\u0646\u0627\u0633\u0628 \u0637\u0631\u064a\u0642\u0629 \u0639\u064a\u0634\u0643 \u0641\u064a \u0627\u0644\u0645\u0637\u0628\u062e.<\/p>\n<h3 data-start=\"2146\" data-end=\"2366\"><strong data-start=\"2146\" data-end=\"2172\">\u0632\u0648\u0627\u064a\u0627 \u0645\u0633\u062a\u062f\u064a\u0631\u0629 \u062d\u062f\u064a\u062b\u0629<\/strong><\/h3>\n<p>\u0632\u0648\u0627\u064a\u0627 \u0645\u0633\u062a\u062f\u064a\u0631\u0629 \u062a\u0642\u0644\u0644 \u0645\u0646 \u062a\u0643\u062f\u0633 \u0627\u0644\u0623\u0648\u0633\u0627\u062e \u0648\u062a\u062c\u0639\u0644 \u0645\u0633\u062d \u0627\u0644\u062d\u0648\u0636 \u0633\u0631\u064a\u0639\u0627\u064b \u0648\u0633\u0647\u0644\u0627\u064b.<br data-start=\"2252\" data-end=\"2255\" \/>\u0641\u0647\u064a \u062a\u0628\u062f\u0648 \u0646\u0638\u064a\u0641\u0629 \u0648\u062a\u0639\u0645\u0644 \u0628\u0634\u0643\u0644 \u0623\u0641\u0636\u0644: \u062f\u0647\u0648\u0646 \u0623\u0642\u0644\u060c \u0648\u0648\u0642\u062a \u0623\u0642\u0644 \u0641\u064a \u0627\u0644\u0641\u0631\u0643\u060c \u0648\u0644\u0645\u0633\u0629 \u0646\u0647\u0627\u0626\u064a\u0629 \u0623\u0643\u062b\u0631 \u0623\u0646\u0627\u0642\u0629 \u0628\u0634\u0643\u0644 \u0639\u0627\u0645.<\/p>\n<h3 data-start=\"2368\" data-end=\"2681\"><strong data-start=\"2368\" data-end=\"2395\">\u062e\u064a\u0627\u0631\u0627\u062a \u062a\u0634\u0637\u064a\u0628\u0627\u062a \u0645\u062a\u0639\u062f\u062f\u0629<\/strong><\/h3>\n<p data-start=\"2368\" data-end=\"2681\">\u0645\u062a\u0648\u0641\u0631 \u0628\u0627\u0644\u0644\u0648\u0646 \u0627\u0644\u0623\u0633\u0648\u062f \u0627\u0644\u0645\u0635\u0642\u0648\u0644\u060c \u0648\u0627\u0644\u0623\u0633\u0648\u062f \u0627\u0644\u0646\u0627\u0646\u0648\u060c \u0648\u0627\u0644\u0623\u0633\u0648\u062f \u063a\u064a\u0631 \u0627\u0644\u0644\u0627\u0645\u0639\u060c \u0648\u0627\u0644\u0631\u0645\u0627\u062f\u064a \u0627\u0644\u0628\u0646\u062f\u0642\u064a\u0629\u060c \u0648\u0627\u0644\u0630\u0647\u0628\u064a \u0644\u064a\u0646\u0627\u0633\u0628 \u0623\u064a \u0646\u0645\u0637.<br data-start=\"2486\" data-end=\"2489\" \/>\u0633\u0648\u0627\u0621\u064b \u0643\u0646\u062a \u062a\u0631\u063a\u0628 \u0641\u064a \u0627\u0644\u062d\u0635\u0648\u0644 \u0639\u0644\u0649 \u062f\u0641\u0621 \u0627\u0644\u0641\u0648\u0644\u0627\u0630 \u0627\u0644\u0645\u0635\u0642\u0648\u0644 \u0623\u0648 \u0627\u0644\u0644\u0648\u0646 \u0627\u0644\u0623\u0633\u0648\u062f \u063a\u064a\u0631 \u0627\u0644\u0644\u0627\u0645\u0639\u060c \u0641\u0647\u0646\u0627\u0643 \u0644\u0645\u0633\u0629 \u0646\u0647\u0627\u0626\u064a\u0629 \u062a\u062a\u0646\u0627\u0633\u0628 \u0645\u0639 \u0631\u0624\u064a\u062a\u0643 - \u0648\u0644\u0625\u0628\u0642\u0627\u0621 \u0627\u0644\u062d\u0648\u0636 \u0648\u0643\u0623\u0646\u0647 \u062c\u0632\u0621 \u0645\u0646 \u0645\u0637\u0628\u062e\u0643\u060c \u0648\u0644\u064a\u0633 \u0645\u062c\u0631\u062f \u062c\u0647\u0627\u0632.<\/p>\n<h3 data-start=\"2683\" data-end=\"2981\"><strong data-start=\"2683\" data-end=\"2739\">\u0627\u0644\u0647\u0646\u062f\u0633\u0629 \u0627\u0644\u062f\u0642\u064a\u0642\u0629 \u0648\u0645\u0639\u0627\u0644\u062c\u0627\u062a \u0627\u0644\u0623\u0633\u0637\u062d \u0627\u0644\u0645\u062a\u064a\u0646\u0629<\/strong><\/h3>\n<p data-start=\"2683\" data-end=\"2981\">\u064a\u0636\u0645\u0646 \u0644\u0643 \u0627\u0644\u0627\u0646\u062d\u062f\u0627\u0631 \u0627\u0644\u0647\u0646\u062f\u0633\u064a \u0648\u0627\u0644\u0637\u0644\u0627\u0621\u0627\u062a \u0627\u0644\u0648\u0627\u0642\u064a\u0629 \u062a\u0635\u0631\u064a\u0641\u0627\u064b \u0641\u0639\u0627\u0644\u0627\u064b \u0648\u0644\u0645\u0633\u0629 \u0646\u0647\u0627\u0626\u064a\u0629 \u062a\u062f\u0648\u0645 \u0637\u0648\u064a\u0644\u0627\u064b.<br data-start=\"2837\" data-end=\"2840\" \/>\u064a\u062a\u0645 \u0627\u062e\u062a\u064a\u0627\u0631 \u0644\u0648\u062d \u0627\u0644\u062a\u0635\u0631\u064a\u0641 \u0648\u0645\u0639\u0627\u0644\u062c\u0627\u062a \u0627\u0644\u0633\u0637\u062d \u0628\u062d\u064a\u062b \u064a\u062a\u0635\u0631\u0641 \u0627\u0644\u062d\u0648\u0636 \u0628\u0634\u0643\u0644 \u062c\u064a\u062f \u064a\u0648\u0645\u0627\u064b \u0628\u0639\u062f \u064a\u0648\u0645 - \u064a\u062a\u062f\u0641\u0642 \u0627\u0644\u0645\u0627\u0621 \u062d\u064a\u062b \u064a\u062c\u0628 \u0623\u0646 \u064a\u062a\u062f\u0641\u0642 \u0648\u064a\u0642\u0644 \u0638\u0647\u0648\u0631 \u0627\u0644\u062a\u0622\u0643\u0644.<\/p>\n<h3 data-start=\"2983\" data-end=\"3192\"><strong data-start=\"2983\" data-end=\"3015\">\u062f\u0639\u0645 \u0645\u0627 \u0628\u0639\u062f \u0627\u0644\u0628\u064a\u0639 \u0645\u062f\u0649 \u0627\u0644\u062d\u064a\u0627\u0629<\/strong><\/h3>\n<p data-start=\"2983\" data-end=\"3192\">\u0645\u062f\u0639\u0648\u0645 \u0628\u062f\u0639\u0645 \u0645\u0633\u062a\u0645\u0631 \u0648\u0641\u0631\u064a\u0642 \u0628\u062d\u062b \u0648\u062a\u0637\u0648\u064a\u0631 \u0645\u062a\u062e\u0635\u0635 \u0644\u0631\u0627\u062d\u0629 \u0627\u0644\u0628\u0627\u0644.<br data-start=\"3091\" data-end=\"3094\" \/>\u0625\u0630\u0627 \u0637\u0631\u0623 \u0623\u064a \u0634\u064a\u0621\u060c \u064a\u0639\u0645\u0644 \u0639\u0644\u064a\u0647 \u0634\u062e\u0635 \u0645\u0627. \u0648\u064a\u0648\u0627\u0635\u0644 \u0627\u0644\u0641\u0631\u064a\u0642 \u062a\u062d\u0633\u064a\u0646 \u0627\u0644\u0623\u0634\u064a\u0627\u0621 \u0627\u0644\u0635\u063a\u064a\u0631\u0629 \u0627\u0644\u0645\u0647\u0645\u0629.<\/p>","protected":false},"excerpt":{"rendered":"<p>\u0642\u0645 \u0628\u062a\u0631\u0642\u064a\u0629 \u0645\u0637\u0628\u062e\u0643 \u0645\u0639 \u062d\u0648\u0636 \u0627\u0644\u0645\u0637\u0628\u062e \u0627\u0644\u0648\u0627\u0633\u0639 \u0645\u0642\u0627\u0633 48 \u0628\u0648\u0635\u0629 \u0627\u0644\u0630\u064a \u064a\u062a\u0645\u064a\u0632 \u0628\u0623\u062d\u0648\u0627\u0636 \u0639\u0645\u064a\u0642\u0629 \u0645\u0632\u062f\u0648\u062c\u0629 \u0648\u0648\u0638\u0627\u0626\u0641 \u0645\u062a\u0642\u062f\u0645\u0629. \u062a\u0636\u0645\u0646 \u0627\u0644\u0623\u062d\u0648\u0627\u0636 \u0628\u0639\u0645\u0642 230 \u0645\u0645 \u0648\u0623\u062e\u0627\u062f\u064a\u062f \u0627\u0644\u062a\u0635\u0631\u064a\u0641 \u0639\u0644\u0649 \u0634\u0643\u0644 X \u062a\u062f\u0641\u0642 \u0627\u0644\u0645\u064a\u0627\u0647 \u0628\u0643\u0641\u0627\u0621\u0629\u060c \u0628\u064a\u0646\u0645\u0627 \u062a\u0639\u0645\u0644 \u0627\u0644\u0632\u0648\u0627\u064a\u0627 \u0627\u0644\u0645\u0633\u062a\u062f\u064a\u0631\u0629 \u0639\u0644\u0649 \u062a\u0628\u0633\u064a\u0637 \u0639\u0645\u0644\u064a\u0629 \u0627\u0644\u062a\u0646\u0638\u064a\u0641. \u064a\u062a\u0648\u0641\u0631 \u0647\u0630\u0627 \u0627\u0644\u062d\u0648\u0636 \u0628\u0644\u0645\u0633\u0627\u062a \u0646\u0647\u0627\u0626\u064a\u0629 \u0645\u062a\u0639\u062f\u062f\u0629 \u0645\u062a\u0645\u064a\u0632\u0629 \u0628\u0645\u0627 \u0641\u064a \u0630\u0644\u0643 \u0627\u0644\u0644\u0648\u0646 \u0627\u0644\u0623\u0633\u0648\u062f \u0627\u0644\u0645\u0635\u0642\u0648\u0644 \u0648\u0627\u0644\u0623\u0633\u0648\u062f \u0627\u0644\u0646\u0627\u0646\u0648\u060c \u0648\u064a\u062c\u0645\u0639 \u0628\u064a\u0646 \u0627\u0644\u0645\u062a\u0627\u0646\u0629 \u0648\u0627\u0644\u062c\u0645\u0627\u0644 \u0627\u0644\u0639\u0635\u0631\u064a \u0644\u0645\u0633\u0627\u062d\u0629 \u0639\u0645\u0644 \u0645\u062b\u0627\u0644\u064a\u0629 \u0641\u064a \u0645\u0637\u0628\u062e\u0643.<\/p>\n<p>\u0627\u0644\u0645\u0648\u062f\u064a\u0644: 12050D<br \/>\n\u0627\u0644\u0623\u0628\u0639\u0627\u062f \u0627\u0644\u062e\u0627\u0631\u062c\u064a\u0629: 1200 \u00d7 500 \u0645\u0645<br \/>\n\u0627\u0644\u0623\u0628\u0639\u0627\u062f \u0627\u0644\u062f\u0627\u062e\u0644\u064a\u0629: 420 \u00d7 395 \u0645\u0645<br \/>\n\u0627\u0644\u0639\u0645\u0642: 230 \u0645\u0645<br \/>\n\u0627\u0644\u062e\u0627\u0645\u0629: \u0633\u0648\u0633 201\/\u0633\u0648\u0633 304\/\u0633\u0648\u0633 316<br \/>\n\u0627\u0644\u0633\u064f\u0645\u0643: 0.95\/1.05\/1.05\/1.15\/1.35 \u0645\u0645\/\u0642\u0627\u0628\u0644\u0629 \u0644\u0644\u062a\u062e\u0635\u064a\u0635<br \/>\n\u0637\u0644\u0627\u0621 \u0627\u0644\u0633\u0637\u062d: \u0641\u0631\u0634\u0627\u0629\/\u0623\u0633\u0648\u062f \u0646\u0627\u0646\u0648\/\u0623\u0633\u0648\u062f \u063a\u064a\u0631 \u0644\u0627\u0645\u0639\/\u0623\u0633\u0648\u062f \u063a\u064a\u0631 \u0644\u0627\u0645\u0639\/\u0631\u0645\u0627\u062f\u064a \u0631\u0635\u0627\u0635\u064a\/\u0630\u0647\u0628\u064a<br \/>\n\u0645\u0648\u0643: 5-10 \u0642\u0637\u0639<br \/>\n\u0627\u0644\u0639\u0628\u0648\u0629 \u0627\u0644\u0641\u0631\u062f\u064a\u0629: 1250 \u00d7 550 \u00d7 550 \u00d7 290 \u0645\u0645<br \/>\n\u0627\u0644\u0648\u0632\u0646 \u0627\u0644\u0635\u0627\u0641\u064a: 13 \u0643\u062c\u0645<br \/>\n\u0627\u0644\u0648\u0632\u0646 \u0627\u0644\u0625\u062c\u0645\u0627\u0644\u064a: 14.5 \u0643\u062c\u0645<\/p>","protected":false},"featured_media":1227,"template":"","meta":{"_gspb_post_css":""},"product_brand":[],"product_cat":[18],"product_tag":[43],"class_list":{"0":"post-606","1":"product","2":"type-product","3":"status-publish","4":"has-post-thumbnail","6":"product_cat-workstation-sink","7":"product_tag-dual-basin-sink-large-kitchen-sink-premium-stainless-steel","9":"first","10":"instock","11":"shipping-taxable","12":"product-type-simple"},"_links":{"self":[{"href":"https:\/\/jsd-sinks.com\/ar\/wp-json\/wp\/v2\/product\/606","targetHints":{"allow":["GET"]}}],"collection":[{"href":"https:\/\/jsd-sinks.com\/ar\/wp-json\/wp\/v2\/product"}],"about":[{"href":"https:\/\/jsd-sinks.com\/ar\/wp-json\/wp\/v2\/types\/product"}],"wp:featuredmedia":[{"embeddable":true,"href":"https:\/\/jsd-sinks.com\/ar\/wp-json\/wp\/v2\/media\/1227"}],"wp:attachment":[{"href":"https:\/\/jsd-sinks.com\/ar\/wp-json\/wp\/v2\/media?parent=606"}],"wp:term":[{"taxonomy":"product_brand","embeddable":true,"href":"https:\/\/jsd-sinks.com\/ar\/wp-json\/wp\/v2\/product_brand?post=606"},{"taxonomy":"product_cat","embeddable":true,"href":"https:\/\/jsd-sinks.com\/ar\/wp-json\/wp\/v2\/product_cat?post=606"},{"taxonomy":"product_tag","embeddable":true,"href":"https:\/\/jsd-sinks.com\/ar\/wp-json\/wp\/v2\/product_tag?post=606"}],"curies":[{"name":"\u062f\u0628\u0644\u064a\u0648 \u0628\u064a","href":"https:\/\/api.w.org\/{rel}","templated":true}]}}