{"id":583,"date":"2025-11-28T08:49:39","date_gmt":"2025-11-28T08:49:39","guid":{"rendered":"https:\/\/jsd-sinks.com\/?post_type=product&#038;p=583"},"modified":"2025-12-13T03:28:56","modified_gmt":"2025-12-13T03:28:56","slug":"space-saving-drainboard-stainless-steel-sink-jsd7850-nl","status":"publish","type":"product","link":"https:\/\/jsd-sinks.com\/ar\/space-saving-drainboard-stainless-steel-sink-jsd7850-nl\/","title":{"rendered":"\u062d\u0648\u0636 \u0627\u0633\u062a\u0646\u0632\u0627\u0641 \u0645\u0648\u0641\u0631 \u0644\u0644\u0645\u0633\u0627\u062d\u0629 \u0645\u0646 \u0627\u0644\u0641\u0648\u0644\u0627\u0630 \u0627\u0644\u0645\u0642\u0627\u0648\u0645 \u0644\u0644\u0635\u062f\u0623 JSD7850-NL"},"content":{"rendered":"<h2 data-start=\"239\" data-end=\"304\">\u062d\u0648\u0636 \u0627\u0633\u062a\u0646\u0632\u0627\u0641 \u0645\u0646 \u0627\u0644\u0641\u0648\u0644\u0627\u0630 \u0627\u0644\u0645\u0642\u0627\u0648\u0645 \u0644\u0644\u0635\u062f\u0623 - \u0633\u064a\u0631 \u0639\u0645\u0644 \u0627\u0644\u0645\u0637\u0628\u062e \u0627\u0644\u0623\u0643\u062b\u0631 \u0630\u0643\u0627\u0621\u064b<\/h2>\n<p data-start=\"305\" data-end=\"405\">\u062d\u0648\u0636 \u0639\u0645\u064a\u0642 \u0648\u0644\u0648\u062d\u0629 \u062a\u0635\u0631\u064a\u0641 \u0645\u062f\u0645\u062c\u0629 \u062a\u0639\u0645\u0644 \u0639\u0644\u0649 \u062a\u0628\u0633\u064a\u0637 \u0639\u0645\u0644\u064a\u0627\u062a \u0627\u0644\u063a\u0633\u064a\u0644 \u0648\u0627\u0644\u062a\u062c\u0641\u064a\u0641 \u0648\u0627\u0644\u062a\u062d\u0636\u064a\u0631 \u0641\u064a \u0648\u062d\u062f\u0629 \u0648\u0627\u062d\u062f\u0629 \u0645\u062f\u0645\u062c\u0629.<\/p>\n<p data-start=\"407\" data-end=\"657\">\u0642\u0645 \u0628\u062a\u062d\u0648\u064a\u0644 \u0645\u0647\u0627\u0645 \u0627\u0644\u0645\u0637\u0628\u062e \u0627\u0644\u064a\u0648\u0645\u064a\u0629 \u0645\u0639 \u0627\u0644\u062d\u0648\u0636 \u0627\u0644\u0630\u064a \u064a\u0641\u0643\u0631 \u0645\u062b\u0644\u0643: \u062d\u0648\u0636 \u0631\u0626\u064a\u0633\u064a \u0648\u0627\u0633\u0639 230 \u0645\u0645 \u0644\u0644\u0623\u0648\u0627\u0646\u064a \u0648\u0627\u0644\u0645\u0642\u0627\u0644\u064a \u0628\u0627\u0644\u0625\u0636\u0627\u0641\u0629 \u0625\u0644\u0649 \u0644\u0648\u062d \u062a\u0635\u0631\u064a\u0641 \u0645\u0627\u0626\u0644 \u064a\u062a\u0639\u0627\u0645\u0644 \u0645\u0639 \u0627\u0644\u062a\u062c\u0641\u064a\u0641 \u0648\u0627\u0644\u062c\u0631\u064a\u0627\u0646 \u0627\u0644\u0633\u0637\u062d\u064a \u062f\u0648\u0646 \u0633\u0631\u0642\u0629 \u0645\u0633\u0627\u062d\u0629 \u0627\u0644\u0645\u0646\u0636\u062f\u0629. \u0625\u0646\u0647 \u0645\u0635\u0645\u0645 \u0644\u062a\u0631\u062a\u064a\u0628 \u0631\u0648\u062a\u064a\u0646\u0643\u060c \u0648\u0644\u064a\u0633 \u0644\u062a\u0639\u0642\u064a\u062f\u0647.<\/p>\n<h3 data-start=\"659\" data-end=\"717\">\u062d\u0627\u0641\u0629 \u0645\u0628\u062a\u0643\u0631\u0629 \u0644\u0645\u062d\u0637\u0629 \u0627\u0644\u0639\u0645\u0644 - \u0633\u0637\u062d \u0648\u0627\u062d\u062f\u060c \u0627\u0633\u062a\u062e\u062f\u0627\u0645\u0627\u062a \u0645\u062a\u0639\u062f\u062f\u0629<\/h3>\n<p data-start=\"718\" data-end=\"818\">\u062d\u0627\u0641\u0629 \u0645\u062f\u0645\u062c\u0629 \u062a\u0633\u062a\u0648\u0639\u0628 \u0623\u0644\u0648\u0627\u062d \u0627\u0644\u062a\u0642\u0637\u064a\u0639 \u0648\u0627\u0644\u0645\u0635\u0627\u0641\u064a \u0648\u0627\u0644\u0635\u0648\u0627\u0646\u064a \u0628\u062d\u064a\u062b \u064a\u062a\u062f\u0641\u0642 \u0627\u0644\u0625\u0639\u062f\u0627\u062f \u0648\u0627\u0644\u062a\u0646\u0638\u064a\u0641 \u0645\u0639\u0627\u064b.<\/p>\n<p data-start=\"820\" data-end=\"1056\">\u062a\u0645\u0646\u062d\u0643 \u0627\u0644\u062d\u0627\u0641\u0629 \u0627\u0644\u062f\u0642\u064a\u0642\u0629 \u0645\u0646\u0635\u0629 \u062b\u0627\u0628\u062a\u0629 \u0644\u0627\u0646\u0632\u0644\u0627\u0642 \u0627\u0644\u0645\u0644\u062d\u0642\u0627\u062a \u0639\u0644\u0649 \u0627\u0644\u062d\u0648\u0636. \u0641\u0628\u062f\u0644\u0627\u064b \u0645\u0646 \u0646\u0642\u0644 \u0627\u0644\u0645\u0647\u0627\u0645 \u0645\u0646 \u0627\u0644\u0645\u0646\u0636\u062f\u0629 \u0625\u0644\u0649 \u0627\u0644\u062d\u0648\u0636\u060c \u064a\u0645\u0643\u0646\u0643 \u062a\u062d\u0631\u064a\u0643\u0647\u0627 \u0639\u0644\u0649 \u0637\u0648\u0644 \u0633\u0637\u062d \u0648\u0627\u062d\u062f \u0623\u0645\u0644\u0633 - \u0627\u0644\u062a\u0642\u0637\u064a\u0639\u060c \u0627\u0644\u0634\u0637\u0641\u060c \u0627\u0644\u062a\u0635\u0631\u064a\u0641\u060c \u0627\u0644\u062a\u0643\u0631\u0627\u0631\u060c \u0645\u0645\u0627 \u064a\u0648\u0641\u0631 \u0627\u0644\u0648\u0642\u062a \u0648\u064a\u0632\u064a\u0644 \u0627\u0644\u0627\u062d\u062a\u0643\u0627\u0643.<\/p>\n<h3 data-start=\"1058\" data-end=\"1113\">\u062a\u0635\u0631\u064a\u0641 \u0647\u0646\u062f\u0633\u064a\u0627\u064b - \u0645\u0648\u062b\u0648\u0642 \u0628\u0647 \u0648\u0642\u0644\u064a\u0644 \u0627\u0644\u0635\u064a\u0627\u0646\u0629<\/h3>\n<p data-start=\"1114\" data-end=\"1191\">\u0623\u062e\u0627\u062f\u064a\u062f \u0639\u0644\u0649 \u0634\u0643\u0644 \u062d\u0631\u0641 x \u0648\u0645\u0635\u0631\u0641 \u0642\u064a\u0627\u0633\u064a \u0645\u0642\u0627\u0633 3.5 \u0628\u0648\u0635\u0629 \u0644\u062a\u0648\u062c\u064a\u0647 \u0627\u0644\u0645\u064a\u0627\u0647 \u0625\u0644\u0649 \u0645\u0643\u0627\u0646\u0647\u0627 \u0627\u0644\u0635\u062d\u064a\u062d.<\/p>\n<p data-start=\"1193\" data-end=\"1407\">\u0627\u062e\u062a\u064a\u0627\u0631\u0627\u062a \u0627\u0644\u062a\u0635\u0645\u064a\u0645 \u0627\u0644\u0635\u063a\u064a\u0631\u0629 \u0645\u0647\u0645\u0629: \u0642\u0646\u0648\u0627\u062a \u0627\u0644\u062a\u0635\u0631\u064a\u0641 \u0639\u0644\u0649 \u0634\u0643\u0644 X \u062a\u0646\u0642\u0644 \u0627\u0644\u0645\u064a\u0627\u0647 \u0646\u062d\u0648 \u0627\u0644\u0645\u0635\u0631\u0641 \u062d\u062a\u0649 \u0644\u0627 \u062a\u062a\u0634\u0643\u0644 \u0627\u0644\u0628\u0631\u0643 \u0641\u064a \u0627\u0644\u0632\u0648\u0627\u064a\u0627. \u0632\u0648\u0627\u064a\u0627 \u062f\u0627\u062e\u0644\u064a\u0629 \u0645\u0633\u062a\u062f\u064a\u0631\u0629 \u062a\u062c\u0639\u0644 \u0627\u0644\u0645\u0633\u062d \u0648\u0627\u0644\u0634\u0637\u0641 \u0633\u0631\u064a\u0639\u0627\u064b \u0623\u0645\u0631\u0627\u064b \u0628\u0633\u064a\u0637\u0627\u064b\u060c \u0645\u0645\u0627 \u064a\u0642\u0644\u0644 \u0645\u0646 \u0627\u0644\u0648\u0642\u062a \u0627\u0644\u0645\u0633\u062a\u063a\u0631\u0642 \u0641\u064a \u0627\u0644\u062a\u0646\u0638\u064a\u0641.<\/p>\n<h3 data-start=\"1409\" data-end=\"1466\"><img decoding=\"async\" class=\"alignnone size-medium wp-image-1183\" src=\"https:\/\/jsd-sinks.com\/wp-content\/uploads\/2025\/11\/111-300x300.jpg\" alt=\"\" width=\"300\" height=\"300\" title=\"\" srcset=\"https:\/\/jsd-sinks.com\/wp-content\/uploads\/2025\/11\/111-300x300.jpg 300w, https:\/\/jsd-sinks.com\/wp-content\/uploads\/2025\/11\/111-100x100.jpg 100w, https:\/\/jsd-sinks.com\/wp-content\/uploads\/2025\/11\/111-600x600.jpg 600w, https:\/\/jsd-sinks.com\/wp-content\/uploads\/2025\/11\/111-500x500.jpg 500w, https:\/\/jsd-sinks.com\/wp-content\/uploads\/2025\/11\/111-150x150.jpg 150w, https:\/\/jsd-sinks.com\/wp-content\/uploads\/2025\/11\/111-768x768.jpg 768w, https:\/\/jsd-sinks.com\/wp-content\/uploads\/2025\/11\/111-12x12.jpg 12w, https:\/\/jsd-sinks.com\/wp-content\/uploads\/2025\/11\/111.jpg 800w\" sizes=\"(max-width: 300px) 100vw, 300px\" \/><\/h3>\n<h3 data-start=\"1409\" data-end=\"1466\">\u0647\u064a\u0643\u0644 \u0633\u0648\u0633 304 \u0627\u0644\u0645\u0645\u062a\u0627\u0632 - \u0645\u0635\u0646\u0648\u0639 \u0644\u0644\u0645\u0637\u0627\u0628\u062e \u0627\u0644\u062d\u0642\u064a\u0642\u064a\u0629<\/h3>\n<p data-start=\"1467\" data-end=\"1551\">\u0645\u062a\u0627\u0646\u0629 \u0645\u0646 \u0627\u0644\u0641\u0648\u0644\u0627\u0630 \u0627\u0644\u0645\u0642\u0627\u0648\u0645 \u0644\u0644\u0635\u062f\u0623 \u0645\u0639 \u062a\u0634\u0637\u064a\u0628 \u064a\u0642\u0627\u0648\u0645 \u0627\u0644\u062a\u0622\u0643\u0644 \u0648\u064a\u062c\u0639\u0644 \u0645\u0638\u0647\u0631\u0647 \u064a\u0628\u062f\u0648 \u062c\u064a\u062f\u0627\u064b \u0645\u0639 \u0645\u0631\u0648\u0631 \u0627\u0644\u0648\u0642\u062a.<\/p>\n<p data-start=\"1553\" data-end=\"1750\">\u0635\u064f\u0646\u0639 \u0627\u0644\u062d\u0648\u0636 \u0645\u0646 \u0627\u0644\u0641\u0648\u0644\u0627\u0630 \u0627\u0644\u0645\u0642\u0627\u0648\u0645 \u0644\u0644\u0635\u062f\u0623 SUS304 \u0644\u064a\u0642\u0627\u0648\u0645 \u0627\u0644\u062a\u0622\u0643\u0644 \u0648\u064a\u062a\u062d\u0645\u0644 \u0627\u0644\u0627\u0633\u062a\u062e\u062f\u0627\u0645 \u0627\u0644\u064a\u0648\u0645\u064a. \u063a\u0637\u0627\u0621 \u0627\u0644\u062a\u0635\u0631\u064a\u0641 \u0627\u0644\u0645\u0632\u062e\u0631\u0641 \u064a\u0636\u0641\u064a \u0644\u0645\u0633\u0629 \u062c\u0645\u0627\u0644\u064a\u0629 \u0648\u064a\u0636\u0627\u0639\u0641 \u0645\u0646 \u062c\u0645\u0627\u0644\u064a\u0629 \u0627\u0644\u062d\u0648\u0636 \u0648\u064a\u0635\u0628\u062d \u0645\u0643\u0627\u0646\u0627\u064b \u0645\u0641\u064a\u062f\u0627\u064b \u0639\u0646\u062f \u0627\u0644\u062d\u0627\u062c\u0629 \u0625\u0644\u064a\u0647.<\/p>\n<h3 data-start=\"1752\" data-end=\"1826\">\u0623\u0628\u0639\u0627\u062f \u0645\u0631\u0627\u0639\u064a\u0629 \u0644\u0644\u0645\u0633\u0627\u062d\u0629 - \u062a\u0646\u0627\u0633\u0628 \u0627\u0644\u0645\u0637\u0627\u0628\u062e \u0627\u0644\u0645\u062f\u0645\u062c\u0629 \u062f\u0648\u0646 \u0623\u064a \u0645\u0633\u0627\u0648\u0645\u0629<\/h3>\n<p data-start=\"1827\" data-end=\"1900\">780 \u00d7 500 \u0645\u0645 \u0625\u062c\u0645\u0627\u0644\u0627\u064b\u060c \u0645\u0635\u0645\u0645\u0629 \u0644\u062a\u0648\u0641\u064a\u0631 \u0645\u0633\u0627\u062d\u0629 \u0639\u0645\u0644 \u0645\u0641\u064a\u062f\u0629 \u0641\u064a \u0627\u0644\u0645\u062e\u0637\u0637\u0627\u062a \u0627\u0644\u0636\u064a\u0642\u0629.<\/p>\n<p data-start=\"1902\" data-end=\"2115\">\u064a\u0648\u0627\u0632\u0646 \u0647\u0630\u0627 \u0627\u0644\u062d\u0648\u0636\u060c \u0627\u0644\u0630\u064a \u062a\u0628\u0644\u063a \u0645\u0633\u0627\u062d\u062a\u0647 780 \u00d7 500 \u0645\u0645\u060c \u0628\u064a\u0646 \u0627\u0644\u0633\u0639\u0629 \u0648\u0627\u0644\u0628\u0635\u0645\u0629: \u062d\u0648\u0636 \u0643\u0628\u064a\u0631 \u0648\u0644\u0648\u062d\u0629 \u062a\u0635\u0631\u064a\u0641 \u0641\u0639\u0627\u0644\u0629 \u0645\u0639 \u0627\u0644\u0627\u0633\u062a\u0645\u0631\u0627\u0631 \u0641\u064a \u0627\u0644\u0639\u0645\u0644 \u0641\u064a \u0627\u0644\u0645\u0637\u0627\u0628\u062e \u0627\u0644\u0635\u063a\u064a\u0631\u0629 \u0648\u0627\u0644\u0634\u0642\u0642 \u0648\u0645\u0634\u0627\u0631\u064a\u0639 \u0627\u0644\u062a\u062c\u062f\u064a\u062f \u062d\u064a\u062b \u0643\u0644 \u0633\u0646\u062a\u064a\u0645\u062a\u0631 \u0645\u0647\u0645.<\/p>\n<h3 data-start=\"2117\" data-end=\"2182\">\u0627\u0646\u062d\u062f\u0627\u0631 \u062f\u0642\u064a\u0642 \u0648\u0644\u0645\u0633\u0627\u062a \u0646\u0647\u0627\u0626\u064a\u0629 \u062f\u0642\u064a\u0642\u0629 - \u062a\u0641\u0627\u0635\u064a\u0644 \u0645\u062f\u0631\u0648\u0633\u0629 \u062a\u0624\u062f\u064a \u0623\u062f\u0627\u0621\u064b \u062c\u064a\u062f\u0627\u064b<\/h3>\n<p data-start=\"2183\" data-end=\"2287\">\u0647\u0646\u062f\u0633\u0629 \u062f\u0642\u064a\u0642\u0629 \u0644\u0627\u0646\u062d\u062f\u0627\u0631 \u0644\u0648\u062d \u0627\u0644\u062a\u0635\u0631\u064a\u0641 \u0648\u0627\u0644\u062a\u0634\u0637\u064a\u0628\u0627\u062a \u0627\u0644\u0633\u0637\u062d\u064a\u0629 \u0628\u0639\u0646\u0627\u064a\u0629 \u0645\u0646 \u0623\u062c\u0644 \u062a\u062f\u0641\u0642 \u0627\u0644\u0645\u064a\u0627\u0647 \u0648\u0637\u0648\u0644 \u0627\u0644\u0639\u0645\u0631 \u0627\u0644\u0645\u062a\u0648\u0642\u0639.<\/p>\n<p data-start=\"2289\" data-end=\"2464\">\u0646\u0642\u0648\u0645 \u0628\u0636\u0628\u0637 \u0627\u0644\u0627\u0646\u062d\u062f\u0627\u0631 \u0648\u0627\u0644\u062a\u0634\u0637\u064a\u0628\u0627\u062a \u0628\u062d\u064a\u062b \u064a\u062a\u0633\u0631\u0628 \u0627\u0644\u0645\u0627\u0621 \u0628\u0633\u0631\u0639\u0629 \u0648\u064a\u062d\u0627\u0641\u0638 \u0627\u0644\u0633\u0637\u062d \u0639\u0644\u0649 \u0645\u0638\u0647\u0631\u0647 \u0645\u0646 \u062e\u0644\u0627\u0644 \u0627\u0644\u0627\u0633\u062a\u062e\u062f\u0627\u0645 \u0627\u0644\u0645\u062a\u0643\u0631\u0631. \u0647\u0630\u0647 \u0627\u0644\u062a\u0641\u0627\u0635\u064a\u0644 \u062a\u062c\u0639\u0644 \u0627\u0644\u062d\u0648\u0636 \u0623\u0643\u062b\u0631 \u0647\u062f\u0648\u0621\u0627\u064b \u0641\u064a \u0627\u0644\u0627\u0633\u062a\u062e\u062f\u0627\u0645 \u0648\u0623\u0633\u0647\u0644 \u0641\u064a \u0627\u0644\u0635\u064a\u0627\u0646\u0629.<\/p>\n<h3 data-start=\"2466\" data-end=\"2519\">\u062e\u064a\u0627\u0631\u0627\u062a \u0648\u062f\u0639\u0645 - \u0645\u0635\u0645\u0645\u0629 \u0644\u062a\u062f\u0648\u0645 \u0637\u0648\u064a\u0644\u0627\u064b \u0641\u064a \u0627\u0644\u062d\u064a\u0627\u0629 \u0627\u0644\u0648\u0627\u0642\u0639\u064a\u0629<\/h3>\n<p data-start=\"2520\" data-end=\"2597\">\u0645\u062a\u0648\u0641\u0631\u0629 \u0628\u0633\u0645\u0627\u0643\u0627\u062a \u0645\u062a\u0639\u062f\u062f\u0629 \u0648\u0645\u062f\u0639\u0648\u0645\u0629 \u0628\u062e\u062f\u0645\u0629 \u0645\u0627 \u0628\u0639\u062f \u0627\u0644\u0628\u064a\u0639 \u0645\u062f\u0649 \u0627\u0644\u062d\u064a\u0627\u0629.<\/p>\n<p data-start=\"2599\" data-end=\"2772\">\u0627\u062e\u062a\u0631 \u0633\u064f\u0645\u0643 \u0627\u0644\u0645\u0627\u062f\u0629 \u0627\u0644\u062a\u064a \u062a\u0646\u0627\u0633\u0628 \u062d\u0627\u0644\u0629 \u0627\u0633\u062a\u062e\u062f\u0627\u0645\u0643\u060c \u0648\u0627\u0639\u062a\u0645\u062f \u0639\u0644\u0649 \u062f\u0639\u0645 \u0645\u0627 \u0628\u0639\u062f \u0627\u0644\u0628\u064a\u0639 \u0645\u062f\u0649 \u0627\u0644\u062d\u064a\u0627\u0629 \u0648\u0641\u0631\u064a\u0642 \u0627\u0644\u0628\u062d\u062b \u0648\u0627\u0644\u062a\u0637\u0648\u064a\u0631 \u0627\u0644\u0646\u0634\u0637 \u0644\u0644\u0631\u062f \u0639\u0644\u0649 \u0627\u0644\u0623\u062c\u0632\u0627\u0621 \u0623\u0648 \u0627\u0644\u0623\u0633\u0626\u0644\u0629. \u062a\u0635\u0645\u064a\u0645 \u0645\u062f\u0645\u062c - \u062b\u0642\u0629 \u0643\u0628\u064a\u0631\u0629.<\/p>\n<h3 data-start=\"2774\" data-end=\"2824\">\u0645\u0627 \u0623\u0647\u0645\u064a\u0629 \u0630\u0644\u0643 - \u0637\u0647\u064a \u0623\u0641\u0636\u0644\u060c \u0648\u0641\u0648\u0636\u0649 \u0623\u0642\u0644<\/h3>\n<p data-start=\"2825\" data-end=\"2911\">\u062d\u0644 \u062d\u0642\u064a\u0642\u064a \u0645\u062a\u0639\u062f\u062f \u0627\u0644\u0625\u0645\u0643\u0627\u0646\u0627\u062a \u064a\u062d\u0627\u0641\u0638 \u0639\u0644\u0649 \u062a\u0646\u0638\u064a\u0645 \u0645\u0637\u0628\u062e\u0643 \u0648\u0633\u064a\u0631 \u0639\u0645\u0644\u0643.<\/p>\n<p data-start=\"2913\" data-end=\"3093\">\u0625\u0646 \u0647\u0630\u0627 \u0627\u0644\u062d\u0648\u0636 \u0627\u0644\u0645\u0635\u0646\u0648\u0639 \u0645\u0646 \u0627\u0644\u0641\u0648\u0644\u0627\u0630 \u0627\u0644\u0645\u0642\u0627\u0648\u0645 \u0644\u0644\u0635\u062f\u0623 \u0644\u064a\u0633 \u0645\u062c\u0631\u062f \u062a\u0631\u0643\u064a\u0628\u0629\u060c \u0628\u0644 \u0647\u0648 \u0625\u0639\u0627\u062f\u0629 \u062a\u0635\u0645\u064a\u0645 \u0646\u0638\u0627\u0645 \u0635\u063a\u064a\u0631 \u064a\u0648\u0641\u0631 \u0627\u0644\u062e\u0637\u0648\u0627\u062a \u0648\u064a\u0628\u0633\u0637 \u0639\u0645\u0644\u064a\u0629 \u0627\u0644\u062a\u0646\u0638\u064a\u0641 \u0648\u064a\u0645\u0646\u062d\u0643 \u0625\u064a\u0642\u0627\u0639\u064b\u0627 \u0623\u0643\u062b\u0631 \u062b\u0628\u0627\u062a\u064b\u0627 \u0648\u0645\u062a\u0639\u0629 \u0641\u064a \u0627\u0644\u0645\u0637\u0628\u062e.<\/p>","protected":false},"excerpt":{"rendered":"<p>\u0627\u0643\u062a\u0634\u0641 \u0627\u0644\u062d\u0644 \u0627\u0644\u0645\u062b\u0627\u0644\u064a \u0644\u062a\u0648\u0641\u064a\u0631 \u0627\u0644\u0645\u0633\u0627\u062d\u0629 \u0645\u0639 \u062d\u0648\u0636 \u0627\u0644\u063a\u0633\u064a\u0644 \u0627\u0644\u0645\u0635\u0646\u0648\u0639 \u0645\u0646 \u0627\u0644\u0641\u0648\u0644\u0627\u0630 \u0627\u0644\u0645\u0642\u0627\u0648\u0645 \u0644\u0644\u0635\u062f\u0623 \u0628\u0644\u0648\u062d \u0627\u0644\u062a\u0635\u0631\u064a\u0641. \u064a\u062c\u0645\u0639 \u0647\u0630\u0627 \u0627\u0644\u062d\u0648\u0636 \u0627\u0644\u0645\u0628\u062a\u0643\u0631 \u0628\u0645\u0642\u0627\u0633 780 \u00d7 500 \u0645\u0645 \u0628\u064a\u0646 \u062d\u0648\u0636 \u063a\u0633\u064a\u0644 \u0639\u0645\u064a\u0642 230 \u0645\u0645 \u0648\u0644\u0648\u062d \u062a\u0635\u0631\u064a\u0641 \u0645\u062f\u0645\u062c \u0639\u0645\u0644\u064a. \u064a\u062a\u0645\u064a\u0632 \u0628\u062d\u0627\u0641\u0629 \u0645\u062f\u0645\u062c\u0629 \u0644\u0645\u062d\u0637\u0629 \u0627\u0644\u0639\u0645\u0644 \u0648\u0623\u062e\u0627\u062f\u064a\u062f \u062a\u0635\u0631\u064a\u0641 \u0645\u062f\u0645\u062c\u0629 \u0639\u0644\u0649 \u0634\u0643\u0644 X \u0648\u0632\u0648\u0627\u064a\u0627 \u0645\u0633\u062a\u062f\u064a\u0631\u0629\u060c \u0645\u0645\u0627 \u064a\u0648\u0641\u0631 \u0648\u0638\u0627\u0626\u0641 \u0641\u0627\u0626\u0642\u0629 \u0644\u0644\u063a\u0633\u064a\u0644 \u0648\u0627\u0644\u062a\u0635\u0631\u064a\u0641 \u0648\u0625\u0639\u062f\u0627\u062f \u0627\u0644\u0637\u0639\u0627\u0645 - \u0643\u0644 \u0630\u0644\u0643 \u0641\u064a \u0648\u062d\u062f\u0629 \u0648\u0627\u062d\u062f\u0629 \u0645\u062f\u0645\u062c\u0629 \u0648\u0641\u0639\u0627\u0644\u0629 \u0648\u0645\u062b\u0627\u0644\u064a\u0629 \u0644\u0644\u0645\u0637\u0627\u0628\u062e \u0627\u0644\u062d\u062f\u064a\u062b\u0629.<\/p>\n<p>\u0627\u0644\u0645\u0648\u062f\u064a\u0644: 7850-NL<br \/>\n\u0627\u0644\u0623\u0628\u0639\u0627\u062f \u0627\u0644\u062e\u0627\u0631\u062c\u064a\u0629: 780 \u00d7 500 \u0645\u0645<br \/>\n\u0627\u0644\u0623\u0628\u0639\u0627\u062f \u0627\u0644\u062f\u0627\u062e\u0644\u064a\u0629: 400 \u00d7 400 \u0645\u0645<br \/>\n\u0627\u0644\u0639\u0645\u0642: 230 \u0645\u0645<br \/>\n\u0627\u0644\u0633\u064f\u0645\u0643: 0.95\/1.05\/1.05\/1.2 \u0645\u0645\/\u0627\u0644\u062a\u062e\u0635\u064a\u0635<br \/>\n\u0623\u0628\u0639\u0627\u062f \u0627\u0644\u0639\u0628\u0648\u0629 \u0627\u0644\u0641\u0631\u062f\u064a\u0629: 830 \u00d7 550 \u00d7 250 \u00d7 290 \u0645\u0645<br \/>\n\u0627\u0644\u0648\u0632\u0646 \u0627\u0644\u0635\u0627\u0641\u064a: 8 \u0643\u062c\u0645<br \/>\n\u0627\u0644\u0648\u0632\u0646 \u0627\u0644\u0625\u062c\u0645\u0627\u0644\u064a: 9.5 \u0643\u062c\u0645<\/p>","protected":false},"featured_media":1231,"template":"","meta":{"_gspb_post_css":""},"product_brand":[],"product_cat":[18],"product_tag":[40],"class_list":{"0":"post-583","1":"product","2":"type-product","3":"status-publish","4":"has-post-thumbnail","6":"product_cat-workstation-sink","7":"product_tag-workstation-sink-drainboard-sink-compact-kitchen-sink","9":"first","10":"instock","11":"shipping-taxable","12":"product-type-simple"},"_links":{"self":[{"href":"https:\/\/jsd-sinks.com\/ar\/wp-json\/wp\/v2\/product\/583","targetHints":{"allow":["GET"]}}],"collection":[{"href":"https:\/\/jsd-sinks.com\/ar\/wp-json\/wp\/v2\/product"}],"about":[{"href":"https:\/\/jsd-sinks.com\/ar\/wp-json\/wp\/v2\/types\/product"}],"wp:featuredmedia":[{"embeddable":true,"href":"https:\/\/jsd-sinks.com\/ar\/wp-json\/wp\/v2\/media\/1231"}],"wp:attachment":[{"href":"https:\/\/jsd-sinks.com\/ar\/wp-json\/wp\/v2\/media?parent=583"}],"wp:term":[{"taxonomy":"product_brand","embeddable":true,"href":"https:\/\/jsd-sinks.com\/ar\/wp-json\/wp\/v2\/product_brand?post=583"},{"taxonomy":"product_cat","embeddable":true,"href":"https:\/\/jsd-sinks.com\/ar\/wp-json\/wp\/v2\/product_cat?post=583"},{"taxonomy":"product_tag","embeddable":true,"href":"https:\/\/jsd-sinks.com\/ar\/wp-json\/wp\/v2\/product_tag?post=583"}],"curies":[{"name":"\u062f\u0628\u0644\u064a\u0648 \u0628\u064a","href":"https:\/\/api.w.org\/{rel}","templated":true}]}}