{"id":545,"date":"2025-11-28T06:48:43","date_gmt":"2025-11-28T06:48:43","guid":{"rendered":"https:\/\/jsd-sinks.com\/?post_type=product&#038;p=545"},"modified":"2025-12-10T03:10:46","modified_gmt":"2025-12-10T03:10:46","slug":"36-inch-kitchen-sink-with-deep-230mm-basin","status":"publish","type":"product","link":"https:\/\/jsd-sinks.com\/ar\/36-inch-kitchen-sink-with-deep-230mm-basin\/","title":{"rendered":"\u062d\u0648\u0636 \u0645\u0637\u0628\u062e 36 \u0628\u0648\u0635\u0629 \u0628\u062d\u0648\u0636 \u0639\u0645\u064a\u0642 230 \u0645\u0644\u0645 APS3321-7"},"content":{"rendered":"<h2 data-start=\"346\" data-end=\"370\">\u062d\u0648\u0636 \u0645\u0637\u0628\u062e 36 \u0628\u0648\u0635\u0629<\/h2>\n<p data-start=\"371\" data-end=\"932\"><strong data-start=\"371\" data-end=\"444\">\u0645\u063a\u0633\u0644\u0629 \u0648\u0627\u0633\u0639\u0629 \u0648\u0645\u062a\u064a\u0646\u0629 \u062a\u062c\u0639\u0644 \u0627\u0644\u0645\u0637\u0628\u062e \u0623\u0642\u0644 \u0641\u0648\u0636\u0648\u064a\u0629 \u0628\u0647\u062f\u0648\u0621.<\/strong><br data-start=\"444\" data-end=\"447\" \/>\u0647\u0630\u0627 \u0627\u0644\u062d\u0648\u0636 \u0644\u0627 \u064a\u062d\u0627\u0648\u0644 \u0623\u0646 \u064a\u0643\u0648\u0646 \u062f\u0631\u0627\u0645\u0627\u062a\u064a\u0643\u064a\u064b\u0627. \u0625\u0646\u0647 \u064a\u0638\u0647\u0631 \u0641\u0642\u0637 \u0648\u064a\u0642\u0648\u0645 \u0628\u0627\u0644\u0645\u0647\u0645\u0629 - \u062a\u062a\u0633\u0639 \u0627\u0644\u0623\u062d\u0648\u0627\u0636 \u0627\u0644\u0643\u0628\u064a\u0631\u0629 \u062f\u0648\u0646 \u0632\u0648\u0627\u064a\u0627 \u0645\u062d\u0631\u062c\u0629\u060c \u062d\u062a\u0649 \u0644\u0627 \u062a\u0642\u0636\u064a \u0639\u0634\u0631 \u062f\u0642\u0627\u0626\u0642 \u0641\u064a \u0645\u0635\u0627\u0631\u0639\u0629 \u0635\u064a\u0646\u064a\u0629 \u0627\u0644\u062a\u062d\u0645\u064a\u0635. \u064a\u062a\u0645\u064a\u0632 \u0627\u0644\u062d\u0648\u0636 \u0628\u0648\u0632\u0646\u0647 \u0627\u0644\u0630\u064a \u064a\u0634\u0639\u0631\u0643 \u0628\u0627\u0644\u0627\u0637\u0645\u0626\u0646\u0627\u0646 \u0648\u0644\u064a\u0633 \u0628\u0627\u0644\u0627\u0631\u062a\u0628\u0627\u0643: \u064a\u0645\u0643\u0646\u0643 \u0623\u0646 \u062a\u0639\u0631\u0641 \u0623\u0646\u0647 \u0635\u064f\u0645\u0645 \u0644\u064a\u062f\u0648\u0645 \u0637\u0648\u064a\u0644\u0627\u064b \u0645\u0646 \u062e\u0644\u0627\u0644 \u0637\u0631\u064a\u0642\u0629 \u0648\u0636\u0639\u0647 \u0639\u0644\u0649 \u0627\u0644\u0645\u0646\u0636\u062f\u0629. \u0627\u0633\u062a\u062e\u062f\u0645\u064a\u0647\u0627 \u0644\u0645\u062f\u0629 \u0623\u0633\u0628\u0648\u0639 \u0648\u0641\u062c\u0623\u0629 \u064a\u0628\u062f\u0648 \u0627\u0644\u0645\u0637\u0628\u062e \u0623\u0643\u062b\u0631 \u0647\u062f\u0648\u0621\u064b\u0627. \u0644\u0627 \u062a\u062a\u0631\u0627\u0643\u0645 \u0627\u0644\u0623\u0637\u0628\u0627\u0642 \u0641\u064a \u0623\u0645\u0627\u0643\u0646 \u063a\u0631\u064a\u0628\u0629\u060c \u0648\u064a\u0628\u0642\u0649 \u0627\u0644\u0645\u0627\u0621 \u0641\u064a \u0645\u0643\u0627\u0646\u0647 \u0627\u0644\u0635\u062d\u064a\u062d\u060c \u0648\u062a\u062c\u062f\u064a\u0646 \u0646\u0641\u0633\u0643 \u062a\u0634\u0637\u0641\u064a\u0646 \u0627\u0644\u0623\u0637\u0628\u0627\u0642 \u0628\u0633\u0647\u0648\u0644\u0629 \u0628\u062f\u0644\u0627\u064b \u0645\u0646 \u0627\u0644\u062a\u0644\u0627\u0639\u0628 \u0628\u0627\u0644\u0623\u0648\u0639\u064a\u0629.<\/p>\n<h3 data-start=\"934\" data-end=\"962\">\u062a\u0642\u0646\u064a\u0629 \u0627\u0644\u062d\u0627\u062c\u0632 \u0627\u0644\u0635\u0648\u062a\u064a<\/h3>\n<p data-start=\"963\" data-end=\"1389\"><strong data-start=\"963\" data-end=\"1028\">\u0639\u0627\u0632\u0644 \u062b\u0644\u0627\u062b\u064a \u0627\u0644\u0637\u0628\u0642\u0627\u062a \u064a\u062d\u0648\u0644 \u0627\u0644\u0642\u0639\u0642\u0639\u0629 \u0625\u0644\u0649 \u0647\u0645\u0647\u0645\u0629 \u0644\u0637\u064a\u0641\u0629.<\/strong><br data-start=\"1028\" data-end=\"1031\" \/>\u0647\u0630\u0627 \u0647\u0648 \u0627\u0644\u062c\u0632\u0621 \u0627\u0644\u0630\u064a \u062a\u0644\u0627\u062d\u0638\u0647 \u0641\u064a \u0648\u0642\u062a \u0645\u062a\u0623\u062e\u0631 \u0645\u0646 \u0627\u0644\u0644\u064a\u0644\u060c \u0639\u0646\u062f\u0645\u0627 \u064a\u0643\u0648\u0646 \u0627\u0644\u062c\u0645\u064a\u0639 \u0646\u0627\u0626\u0645\u064a\u0646. \u0627\u0644\u0648\u0633\u0627\u062f\u0627\u062a \u0627\u0644\u0645\u0637\u0627\u0637\u064a\u0629 \u0627\u0644\u0633\u0645\u064a\u0643\u0629 \u0648\u0627\u0644\u0637\u0628\u0642\u0629 \u0627\u0644\u0633\u0641\u0644\u064a\u0629 \u0627\u0644\u0648\u0627\u0642\u064a\u0629 \u062a\u0639\u0645\u0644 \u0628\u0627\u0644\u0641\u0639\u0644: \u064a\u0635\u0628\u062d \u0627\u0644\u0645\u0627\u0621 \u0627\u0644\u062c\u0627\u0631\u064a \u0646\u0627\u0639\u0645\u064b\u0627 \u0648\u0644\u064a\u0633 \u062d\u0627\u062f\u064b\u0627\u061b \u0648\u0644\u0627 \u062a\u0635\u062f\u0631 \u0627\u0644\u062e\u0632\u0627\u0626\u0646 \u0631\u0646\u064a\u0646\u064b\u0627. \u0625\u0646\u0647 \u0644\u064a\u0633 \u0633\u062d\u0631\u0627\u064b - \u0625\u0646\u0647\u0627 \u0647\u0646\u062f\u0633\u0629 \u0645\u062f\u0631\u0648\u0633\u0629 - \u0644\u0643\u0646\u0647\u0627 \u062a\u063a\u064a\u0631 \u0645\u0632\u0627\u062c \u0627\u0644\u063a\u0631\u0641\u0629. \u064a\u0642\u0644 \u0627\u0644\u0625\u0632\u0639\u0627\u062c \u0639\u0646\u062f\u0645\u0627 \u062a\u0631\u062a\u0637\u0645 \u0627\u0644\u0623\u0648\u0627\u0646\u064a \u0628\u0627\u0644\u0648\u0639\u0627\u0621\u060c \u0648\u064a\u0642\u0644 \u0627\u0644\u0635\u062f\u0649. \u0634\u064a\u0621 \u0635\u063a\u064a\u0631\u060c \u0631\u0627\u062d\u0629 \u0643\u0628\u064a\u0631\u0629.<\/p>\n<p><img decoding=\"async\" class=\"size-medium wp-image-1176\" src=\"https:\/\/jsd-sinks.com\/wp-content\/uploads\/2025\/11\/36-inch-kitchen-sink-3-1-300x300.jpg\" alt=\"\u062d\u0648\u0636 \u0645\u0637\u0628\u062e 36 \u0628\u0648\u0635\u0629\" width=\"300\" height=\"300\" title=\"\" srcset=\"https:\/\/jsd-sinks.com\/wp-content\/uploads\/2025\/11\/36-inch-kitchen-sink-3-1-300x300.jpg 300w, https:\/\/jsd-sinks.com\/wp-content\/uploads\/2025\/11\/36-inch-kitchen-sink-3-1-100x100.jpg 100w, https:\/\/jsd-sinks.com\/wp-content\/uploads\/2025\/11\/36-inch-kitchen-sink-3-1-600x600.jpg 600w, https:\/\/jsd-sinks.com\/wp-content\/uploads\/2025\/11\/36-inch-kitchen-sink-3-1-500x500.jpg 500w, https:\/\/jsd-sinks.com\/wp-content\/uploads\/2025\/11\/36-inch-kitchen-sink-3-1-150x150.jpg 150w, https:\/\/jsd-sinks.com\/wp-content\/uploads\/2025\/11\/36-inch-kitchen-sink-3-1-768x768.jpg 768w, https:\/\/jsd-sinks.com\/wp-content\/uploads\/2025\/11\/36-inch-kitchen-sink-3-1-12x12.jpg 12w, https:\/\/jsd-sinks.com\/wp-content\/uploads\/2025\/11\/36-inch-kitchen-sink-3-1.jpg 800w\" sizes=\"(max-width: 300px) 100vw, 300px\" \/><\/p>\n<h3 data-start=\"1391\" data-end=\"1425\">\u0627\u0644\u0641\u0648\u0644\u0627\u0630 \u0627\u0644\u0645\u0642\u0627\u0648\u0645 \u0644\u0644\u0635\u062f\u0623 SUS304 \u0627\u0644\u0645\u0645\u062a\u0627\u0632<\/h3>\n<p data-start=\"1426\" data-end=\"1799\"><strong data-start=\"1426\" data-end=\"1482\">\u0641\u0648\u0644\u0627\u0630 \u0635\u0644\u0628 \u0628\u0645\u0642\u0627\u0633 16 \u0627\u0644\u0630\u064a \u064a\u062a\u0639\u0627\u0645\u0644 \u0645\u0639 \u062d\u064a\u0627\u0629 \u0627\u0644\u0645\u0637\u0628\u062e \u0627\u0644\u062d\u0642\u064a\u0642\u064a\u0629.<\/strong><br data-start=\"1482\" data-end=\"1485\" \/>\u0627\u0644\u0641\u0648\u0644\u0627\u0630 \u0647\u0646\u0627 \u0635\u0627\u062f\u0642: SUS304 \u0639\u064a\u0627\u0631 16 \u0627\u0644\u0630\u064a \u064a\u0642\u0627\u0648\u0645 \u0627\u0644\u062e\u062f\u0648\u0634 \u0648\u064a\u062a\u062c\u0627\u0647\u0644 \u0627\u0644\u0635\u062f\u0645\u0627\u062a \u0627\u0644\u0635\u063a\u064a\u0631\u0629 \u0627\u0644\u062a\u064a \u062a\u062d\u062f\u062b \u0639\u0646\u062f \u0627\u0644\u0637\u0647\u064a \u0627\u0644\u0633\u0631\u064a\u0639. \u0625\u0646\u0647 \u064a\u0638\u0647\u0631 \u0627\u0644\u062a\u0622\u0643\u0644 \u0628\u0637\u0631\u064a\u0642\u0629 \u0645\u0641\u064a\u062f\u0629 - \u0641\u0647\u0648 \u0644\u0627 \u064a\u062a\u0638\u0627\u0647\u0631 \u0628\u0623\u0646\u0647 \u0631\u0642\u064a\u0642. \u0645\u0639 \u0645\u0631\u0648\u0631 \u0627\u0644\u0648\u0642\u062a \u0633\u062a\u0642\u062f\u0631 \u0647\u0630\u0627 \u0627\u0644\u0645\u0644\u0645\u0633 \u0627\u0644\u0635\u0644\u0628: \u0627\u0644\u0642\u062f\u0648\u0631 \u0627\u0644\u0633\u0627\u062e\u0646\u0629\u060c \u0648\u0627\u0644\u0645\u0642\u0627\u0644\u064a \u0627\u0644\u062b\u0642\u064a\u0644\u0629\u060c \u0648\u0627\u0644\u0631\u0630\u0627\u0630 \u0627\u0644\u0645\u0641\u0627\u062c\u0626 - \u0644\u0627 \u0634\u064a\u0621 \u0645\u0646 \u0630\u0644\u0643 \u064a\u0632\u0639\u062c \u0647\u0630\u0627 \u0627\u0644\u062d\u0648\u0636.<\/p>\n<h3 data-start=\"1801\" data-end=\"1844\">\u062a\u0635\u0645\u064a\u0645 \u0641\u0633\u064a\u062d \u0628\u062d\u0648\u0636 \u0648\u0627\u062d\u062f (788 \u00d7 432 \u0645\u0645)<\/h3>\n<p data-start=\"1845\" data-end=\"2285\"><strong data-start=\"1845\" data-end=\"1918\">\u062d\u0648\u0636 \u0639\u0645\u064a\u0642 230 \u0645\u0645 \u064a\u062a\u064a\u062d \u0644\u0643 \u0627\u0644\u0639\u0645\u0644 \u062f\u0648\u0646 \u062a\u0646\u0627\u062b\u0631 \u0627\u0644\u0645\u0627\u0621 \u0639\u0644\u0649 \u0627\u0644\u0639\u062f\u0627\u062f\u0627\u062a.<\/strong><br data-start=\"1918\" data-end=\"1921\" \/>\u062d\u062c\u0645 \u0627\u0644\u0648\u0639\u0627\u0621 \u0627\u0644\u0648\u0627\u062d\u062f \u064a\u0645\u0646\u062d\u0643 \u0645\u0633\u0627\u062d\u0629. \u062a\u062a\u0633\u0639 \u0627\u0644\u0642\u062f\u0648\u0631 \u0627\u0644\u0643\u0628\u064a\u0631\u0629 \u0648\u0623\u0637\u0628\u0627\u0642 \u0627\u0644\u0637\u0646\u0627\u062c\u0631 \u0628\u062f\u0648\u0646 \u0625\u0645\u0627\u0644\u0629 \u0645\u062d\u0631\u062c\u0629. \u0628\u0639\u0645\u0642 230 \u0645\u0645\u060c \u062a\u0628\u0642\u0649 \u0627\u0644\u0645\u064a\u0627\u0647 \u0641\u064a \u0645\u0643\u0627\u0646\u0647\u0627 \u0645\u0645\u0627 \u064a\u0639\u0646\u064a \u0639\u062f\u062f \u0623\u0642\u0644 \u0645\u0646 \u0627\u0644\u0623\u0643\u0645\u0627\u0645 \u0627\u0644\u0645\u0628\u0644\u0644\u0629 \u0648\u0645\u0633\u062d \u0623\u0642\u0644 \u0644\u0644\u0645\u0646\u0627\u0634\u0641. \u0632\u0648\u0627\u064a\u0627 \u0645\u0633\u062a\u062f\u064a\u0631\u0629 \u062a\u062c\u0639\u0644 \u0627\u0644\u062a\u0646\u0638\u064a\u0641 \u0623\u0633\u0647\u0644\u061b \u064a\u0645\u0643\u0646\u0643 \u0627\u0644\u0648\u0635\u0648\u0644 \u0625\u0644\u0649 \u0627\u0644\u0623\u0648\u0633\u0627\u062e \u062f\u0648\u0646 \u0627\u0644\u062a\u0648\u0627\u0621\u0627\u062a. \u0625\u0646\u0647 \u0646\u0648\u0639 \u0645\u0646 \u0627\u0644\u062a\u0641\u0627\u0635\u064a\u0644 \u0627\u0644\u0639\u0645\u0644\u064a\u0629 \u0627\u0644\u062a\u064a \u062a\u062c\u0639\u0644 \u0627\u0644\u0631\u0648\u062a\u064a\u0646 \u0627\u0644\u064a\u0648\u0645\u064a \u0623\u0643\u062b\u0631 \u0633\u0644\u0627\u0633\u0629.<\/p>\n<h3 data-start=\"2287\" data-end=\"2326\">\u0627\u0644\u0635\u0631\u0641 \u0627\u0644\u0630\u0643\u064a \u0648\u0627\u0644\u063a\u0637\u0627\u0621 \u0627\u0644\u0632\u062e\u0631\u0641\u064a \u0627\u0644\u0630\u0643\u064a<\/h3>\n<p data-start=\"2327\" data-end=\"2727\"><strong data-start=\"2327\" data-end=\"2392\">\u0623\u062e\u0627\u062f\u064a\u062f \u0639\u0644\u0649 \u0634\u0643\u0644 X \u0648\u063a\u0637\u0627\u0621 \u0645\u0646 \u0627\u0644\u0641\u0648\u0644\u0627\u0630 \u0627\u0644\u0645\u0642\u0627\u0648\u0645 \u0644\u0644\u0635\u062f\u0623 \u064a\u062d\u0627\u0641\u0638 \u0639\u0644\u0649 \u062a\u0631\u062a\u064a\u0628 \u0627\u0644\u0623\u0634\u064a\u0627\u0621.<\/strong><br data-start=\"2392\" data-end=\"2395\" \/>\u0647\u0630\u0647 \u0627\u0644\u0623\u062e\u0627\u062f\u064a\u062f \u0639\u0644\u0649 \u0634\u0643\u0644 X \u062e\u0641\u064a\u0629 \u0648\u0644\u0643\u0646\u0647\u0627 \u0645\u0641\u064a\u062f\u0629 - \u0627\u0644\u0645\u0627\u0621 \u064a\u062a\u062f\u0641\u0642 \u062d\u064a\u062b \u064a\u062c\u0628 \u0623\u0646 \u064a\u062a\u062f\u0641\u0642 \u0628\u062f\u0644\u0627\u064b \u0645\u0646 \u0623\u0646 \u064a\u062a\u062c\u0645\u0639 \u0641\u064a \u0627\u0644\u0632\u0648\u0627\u064a\u0627. \u064a\u0636\u0641\u064a \u063a\u0637\u0627\u0621 \u0627\u0644\u062a\u0635\u0631\u064a\u0641 \u0627\u0644\u0645\u0632\u062e\u0631\u0641 \u0645\u0638\u0647\u0631\u0627\u064b \u0623\u0646\u064a\u0642\u0627\u064b \u0648\u064a\u062a\u0636\u0627\u0639\u0641 \u0643\u0645\u0643\u0627\u0646 \u0644\u062d\u0641\u0638 \u0627\u0644\u0645\u0627\u0621 \u0639\u0644\u0649 \u0627\u0644\u0645\u062f\u0649 \u0627\u0644\u0642\u0635\u064a\u0631 \u0639\u0646\u062f\u0645\u0627 \u062a\u0643\u0648\u0646 \u0641\u064a \u0645\u0646\u062a\u0635\u0641 \u0627\u0644\u062a\u062d\u0636\u064a\u0631: \u0636\u0639 \u0645\u0644\u0639\u0642\u0629\u060c \u0623\u0648 \u0636\u0639 \u0644\u064a\u0645\u0648\u0646\u0629\u060c \u0623\u0648 \u0636\u0639 \u0648\u0639\u0627\u0621\u064b \u0635\u063a\u064a\u0631\u0627\u064b. \u0648\u0633\u0627\u0626\u0644 \u0631\u0627\u062d\u0629 \u0635\u063a\u064a\u0631\u0629\u060c \u0644\u0643\u0646\u0647\u0627 \u062a\u0636\u064a\u0641 \u0627\u0644\u0643\u062b\u064a\u0631 \u0639\u0646\u062f\u0645\u0627 \u062a\u0643\u0648\u0646\u064a\u0646 \u0641\u064a \u0645\u0646\u062a\u0635\u0641 \u0627\u0644\u0637\u0647\u064a.<\/p>\n<h3 data-start=\"2729\" data-end=\"2765\">\u062f\u0639\u0645 \u0645\u062f\u0649 \u0627\u0644\u062d\u064a\u0627\u0629 \u0648\u062f\u0639\u0645 \u0627\u0644\u0628\u062d\u062b \u0648\u0627\u0644\u062a\u0637\u0648\u064a\u0631<\/h3>\n<p data-start=\"2766\" data-end=\"3186\"><strong data-start=\"2766\" data-end=\"2833\">\u0645\u0646\u062a\u062c \u0645\u0635\u0645\u0645 \u0628\u0639\u0646\u0627\u064a\u0629 - \u0648\u0634\u062e\u0635 \u064a\u0633\u0627\u0639\u062f\u0643 \u0625\u0630\u0627 \u0627\u062d\u062a\u062c\u062a \u0625\u0644\u064a\u0647.<\/strong><br data-start=\"2833\" data-end=\"2836\" \/>\u0647\u0630\u0627 \u0627\u0644\u062d\u0648\u0636 \u0644\u064a\u0633 \u0644\u0645\u0631\u0629 \u0648\u0627\u062d\u062f\u0629. \u0625\u0646\u0647 \u0646\u062a\u064a\u062c\u0629 \u0644\u0644\u0627\u062e\u062a\u0628\u0627\u0631 \u0648\u0627\u0644\u062a\u0643\u0631\u0627\u0631\u060c \u0645\u062f\u0639\u0648\u0645\u064b\u0627 \u0628\u0641\u0631\u064a\u0642 \u0639\u0645\u0644 \u064a\u0642\u0641 \u0648\u0631\u0627\u0621\u0647. \u062e\u062f\u0645\u0629 \u0645\u0627 \u0628\u0639\u062f \u0627\u0644\u0628\u064a\u0639 \u0645\u062f\u0649 \u0627\u0644\u062d\u064a\u0627\u0629 \u062a\u0639\u0646\u064a \u0623\u0646\u0643 \u0644\u0646 \u062a\u064f\u062a\u0631\u0643 \u0644\u0644\u062a\u062e\u0645\u064a\u0646 \u0641\u064a \u0627\u0644\u0645\u0633\u062a\u0642\u0628\u0644. \u064a\u062d\u0628 \u0639\u0645\u0627\u0644 \u0627\u0644\u062a\u0631\u0643\u064a\u0628 \u0627\u0644\u0628\u0646\u0627\u0621 \u0627\u0644\u0645\u0628\u0627\u0634\u0631\u061b \u0648\u064a\u062d\u0628 \u0627\u0644\u0637\u0647\u0627\u0629 \u0627\u0644\u0645\u0646\u0632\u0644\u064a\u0648\u0646 \u0627\u0644\u0647\u062f\u0648\u0621 \u0648\u0627\u0644\u0645\u0633\u0627\u062d\u0629. \u0648\u0628\u0645\u0631\u0648\u0631 \u0627\u0644\u0648\u0642\u062a \u064a\u062a\u0648\u0642\u0641 \u0639\u0646 \u0643\u0648\u0646\u0647 \u201c\u062c\u062f\u064a\u062f\u064b\u0627\u201d \u0648\u064a\u0628\u062f\u0623 \u0641\u064a \u0623\u0646 \u064a\u0643\u0648\u0646 \u0636\u0631\u0648\u0631\u064a\u064b\u0627 - \u0648\u0647\u0630\u0647 \u0647\u064a \u0627\u0644\u0641\u0643\u0631\u0629 \u0628\u0623\u0643\u0645\u0644\u0647\u0627.<\/p>","protected":false},"excerpt":{"rendered":"<p>\u0627\u0643\u062a\u0634\u0641 \u062d\u0648\u0636 \u0627\u0644\u0645\u0637\u0628\u062e \u0645\u0642\u0627\u0633 36 \u0628\u0648\u0635\u0629 \u0627\u0644\u0645\u0635\u0645\u0645 \u0647\u0646\u062f\u0633\u064a\u064b\u0627 \u0644\u0644\u0647\u062f\u0648\u0621 \u0648\u0627\u0644\u0623\u062f\u0627\u0621. \u064a\u062a\u0645\u064a\u0632 \u0628\u062a\u0642\u0646\u064a\u0629 \u062d\u0627\u062c\u0632 \u0627\u0644\u0635\u0648\u062a \u0627\u0644\u0645\u062a\u0637\u0648\u0631\u0629 \u0645\u0639 \u0648\u0633\u0627\u062f\u0627\u062a \u0645\u0637\u0627\u0637\u064a\u0629 \u0633\u0645\u064a\u0643\u0629 \u0644\u0644\u063a\u0627\u064a\u0629 \u0648\u0637\u0644\u0627\u0621 \u062a\u062d\u062a\u064a\u060c \u0648\u0647\u0648 \u0627\u0644\u0623\u0643\u062b\u0631 \u0647\u062f\u0648\u0621\u0627\u064b \u0641\u064a \u0627\u0644\u0633\u0648\u0642. \u064a\u0648\u0641\u0631 \u0627\u0644\u062d\u0648\u0636 \u0627\u0644\u0641\u0633\u064a\u062d \u0628\u0639\u0645\u0642 230 \u0645\u0645\u060c \u0648\u0623\u062e\u0627\u062f\u064a\u062f \u0627\u0644\u062a\u0635\u0631\u064a\u0641 \u0627\u0644\u0641\u0639\u0627\u0644\u0629 \u0639\u0644\u0649 \u0634\u0643\u0644 X\u060c \u0648\u0627\u0644\u0628\u0646\u064a\u0629 \u0627\u0644\u0639\u0635\u0631\u064a\u0629 \u0627\u0644\u0645\u0635\u0646\u0648\u0639\u0629 \u0645\u0646 \u0627\u0644\u0641\u0648\u0644\u0627\u0630 \u0627\u0644\u0645\u0642\u0627\u0648\u0645 \u0644\u0644\u0635\u062f\u0623 SUS304 \u0645\u0632\u064a\u062c\u0627\u064b \u0645\u062b\u0627\u0644\u064a\u0627\u064b \u0645\u0646 \u0627\u0644\u0641\u062e\u0627\u0645\u0629 \u0627\u0644\u0645\u062a\u064a\u0646\u0629 \u0627\u0644\u062a\u064a \u0644\u0627 \u062a\u062d\u062a\u0627\u062c \u0625\u0644\u0649 \u0635\u064a\u0627\u0646\u0629 \u0644\u0623\u064a \u0645\u0637\u0628\u062e.<\/p>\n<p>\u0627\u0644\u0645\u0648\u062f\u064a\u0644: APS3321-7<br \/>\n\u0627\u0644\u0623\u0628\u0639\u0627\u062f \u0627\u0644\u062e\u0627\u0631\u062c\u064a\u0629: 838 \u00d7 533 533 \u0645\u0645<br \/>\n\u0627\u0644\u0623\u0628\u0639\u0627\u062f \u0627\u0644\u062f\u0627\u062e\u0644\u064a\u0629: 788 \u00d7 432 \u0645\u0645<br \/>\n\u0627\u0644\u0639\u0645\u0642: 230 \u0645\u0645<br \/>\n\u0627\u0644\u0633\u064f\u0645\u0643: 0.95\/1.05\/1.05\/1.2 \u0645\u0645\/\u0627\u0644\u062a\u062e\u0635\u064a\u0635<br \/>\n\u0623\u0628\u0639\u0627\u062f \u0627\u0644\u0639\u0628\u0648\u0629 \u0627\u0644\u0641\u0631\u062f\u064a\u0629: 928\u00d7583\u00d7583\u00d7290 \u0645\u0645<br \/>\n\u0627\u0644\u0648\u0632\u0646 \u0627\u0644\u0635\u0627\u0641\u064a: 11.5 \u0643\u062c\u0645<br \/>\n\u0627\u0644\u0648\u0632\u0646 \u0627\u0644\u0625\u062c\u0645\u0627\u0644\u064a: 13 \u0643\u062c\u0645<\/p>","protected":false},"featured_media":546,"template":"","meta":{"_gspb_post_css":""},"product_brand":[],"product_cat":[17],"product_tag":[35],"class_list":{"0":"post-545","1":"product","2":"type-product","3":"status-publish","4":"has-post-thumbnail","6":"product_cat-apron-sink","7":"product_tag-quiet-kitchen-sink-deep-basin-sink-sound-barrier-technology","9":"first","10":"instock","11":"shipping-taxable","12":"product-type-simple"},"_links":{"self":[{"href":"https:\/\/jsd-sinks.com\/ar\/wp-json\/wp\/v2\/product\/545","targetHints":{"allow":["GET"]}}],"collection":[{"href":"https:\/\/jsd-sinks.com\/ar\/wp-json\/wp\/v2\/product"}],"about":[{"href":"https:\/\/jsd-sinks.com\/ar\/wp-json\/wp\/v2\/types\/product"}],"wp:featuredmedia":[{"embeddable":true,"href":"https:\/\/jsd-sinks.com\/ar\/wp-json\/wp\/v2\/media\/546"}],"wp:attachment":[{"href":"https:\/\/jsd-sinks.com\/ar\/wp-json\/wp\/v2\/media?parent=545"}],"wp:term":[{"taxonomy":"product_brand","embeddable":true,"href":"https:\/\/jsd-sinks.com\/ar\/wp-json\/wp\/v2\/product_brand?post=545"},{"taxonomy":"product_cat","embeddable":true,"href":"https:\/\/jsd-sinks.com\/ar\/wp-json\/wp\/v2\/product_cat?post=545"},{"taxonomy":"product_tag","embeddable":true,"href":"https:\/\/jsd-sinks.com\/ar\/wp-json\/wp\/v2\/product_tag?post=545"}],"curies":[{"name":"\u062f\u0628\u0644\u064a\u0648 \u0628\u064a","href":"https:\/\/api.w.org\/{rel}","templated":true}]}}