{"id":1599,"date":"2026-04-08T09:26:22","date_gmt":"2026-04-08T09:26:22","guid":{"rendered":"https:\/\/jsd-sinks.com\/?post_type=product&#038;p=1599"},"modified":"2026-04-08T11:10:34","modified_gmt":"2026-04-08T11:10:34","slug":"stainless-steel-undermount-double-bowl-sink-dud5040","status":"publish","type":"product","link":"https:\/\/jsd-sinks.com\/ar\/stainless-steel-undermount-double-bowl-sink-dud5040\/","title":{"rendered":"\u062d\u0648\u0636 \u063a\u0633\u064a\u0644 \u0633\u0641\u0644\u064a \u0645\u0646 \u0627\u0644\u0641\u0648\u0644\u0627\u0630 \u0627\u0644\u0645\u0642\u0627\u0648\u0645 \u0644\u0644\u0635\u062f\u0623 DUD5040-2040"},"content":{"rendered":"<h2 data-start=\"248\" data-end=\"295\"><strong data-start=\"250\" data-end=\"293\">\u062d\u0648\u0636 \u063a\u0633\u064a\u0644 \u0645\u0632\u062f\u0648\u062c \u0645\u0646 \u0627\u0644\u0641\u0648\u0644\u0627\u0630 \u0627\u0644\u0645\u0642\u0627\u0648\u0645 \u0644\u0644\u0635\u062f\u0623 DUD5040-2040<\/strong><\/h2>\n<h3 data-start=\"345\" data-end=\"371\"><strong data-start=\"349\" data-end=\"369\">\u0646\u0638\u0631\u0629 \u0639\u0627\u0645\u0629 \u0639\u0644\u0649 \u0627\u0644\u0645\u0646\u062a\u062c<\/strong><\/h3>\n<p data-start=\"62\" data-end=\"417\">\u0627\u0644\u062d\u0648\u0636 DUD5040-2040 \u0647\u0648 \u062d\u0648\u0636 \u0639\u0645\u0644\u064a \u0645\u0646 \u0627\u0644\u0641\u0648\u0644\u0627\u0630 \u0627\u0644\u0645\u0642\u0627\u0648\u0645 \u0644\u0644\u0635\u062f\u0623 \u062a\u062d\u062a \u0627\u0644\u062d\u0648\u0636 \u0645\u0635\u0645\u0645 \u0644\u0644\u0645\u0637\u0627\u0628\u062e \u0627\u0644\u062a\u064a \u064a\u0643\u0648\u0646 \u0641\u064a\u0647\u0627 \u0627\u0644\u0627\u0633\u062a\u062e\u062f\u0627\u0645 \u0627\u0644\u064a\u0648\u0645\u064a \u0645\u0647\u0645\u064b\u0627. \u0628\u0641\u0636\u0644 \u062a\u0635\u0645\u064a\u0645\u0647 \u0627\u0644\u0645\u062a\u0648\u0627\u0632\u0646 50\/50\u060c \u064a\u0633\u0647\u0651\u0644 \u0647\u0630\u0627 \u0627\u0644\u062d\u0648\u0636 \u0627\u0644\u0645\u0632\u062f\u0648\u062c \u0627\u0644\u0641\u0635\u0644 \u0628\u064a\u0646 \u0627\u0644\u0645\u0647\u0627\u0645 - \u0627\u0644\u063a\u0633\u064a\u0644 \u0639\u0644\u0649 \u062c\u0627\u0646\u0628 \u0648\u0627\u062d\u062f \u0648\u0627\u0644\u062a\u062d\u0636\u064a\u0631 \u0639\u0644\u0649 \u0627\u0644\u062c\u0627\u0646\u0628 \u0627\u0644\u0622\u062e\u0631. \u0625\u0646\u0647 \u062d\u0644 \u0645\u0628\u0627\u0634\u0631 \u064a\u0639\u0645\u0644 \u0628\u0634\u0643\u0644 \u062c\u064a\u062f \u0641\u064a \u0643\u0644 \u0645\u0646 \u0627\u0644\u0645\u0637\u0627\u0628\u062e \u0627\u0644\u0639\u0627\u0626\u0644\u064a\u0629 \u0648\u0627\u0644\u0623\u0645\u0627\u0643\u0646 \u0627\u0644\u062a\u062c\u0627\u0631\u064a\u0629 \u0627\u0644\u062e\u0641\u064a\u0641\u0629.<\/p>\n<div style=\"width: 960px;\" class=\"wp-video\"><video class=\"wp-video-shortcode\" id=\"video-1599-1\" width=\"960\" height=\"960\" preload=\"metadata\" controls=\"controls\"><source type=\"video\/webm\" src=\"https:\/\/jsd-sinks.com\/wp-content\/uploads\/2026\/04\/Double-Bowl-Sink.webm?_=1\" \/><a href=\"https:\/\/jsd-sinks.com\/wp-content\/uploads\/2026\/04\/Double-Bowl-Sink.webm\">https:\/\/jsd-sinks.com\/wp-content\/uploads\/2026\/04\/Double-Bowl-Sink.webm<\/a><\/video><\/div>\n<p data-start=\"419\" data-end=\"743\">\u0635\u064f\u0646\u0639 \u0627\u0644\u062d\u0648\u0636 \u0645\u0646 \u0627\u0644\u0641\u0648\u0644\u0627\u0630 \u0627\u0644\u0645\u0642\u0627\u0648\u0645 \u0644\u0644\u0635\u062f\u0623 \u0627\u0644\u0645\u062a\u064a\u0646\u060c \u0648\u0647\u0648 \u0645\u0635\u0646\u0648\u0639 \u0645\u0646 \u0627\u0644\u0641\u0648\u0644\u0627\u0630 \u0627\u0644\u0645\u0642\u0627\u0648\u0645 \u0644\u0644\u0635\u062f\u0623 \u0627\u0644\u0645\u062a\u064a\u0646\u060c \u0648\u0647\u0648 \u0645\u0635\u0645\u0645 \u0644\u0644\u0627\u0633\u062a\u062e\u062f\u0627\u0645 \u0637\u0648\u064a\u0644 \u0627\u0644\u0623\u0645\u062f. \u0641\u0647\u0648 \u064a\u062a\u062d\u0645\u0644 \u0623\u0648\u0627\u0646\u064a \u0627\u0644\u0637\u0647\u064a \u0627\u0644\u0633\u0627\u062e\u0646\u0629 \u0648\u0627\u0644\u063a\u0633\u064a\u0644 \u0627\u0644\u064a\u0648\u0645\u064a \u0648\u0627\u0644\u062a\u0646\u0638\u064a\u0641 \u0627\u0644\u0645\u0646\u062a\u0638\u0645 \u062f\u0648\u0646 \u0623\u0646 \u064a\u0638\u0647\u0631 \u0639\u0644\u064a\u0647 \u0627\u0644\u062a\u0622\u0643\u0644 \u0628\u0633\u0631\u0639\u0629 \u0643\u0628\u064a\u0631\u0629. \u062a\u062d\u0627\u0641\u0638 \u0627\u0644\u0644\u0645\u0633\u0629 \u0627\u0644\u0646\u0647\u0627\u0626\u064a\u0629 \u0627\u0644\u0645\u0635\u0642\u0648\u0644\u0629 \u0639\u0644\u0649 \u0627\u0644\u0645\u0638\u0647\u0631 \u0627\u0644\u0628\u0633\u064a\u0637 \u0648\u062a\u0633\u0627\u0639\u062f \u0623\u064a\u0636\u064b\u0627 \u0639\u0644\u0649 \u062a\u0642\u0644\u064a\u0644 \u0638\u0647\u0648\u0631 \u0627\u0644\u062e\u062f\u0648\u0634 \u0627\u0644\u0635\u063a\u064a\u0631\u0629\u060c \u0648\u0647\u0648 \u0623\u0645\u0631 \u0645\u0647\u0645 \u0644\u0644\u0645\u0637\u0627\u0628\u062e \u0627\u0644\u062a\u064a \u062a\u0634\u0647\u062f \u0627\u0633\u062a\u062e\u062f\u0627\u0645\u064b\u0627 \u0645\u062a\u0643\u0631\u0631\u064b\u0627.<\/p>\n<p data-start=\"419\" data-end=\"743\">\u064a\u0648\u0641\u0631 \u0627\u0644\u062a\u0631\u0643\u064a\u0628 \u0645\u0646 \u0623\u0633\u0641\u0644 \u0627\u0644\u062d\u0648\u0636 \u062d\u0627\u0641\u0629 \u0646\u0638\u064a\u0641\u0629 \u0628\u064a\u0646 \u0633\u0637\u062d \u0627\u0644\u0639\u0645\u0644 \u0648\u0627\u0644\u062d\u0648\u0636. \u064a\u0645\u0643\u0646 \u0645\u0633\u062d \u0627\u0644\u0641\u062a\u0627\u062a \u0648\u0627\u0644\u0645\u0627\u0621 \u0645\u0628\u0627\u0634\u0631\u0629\u064b \u0641\u064a \u0627\u0644\u062d\u0648\u0636\u060c \u0645\u0645\u0627 \u064a\u062d\u0627\u0641\u0638 \u0639\u0644\u0649 \u0645\u0633\u0627\u062d\u0629 \u0627\u0644\u0639\u0645\u0644 \u0645\u0631\u062a\u0628\u0629. \u0647\u0630\u0627 \u0627\u0644\u0646\u0645\u0637 \u0645\u0641\u0636\u0644 \u0639\u0644\u0649 \u0646\u0637\u0627\u0642 \u0648\u0627\u0633\u0639 \u0641\u064a \u0627\u0644\u0645\u0637\u0627\u0628\u062e \u0627\u0644\u0623\u0648\u0631\u0648\u0628\u064a\u0629 \u0627\u0644\u062d\u062f\u064a\u062b\u0629\u060c \u062e\u0627\u0635\u0629\u064b \u0639\u0646\u062f \u0627\u0642\u062a\u0631\u0627\u0646\u0647 \u0628\u0623\u0633\u0637\u062d \u0627\u0644\u0639\u0645\u0644 \u0627\u0644\u062d\u062c\u0631\u064a\u0629 \u0623\u0648 \u0627\u0644\u0645\u0631\u0643\u0628\u0629.<\/p>\n<p><img decoding=\"async\" class=\"wp-image-1605\" src=\"https:\/\/jsd-sinks.com\/wp-content\/uploads\/2026\/04\/Double-Bowl-Sink-Description-2.jpg\" alt=\"\u0648\u0635\u0641 \u0627\u0644\u062d\u0648\u0636 \u0627\u0644\u0645\u0632\u062f\u0648\u062c \u0627\u0644\u0648\u0639\u0627\u0621 \u0627\u0644\u0645\u0632\u062f\u0648\u062c\" width=\"569\" height=\"569\" title=\"\" srcset=\"https:\/\/jsd-sinks.com\/wp-content\/uploads\/2026\/04\/Double-Bowl-Sink-Description-2.jpg 800w, https:\/\/jsd-sinks.com\/wp-content\/uploads\/2026\/04\/Double-Bowl-Sink-Description-2-300x300.jpg 300w, https:\/\/jsd-sinks.com\/wp-content\/uploads\/2026\/04\/Double-Bowl-Sink-Description-2-150x150.jpg 150w, https:\/\/jsd-sinks.com\/wp-content\/uploads\/2026\/04\/Double-Bowl-Sink-Description-2-768x768.jpg 768w, https:\/\/jsd-sinks.com\/wp-content\/uploads\/2026\/04\/Double-Bowl-Sink-Description-2-12x12.jpg 12w, https:\/\/jsd-sinks.com\/wp-content\/uploads\/2026\/04\/Double-Bowl-Sink-Description-2-500x500.jpg 500w, https:\/\/jsd-sinks.com\/wp-content\/uploads\/2026\/04\/Double-Bowl-Sink-Description-2-600x600.jpg 600w, https:\/\/jsd-sinks.com\/wp-content\/uploads\/2026\/04\/Double-Bowl-Sink-Description-2-100x100.jpg 100w\" sizes=\"(max-width: 569px) 100vw, 569px\" \/><\/p>\n<p data-start=\"1026\" data-end=\"1338\">\u0643\u0644\u0627 \u0627\u0644\u0648\u0639\u0627\u0621\u064a\u0646 \u0639\u0645\u064a\u0642\u0627\u0646 \u0628\u0645\u0627 \u064a\u0643\u0641\u064a \u0644\u0644\u0623\u0648\u0627\u0646\u064a \u0627\u0644\u0643\u0628\u064a\u0631\u0629 \u0648\u0635\u0648\u0627\u0646\u064a \u0627\u0644\u062e\u0628\u0632\u060c \u0645\u0639 \u062a\u0631\u0643 \u0645\u0633\u0627\u062d\u0629 \u0643\u0627\u0641\u064a\u0629 \u0644\u0644\u0639\u0645\u0644 \u0628\u0634\u0643\u0644 \u0645\u0631\u064a\u062d. \u064a\u062e\u062a\u0627\u0631 \u0627\u0644\u0639\u062f\u064a\u062f \u0645\u0646 \u0627\u0644\u0645\u0633\u062a\u062e\u062f\u0645\u064a\u0646 \u062d\u0648\u0636 \u0645\u0632\u062f\u0648\u062c \u0627\u0644\u0648\u0639\u0627\u0621 \u0645\u062b\u0644 DUD5040-2040 \u0644\u0623\u0646\u0647 \u064a\u062a\u064a\u062d \u0627\u0644\u0645\u0632\u064a\u062f \u0645\u0646 \u0627\u0644\u0645\u0631\u0648\u0646\u0629 - \u064a\u0645\u0643\u0646 \u0627\u0633\u062a\u062e\u062f\u0627\u0645 \u062c\u0627\u0646\u0628 \u0648\u0627\u062d\u062f \u0644\u0644\u0646\u0642\u0639\u060c \u0648\u0627\u0644\u0622\u062e\u0631 \u0644\u0644\u0634\u0637\u0641\u060c \u0623\u0648 \u062d\u062a\u0649 \u0644\u0641\u0635\u0644 \u0627\u0644\u0639\u0646\u0627\u0635\u0631 \u0627\u0644\u0646\u0638\u064a\u0641\u0629 \u0639\u0646 \u0627\u0644\u0645\u062a\u0633\u062e\u0629.<\/p>\n<p data-start=\"1340\" data-end=\"1612\">\u0644\u062a\u062d\u0633\u064a\u0646 \u0627\u0644\u0627\u0633\u062a\u062e\u062f\u0627\u0645 \u0627\u0644\u064a\u0648\u0645\u064a\u060c \u064a\u0634\u062a\u0645\u0644 \u0627\u0644\u062d\u0648\u0636 \u0639\u0644\u0649 \u0648\u0633\u0627\u062f\u0627\u062a \u0639\u0627\u0632\u0644\u0629 \u0644\u0644\u0635\u0648\u062a \u0623\u0633\u0641\u0644\u0647. \u0647\u0630\u0627 \u064a\u0642\u0644\u0644 \u0645\u0646 \u0627\u0644\u0636\u0648\u0636\u0627\u0621 \u0627\u0644\u0635\u0627\u062f\u0631\u0629 \u0639\u0646 \u0627\u0644\u0645\u064a\u0627\u0647 \u0627\u0644\u062c\u0627\u0631\u064a\u0629 \u0648\u0627\u0644\u0623\u0637\u0628\u0627\u0642\u060c \u0648\u0647\u0648 \u0623\u0645\u0631 \u0645\u0641\u064a\u062f \u0628\u0634\u0643\u0644 \u062e\u0627\u0635 \u0641\u064a \u0627\u0644\u0645\u0637\u0627\u0628\u062e \u0630\u0627\u062a \u0627\u0644\u0645\u062e\u0637\u0637 \u0627\u0644\u0645\u0641\u062a\u0648\u062d. \u0643\u0645\u0627 \u0623\u0646 \u0627\u0644\u062c\u0632\u0621 \u0627\u0644\u0633\u0641\u0644\u064a \u0645\u0627\u0626\u0644 \u0642\u0644\u064a\u0644\u0627\u064b \u0646\u062d\u0648 \u0627\u0644\u0635\u0631\u0641\u060c \u0645\u0645\u0627 \u064a\u0633\u0645\u062d \u0628\u062a\u062f\u0641\u0642 \u0627\u0644\u0645\u064a\u0627\u0647 \u0628\u0639\u064a\u062f\u0627\u064b \u062f\u0648\u0646 \u062a\u062c\u0645\u0639\u0647\u0627.<\/p>\n<p><img decoding=\"async\" class=\"wp-image-1604\" src=\"https:\/\/jsd-sinks.com\/wp-content\/uploads\/2026\/04\/Double-Bowl-Sink-Description-1.jpg\" alt=\"\u0648\u0635\u0641 \u0627\u0644\u062d\u0648\u0636 \u0627\u0644\u0645\u0632\u062f\u0648\u062c \u0627\u0644\u0648\u0639\u0627\u0621 \u0627\u0644\u0645\u0632\u062f\u0648\u062c\" width=\"589\" height=\"758\" title=\"\" srcset=\"https:\/\/jsd-sinks.com\/wp-content\/uploads\/2026\/04\/Double-Bowl-Sink-Description-1.jpg 800w, https:\/\/jsd-sinks.com\/wp-content\/uploads\/2026\/04\/Double-Bowl-Sink-Description-1-233x300.jpg 233w, https:\/\/jsd-sinks.com\/wp-content\/uploads\/2026\/04\/Double-Bowl-Sink-Description-1-796x1024.jpg 796w, https:\/\/jsd-sinks.com\/wp-content\/uploads\/2026\/04\/Double-Bowl-Sink-Description-1-768x988.jpg 768w, https:\/\/jsd-sinks.com\/wp-content\/uploads\/2026\/04\/Double-Bowl-Sink-Description-1-9x12.jpg 9w, https:\/\/jsd-sinks.com\/wp-content\/uploads\/2026\/04\/Double-Bowl-Sink-Description-1-500x643.jpg 500w, https:\/\/jsd-sinks.com\/wp-content\/uploads\/2026\/04\/Double-Bowl-Sink-Description-1-600x772.jpg 600w\" sizes=\"(max-width: 589px) 100vw, 589px\" \/><\/p>\n<p data-start=\"1614\" data-end=\"1838\">\u062a\u0645 \u062a\u0635\u0645\u064a\u0645 \u0627\u0644\u0632\u0648\u0627\u064a\u0627 \u0628\u0646\u0635\u0641 \u0642\u0637\u0631 \u0644\u0637\u064a\u0641. \u0648\u0647\u0630\u0627 \u064a\u062d\u0627\u0641\u0638 \u0639\u0644\u0649 \u0627\u0644\u0645\u0638\u0647\u0631 \u0627\u0644\u0639\u0635\u0631\u064a \u0648\u0644\u0643\u0646\u0647 \u064a\u062a\u062c\u0646\u0628 \u0627\u0644\u0632\u0648\u0627\u064a\u0627 \u0627\u0644\u062d\u0627\u062f\u0629 \u0627\u0644\u062a\u064a \u064a\u0635\u0639\u0628 \u062a\u0646\u0638\u064a\u0641\u0647\u0627. \u062a\u0628\u0642\u0649 \u0627\u0644\u0635\u064a\u0627\u0646\u0629 \u0628\u0633\u064a\u0637\u0629\u060c \u0648\u0647\u0648 \u0623\u0645\u0631 \u064a\u062a\u0648\u0642\u0639\u0647 \u0645\u0639\u0638\u0645 \u0627\u0644\u0639\u0645\u0644\u0627\u0621 \u0627\u0644\u0623\u0648\u0631\u0648\u0628\u064a\u064a\u0646 \u0645\u0646 \u062d\u0648\u0636 \u0627\u0644\u0645\u0637\u0628\u062e.<\/p>\n<p data-start=\"1840\" data-end=\"2040\">\u062a\u0648\u0641\u0631 \u0648\u0636\u0639\u064a\u0629 \u0627\u0644\u062a\u0635\u0631\u064a\u0641 \u0627\u0644\u062e\u0644\u0641\u064a\u0629 \u0645\u0633\u0627\u062d\u0629 \u0623\u0643\u0628\u0631 \u0642\u0627\u0628\u0644\u0629 \u0644\u0644\u0627\u0633\u062a\u062e\u062f\u0627\u0645 \u062f\u0627\u062e\u0644 \u0627\u0644\u0623\u0648\u0639\u064a\u0629 \u0648\u062a\u062a\u0631\u0643 \u0645\u0633\u0627\u062d\u0629 \u0625\u0636\u0627\u0641\u064a\u0629 \u0623\u0633\u0641\u0644 \u0627\u0644\u062e\u0632\u0627\u0646\u0629. \u0643\u0645\u0627 \u0623\u0646\u0647\u0627 \u062a\u0633\u0627\u0639\u062f \u0623\u064a\u0636\u064b\u0627 \u0639\u0646\u062f \u062a\u0643\u062f\u064a\u0633 \u0623\u0648\u0627\u0646\u064a \u0627\u0644\u0637\u0647\u064a\u060c \u062d\u064a\u062b \u064a\u0645\u0643\u0646 \u0623\u0646 \u062a\u0633\u062a\u0642\u0631 \u0627\u0644\u0623\u063a\u0631\u0627\u0636 \u0628\u0634\u0643\u0644 \u0645\u0633\u0637\u062d \u062f\u0648\u0646 \u0623\u0646 \u062a\u0633\u062f \u0627\u0644\u0645\u062e\u0631\u062c.<\/p>\n<p data-start=\"2042\" data-end=\"2333\" data-is-last-node=\"\" data-is-only-node=\"\">\u0633\u0648\u0627\u0621\u064b \u062a\u0645 \u0627\u0633\u062a\u062e\u062f\u0627\u0645\u0647 \u0641\u064a \u0645\u0634\u0631\u0648\u0639 \u0645\u0637\u0628\u062e \u062c\u062f\u064a\u062f \u0623\u0648 \u0643\u062c\u0632\u0621 \u0645\u0646 \u0639\u0645\u0644\u064a\u0629 \u062a\u062c\u062f\u064a\u062f\u060c \u0641\u0625\u0646 \u062d\u0648\u0636 DUD5040-2040 \u064a\u0648\u0641\u0631 \u0645\u0632\u064a\u062c\u064b\u0627 \u0645\u062a\u0648\u0627\u0632\u0646\u064b\u0627 \u0645\u0646 \u0627\u0644\u062a\u0635\u0645\u064a\u0645 \u0627\u0644\u0646\u0638\u064a\u0641 \u0648\u0627\u0644\u0648\u0638\u064a\u0641\u0629 \u0627\u0644\u0639\u0645\u0644\u064a\u0629. \u0628\u0627\u0644\u0646\u0633\u0628\u0629 \u0644\u0644\u0639\u0645\u0644\u0627\u0621 \u0627\u0644\u0630\u064a\u0646 \u064a\u0628\u062d\u062b\u0648\u0646 \u0639\u0646 \u062d\u0648\u0636 \u0645\u0632\u062f\u0648\u062c \u0645\u0648\u062b\u0648\u0642 \u0628\u0647 \u062f\u0648\u0646 \u062a\u0639\u0642\u064a\u062f\u0627\u062a \u063a\u064a\u0631 \u0636\u0631\u0648\u0631\u064a\u0629\u060c \u0641\u0625\u0646 \u0647\u0630\u0627 \u0627\u0644\u0645\u0648\u062f\u064a\u0644 \u064a\u062a\u0646\u0627\u0633\u0628 \u0628\u0634\u0643\u0644 \u0637\u0628\u064a\u0639\u064a \u0645\u0639 \u0627\u0644\u0627\u0633\u062a\u062e\u062f\u0627\u0645 \u0627\u0644\u064a\u0648\u0645\u064a \u0641\u064a \u0627\u0644\u0645\u0637\u0628\u062e.<\/p>\n<p data-start=\"2179\" data-end=\"2485\"><strong data-start=\"2179\" data-end=\"2229\">\u0645\u062f\u0639\u0648\u0645\u0629 \u0628\u0627\u0644\u0628\u062d\u062b \u0648\u0627\u0644\u062a\u0637\u0648\u064a\u0631 \u0648\u062e\u062f\u0645\u0629 \u0645\u0627 \u0628\u0639\u062f \u0627\u0644\u0628\u064a\u0639 \u0645\u062f\u0649 \u0627\u0644\u062d\u064a\u0627\u0629<\/strong><br data-start=\"2229\" data-end=\"2232\" \/>\u0628\u0641\u0636\u0644 \u0627\u0644\u062f\u0639\u0645 \u0627\u0644\u0645\u0642\u062f\u0645 \u0645\u0646 \u0641\u0631\u064a\u0642 \u0627\u0644\u0628\u062d\u062b \u0648\u0627\u0644\u062a\u0637\u0648\u064a\u0631 \u0627\u0644\u0645\u062a\u0641\u0627\u0646\u064a \u0648\u0636\u0645\u0627\u0646 \u0645\u0627 \u0628\u0639\u062f \u0627\u0644\u0628\u064a\u0639 \u0645\u062f\u0649 \u0627\u0644\u062d\u064a\u0627\u0629\u060c \u0641\u0625\u0646 DUD5040-2040 \u0644\u064a\u0633 \u0645\u062c\u0631\u062f \u0639\u0645\u0644\u064a\u0629 \u0634\u0631\u0627\u0621\u060c \u0628\u0644 \u0647\u0648 \u062a\u0631\u0642\u064a\u0629 \u0637\u0648\u064a\u0644\u0629 \u0627\u0644\u0623\u062c\u0644. \u064a\u0645\u0643\u0646\u0643 \u0627\u0644\u0627\u0639\u062a\u0645\u0627\u062f \u0639\u0644\u0649 \u0627\u0644\u0623\u062f\u0627\u0621 \u0627\u0644\u0645\u0648\u062b\u0648\u0642 \u0648\u0627\u0644\u0647\u0646\u062f\u0633\u0629 \u0627\u0644\u0645\u062f\u0631\u0648\u0633\u0629 \u0648\u0627\u0644\u062f\u0639\u0645 \u0643\u0644\u0645\u0627 \u0627\u062d\u062a\u062c\u062a \u0625\u0644\u064a\u0647.<\/p>\n<div class=\"simg-pop-btn\" style=\"top: 224.625px; left: 14px; display: none;\"><\/div>\n<div id=\"gtx-trans\" style=\"position: absolute; left: 363px; top: 242.958px;\">\n<div class=\"gtx-trans-icon\"><\/div>\n<\/div>\n<div class=\"simg-pop-btn\" style=\"top: 1753.62px; left: 14px; display: none;\"><\/div>","protected":false},"excerpt":{"rendered":"<p>\u0627\u0644\u0645\u0648\u062f\u064a\u0644: DUD5040-2040 DUD5040-2040<br \/>\n\u0627\u0644\u0623\u0628\u0639\u0627\u062f \u0627\u0644\u062e\u0627\u0631\u062c\u064a\u0629: 500 \u00d7 400 \u0645\u0645<br \/>\n\u0627\u0644\u0623\u0628\u0639\u0627\u062f \u0627\u0644\u062f\u0627\u062e\u0644\u064a\u0629: 200 \u00d7 400 \u0645\u0645<br \/>\n\u0627\u0644\u0639\u0645\u0642: 230 \u0645\u0645<br \/>\nThickness: 2.0+0.8MM\/2.0+1.0MM\/2.0+1.05MM\/1.2MM\/Customize<br \/>\n\u0623\u0628\u0639\u0627\u062f \u0627\u0644\u0639\u0628\u0648\u0629 \u0627\u0644\u0641\u0631\u062f\u064a\u0629: 900 \u00d7 500 \u00d7 500 \u00d7 290 \u0645\u0645<br \/>\n\u0627\u0644\u0648\u0632\u0646 \u0627\u0644\u0635\u0627\u0641\u064a: 8 \u0643\u062c\u0645<br \/>\n\u0627\u0644\u0648\u0632\u0646 \u0627\u0644\u0625\u062c\u0645\u0627\u0644\u064a: 10 \u0643\u062c\u0645<\/p>","protected":false},"featured_media":1600,"template":"","meta":{"_gspb_post_css":""},"product_brand":[],"product_cat":[20],"product_tag":[302,303,65,304,70,81],"class_list":{"0":"post-1599","1":"product","2":"type-product","3":"status-publish","4":"has-post-thumbnail","6":"product_cat-undermount-sink","7":"product_tag-double-bowl-sink","8":"product_tag-european-style-sink","9":"product_tag-kitchen-sink","10":"product_tag-r10-sink","11":"product_tag-stainless-steel-kitchen-sink","12":"product_tag-undermount-sink","14":"first","15":"instock","16":"shipping-taxable","17":"product-type-simple"},"_links":{"self":[{"href":"https:\/\/jsd-sinks.com\/ar\/wp-json\/wp\/v2\/product\/1599","targetHints":{"allow":["GET"]}}],"collection":[{"href":"https:\/\/jsd-sinks.com\/ar\/wp-json\/wp\/v2\/product"}],"about":[{"href":"https:\/\/jsd-sinks.com\/ar\/wp-json\/wp\/v2\/types\/product"}],"wp:featuredmedia":[{"embeddable":true,"href":"https:\/\/jsd-sinks.com\/ar\/wp-json\/wp\/v2\/media\/1600"}],"wp:attachment":[{"href":"https:\/\/jsd-sinks.com\/ar\/wp-json\/wp\/v2\/media?parent=1599"}],"wp:term":[{"taxonomy":"product_brand","embeddable":true,"href":"https:\/\/jsd-sinks.com\/ar\/wp-json\/wp\/v2\/product_brand?post=1599"},{"taxonomy":"product_cat","embeddable":true,"href":"https:\/\/jsd-sinks.com\/ar\/wp-json\/wp\/v2\/product_cat?post=1599"},{"taxonomy":"product_tag","embeddable":true,"href":"https:\/\/jsd-sinks.com\/ar\/wp-json\/wp\/v2\/product_tag?post=1599"}],"curies":[{"name":"\u062f\u0628\u0644\u064a\u0648 \u0628\u064a","href":"https:\/\/api.w.org\/{rel}","templated":true}]}}